{"id":33612,"date":"2016-04-18T14:43:14","date_gmt":"2016-04-18T19:43:14","guid":{"rendered":"https:\/\/www.spscommerce.com\/fr\/?page_id=33612"},"modified":"2022-10-13T11:14:31","modified_gmt":"2022-10-13T16:14:31","slug":"les-besoins-de-lentreprise","status":"publish","type":"page","link":"https:\/\/www.spscommerce.com\/fr\/les-besoins-de-lentreprise\/","title":{"rendered":"Les besoins de l&#8217;entreprise"},"content":{"rendered":"<p>[et_pb_section fb_built=&#8221;1&#8243; admin_label=&#8221;section&#8221; module_class=&#8221;corner&#8221; _builder_version=&#8221;4.16&#8243; background_color=&#8221;#00aae5&#8243; transparent_background=&#8221;off&#8221; global_colors_info=&#8221;{}&#8221;][et_pb_row column_structure=&#8221;3_4,1_4&#8243; admin_label=&#8221;row&#8221; _builder_version=&#8221;4.16&#8243; background_size=&#8221;initial&#8221; background_position=&#8221;top_left&#8221; background_repeat=&#8221;repeat&#8221; global_colors_info=&#8221;{}&#8221;][et_pb_column type=&#8221;3_4&#8243; _builder_version=&#8221;4.16&#8243; custom_padding=&#8221;|||&#8221; global_colors_info=&#8221;{}&#8221; custom_padding__hover=&#8221;|||&#8221;][et_pb_text admin_label=&#8221;Text&#8221; _builder_version=&#8221;4.16&#8243; background_size=&#8221;initial&#8221; background_position=&#8221;top_left&#8221; background_repeat=&#8221;repeat&#8221; background_layout=&#8221;dark&#8221; use_border_color=&#8221;off&#8221; border_color=&#8221;#ffffff&#8221; border_style=&#8221;solid&#8221; global_colors_info=&#8221;{}&#8221;]<\/p>\n<h1>Des solutions plus intelligentes.<\/h1>\n<p class=\"lead\"><strong>Relevez les d\u00e9fis de la cha\u00eene d&#8217;approvisionnement avec des solutions plus intelligentes.<\/strong><\/p>\n<p>[\/et_pb_text][\/et_pb_column][et_pb_column type=&#8221;1_4&#8243; _builder_version=&#8221;4.16&#8243; custom_padding=&#8221;|||&#8221; global_colors_info=&#8221;{}&#8221; custom_padding__hover=&#8221;|||&#8221;][\/et_pb_column][\/et_pb_row][\/et_pb_section][et_pb_section fb_built=&#8221;1&#8243; admin_label=&#8221;section&#8221; _builder_version=&#8221;4.16&#8243; global_colors_info=&#8221;{}&#8221;][et_pb_row admin_label=&#8221;row&#8221; _builder_version=&#8221;4.16&#8243; background_size=&#8221;initial&#8221; background_position=&#8221;top_left&#8221; background_repeat=&#8221;repeat&#8221; global_colors_info=&#8221;{}&#8221;][et_pb_column type=&#8221;4_4&#8243; _builder_version=&#8221;4.16&#8243; custom_padding=&#8221;|||&#8221; global_colors_info=&#8221;{}&#8221; custom_padding__hover=&#8221;|||&#8221;][et_pb_text admin_label=&#8221;Your business is&#8230;&#8221; _builder_version=&#8221;4.16&#8243; background_size=&#8221;initial&#8221; background_position=&#8221;top_left&#8221; background_repeat=&#8221;repeat&#8221; use_border_color=&#8221;off&#8221; border_color=&#8221;#ffffff&#8221; border_style=&#8221;solid&#8221; global_colors_info=&#8221;{}&#8221;]<\/p>\n<p>Votre entreprise \u00e9volue constamment pour r\u00e9pondre aux demandes des clients et des partenaires commerciaux. Nous sommes \u00e0 vos c\u00f4t\u00e9s pour vous proposer des solutions qui transforment les d\u00e9fis les plus redoutables de la cha\u00eene d&#8217;approvisionnement en opportunit\u00e9s rentables.<\/p>\n<p>[\/et_pb_text][et_pb_testimonial portrait_url=&#8221;https:\/\/www.spscommerce.com\/wp-content\/uploads\/2015\/07\/grocery1.png&#8221; quote_icon=&#8221;off&#8221; admin_label=&#8221;Grocery Testimonial&#8221; _builder_version=&#8221;4.16&#8243; background_size=&#8221;initial&#8221; background_position=&#8221;top_left&#8221; background_repeat=&#8221;repeat&#8221; use_border_color=&#8221;off&#8221; border_color=&#8221;#ffffff&#8221; border_style=&#8221;solid&#8221; portrait_border_radius=&#8221;90&#8243; global_colors_info=&#8221;{}&#8221;]<\/p>\n<h2><a href=\"\/business-need\/omnichannel-grocery\/\">Multicanaux pour les \u00e9piciers.<\/a><\/h2>\n<p>Pour se d\u00e9velopper dans un univers multicanaux, les \u00e9piciers et vendeurs en alimentation devront se reposer sur des efficacit\u00e9s techniques cr\u00e9ant plus d\u2019options pour les consommateurs, notamment la livraison \u00e0 domicile ou la prise en magasin pour les commandes d\u00e9j\u00e0 pass\u00e9es. <a href=\"\/business-need\/omnichannel-grocery\/\">D\u00e9couvrez en plus sur la mani\u00e8re dont les \u00e9piciers peuvent r\u00e9ussir dans le commerce de d\u00e9tail multicanaux<\/a>.<\/p>\n<p>[\/et_pb_testimonial][et_pb_testimonial portrait_url=&#8221;\/wp-content\/uploads\/2015\/01\/outsourcing3.png&#8221; quote_icon=&#8221;off&#8221; admin_label=&#8221;Outsource your EDI Testimonial&#8221; _builder_version=&#8221;4.16&#8243; background_size=&#8221;initial&#8221; background_position=&#8221;top_left&#8221; background_repeat=&#8221;repeat&#8221; use_border_color=&#8221;off&#8221; border_color=&#8221;#ffffff&#8221; border_style=&#8221;solid&#8221; portrait_border_radius=&#8221;90&#8243; global_colors_info=&#8221;{}&#8221;]<\/p>\n<h2>Externalisez votre EDI.<\/h2>\n<p>Externaliser votre EDI vous permet de vous concentrer sur le fait de rester \u00e0 jour pour les commandes et de perfectionner les r\u00e9sultats du produit pour d\u00e9velopper votre entreprise. Notre solution d\u2019externalisation enl\u00e8ve le fardeau de l\u2019EDI de vos \u00e9paules pour que vous puissiez consacrer votre \u00e9nergie au d\u00e9veloppement de votre entreprise, et non pas \u00e0 celui d\u2019un service d\u2019EDI.<\/p>\n<p>[\/et_pb_testimonial][et_pb_testimonial portrait_url=&#8221;\/wp-content\/uploads\/2014\/07\/3pls11.png&#8221; quote_icon=&#8221;off&#8221; admin_label=&#8221;3pls &#038; carriers Testimonial&#8221; _builder_version=&#8221;4.16&#8243; background_size=&#8221;initial&#8221; background_position=&#8221;top_left&#8221; background_repeat=&#8221;repeat&#8221; use_border_color=&#8221;off&#8221; border_color=&#8221;#ffffff&#8221; border_style=&#8221;solid&#8221; global_colors_info=&#8221;{}&#8221;]<\/p>\n<h2><a href=\"\/fr\/les-besoins-de-lentreprise\/prestataires-de-services-logistiques-3pl-transporteurs\/\">D\u00e9veloppez votre logistique.<\/a><\/h2>\n<p>Les fournisseurs de services logistiques tiers, les transporteurs, les fournisseurs de services de logistique et les exp\u00e9diteurs se reposent sur SPS Commerce pour les aider \u00e0 r\u00e9soudre les probl\u00e8mes de cha\u00eene d\u2019approvisionnement les plus pressants de leurs clients. Diff\u00e9rentiez et d\u00e9veloppez votre entreprise en proposant \u00e0 vos clients nos services d\u2019ex\u00e9cution de qualit\u00e9 mondiale. Nous avons des solutions de collaboration avec des partenaires commerciaux et pour optimiser vos op\u00e9rations, sans \u00e9puiser vos ressources dans la gestion EDI en interne.<\/p>\n<p>[\/et_pb_testimonial][et_pb_testimonial portrait_url=&#8221;\/wp-content\/uploads\/2015\/01\/fulfillment1.png&#8221; quote_icon=&#8221;off&#8221; admin_label=&#8221;Integrate with your business system Testimonial&#8221; _builder_version=&#8221;4.16&#8243; background_size=&#8221;initial&#8221; background_position=&#8221;top_left&#8221; background_repeat=&#8221;repeat&#8221; use_border_color=&#8221;off&#8221; border_color=&#8221;#ffffff&#8221; border_style=&#8221;solid&#8221; portrait_border_radius=&#8221;90&#8243; global_colors_info=&#8221;{}&#8221;]<\/p>\n<h2>Int\u00e9gration \u00e0 votre syst\u00e8me commercial.<\/h2>\n<p>Nos solutions pr\u00e9fabriqu\u00e9es simplifient l\u2019int\u00e9gration \u00e0 plus de 100 syst\u00e8mes de comptabilit\u00e9, ERP, WMS et TMS. Consultez les options d\u2019ex\u00e9cution int\u00e9gr\u00e9e.<\/p>\n<p>[\/et_pb_testimonial][et_pb_testimonial portrait_url=&#8221;\/wp-content\/uploads\/2015\/01\/fulfillment1.png&#8221; quote_icon=&#8221;off&#8221; admin_label=&#8221;Comply with EDI requirements Testimonial&#8221; _builder_version=&#8221;4.16&#8243; background_size=&#8221;initial&#8221; background_position=&#8221;top_left&#8221; background_repeat=&#8221;repeat&#8221; use_border_color=&#8221;off&#8221; border_color=&#8221;#ffffff&#8221; border_style=&#8221;solid&#8221; portrait_border_radius=&#8221;90&#8243; global_colors_info=&#8221;{}&#8221;]<\/p>\n<h2><a href=\"\/business-need\/rapid-compliance-infinite-opportunities\/\">Conformit\u00e9 aux exigences EDI.<\/a><\/h2>\n<p>Nous avons gagn\u00e9 notre r\u00e9putation d\u2019expert en cha\u00eene d\u2019approvisionnement du secteur en aidant les entreprises \u00e0 se trouver facilement en conformit\u00e9 avec les demandes de partenaires commerciaux largement divers. Nos solutions bas\u00e9es sur le Cloud \u00e9liminent le besoin de mat\u00e9riel, logiciel et employ\u00e9s sp\u00e9cialis\u00e9s. Voyez comment nos solutions d\u2019ex\u00e9cution peuvent vous aider \u00e0 vous int\u00e9grer sans difficult\u00e9s \u00e0 vos partenaires commerciaux.<\/p>\n<p>[\/et_pb_testimonial][et_pb_testimonial portrait_url=&#8221;\/wp-content\/uploads\/2015\/01\/assortment1.png&#8221; quote_icon=&#8221;off&#8221; admin_label=&#8221;Manage item info Testimonial&#8221; _builder_version=&#8221;4.16&#8243; background_size=&#8221;initial&#8221; background_position=&#8221;top_left&#8221; background_repeat=&#8221;repeat&#8221; use_border_color=&#8221;off&#8221; border_color=&#8221;#ffffff&#8221; border_style=&#8221;solid&#8221; portrait_border_radius=&#8221;90&#8243; global_colors_info=&#8221;{}&#8221;]<\/p>\n<h2>Gestion des informations d\u2019article.<\/h2>\n<p>Puisez dans notre service complet d\u2019Assortiment pour obtenir des attributs d\u00e9taill\u00e9s de produit, des descriptions et un contenu marketing qui d\u00e9veloppe les ventes. D\u00e9couvrez en plus \u00e0 propos de nos solutions d\u2019Assortiment.<\/p>\n<p>[\/et_pb_testimonial][et_pb_testimonial portrait_url=&#8221;\/wp-content\/uploads\/2015\/01\/analytics3.png&#8221; quote_icon=&#8221;off&#8221; admin_label=&#8221;Improve sell-through Testimonial&#8221; _builder_version=&#8221;4.16&#8243; background_size=&#8221;initial&#8221; background_position=&#8221;top_left&#8221; background_repeat=&#8221;repeat&#8221; use_border_color=&#8221;off&#8221; border_color=&#8221;#ffffff&#8221; border_style=&#8221;solid&#8221; portrait_border_radius=&#8221;90&#8243; global_colors_info=&#8221;{}&#8221;]<\/p>\n<h2><a href=\"\/fr\/services\/informations-sur-les-partenaires-commerciaux-trading-partner-intelligence\/analyses-de-terminaux-de-point-de-vente-des-fournisseurs\/\">Am\u00e9liorez les ventes.<\/a><\/h2>\n<p>Optimisez les ventes gr\u00e2ce \u00e0 des outils communiquant des mises \u00e0 jour en temps r\u00e9el sur les conditions d\u2019inventaire. Nos produits d\u2019Analyse simplifient le fait de ma\u00eetriser en temps r\u00e9el les conditions d\u2019inventaire. Ayez une meilleure perception de ce qui se vend et de ce qui reste sur les rayons afin de pouvoir minimiser les ventes perdues \u00e0 cause d\u2019un manque de stock et ne jamais vous retrouver \u00e0 cours. D\u00e9couvrez comment nos <a title=\"Supplier Point of Sale Analytics\" href=\"\/fr\/services\/informations-sur-les-partenaires-commerciaux-trading-partner-intelligence\/analyses-de-terminaux-de-point-de-vente-des-fournisseurs\/\">solutions d\u2019Analyse<\/a> am\u00e9liorent les ventes et aident les fournisseurs \u00e0 devenir des partenaires commerciaux plus efficaces.<\/p>\n<p>[\/et_pb_testimonial][et_pb_testimonial portrait_url=&#8221;\/wp-content\/uploads\/2015\/01\/sourcing1.png&#8221; quote_icon=&#8221;off&#8221; admin_label=&#8221;Find new vendors Testimonial&#8221; _builder_version=&#8221;4.16&#8243; background_size=&#8221;initial&#8221; background_position=&#8221;top_left&#8221; background_repeat=&#8221;repeat&#8221; use_border_color=&#8221;off&#8221; border_color=&#8221;#ffffff&#8221; border_style=&#8221;solid&#8221; portrait_border_radius=&#8221;90&#8243; global_colors_info=&#8221;{}&#8221;]<\/p>\n<h2>Trouvez de nouveaux vendeurs.<\/h2>\n<p>Approvisionnez l\u2019all\u00e9e sans fin avec des solutions de sour\u00e7age correspondant \u00e0 la vitesse du commerce num\u00e9rique. D\u00e9couvrez en plus sur la mani\u00e8re de vous relier \u00e0 de nouveaux partenaires commerciaux via notre communaut\u00e9 gratuite de sour\u00e7age de produit de Retail Universe.<\/p>\n<p>[\/et_pb_testimonial][et_pb_testimonial portrait_url=&#8221;\/wp-content\/uploads\/2014\/10\/omnichannel_arrows1.png&#8221; quote_icon=&#8221;off&#8221; admin_label=&#8221;Enhance omnichannel success Testimonial&#8221; _builder_version=&#8221;4.16&#8243; background_size=&#8221;initial&#8221; background_position=&#8221;top_left&#8221; background_repeat=&#8221;repeat&#8221; use_border_color=&#8221;off&#8221; border_color=&#8221;#ffffff&#8221; border_style=&#8221;solid&#8221; portrait_border_radius=&#8221;90&#8243; global_colors_info=&#8221;{}&#8221;]<\/p>\n<h2><a href=\"\/omnichannel\/\">Am\u00e9liorez le succ\u00e8s du multicanal.<\/a><\/h2>\n<p>D\u00e9couvrez comment notre expertise en multicanaux peut vous aider \u00e0 r\u00e9pondre aux demandes des consommateurs via plusieurs canaux de vente. SPS Commerce apporte aux partenaires commerciaux les outils pour se d\u00e9velopper dans un univers multicanaux reposant sur le consommateur. D\u00e9couvrez en plus avec notre <a href=\"\/omnichannel\/\">guide multicanaux<\/a>.<\/p>\n<p>[\/et_pb_testimonial][\/et_pb_column][\/et_pb_row][\/et_pb_section][et_pb_section fb_built=&#8221;1&#8243; admin_label=&#8221;section&#8221; _builder_version=&#8221;4.16&#8243; background_color=&#8221;#0079a5&#8243; transparent_background=&#8221;off&#8221; global_colors_info=&#8221;{}&#8221;][et_pb_row admin_label=&#8221;row&#8221; _builder_version=&#8221;4.16&#8243; background_size=&#8221;initial&#8221; background_position=&#8221;top_left&#8221; background_repeat=&#8221;repeat&#8221; global_colors_info=&#8221;{}&#8221;][et_pb_column type=&#8221;4_4&#8243; _builder_version=&#8221;4.16&#8243; custom_padding=&#8221;|||&#8221; global_colors_info=&#8221;{}&#8221; custom_padding__hover=&#8221;|||&#8221;][et_pb_cta title=&#8221;Vous n\u2019\u00eates pas certain du produit dont vous avez besoin? Nous pouvons vous aider.&#8221; button_url=&#8221;\/contact\/&#8221; button_text=&#8221;COMMUNIQUEZ AVEC NOUS&#8221; admin_label=&#8221;Call To Action&#8221; _builder_version=&#8221;4.18.0&#8243; use_background_color=&#8221;off&#8221; background_size=&#8221;initial&#8221; background_position=&#8221;top_left&#8221; background_repeat=&#8221;repeat&#8221; hover_enabled=&#8221;0&#8243; use_border_color=&#8221;off&#8221; border_color=&#8221;#ffffff&#8221; border_style=&#8221;solid&#8221; button_border_radius_hover=&#8221;3&#8243; button_letter_spacing_hover=&#8221;0&#8243; global_colors_info=&#8221;{}&#8221; button_text_size__hover_enabled=&#8221;off&#8221; button_one_text_size__hover_enabled=&#8221;off&#8221; button_two_text_size__hover_enabled=&#8221;off&#8221; button_text_color__hover_enabled=&#8221;off&#8221; button_one_text_color__hover_enabled=&#8221;off&#8221; button_two_text_color__hover_enabled=&#8221;off&#8221; button_border_width__hover_enabled=&#8221;off&#8221; button_one_border_width__hover_enabled=&#8221;off&#8221; button_two_border_width__hover_enabled=&#8221;off&#8221; button_border_color__hover_enabled=&#8221;off&#8221; button_one_border_color__hover_enabled=&#8221;off&#8221; button_two_border_color__hover_enabled=&#8221;off&#8221; button_border_radius__hover_enabled=&#8221;on&#8221; button_border_radius__hover=&#8221;3&#8243; button_one_border_radius__hover_enabled=&#8221;off&#8221; button_two_border_radius__hover_enabled=&#8221;off&#8221; button_letter_spacing__hover_enabled=&#8221;on&#8221; button_letter_spacing__hover=&#8221;0&#8243; button_one_letter_spacing__hover_enabled=&#8221;off&#8221; button_two_letter_spacing__hover_enabled=&#8221;off&#8221; button_bg_color__hover_enabled=&#8221;off&#8221; button_one_bg_color__hover_enabled=&#8221;off&#8221; button_two_bg_color__hover_enabled=&#8221;off&#8221; sticky_enabled=&#8221;0&#8243;]<\/p>\n<p>Nos experts du d\u00e9tail omnicanal vous aideront \u00e0 trouver les meilleures solutions pour votre entreprise. N\u2019h\u00e9sitez pas \u00e0 communiquer avec nous pour plus de d\u00e9tails.<\/p>\n<p>[\/et_pb_cta][\/et_pb_column][\/et_pb_row][\/et_pb_section]<\/p>\n","protected":false},"excerpt":{"rendered":"<p>Des solutions plus intelligentes. Relevez les d\u00e9fis de la cha\u00eene d&#8217;approvisionnement avec des solutions plus intelligentes.Votre entreprise \u00e9volue constamment pour r\u00e9pondre aux demandes des clients et des partenaires commerciaux. Nous sommes \u00e0 vos c\u00f4t\u00e9s pour vous proposer des solutions qui transforment les d\u00e9fis les plus redoutables de la cha\u00eene d&#8217;approvisionnement en opportunit\u00e9s rentables.Multicanaux pour les [&hellip;]<\/p>\n","protected":false},"author":23,"featured_media":0,"parent":0,"menu_order":0,"comment_status":"closed","ping_status":"closed","template":"","meta":{"_acf_changed":false,"_et_pb_use_builder":"on","_et_pb_old_content":"<h3 style=\"color: #222222;\">Meet supply chain challenges with smarter solutions.\u00a0<\/h3><p style=\"color: #222222;\">Your business is constantly changing to keep up with consumer and trading partner demand. We're right there with you, delivering\u00a0solutions that transform the most daunting supply chain\u00a0challenges into profitable opportunities.\u00a0<\/p><ul style=\"color: #222222;\"><li><strong><a title=\"Achieve EDI Compliance\" href=\"\/business-need\/comply-edi-requirements\/\">Comply with EDI\u00a0requirements<\/a><\/strong>:\u00a0Simplify compliance with\u00a0our\u00a0prebuilt\u00a0connections to your current and future trading partners.\u00a0<\/li><li><strong><a title=\"Optimize Sell-Through\" href=\"\/business-need\/improve-sell\/\">Improve sell-through<\/a><\/strong>: Optimize sell-through with tools that deliver updates on inventory conditions in real-time.\u00a0<\/li><li><strong><a title=\"Item Management\" href=\"\/services\/item-management\/\">Manage item info<\/a><\/strong>: Tap into the industry's most comprehensive item management service for detailed product attributes, descriptions and marketing\u00a0content\u00a0that boosts sales.\u00a0<\/li><li><strong><a title=\"Smarter Sourcing\" href=\"\/business-need\/smarter-sourcing\/\">Find new vendors<\/a><\/strong>: Stock the endless aisle with sourcing solutions that match the speed of digital commerce.\u00a0<\/li><li><strong><a title=\"Your Omnichannel Opportunity\" href=\"\/business-need\/omnichannel-opportunity\/\">Enhance omnichannel<\/a><\/strong>: Discover how our omnichannel expertise can help you meet consumer demand via multiple sales channels.<\/li><\/ul>","_et_gb_content_width":"","footnotes":""},"class_list":["post-33612","page","type-page","status-publish","hentry"],"acf":[],"yoast_head":"<!-- This site is optimized with the Yoast SEO Premium plugin v26.1 (Yoast SEO v26.1.1) - https:\/\/yoast.com\/wordpress\/plugins\/seo\/ -->\n<title>Les besoins de l&#039;entreprise - SPS Commerce<\/title>\n<meta name=\"description\" content=\"Relevez les d\u00e9fis de la cha\u00eene d&#039;approvisionnement avec des solutions plus intelligentes.\" \/>\n<meta name=\"robots\" content=\"index, follow, max-snippet:-1, max-image-preview:large, max-video-preview:-1\" \/>\n<link rel=\"canonical\" href=\"https:\/\/www.spscommerce.com\/fr\/business-need\/\" \/>\n<meta property=\"og:locale\" content=\"fr_FR\" \/>\n<meta property=\"og:type\" content=\"article\" \/>\n<meta property=\"og:title\" content=\"Les besoins de l&#039;entreprise\" \/>\n<meta property=\"og:description\" content=\"Relevez les d\u00e9fis de la cha\u00eene d&#039;approvisionnement avec des solutions plus intelligentes.\" \/>\n<meta property=\"og:url\" content=\"https:\/\/www.spscommerce.com\/business-need\/\" \/>\n<meta property=\"og:site_name\" content=\"SPS Commerce\" \/>\n<meta property=\"article:publisher\" content=\"https:\/\/www.facebook.com\/pages\/SPS-Commerce\/115540161807561\" \/>\n<meta property=\"article:modified_time\" content=\"2022-10-13T16:14:31+00:00\" \/>\n<meta name=\"twitter:card\" content=\"summary_large_image\" \/>\n<meta name=\"twitter:site\" content=\"@SPS_Commerce\" \/>\n<script type=\"application\/ld+json\" class=\"yoast-schema-graph\">{\"@context\":\"https:\/\/schema.org\",\"@graph\":[{\"@type\":\"WebPage\",\"@id\":\"https:\/\/www.spscommerce.com\/fr\/les-besoins-de-lentreprise\/\",\"url\":\"https:\/\/www.spscommerce.com\/business-need\/\",\"name\":\"Les besoins de l'entreprise - SPS Commerce\",\"isPartOf\":{\"@id\":\"https:\/\/www.spscommerce.com\/fr\/#website\"},\"datePublished\":\"2016-04-18T19:43:14+00:00\",\"dateModified\":\"2022-10-13T16:14:31+00:00\",\"description\":\"Relevez les d\u00e9fis de la cha\u00eene d'approvisionnement avec des solutions plus intelligentes.\",\"breadcrumb\":{\"@id\":\"https:\/\/www.spscommerce.com\/business-need\/#breadcrumb\"},\"inLanguage\":\"fr-FR\",\"potentialAction\":[{\"@type\":\"ReadAction\",\"target\":[\"https:\/\/www.spscommerce.com\/business-need\/\"]}]},{\"@type\":\"BreadcrumbList\",\"@id\":\"https:\/\/www.spscommerce.com\/business-need\/#breadcrumb\",\"itemListElement\":[{\"@type\":\"ListItem\",\"position\":1,\"name\":\"Home\",\"item\":\"https:\/\/www.spscommerce.com\/fr\/\"},{\"@type\":\"ListItem\",\"position\":2,\"name\":\"Les besoins de l&#8217;entreprise\"}]},{\"@type\":\"WebSite\",\"@id\":\"https:\/\/www.spscommerce.com\/fr\/#website\",\"url\":\"https:\/\/www.spscommerce.com\/fr\/\",\"name\":\"SPS Commerce\",\"description\":\"\",\"publisher\":{\"@id\":\"https:\/\/www.spscommerce.com\/fr\/#organization\"},\"potentialAction\":[{\"@type\":\"SearchAction\",\"target\":{\"@type\":\"EntryPoint\",\"urlTemplate\":\"https:\/\/www.spscommerce.com\/fr\/?s={search_term_string}\"},\"query-input\":{\"@type\":\"PropertyValueSpecification\",\"valueRequired\":true,\"valueName\":\"search_term_string\"}}],\"inLanguage\":\"fr-FR\"},{\"@type\":\"Organization\",\"@id\":\"https:\/\/www.spscommerce.com\/fr\/#organization\",\"name\":\"SPS Commerce\",\"url\":\"https:\/\/www.spscommerce.com\/fr\/\",\"logo\":{\"@type\":\"ImageObject\",\"inLanguage\":\"fr-FR\",\"@id\":\"https:\/\/www.spscommerce.com\/fr\/#\/schema\/logo\/image\/\",\"url\":\"https:\/\/www.spscommerce.com\/wp-content\/uploads\/2017\/09\/logo-with-tag1.png\",\"contentUrl\":\"https:\/\/www.spscommerce.com\/wp-content\/uploads\/2017\/09\/logo-with-tag1.png\",\"width\":400,\"height\":110,\"caption\":\"SPS Commerce\"},\"image\":{\"@id\":\"https:\/\/www.spscommerce.com\/fr\/#\/schema\/logo\/image\/\"},\"sameAs\":[\"https:\/\/www.facebook.com\/pages\/SPS-Commerce\/115540161807561\",\"https:\/\/x.com\/SPS_Commerce\",\"https:\/\/www.linkedin.com\/company\/sps-commerce\/\",\"https:\/\/www.youtube.com\/user\/SPSCommerce\"]}]}<\/script>\n<!-- \/ Yoast SEO Premium plugin. -->","yoast_head_json":{"title":"Les besoins de l'entreprise - SPS Commerce","description":"Relevez les d\u00e9fis de la cha\u00eene d'approvisionnement avec des solutions plus intelligentes.","robots":{"index":"index","follow":"follow","max-snippet":"max-snippet:-1","max-image-preview":"max-image-preview:large","max-video-preview":"max-video-preview:-1"},"canonical":"https:\/\/www.spscommerce.com\/fr\/business-need\/","og_locale":"fr_FR","og_type":"article","og_title":"Les besoins de l'entreprise","og_description":"Relevez les d\u00e9fis de la cha\u00eene d'approvisionnement avec des solutions plus intelligentes.","og_url":"https:\/\/www.spscommerce.com\/business-need\/","og_site_name":"SPS Commerce","article_publisher":"https:\/\/www.facebook.com\/pages\/SPS-Commerce\/115540161807561","article_modified_time":"2022-10-13T16:14:31+00:00","twitter_card":"summary_large_image","twitter_site":"@SPS_Commerce","schema":{"@context":"https:\/\/schema.org","@graph":[{"@type":"WebPage","@id":"https:\/\/www.spscommerce.com\/fr\/les-besoins-de-lentreprise\/","url":"https:\/\/www.spscommerce.com\/business-need\/","name":"Les besoins de l'entreprise - SPS Commerce","isPartOf":{"@id":"https:\/\/www.spscommerce.com\/fr\/#website"},"datePublished":"2016-04-18T19:43:14+00:00","dateModified":"2022-10-13T16:14:31+00:00","description":"Relevez les d\u00e9fis de la cha\u00eene d'approvisionnement avec des solutions plus intelligentes.","breadcrumb":{"@id":"https:\/\/www.spscommerce.com\/business-need\/#breadcrumb"},"inLanguage":"fr-FR","potentialAction":[{"@type":"ReadAction","target":["https:\/\/www.spscommerce.com\/business-need\/"]}]},{"@type":"BreadcrumbList","@id":"https:\/\/www.spscommerce.com\/business-need\/#breadcrumb","itemListElement":[{"@type":"ListItem","position":1,"name":"Home","item":"https:\/\/www.spscommerce.com\/fr\/"},{"@type":"ListItem","position":2,"name":"Les besoins de l&#8217;entreprise"}]},{"@type":"WebSite","@id":"https:\/\/www.spscommerce.com\/fr\/#website","url":"https:\/\/www.spscommerce.com\/fr\/","name":"SPS Commerce","description":"","publisher":{"@id":"https:\/\/www.spscommerce.com\/fr\/#organization"},"potentialAction":[{"@type":"SearchAction","target":{"@type":"EntryPoint","urlTemplate":"https:\/\/www.spscommerce.com\/fr\/?s={search_term_string}"},"query-input":{"@type":"PropertyValueSpecification","valueRequired":true,"valueName":"search_term_string"}}],"inLanguage":"fr-FR"},{"@type":"Organization","@id":"https:\/\/www.spscommerce.com\/fr\/#organization","name":"SPS Commerce","url":"https:\/\/www.spscommerce.com\/fr\/","logo":{"@type":"ImageObject","inLanguage":"fr-FR","@id":"https:\/\/www.spscommerce.com\/fr\/#\/schema\/logo\/image\/","url":"https:\/\/www.spscommerce.com\/wp-content\/uploads\/2017\/09\/logo-with-tag1.png","contentUrl":"https:\/\/www.spscommerce.com\/wp-content\/uploads\/2017\/09\/logo-with-tag1.png","width":400,"height":110,"caption":"SPS Commerce"},"image":{"@id":"https:\/\/www.spscommerce.com\/fr\/#\/schema\/logo\/image\/"},"sameAs":["https:\/\/www.facebook.com\/pages\/SPS-Commerce\/115540161807561","https:\/\/x.com\/SPS_Commerce","https:\/\/www.linkedin.com\/company\/sps-commerce\/","https:\/\/www.youtube.com\/user\/SPSCommerce"]}]}},"_links":{"self":[{"href":"https:\/\/www.spscommerce.com\/fr\/wp-json\/wp\/v2\/pages\/33612","targetHints":{"allow":["GET"]}}],"collection":[{"href":"https:\/\/www.spscommerce.com\/fr\/wp-json\/wp\/v2\/pages"}],"about":[{"href":"https:\/\/www.spscommerce.com\/fr\/wp-json\/wp\/v2\/types\/page"}],"author":[{"embeddable":true,"href":"https:\/\/www.spscommerce.com\/fr\/wp-json\/wp\/v2\/users\/23"}],"replies":[{"embeddable":true,"href":"https:\/\/www.spscommerce.com\/fr\/wp-json\/wp\/v2\/comments?post=33612"}],"version-history":[{"count":10,"href":"https:\/\/www.spscommerce.com\/fr\/wp-json\/wp\/v2\/pages\/33612\/revisions"}],"predecessor-version":[{"id":557710,"href":"https:\/\/www.spscommerce.com\/fr\/wp-json\/wp\/v2\/pages\/33612\/revisions\/557710"}],"wp:attachment":[{"href":"https:\/\/www.spscommerce.com\/fr\/wp-json\/wp\/v2\/media?parent=33612"}],"curies":[{"name":"wp","href":"https:\/\/api.w.org\/{rel}","templated":true}]}}