{"id":24564,"date":"2015-07-17T12:14:25","date_gmt":"2015-07-17T17:14:25","guid":{"rendered":"https:\/\/www.spscommerce.com\/?page_id=24564"},"modified":"2016-04-28T15:03:29","modified_gmt":"2016-04-28T20:03:29","slug":"contactez-nous","status":"publish","type":"page","link":"https:\/\/www.spscommerce.com\/fr\/contactez-nous\/","title":{"rendered":"Contactez Nous"},"content":{"rendered":"<p>[et_pb_section admin_label=&#8221;section&#8221; fullwidth=&#8221;on&#8221; specialty=&#8221;off&#8221; background_image=&#8221;\/wp-content\/uploads\/2014\/07\/SPS-Custom-Facets-01.jpg&#8221; transparent_background=&#8221;off&#8221; background_color=&#8221;#ffffff&#8221; inner_shadow=&#8221;off&#8221; parallax=&#8221;off&#8221; parallax_method=&#8221;off&#8221; module_class=&#8221;banner&#8221;][et_pb_fullwidth_header admin_label=&#8221;Fullwidth Header&#8221; title=&#8221;Contact us&#8221; background_layout=&#8221;dark&#8221; text_orientation=&#8221;center&#8221;] [\/et_pb_fullwidth_header][\/et_pb_section][et_pb_section admin_label=&#8221;section&#8221;][et_pb_row admin_label=&#8221;row&#8221;][et_pb_column type=&#8221;4_4&#8243;][et_pb_text admin_label=&#8221;Text&#8221; background_layout=&#8221;light&#8221; text_orientation=&#8221;center&#8221; use_border_color=&#8221;off&#8221; border_color=&#8221;#ffffff&#8221; border_style=&#8221;solid&#8221;]<\/p>\n<h3 class=\"lead\">Il y plusieurs fa\u00e7ons de communiquer avec nous. Veuillez choisir parmi les options ci-dessous afin que nous puissions vous aider le plus efficacement possible.<\/h3>\n<p>[\/et_pb_text][\/et_pb_column][\/et_pb_row][et_pb_row admin_label=&#8221;row&#8221;][et_pb_column type=&#8221;1_3&#8243;][et_pb_blurb admin_label=&#8221;Blurb&#8221; title=&#8221;Je suis un consommateur et j\u2019ai besoin d\u2019aide.&#8221; url=&#8221;https:\/\/supportcenter.spscommerce.com\/spscommerce\/topics\/how_can_i_contact_sps_commerce-82lh7&#8243; url_new_window=&#8221;off&#8221; use_icon=&#8221;on&#8221; font_icon=&#8221;t&#8221; icon_color=&#8221;#00aae5&#8243; use_circle=&#8221;off&#8221; circle_color=&#8221;#00aae5&#8243; use_circle_border=&#8221;off&#8221; circle_border_color=&#8221;#00aae5&#8243; icon_placement=&#8221;top&#8221; animation=&#8221;off&#8221; background_layout=&#8221;light&#8221; text_orientation=&#8221;center&#8221; use_icon_font_size=&#8221;off&#8221; use_border_color=&#8221;off&#8221; border_color=&#8221;#ffffff&#8221; border_style=&#8221;solid&#8221;] [\/et_pb_blurb][et_pb_cta admin_label=&#8221;Call To Action&#8221; button_url=&#8221;https:\/\/supportcenter.spscommerce.com\/spscommerce\/topics\/how_can_i_contact_sps_commerce-82lh7&#8243; button_text=&#8221;OBTENEZ de L\u2019AIDE d\u00e8s MAINTENANT&#8221; use_background_color=&#8221;off&#8221; background_color=&#8221;#00aae5&#8243; background_layout=&#8221;light&#8221; text_orientation=&#8221;center&#8221; url_new_window=&#8221;off&#8221; use_border_color=&#8221;off&#8221; border_color=&#8221;#ffffff&#8221; border_style=&#8221;solid&#8221; custom_button=&#8221;off&#8221; button_letter_spacing=&#8221;0&#8243; button_use_icon=&#8221;default&#8221; button_icon_placement=&#8221;right&#8221; button_on_hover=&#8221;on&#8221; button_letter_spacing_hover=&#8221;0&#8243;]<\/p>\n<p>Si vous \u00eates d\u00e9j\u00e0 un client de SPS Commerce, notre personnel de soutien est disponible pour r\u00e9pondre \u00e0 toutes vos questions d\u2019ordre technique.<\/p>\n<p>[\/et_pb_cta][\/et_pb_column][et_pb_column type=&#8221;1_3&#8243;][et_pb_blurb admin_label=&#8221;Blurb&#8221; title=&#8221;J\u2019ai une question au sujet des produits SPS.&#8221; url=&#8221;\/contact\/&#8221; url_new_window=&#8221;off&#8221; use_icon=&#8221;on&#8221; font_icon=&#8221;\ue606&#8221; icon_color=&#8221;#00aae5&#8243; use_circle=&#8221;off&#8221; circle_color=&#8221;#00aae5&#8243; use_circle_border=&#8221;off&#8221; circle_border_color=&#8221;#00aae5&#8243; icon_placement=&#8221;top&#8221; animation=&#8221;off&#8221; background_layout=&#8221;light&#8221; text_orientation=&#8221;center&#8221; use_icon_font_size=&#8221;off&#8221; use_border_color=&#8221;off&#8221; border_color=&#8221;#ffffff&#8221; border_style=&#8221;solid&#8221;] [\/et_pb_blurb][et_pb_cta admin_label=&#8221;Call To Action&#8221; button_url=&#8221;\/contact\/&#8221; button_text=&#8221;FORMULAIRE de CONTACT&#8221; use_background_color=&#8221;off&#8221; background_color=&#8221;#00aae5&#8243; background_layout=&#8221;light&#8221; text_orientation=&#8221;center&#8221; url_new_window=&#8221;off&#8221; use_border_color=&#8221;off&#8221; border_color=&#8221;#ffffff&#8221; border_style=&#8221;solid&#8221; custom_button=&#8221;off&#8221; button_letter_spacing=&#8221;0&#8243; button_use_icon=&#8221;default&#8221; button_icon_placement=&#8221;right&#8221; button_on_hover=&#8221;on&#8221; button_letter_spacing_hover=&#8221;0&#8243;]<\/p>\n<p>Vous avez des questions au sujet de nos produits? Pas de probl\u00e8me! Envoyez-nous ce questionnaire simple \u00e0 remplir et l\u2019un de nos experts omnicanal du d\u00e9tail communiquera avec vous sous peu.<\/p>\n<p>[\/et_pb_cta][\/et_pb_column][et_pb_column type=&#8221;1_3&#8243;][et_pb_blurb admin_label=&#8221;Blurb&#8221; title=&#8221;J\u2019ai besoin d\u2019une adresse et d\u2019un num\u00e9ro de t\u00e9l\u00e9phone. &#8221; url=&#8221;\/offices\/&#8221; url_new_window=&#8221;off&#8221; use_icon=&#8221;on&#8221; font_icon=&#8221;\ue05a&#8221; icon_color=&#8221;#00aae5&#8243; use_circle=&#8221;off&#8221; circle_color=&#8221;#00aae5&#8243; use_circle_border=&#8221;off&#8221; circle_border_color=&#8221;#00aae5&#8243; icon_placement=&#8221;top&#8221; animation=&#8221;off&#8221; background_layout=&#8221;light&#8221; text_orientation=&#8221;center&#8221; use_icon_font_size=&#8221;off&#8221; use_border_color=&#8221;off&#8221; border_color=&#8221;#ffffff&#8221; border_style=&#8221;solid&#8221;] [\/et_pb_blurb][et_pb_cta admin_label=&#8221;Call To Action&#8221; button_url=&#8221;\/offices\/&#8221; button_text=&#8221;VOIR les INFORMATIONS de CONTACT&#8221; use_background_color=&#8221;off&#8221; background_color=&#8221;#00aae5&#8243; background_layout=&#8221;light&#8221; text_orientation=&#8221;center&#8221; url_new_window=&#8221;off&#8221; use_border_color=&#8221;off&#8221; border_color=&#8221;#ffffff&#8221; border_style=&#8221;solid&#8221; custom_button=&#8221;off&#8221; button_letter_spacing=&#8221;0&#8243; button_use_icon=&#8221;default&#8221; button_icon_placement=&#8221;right&#8221; button_on_hover=&#8221;on&#8221; button_letter_spacing_hover=&#8221;0&#8243;]<\/p>\n<p>Voyez les emplacements des bureaux et les informations de contact de SPS commerce.<\/p>\n<p>[\/et_pb_cta][\/et_pb_column][\/et_pb_row][\/et_pb_section]<\/p>\n","protected":false},"excerpt":{"rendered":"<p>Il y plusieurs fa\u00e7ons de communiquer avec nous. Veuillez choisir parmi les options ci-dessous afin que nous puissions vous aider le plus efficacement possible. Si vous \u00eates d\u00e9j\u00e0 un client de SPS Commerce, notre personnel de soutien est disponible pour r\u00e9pondre \u00e0 toutes vos questions d\u2019ordre technique. Vous avez des questions au sujet de nos [&hellip;]<\/p>\n","protected":false},"author":23,"featured_media":0,"parent":0,"menu_order":0,"comment_status":"closed","ping_status":"closed","template":"","meta":{"_acf_changed":false,"_et_pb_use_builder":"on","_et_pb_old_content":"","_et_gb_content_width":"","footnotes":""},"class_list":["post-24564","page","type-page","status-publish","hentry"],"acf":[],"yoast_head":"<!-- This site is optimized with the Yoast SEO Premium plugin v26.1 (Yoast SEO v26.1.1) - https:\/\/yoast.com\/wordpress\/plugins\/seo\/ -->\n<title>Contactez Nous - SPS Commerce<\/title>\n<meta name=\"robots\" content=\"noindex, nofollow\" \/>\n<meta property=\"og:locale\" content=\"fr_FR\" \/>\n<meta property=\"og:type\" content=\"article\" \/>\n<meta property=\"og:title\" content=\"Contactez Nous\" \/>\n<meta property=\"og:description\" content=\"BLOG-CONTENT-HERE GET MONTHLY UPDATES DELIVERED TO YOUR INBOX. Never miss an update from the SPS blog! Receive retail and supply chain news, valuable resources, expert tips and more. RELATED\u00a0POSTS\" \/>\n<meta property=\"og:url\" content=\"https:\/\/www.spscommerce.com\/fr\/contactez-nous\/\" \/>\n<meta property=\"og:site_name\" content=\"SPS Commerce\" \/>\n<meta property=\"article:publisher\" content=\"https:\/\/www.facebook.com\/pages\/SPS-Commerce\/115540161807561\" \/>\n<meta property=\"article:modified_time\" content=\"2016-04-28T20:03:29+00:00\" \/>\n<meta name=\"twitter:card\" content=\"summary_large_image\" \/>\n<meta name=\"twitter:site\" content=\"@SPS_Commerce\" \/>\n<script type=\"application\/ld+json\" class=\"yoast-schema-graph\">{\"@context\":\"https:\/\/schema.org\",\"@graph\":[{\"@type\":\"WebPage\",\"@id\":\"https:\/\/www.spscommerce.com\/fr\/contactez-nous\/\",\"url\":\"https:\/\/www.spscommerce.com\/fr\/contactez-nous\/\",\"name\":\"Contactez Nous - SPS Commerce\",\"isPartOf\":{\"@id\":\"https:\/\/www.spscommerce.com\/fr\/#website\"},\"datePublished\":\"2015-07-17T17:14:25+00:00\",\"dateModified\":\"2016-04-28T20:03:29+00:00\",\"breadcrumb\":{\"@id\":\"https:\/\/www.spscommerce.com\/fr\/contactez-nous\/#breadcrumb\"},\"inLanguage\":\"fr-FR\",\"potentialAction\":[{\"@type\":\"ReadAction\",\"target\":[\"https:\/\/www.spscommerce.com\/fr\/contactez-nous\/\"]}]},{\"@type\":\"BreadcrumbList\",\"@id\":\"https:\/\/www.spscommerce.com\/fr\/contactez-nous\/#breadcrumb\",\"itemListElement\":[{\"@type\":\"ListItem\",\"position\":1,\"name\":\"Home\",\"item\":\"https:\/\/www.spscommerce.com\/fr\/\"},{\"@type\":\"ListItem\",\"position\":2,\"name\":\"Contactez Nous\"}]},{\"@type\":\"WebSite\",\"@id\":\"https:\/\/www.spscommerce.com\/fr\/#website\",\"url\":\"https:\/\/www.spscommerce.com\/fr\/\",\"name\":\"SPS Commerce\",\"description\":\"\",\"publisher\":{\"@id\":\"https:\/\/www.spscommerce.com\/fr\/#organization\"},\"potentialAction\":[{\"@type\":\"SearchAction\",\"target\":{\"@type\":\"EntryPoint\",\"urlTemplate\":\"https:\/\/www.spscommerce.com\/fr\/?s={search_term_string}\"},\"query-input\":{\"@type\":\"PropertyValueSpecification\",\"valueRequired\":true,\"valueName\":\"search_term_string\"}}],\"inLanguage\":\"fr-FR\"},{\"@type\":\"Organization\",\"@id\":\"https:\/\/www.spscommerce.com\/fr\/#organization\",\"name\":\"SPS Commerce\",\"url\":\"https:\/\/www.spscommerce.com\/fr\/\",\"logo\":{\"@type\":\"ImageObject\",\"inLanguage\":\"fr-FR\",\"@id\":\"https:\/\/www.spscommerce.com\/fr\/#\/schema\/logo\/image\/\",\"url\":\"https:\/\/www.spscommerce.com\/wp-content\/uploads\/2017\/09\/logo-with-tag1.png\",\"contentUrl\":\"https:\/\/www.spscommerce.com\/wp-content\/uploads\/2017\/09\/logo-with-tag1.png\",\"width\":400,\"height\":110,\"caption\":\"SPS Commerce\"},\"image\":{\"@id\":\"https:\/\/www.spscommerce.com\/fr\/#\/schema\/logo\/image\/\"},\"sameAs\":[\"https:\/\/www.facebook.com\/pages\/SPS-Commerce\/115540161807561\",\"https:\/\/x.com\/SPS_Commerce\",\"https:\/\/www.linkedin.com\/company\/sps-commerce\/\",\"https:\/\/www.youtube.com\/user\/SPSCommerce\"]}]}<\/script>\n<!-- \/ Yoast SEO Premium plugin. -->","yoast_head_json":{"title":"Contactez Nous - SPS Commerce","robots":{"index":"noindex","follow":"nofollow"},"og_locale":"fr_FR","og_type":"article","og_title":"Contactez Nous","og_description":"BLOG-CONTENT-HERE GET MONTHLY UPDATES DELIVERED TO YOUR INBOX. Never miss an update from the SPS blog! Receive retail and supply chain news, valuable resources, expert tips and more. RELATED\u00a0POSTS","og_url":"https:\/\/www.spscommerce.com\/fr\/contactez-nous\/","og_site_name":"SPS Commerce","article_publisher":"https:\/\/www.facebook.com\/pages\/SPS-Commerce\/115540161807561","article_modified_time":"2016-04-28T20:03:29+00:00","twitter_card":"summary_large_image","twitter_site":"@SPS_Commerce","schema":{"@context":"https:\/\/schema.org","@graph":[{"@type":"WebPage","@id":"https:\/\/www.spscommerce.com\/fr\/contactez-nous\/","url":"https:\/\/www.spscommerce.com\/fr\/contactez-nous\/","name":"Contactez Nous - SPS Commerce","isPartOf":{"@id":"https:\/\/www.spscommerce.com\/fr\/#website"},"datePublished":"2015-07-17T17:14:25+00:00","dateModified":"2016-04-28T20:03:29+00:00","breadcrumb":{"@id":"https:\/\/www.spscommerce.com\/fr\/contactez-nous\/#breadcrumb"},"inLanguage":"fr-FR","potentialAction":[{"@type":"ReadAction","target":["https:\/\/www.spscommerce.com\/fr\/contactez-nous\/"]}]},{"@type":"BreadcrumbList","@id":"https:\/\/www.spscommerce.com\/fr\/contactez-nous\/#breadcrumb","itemListElement":[{"@type":"ListItem","position":1,"name":"Home","item":"https:\/\/www.spscommerce.com\/fr\/"},{"@type":"ListItem","position":2,"name":"Contactez Nous"}]},{"@type":"WebSite","@id":"https:\/\/www.spscommerce.com\/fr\/#website","url":"https:\/\/www.spscommerce.com\/fr\/","name":"SPS Commerce","description":"","publisher":{"@id":"https:\/\/www.spscommerce.com\/fr\/#organization"},"potentialAction":[{"@type":"SearchAction","target":{"@type":"EntryPoint","urlTemplate":"https:\/\/www.spscommerce.com\/fr\/?s={search_term_string}"},"query-input":{"@type":"PropertyValueSpecification","valueRequired":true,"valueName":"search_term_string"}}],"inLanguage":"fr-FR"},{"@type":"Organization","@id":"https:\/\/www.spscommerce.com\/fr\/#organization","name":"SPS Commerce","url":"https:\/\/www.spscommerce.com\/fr\/","logo":{"@type":"ImageObject","inLanguage":"fr-FR","@id":"https:\/\/www.spscommerce.com\/fr\/#\/schema\/logo\/image\/","url":"https:\/\/www.spscommerce.com\/wp-content\/uploads\/2017\/09\/logo-with-tag1.png","contentUrl":"https:\/\/www.spscommerce.com\/wp-content\/uploads\/2017\/09\/logo-with-tag1.png","width":400,"height":110,"caption":"SPS Commerce"},"image":{"@id":"https:\/\/www.spscommerce.com\/fr\/#\/schema\/logo\/image\/"},"sameAs":["https:\/\/www.facebook.com\/pages\/SPS-Commerce\/115540161807561","https:\/\/x.com\/SPS_Commerce","https:\/\/www.linkedin.com\/company\/sps-commerce\/","https:\/\/www.youtube.com\/user\/SPSCommerce"]}]}},"_links":{"self":[{"href":"https:\/\/www.spscommerce.com\/fr\/wp-json\/wp\/v2\/pages\/24564","targetHints":{"allow":["GET"]}}],"collection":[{"href":"https:\/\/www.spscommerce.com\/fr\/wp-json\/wp\/v2\/pages"}],"about":[{"href":"https:\/\/www.spscommerce.com\/fr\/wp-json\/wp\/v2\/types\/page"}],"author":[{"embeddable":true,"href":"https:\/\/www.spscommerce.com\/fr\/wp-json\/wp\/v2\/users\/23"}],"replies":[{"embeddable":true,"href":"https:\/\/www.spscommerce.com\/fr\/wp-json\/wp\/v2\/comments?post=24564"}],"version-history":[{"count":3,"href":"https:\/\/www.spscommerce.com\/fr\/wp-json\/wp\/v2\/pages\/24564\/revisions"}],"predecessor-version":[{"id":34290,"href":"https:\/\/www.spscommerce.com\/fr\/wp-json\/wp\/v2\/pages\/24564\/revisions\/34290"}],"wp:attachment":[{"href":"https:\/\/www.spscommerce.com\/fr\/wp-json\/wp\/v2\/media?parent=24564"}],"curies":[{"name":"wp","href":"https:\/\/api.w.org\/{rel}","templated":true}]}}