{"id":472,"date":"2014-07-03T17:02:12","date_gmt":"2014-07-03T17:02:12","guid":{"rendered":"http:\/\/spscommerce-blog.tmmtest.org\/?page_id=472"},"modified":"2014-07-03T17:02:12","modified_gmt":"2014-07-03T17:02:12","slug":"gestion-de-transportes","status":"publish","type":"page","link":"https:\/\/www.spscommerce.com\/es\/gestion-de-transportes\/","title":{"rendered":"Gesti\u00f3n de transportes"},"content":{"rendered":"<p class=\"lead\">Controle los servicios de transporte (y sus costes).<\/p>\n<p class=\"p1\">Los costes de transporte tienen un impacto enorme en el balance final de una empresa. Cuando trabaja con varios modos de transporte (FTL, LTL, Parcel), hacer un uso racional de los gastos puede resultar dif\u00edcil, si no imposible. Nuestro servicio de gesti\u00f3n de transportes online le permite controlar en todo momento su gastos de transporte, con las herramientas y conocimientos necesarios para optimizar sus operaciones.<\/p>\n<p class=\"p2\">Con nuestras herramientas de gesti\u00f3n del transporte de probada eficacia, podr\u00e1 ver r\u00e1pidamente el estado de sus servicios de transporte, evaluar las tendencias actuales e identificar grandes oportunidades de ahorro. Nuestro personal e infraestructura tecnol\u00f3gica le ayudar\u00e1n a llevar el control de sus procesos establecidos, haci\u00e9ndole eliminar la administraci\u00f3n de sistemas redundantes y el intercambio de datos en formatos diferentes, sin necesidad de engorrosos portales que requieren ser constantemente actualizados y administrados.<\/p>\n","protected":false},"excerpt":{"rendered":"<p>Controle los servicios de transporte (y sus costes). Los costes de transporte tienen un impacto enorme en el balance final de una empresa. Cuando trabaja con varios modos de transporte (FTL, LTL, Parcel), hacer un uso racional de los gastos puede resultar dif\u00edcil, si no imposible. Nuestro servicio de gesti\u00f3n de transportes online le permite [&hellip;]<\/p>\n","protected":false},"author":23,"featured_media":0,"parent":0,"menu_order":0,"comment_status":"closed","ping_status":"closed","template":"","meta":{"_acf_changed":false,"_et_pb_use_builder":"","_et_pb_old_content":"","_et_gb_content_width":"","sfsi_plus_gutenberg_text_before_share":"","sfsi_plus_gutenberg_show_text_before_share":"","sfsi_plus_gutenberg_icon_type":"","sfsi_plus_gutenberg_icon_alignemt":"","sfsi_plus_gutenburg_max_per_row":"","footnotes":""},"class_list":["post-472","page","type-page","status-publish","hentry"],"acf":[],"yoast_head":"<!-- This site is optimized with the Yoast SEO Premium plugin v26.1 (Yoast SEO v26.1.1) - https:\/\/yoast.com\/wordpress\/plugins\/seo\/ -->\n<title>Gesti\u00f3n de transportes - SPS Commerce<\/title>\n<meta name=\"robots\" content=\"index, follow, max-snippet:-1, max-image-preview:large, max-video-preview:-1\" \/>\n<link rel=\"canonical\" href=\"https:\/\/www.spscommerce.com\/es\/gestion-de-transportes\/\" \/>\n<meta property=\"og:locale\" content=\"es_ES\" \/>\n<meta property=\"og:type\" content=\"article\" \/>\n<meta property=\"og:title\" content=\"Gesti\u00f3n de transportes\" \/>\n<meta property=\"og:description\" content=\"Controle los servicios de transporte (y sus costes). Los costes de transporte tienen un impacto enorme en el balance final de una empresa. Cuando trabaja con varios modos de transporte (FTL, LTL, Parcel), hacer un uso racional de los gastos puede resultar dif\u00edcil, si no imposible. Nuestro servicio de gesti\u00f3n de transportes online le permite [&hellip;]\" \/>\n<meta property=\"og:url\" content=\"https:\/\/www.spscommerce.com\/es\/gestion-de-transportes\/\" \/>\n<meta property=\"og:site_name\" content=\"SPS Commerce\" \/>\n<meta property=\"article:publisher\" content=\"https:\/\/www.facebook.com\/pages\/SPS-Commerce\/115540161807561\" \/>\n<meta name=\"twitter:card\" content=\"summary_large_image\" \/>\n<meta name=\"twitter:site\" content=\"@SPS_Commerce\" \/>\n<script type=\"application\/ld+json\" class=\"yoast-schema-graph\">{\"@context\":\"https:\/\/schema.org\",\"@graph\":[{\"@type\":\"WebPage\",\"@id\":\"https:\/\/www.spscommerce.com\/es\/gestion-de-transportes\/\",\"url\":\"https:\/\/www.spscommerce.com\/es\/gestion-de-transportes\/\",\"name\":\"Gesti\u00f3n de transportes - SPS Commerce\",\"isPartOf\":{\"@id\":\"https:\/\/www.spscommerce.com\/es\/#website\"},\"datePublished\":\"2014-07-03T17:02:12+00:00\",\"breadcrumb\":{\"@id\":\"https:\/\/www.spscommerce.com\/es\/gestion-de-transportes\/#breadcrumb\"},\"inLanguage\":\"es-ES\",\"potentialAction\":[{\"@type\":\"ReadAction\",\"target\":[\"https:\/\/www.spscommerce.com\/es\/gestion-de-transportes\/\"]}]},{\"@type\":\"BreadcrumbList\",\"@id\":\"https:\/\/www.spscommerce.com\/es\/gestion-de-transportes\/#breadcrumb\",\"itemListElement\":[{\"@type\":\"ListItem\",\"position\":1,\"name\":\"Home\",\"item\":\"https:\/\/www.spscommerce.com\/es\/\"},{\"@type\":\"ListItem\",\"position\":2,\"name\":\"Gesti\u00f3n de transportes\"}]},{\"@type\":\"WebSite\",\"@id\":\"https:\/\/www.spscommerce.com\/es\/#website\",\"url\":\"https:\/\/www.spscommerce.com\/es\/\",\"name\":\"SPS Commerce\",\"description\":\"\",\"publisher\":{\"@id\":\"https:\/\/www.spscommerce.com\/es\/#organization\"},\"potentialAction\":[{\"@type\":\"SearchAction\",\"target\":{\"@type\":\"EntryPoint\",\"urlTemplate\":\"https:\/\/www.spscommerce.com\/es\/?s={search_term_string}\"},\"query-input\":{\"@type\":\"PropertyValueSpecification\",\"valueRequired\":true,\"valueName\":\"search_term_string\"}}],\"inLanguage\":\"es-ES\"},{\"@type\":\"Organization\",\"@id\":\"https:\/\/www.spscommerce.com\/es\/#organization\",\"name\":\"SPS Commerce\",\"url\":\"https:\/\/www.spscommerce.com\/es\/\",\"logo\":{\"@type\":\"ImageObject\",\"inLanguage\":\"es-ES\",\"@id\":\"https:\/\/www.spscommerce.com\/es\/#\/schema\/logo\/image\/\",\"url\":\"https:\/\/www.spscommerce.com\/wp-content\/uploads\/2017\/09\/logo-with-tag1.png\",\"contentUrl\":\"https:\/\/www.spscommerce.com\/wp-content\/uploads\/2017\/09\/logo-with-tag1.png\",\"width\":400,\"height\":110,\"caption\":\"SPS Commerce\"},\"image\":{\"@id\":\"https:\/\/www.spscommerce.com\/es\/#\/schema\/logo\/image\/\"},\"sameAs\":[\"https:\/\/www.facebook.com\/pages\/SPS-Commerce\/115540161807561\",\"https:\/\/x.com\/SPS_Commerce\",\"https:\/\/www.linkedin.com\/company\/sps-commerce\/\",\"https:\/\/www.youtube.com\/user\/SPSCommerce\"]}]}<\/script>\n<!-- \/ Yoast SEO Premium plugin. -->","yoast_head_json":{"title":"Gesti\u00f3n de transportes - SPS Commerce","robots":{"index":"index","follow":"follow","max-snippet":"max-snippet:-1","max-image-preview":"max-image-preview:large","max-video-preview":"max-video-preview:-1"},"canonical":"https:\/\/www.spscommerce.com\/es\/gestion-de-transportes\/","og_locale":"es_ES","og_type":"article","og_title":"Gesti\u00f3n de transportes","og_description":"Controle los servicios de transporte (y sus costes). Los costes de transporte tienen un impacto enorme en el balance final de una empresa. Cuando trabaja con varios modos de transporte (FTL, LTL, Parcel), hacer un uso racional de los gastos puede resultar dif\u00edcil, si no imposible. Nuestro servicio de gesti\u00f3n de transportes online le permite [&hellip;]","og_url":"https:\/\/www.spscommerce.com\/es\/gestion-de-transportes\/","og_site_name":"SPS Commerce","article_publisher":"https:\/\/www.facebook.com\/pages\/SPS-Commerce\/115540161807561","twitter_card":"summary_large_image","twitter_site":"@SPS_Commerce","schema":{"@context":"https:\/\/schema.org","@graph":[{"@type":"WebPage","@id":"https:\/\/www.spscommerce.com\/es\/gestion-de-transportes\/","url":"https:\/\/www.spscommerce.com\/es\/gestion-de-transportes\/","name":"Gesti\u00f3n de transportes - SPS Commerce","isPartOf":{"@id":"https:\/\/www.spscommerce.com\/es\/#website"},"datePublished":"2014-07-03T17:02:12+00:00","breadcrumb":{"@id":"https:\/\/www.spscommerce.com\/es\/gestion-de-transportes\/#breadcrumb"},"inLanguage":"es-ES","potentialAction":[{"@type":"ReadAction","target":["https:\/\/www.spscommerce.com\/es\/gestion-de-transportes\/"]}]},{"@type":"BreadcrumbList","@id":"https:\/\/www.spscommerce.com\/es\/gestion-de-transportes\/#breadcrumb","itemListElement":[{"@type":"ListItem","position":1,"name":"Home","item":"https:\/\/www.spscommerce.com\/es\/"},{"@type":"ListItem","position":2,"name":"Gesti\u00f3n de transportes"}]},{"@type":"WebSite","@id":"https:\/\/www.spscommerce.com\/es\/#website","url":"https:\/\/www.spscommerce.com\/es\/","name":"SPS Commerce","description":"","publisher":{"@id":"https:\/\/www.spscommerce.com\/es\/#organization"},"potentialAction":[{"@type":"SearchAction","target":{"@type":"EntryPoint","urlTemplate":"https:\/\/www.spscommerce.com\/es\/?s={search_term_string}"},"query-input":{"@type":"PropertyValueSpecification","valueRequired":true,"valueName":"search_term_string"}}],"inLanguage":"es-ES"},{"@type":"Organization","@id":"https:\/\/www.spscommerce.com\/es\/#organization","name":"SPS Commerce","url":"https:\/\/www.spscommerce.com\/es\/","logo":{"@type":"ImageObject","inLanguage":"es-ES","@id":"https:\/\/www.spscommerce.com\/es\/#\/schema\/logo\/image\/","url":"https:\/\/www.spscommerce.com\/wp-content\/uploads\/2017\/09\/logo-with-tag1.png","contentUrl":"https:\/\/www.spscommerce.com\/wp-content\/uploads\/2017\/09\/logo-with-tag1.png","width":400,"height":110,"caption":"SPS Commerce"},"image":{"@id":"https:\/\/www.spscommerce.com\/es\/#\/schema\/logo\/image\/"},"sameAs":["https:\/\/www.facebook.com\/pages\/SPS-Commerce\/115540161807561","https:\/\/x.com\/SPS_Commerce","https:\/\/www.linkedin.com\/company\/sps-commerce\/","https:\/\/www.youtube.com\/user\/SPSCommerce"]}]}},"_links":{"self":[{"href":"https:\/\/www.spscommerce.com\/es\/wp-json\/wp\/v2\/pages\/472","targetHints":{"allow":["GET"]}}],"collection":[{"href":"https:\/\/www.spscommerce.com\/es\/wp-json\/wp\/v2\/pages"}],"about":[{"href":"https:\/\/www.spscommerce.com\/es\/wp-json\/wp\/v2\/types\/page"}],"author":[{"embeddable":true,"href":"https:\/\/www.spscommerce.com\/es\/wp-json\/wp\/v2\/users\/23"}],"replies":[{"embeddable":true,"href":"https:\/\/www.spscommerce.com\/es\/wp-json\/wp\/v2\/comments?post=472"}],"version-history":[{"count":1,"href":"https:\/\/www.spscommerce.com\/es\/wp-json\/wp\/v2\/pages\/472\/revisions"}],"predecessor-version":[{"id":473,"href":"https:\/\/www.spscommerce.com\/es\/wp-json\/wp\/v2\/pages\/472\/revisions\/473"}],"wp:attachment":[{"href":"https:\/\/www.spscommerce.com\/es\/wp-json\/wp\/v2\/media?parent=472"}],"curies":[{"name":"wp","href":"https:\/\/api.w.org\/{rel}","templated":true}]}}