{"id":464,"date":"2014-07-03T16:57:01","date_gmt":"2014-07-03T16:57:01","guid":{"rendered":"http:\/\/spscommerce-blog.tmmtest.org\/?page_id=464"},"modified":"2014-07-03T16:57:01","modified_gmt":"2014-07-03T16:57:01","slug":"administracion-de-articulos","status":"publish","type":"page","link":"https:\/\/www.spscommerce.com\/es\/administracion-de-articulos\/","title":{"rendered":"Administraci\u00f3n de art\u00edculos"},"content":{"rendered":"<p class=\"lead\">Informaci\u00f3n fiable de productos al alcance de su mano.<\/p>\n<p class=\"p1\">Contar con una informaci\u00f3n de productos de garant\u00eda es vital para mantener su negocio y la cadena de suministro en constante actividad. Seguramente su d\u00eda no tiene suficientes horas para escribir emails y hacer llamadas de tel\u00e9fono a sus proveedores.<\/p>\n<p class=\"p2\">Nuestro Cat\u00e1logo universal ofrece a los minoristas la posibilidad de acceder, ver y descargar la m\u00e1s exhaustiva informaci\u00f3n de productos de sus proveedores. Con ello tendr\u00e1 acceso inmediato a los detalles que necesita para facilitarle al m\u00e1ximo las ventas, incluyendo precios, im\u00e1genes y contenido de marketing. La m\u00e1s completa y veraz informaci\u00f3n al alcance de su mano.<\/p>\n<p class=\"p2\">Nuestro Cat\u00e1logo universal es el recurso esencial para acceder a la informaci\u00f3n de producto m\u00e1s reciente que necesita para proseguir sus ventas sin interrupciones. Nuestra sencilla interfaz electr\u00f3nica le permitir\u00e1:<\/p>\n<ul>\n<li><span style=\"font-family: inherit; line-height: 1.6;\">Buscar entre todos los cat\u00e1logos de sus proveedores productos espec\u00edficos o explorar nuevos para complementar y extender su gama.<\/span><\/li>\n<li><span style=\"font-family: inherit; line-height: 1.6;\">Asegurarse de que los datos son los adecuados para su negocio. Sin necesidad de perderse en informaciones adicionales. Recibir solamente la informaci\u00f3n de producto que haya sido validada seg\u00fan las reglas de sintaxis y de la empresa, incluyendo los atributos requeridos.<\/span><\/li>\n<li><span style=\"font-family: inherit; line-height: 1.6;\">Descargar la informaci\u00f3n de productos relevante a petici\u00f3n o programar las exportaciones que mejor se adapten a sus necesidades. Los datos pueden obtenerse en formato .CSV, EDI, XML y muchos m\u00e1s.<\/span><\/li>\n<li><span style=\"font-family: inherit; line-height: 1.6;\">Asegurar la conformidad de los proveedores gracias a la compatibilidad con m\u00faltiples m\u00e9todos de entrada. Esto les facilita la creaci\u00f3n, gesti\u00f3n y actualizaci\u00f3n de sus cat\u00e1logos, sin afectar a sus propios requisitos.<\/span><\/li>\n<li><span style=\"font-family: inherit; line-height: 1.6;\">Implantar y hacer crecer su negocio de comercio electr\u00f3nico recopilando el contenido del sitio web del consumidor provisto por el proveedor, que muestra los productos del modo m\u00e1s favorable. Esto puede referirse a im\u00e1genes de productos, garant\u00edas y gu\u00edas de usuario, es decir, la informaci\u00f3n que necesitan los consumidores para tomar una decisi\u00f3n de compra.<\/span><\/li>\n<\/ul>\n","protected":false},"excerpt":{"rendered":"<p>Informaci\u00f3n fiable de productos al alcance de su mano. Contar con una informaci\u00f3n de productos de garant\u00eda es vital para mantener su negocio y la cadena de suministro en constante actividad. Seguramente su d\u00eda no tiene suficientes horas para escribir emails y hacer llamadas de tel\u00e9fono a sus proveedores. Nuestro Cat\u00e1logo universal ofrece a los [&hellip;]<\/p>\n","protected":false},"author":23,"featured_media":0,"parent":0,"menu_order":0,"comment_status":"closed","ping_status":"closed","template":"","meta":{"_acf_changed":false,"_et_pb_use_builder":"","_et_pb_old_content":"","_et_gb_content_width":"","footnotes":""},"class_list":["post-464","page","type-page","status-publish","hentry"],"acf":[],"yoast_head":"<!-- This site is optimized with the Yoast SEO Premium plugin v26.1 (Yoast SEO v26.1.1) - https:\/\/yoast.com\/wordpress\/plugins\/seo\/ -->\n<title>Administraci\u00f3n de art\u00edculos - SPS Commerce<\/title>\n<meta name=\"robots\" content=\"index, follow, max-snippet:-1, max-image-preview:large, max-video-preview:-1\" \/>\n<link rel=\"canonical\" href=\"https:\/\/www.spscommerce.com\/es\/administracion-de-articulos\/\" \/>\n<meta property=\"og:locale\" content=\"es_ES\" \/>\n<meta property=\"og:type\" content=\"article\" \/>\n<meta property=\"og:title\" content=\"Administraci\u00f3n de art\u00edculos\" \/>\n<meta property=\"og:description\" content=\"Informaci\u00f3n fiable de productos al alcance de su mano. Contar con una informaci\u00f3n de productos de garant\u00eda es vital para mantener su negocio y la cadena de suministro en constante actividad. Seguramente su d\u00eda no tiene suficientes horas para escribir emails y hacer llamadas de tel\u00e9fono a sus proveedores. Nuestro Cat\u00e1logo universal ofrece a los [&hellip;]\" \/>\n<meta property=\"og:url\" content=\"https:\/\/www.spscommerce.com\/es\/administracion-de-articulos\/\" \/>\n<meta property=\"og:site_name\" content=\"SPS Commerce\" \/>\n<meta property=\"article:publisher\" content=\"https:\/\/www.facebook.com\/pages\/SPS-Commerce\/115540161807561\" \/>\n<meta name=\"twitter:card\" content=\"summary_large_image\" \/>\n<meta name=\"twitter:site\" content=\"@SPS_Commerce\" \/>\n<script type=\"application\/ld+json\" class=\"yoast-schema-graph\">{\"@context\":\"https:\/\/schema.org\",\"@graph\":[{\"@type\":\"WebPage\",\"@id\":\"https:\/\/www.spscommerce.com\/es\/administracion-de-articulos\/\",\"url\":\"https:\/\/www.spscommerce.com\/es\/administracion-de-articulos\/\",\"name\":\"Administraci\u00f3n de art\u00edculos - SPS Commerce\",\"isPartOf\":{\"@id\":\"https:\/\/www.spscommerce.com\/es\/#website\"},\"datePublished\":\"2014-07-03T16:57:01+00:00\",\"breadcrumb\":{\"@id\":\"https:\/\/www.spscommerce.com\/es\/administracion-de-articulos\/#breadcrumb\"},\"inLanguage\":\"es-ES\",\"potentialAction\":[{\"@type\":\"ReadAction\",\"target\":[\"https:\/\/www.spscommerce.com\/es\/administracion-de-articulos\/\"]}]},{\"@type\":\"BreadcrumbList\",\"@id\":\"https:\/\/www.spscommerce.com\/es\/administracion-de-articulos\/#breadcrumb\",\"itemListElement\":[{\"@type\":\"ListItem\",\"position\":1,\"name\":\"Home\",\"item\":\"https:\/\/www.spscommerce.com\/es\/\"},{\"@type\":\"ListItem\",\"position\":2,\"name\":\"Administraci\u00f3n de art\u00edculos\"}]},{\"@type\":\"WebSite\",\"@id\":\"https:\/\/www.spscommerce.com\/es\/#website\",\"url\":\"https:\/\/www.spscommerce.com\/es\/\",\"name\":\"SPS Commerce\",\"description\":\"\",\"publisher\":{\"@id\":\"https:\/\/www.spscommerce.com\/es\/#organization\"},\"potentialAction\":[{\"@type\":\"SearchAction\",\"target\":{\"@type\":\"EntryPoint\",\"urlTemplate\":\"https:\/\/www.spscommerce.com\/es\/?s={search_term_string}\"},\"query-input\":{\"@type\":\"PropertyValueSpecification\",\"valueRequired\":true,\"valueName\":\"search_term_string\"}}],\"inLanguage\":\"es-ES\"},{\"@type\":\"Organization\",\"@id\":\"https:\/\/www.spscommerce.com\/es\/#organization\",\"name\":\"SPS Commerce\",\"url\":\"https:\/\/www.spscommerce.com\/es\/\",\"logo\":{\"@type\":\"ImageObject\",\"inLanguage\":\"es-ES\",\"@id\":\"https:\/\/www.spscommerce.com\/es\/#\/schema\/logo\/image\/\",\"url\":\"https:\/\/www.spscommerce.com\/wp-content\/uploads\/2017\/09\/logo-with-tag1.png\",\"contentUrl\":\"https:\/\/www.spscommerce.com\/wp-content\/uploads\/2017\/09\/logo-with-tag1.png\",\"width\":400,\"height\":110,\"caption\":\"SPS Commerce\"},\"image\":{\"@id\":\"https:\/\/www.spscommerce.com\/es\/#\/schema\/logo\/image\/\"},\"sameAs\":[\"https:\/\/www.facebook.com\/pages\/SPS-Commerce\/115540161807561\",\"https:\/\/x.com\/SPS_Commerce\",\"https:\/\/www.linkedin.com\/company\/sps-commerce\/\",\"https:\/\/www.youtube.com\/user\/SPSCommerce\"]}]}<\/script>\n<!-- \/ Yoast SEO Premium plugin. -->","yoast_head_json":{"title":"Administraci\u00f3n de art\u00edculos - SPS Commerce","robots":{"index":"index","follow":"follow","max-snippet":"max-snippet:-1","max-image-preview":"max-image-preview:large","max-video-preview":"max-video-preview:-1"},"canonical":"https:\/\/www.spscommerce.com\/es\/administracion-de-articulos\/","og_locale":"es_ES","og_type":"article","og_title":"Administraci\u00f3n de art\u00edculos","og_description":"Informaci\u00f3n fiable de productos al alcance de su mano. Contar con una informaci\u00f3n de productos de garant\u00eda es vital para mantener su negocio y la cadena de suministro en constante actividad. Seguramente su d\u00eda no tiene suficientes horas para escribir emails y hacer llamadas de tel\u00e9fono a sus proveedores. Nuestro Cat\u00e1logo universal ofrece a los [&hellip;]","og_url":"https:\/\/www.spscommerce.com\/es\/administracion-de-articulos\/","og_site_name":"SPS Commerce","article_publisher":"https:\/\/www.facebook.com\/pages\/SPS-Commerce\/115540161807561","twitter_card":"summary_large_image","twitter_site":"@SPS_Commerce","schema":{"@context":"https:\/\/schema.org","@graph":[{"@type":"WebPage","@id":"https:\/\/www.spscommerce.com\/es\/administracion-de-articulos\/","url":"https:\/\/www.spscommerce.com\/es\/administracion-de-articulos\/","name":"Administraci\u00f3n de art\u00edculos - SPS Commerce","isPartOf":{"@id":"https:\/\/www.spscommerce.com\/es\/#website"},"datePublished":"2014-07-03T16:57:01+00:00","breadcrumb":{"@id":"https:\/\/www.spscommerce.com\/es\/administracion-de-articulos\/#breadcrumb"},"inLanguage":"es-ES","potentialAction":[{"@type":"ReadAction","target":["https:\/\/www.spscommerce.com\/es\/administracion-de-articulos\/"]}]},{"@type":"BreadcrumbList","@id":"https:\/\/www.spscommerce.com\/es\/administracion-de-articulos\/#breadcrumb","itemListElement":[{"@type":"ListItem","position":1,"name":"Home","item":"https:\/\/www.spscommerce.com\/es\/"},{"@type":"ListItem","position":2,"name":"Administraci\u00f3n de art\u00edculos"}]},{"@type":"WebSite","@id":"https:\/\/www.spscommerce.com\/es\/#website","url":"https:\/\/www.spscommerce.com\/es\/","name":"SPS Commerce","description":"","publisher":{"@id":"https:\/\/www.spscommerce.com\/es\/#organization"},"potentialAction":[{"@type":"SearchAction","target":{"@type":"EntryPoint","urlTemplate":"https:\/\/www.spscommerce.com\/es\/?s={search_term_string}"},"query-input":{"@type":"PropertyValueSpecification","valueRequired":true,"valueName":"search_term_string"}}],"inLanguage":"es-ES"},{"@type":"Organization","@id":"https:\/\/www.spscommerce.com\/es\/#organization","name":"SPS Commerce","url":"https:\/\/www.spscommerce.com\/es\/","logo":{"@type":"ImageObject","inLanguage":"es-ES","@id":"https:\/\/www.spscommerce.com\/es\/#\/schema\/logo\/image\/","url":"https:\/\/www.spscommerce.com\/wp-content\/uploads\/2017\/09\/logo-with-tag1.png","contentUrl":"https:\/\/www.spscommerce.com\/wp-content\/uploads\/2017\/09\/logo-with-tag1.png","width":400,"height":110,"caption":"SPS Commerce"},"image":{"@id":"https:\/\/www.spscommerce.com\/es\/#\/schema\/logo\/image\/"},"sameAs":["https:\/\/www.facebook.com\/pages\/SPS-Commerce\/115540161807561","https:\/\/x.com\/SPS_Commerce","https:\/\/www.linkedin.com\/company\/sps-commerce\/","https:\/\/www.youtube.com\/user\/SPSCommerce"]}]}},"_links":{"self":[{"href":"https:\/\/www.spscommerce.com\/es\/wp-json\/wp\/v2\/pages\/464","targetHints":{"allow":["GET"]}}],"collection":[{"href":"https:\/\/www.spscommerce.com\/es\/wp-json\/wp\/v2\/pages"}],"about":[{"href":"https:\/\/www.spscommerce.com\/es\/wp-json\/wp\/v2\/types\/page"}],"author":[{"embeddable":true,"href":"https:\/\/www.spscommerce.com\/es\/wp-json\/wp\/v2\/users\/23"}],"replies":[{"embeddable":true,"href":"https:\/\/www.spscommerce.com\/es\/wp-json\/wp\/v2\/comments?post=464"}],"version-history":[{"count":1,"href":"https:\/\/www.spscommerce.com\/es\/wp-json\/wp\/v2\/pages\/464\/revisions"}],"predecessor-version":[{"id":465,"href":"https:\/\/www.spscommerce.com\/es\/wp-json\/wp\/v2\/pages\/464\/revisions\/465"}],"wp:attachment":[{"href":"https:\/\/www.spscommerce.com\/es\/wp-json\/wp\/v2\/media?parent=464"}],"curies":[{"name":"wp","href":"https:\/\/api.w.org\/{rel}","templated":true}]}}