{"id":455,"date":"2014-07-03T16:52:16","date_gmt":"2014-07-03T16:52:16","guid":{"rendered":"http:\/\/spscommerce-blog.tmmtest.org\/?page_id=455"},"modified":"2014-08-27T14:47:40","modified_gmt":"2014-08-27T14:47:40","slug":"externalizacion-de-intercambio-electronico-de-datos","status":"publish","type":"page","link":"https:\/\/www.spscommerce.com\/es\/externalizacion-de-intercambio-electronico-de-datos\/","title":{"rendered":"Externalizaci\u00f3n de intercambio electr\u00f3nico de datos"},"content":{"rendered":"<p class=\"lead\">Controle la gesti\u00f3n del intercambio electr\u00f3nico de datos.<\/p>\n<p class=\"p1\">C\u00e9ntrese en sus necesidades profesionales m\u00e1s urgentes y deje la gesti\u00f3n de sus datos a nuestros expertos en el sector minorista. Nuestras soluciones online le dan acceso al centro de datos global m\u00e1s fiable de la industria, una fiabilidad continuamente probada por los miles de usuarios de nuestra red. El sistema SPS est\u00e1 constantemente optimizado, ampliado y actualizado, sin riesgo de interrupciones en su actividad profesional.<\/p>\n<p class=\"p2\">Los programas tradicionales de intercambio electr\u00f3nico de datos requieren mantenimiento manual y dedicaci\u00f3n de personal; nuestra soluci\u00f3n externalizada le evita esa carga, lo que le permite dedicar su energ\u00eda a su negocio.<\/p>\n<p class=\"p2\">Sin olvidar la enorme diferencia que supone a nivel de rentabilidad econ\u00f3mica. El coste de titularidad de una soluci\u00f3n EDI externalizada es hasta un 30% menor que los obsoletos programas internos.<\/p>\n<p class=\"p1\">Los servicios de intercambio electr\u00f3nico de datos de una empresa l\u00edder en soluciones para cadenas de suministro de minoristas le ofrecen beneficios seguros. Nuestros servicios han reinventado el concepto de gesti\u00f3n de cadenas de suministro para m\u00e1s 45.000 clientes de 40 pa\u00edses.<\/p>\n<div class=\"row collapse document pdf\">\n<div class=\"twelve columns\">\n<div class=\"document-content\">\n<h4>SPS Case Study: Scheels<\/h4>\n<p>Scheels is a Midwestern sporting goods retailer with 24 stores in ten states, employing more than 5,000 associates. All of its products are shipped directly to stores from thousands of vendors. In early 2011, some of Scheels\u2019 key vendors decided to no longer accept purchase orders by fax and insisted on EDI. Scheels has traditionally managed orders via fax and phone, but decided move to EDI for the first time. However, the company has a lean IT staff that couldn\u2019t take on the process of managing an EDI system or contacting vendors to do EDI and working through the process with each of them.<\/p>\n<p><a href=\"\/wp-content\/uploads\/2014\/07\/SPSCaseStudy-Scheels.pdf\">DOWNLOAD CASE STUDY<\/a><\/p>\n<\/div>\n<\/div>\n<\/div>\n<div class=\"row collapse document pdf\">\n<div class=\"twelve columns\">\n<div class=\"document-content\">\n<h4>SPS Case Study: SHOEBACCA<\/h4>\n<p>SHOEBACCA.com is a leading retail footwear company targeting families who live active, healthy lifestyles. The company recently expanded into e-commerce, which has resulted in exceptional growth over the last several years. Today, the company offers thousands of styles by many of the world\u2019s best shoe brands such as adidas, Converse, Asics, Puma, Reebok, The North Face, Skechers, Keen, Sorel and New Balance.<\/p>\n<p><a href=\"\/wp-content\/uploads\/2014\/07\/Shoebacca-Case-Study.pdf\">DOWNLOAD CASE STUDY<\/a><\/p>\n<\/div>\n<\/div>\n<\/div>\n","protected":false},"excerpt":{"rendered":"<p>Controle la gesti\u00f3n del intercambio electr\u00f3nico de datos. C\u00e9ntrese en sus necesidades profesionales m\u00e1s urgentes y deje la gesti\u00f3n de sus datos a nuestros expertos en el sector minorista. Nuestras soluciones online le dan acceso al centro de datos global m\u00e1s fiable de la industria, una fiabilidad continuamente probada por los miles de usuarios de [&hellip;]<\/p>\n","protected":false},"author":23,"featured_media":0,"parent":0,"menu_order":0,"comment_status":"closed","ping_status":"closed","template":"","meta":{"_acf_changed":false,"_et_pb_use_builder":"","_et_pb_old_content":"","_et_gb_content_width":"","footnotes":""},"class_list":["post-455","page","type-page","status-publish","hentry"],"acf":[],"yoast_head":"<!-- This site is optimized with the Yoast SEO Premium plugin v26.1 (Yoast SEO v26.1.1) - https:\/\/yoast.com\/wordpress\/plugins\/seo\/ -->\n<title>Externalizaci\u00f3n de intercambio electr\u00f3nico de datos - SPS Commerce<\/title>\n<meta name=\"robots\" content=\"index, follow, max-snippet:-1, max-image-preview:large, max-video-preview:-1\" \/>\n<link rel=\"canonical\" href=\"https:\/\/www.spscommerce.com\/es\/externalizacion-de-intercambio-electronico-de-datos\/\" \/>\n<meta property=\"og:locale\" content=\"es_ES\" \/>\n<meta property=\"og:type\" content=\"article\" \/>\n<meta property=\"og:title\" content=\"Externalizaci\u00f3n de intercambio electr\u00f3nico de datos\" \/>\n<meta property=\"og:description\" content=\"Controle la gesti\u00f3n del intercambio electr\u00f3nico de datos. C\u00e9ntrese en sus necesidades profesionales m\u00e1s urgentes y deje la gesti\u00f3n de sus datos a nuestros expertos en el sector minorista. Nuestras soluciones online le dan acceso al centro de datos global m\u00e1s fiable de la industria, una fiabilidad continuamente probada por los miles de usuarios de [&hellip;]\" \/>\n<meta property=\"og:url\" content=\"https:\/\/www.spscommerce.com\/es\/externalizacion-de-intercambio-electronico-de-datos\/\" \/>\n<meta property=\"og:site_name\" content=\"SPS Commerce\" \/>\n<meta property=\"article:publisher\" content=\"https:\/\/www.facebook.com\/pages\/SPS-Commerce\/115540161807561\" \/>\n<meta property=\"article:modified_time\" content=\"2014-08-27T14:47:40+00:00\" \/>\n<meta name=\"twitter:card\" content=\"summary_large_image\" \/>\n<meta name=\"twitter:site\" content=\"@SPS_Commerce\" \/>\n<script type=\"application\/ld+json\" class=\"yoast-schema-graph\">{\"@context\":\"https:\/\/schema.org\",\"@graph\":[{\"@type\":\"WebPage\",\"@id\":\"https:\/\/www.spscommerce.com\/es\/externalizacion-de-intercambio-electronico-de-datos\/\",\"url\":\"https:\/\/www.spscommerce.com\/es\/externalizacion-de-intercambio-electronico-de-datos\/\",\"name\":\"Externalizaci\u00f3n de intercambio electr\u00f3nico de datos - SPS Commerce\",\"isPartOf\":{\"@id\":\"https:\/\/www.spscommerce.com\/es\/#website\"},\"datePublished\":\"2014-07-03T16:52:16+00:00\",\"dateModified\":\"2014-08-27T14:47:40+00:00\",\"breadcrumb\":{\"@id\":\"https:\/\/www.spscommerce.com\/es\/externalizacion-de-intercambio-electronico-de-datos\/#breadcrumb\"},\"inLanguage\":\"es-ES\",\"potentialAction\":[{\"@type\":\"ReadAction\",\"target\":[\"https:\/\/www.spscommerce.com\/es\/externalizacion-de-intercambio-electronico-de-datos\/\"]}]},{\"@type\":\"BreadcrumbList\",\"@id\":\"https:\/\/www.spscommerce.com\/es\/externalizacion-de-intercambio-electronico-de-datos\/#breadcrumb\",\"itemListElement\":[{\"@type\":\"ListItem\",\"position\":1,\"name\":\"Home\",\"item\":\"https:\/\/www.spscommerce.com\/es\/\"},{\"@type\":\"ListItem\",\"position\":2,\"name\":\"Externalizaci\u00f3n de intercambio electr\u00f3nico de datos\"}]},{\"@type\":\"WebSite\",\"@id\":\"https:\/\/www.spscommerce.com\/es\/#website\",\"url\":\"https:\/\/www.spscommerce.com\/es\/\",\"name\":\"SPS Commerce\",\"description\":\"\",\"publisher\":{\"@id\":\"https:\/\/www.spscommerce.com\/es\/#organization\"},\"potentialAction\":[{\"@type\":\"SearchAction\",\"target\":{\"@type\":\"EntryPoint\",\"urlTemplate\":\"https:\/\/www.spscommerce.com\/es\/?s={search_term_string}\"},\"query-input\":{\"@type\":\"PropertyValueSpecification\",\"valueRequired\":true,\"valueName\":\"search_term_string\"}}],\"inLanguage\":\"es-ES\"},{\"@type\":\"Organization\",\"@id\":\"https:\/\/www.spscommerce.com\/es\/#organization\",\"name\":\"SPS Commerce\",\"url\":\"https:\/\/www.spscommerce.com\/es\/\",\"logo\":{\"@type\":\"ImageObject\",\"inLanguage\":\"es-ES\",\"@id\":\"https:\/\/www.spscommerce.com\/es\/#\/schema\/logo\/image\/\",\"url\":\"https:\/\/www.spscommerce.com\/wp-content\/uploads\/2017\/09\/logo-with-tag1.png\",\"contentUrl\":\"https:\/\/www.spscommerce.com\/wp-content\/uploads\/2017\/09\/logo-with-tag1.png\",\"width\":400,\"height\":110,\"caption\":\"SPS Commerce\"},\"image\":{\"@id\":\"https:\/\/www.spscommerce.com\/es\/#\/schema\/logo\/image\/\"},\"sameAs\":[\"https:\/\/www.facebook.com\/pages\/SPS-Commerce\/115540161807561\",\"https:\/\/x.com\/SPS_Commerce\",\"https:\/\/www.linkedin.com\/company\/sps-commerce\/\",\"https:\/\/www.youtube.com\/user\/SPSCommerce\"]}]}<\/script>\n<!-- \/ Yoast SEO Premium plugin. -->","yoast_head_json":{"title":"Externalizaci\u00f3n de intercambio electr\u00f3nico de datos - SPS Commerce","robots":{"index":"index","follow":"follow","max-snippet":"max-snippet:-1","max-image-preview":"max-image-preview:large","max-video-preview":"max-video-preview:-1"},"canonical":"https:\/\/www.spscommerce.com\/es\/externalizacion-de-intercambio-electronico-de-datos\/","og_locale":"es_ES","og_type":"article","og_title":"Externalizaci\u00f3n de intercambio electr\u00f3nico de datos","og_description":"Controle la gesti\u00f3n del intercambio electr\u00f3nico de datos. C\u00e9ntrese en sus necesidades profesionales m\u00e1s urgentes y deje la gesti\u00f3n de sus datos a nuestros expertos en el sector minorista. Nuestras soluciones online le dan acceso al centro de datos global m\u00e1s fiable de la industria, una fiabilidad continuamente probada por los miles de usuarios de [&hellip;]","og_url":"https:\/\/www.spscommerce.com\/es\/externalizacion-de-intercambio-electronico-de-datos\/","og_site_name":"SPS Commerce","article_publisher":"https:\/\/www.facebook.com\/pages\/SPS-Commerce\/115540161807561","article_modified_time":"2014-08-27T14:47:40+00:00","twitter_card":"summary_large_image","twitter_site":"@SPS_Commerce","schema":{"@context":"https:\/\/schema.org","@graph":[{"@type":"WebPage","@id":"https:\/\/www.spscommerce.com\/es\/externalizacion-de-intercambio-electronico-de-datos\/","url":"https:\/\/www.spscommerce.com\/es\/externalizacion-de-intercambio-electronico-de-datos\/","name":"Externalizaci\u00f3n de intercambio electr\u00f3nico de datos - SPS Commerce","isPartOf":{"@id":"https:\/\/www.spscommerce.com\/es\/#website"},"datePublished":"2014-07-03T16:52:16+00:00","dateModified":"2014-08-27T14:47:40+00:00","breadcrumb":{"@id":"https:\/\/www.spscommerce.com\/es\/externalizacion-de-intercambio-electronico-de-datos\/#breadcrumb"},"inLanguage":"es-ES","potentialAction":[{"@type":"ReadAction","target":["https:\/\/www.spscommerce.com\/es\/externalizacion-de-intercambio-electronico-de-datos\/"]}]},{"@type":"BreadcrumbList","@id":"https:\/\/www.spscommerce.com\/es\/externalizacion-de-intercambio-electronico-de-datos\/#breadcrumb","itemListElement":[{"@type":"ListItem","position":1,"name":"Home","item":"https:\/\/www.spscommerce.com\/es\/"},{"@type":"ListItem","position":2,"name":"Externalizaci\u00f3n de intercambio electr\u00f3nico de datos"}]},{"@type":"WebSite","@id":"https:\/\/www.spscommerce.com\/es\/#website","url":"https:\/\/www.spscommerce.com\/es\/","name":"SPS Commerce","description":"","publisher":{"@id":"https:\/\/www.spscommerce.com\/es\/#organization"},"potentialAction":[{"@type":"SearchAction","target":{"@type":"EntryPoint","urlTemplate":"https:\/\/www.spscommerce.com\/es\/?s={search_term_string}"},"query-input":{"@type":"PropertyValueSpecification","valueRequired":true,"valueName":"search_term_string"}}],"inLanguage":"es-ES"},{"@type":"Organization","@id":"https:\/\/www.spscommerce.com\/es\/#organization","name":"SPS Commerce","url":"https:\/\/www.spscommerce.com\/es\/","logo":{"@type":"ImageObject","inLanguage":"es-ES","@id":"https:\/\/www.spscommerce.com\/es\/#\/schema\/logo\/image\/","url":"https:\/\/www.spscommerce.com\/wp-content\/uploads\/2017\/09\/logo-with-tag1.png","contentUrl":"https:\/\/www.spscommerce.com\/wp-content\/uploads\/2017\/09\/logo-with-tag1.png","width":400,"height":110,"caption":"SPS Commerce"},"image":{"@id":"https:\/\/www.spscommerce.com\/es\/#\/schema\/logo\/image\/"},"sameAs":["https:\/\/www.facebook.com\/pages\/SPS-Commerce\/115540161807561","https:\/\/x.com\/SPS_Commerce","https:\/\/www.linkedin.com\/company\/sps-commerce\/","https:\/\/www.youtube.com\/user\/SPSCommerce"]}]}},"_links":{"self":[{"href":"https:\/\/www.spscommerce.com\/es\/wp-json\/wp\/v2\/pages\/455","targetHints":{"allow":["GET"]}}],"collection":[{"href":"https:\/\/www.spscommerce.com\/es\/wp-json\/wp\/v2\/pages"}],"about":[{"href":"https:\/\/www.spscommerce.com\/es\/wp-json\/wp\/v2\/types\/page"}],"author":[{"embeddable":true,"href":"https:\/\/www.spscommerce.com\/es\/wp-json\/wp\/v2\/users\/23"}],"replies":[{"embeddable":true,"href":"https:\/\/www.spscommerce.com\/es\/wp-json\/wp\/v2\/comments?post=455"}],"version-history":[{"count":2,"href":"https:\/\/www.spscommerce.com\/es\/wp-json\/wp\/v2\/pages\/455\/revisions"}],"predecessor-version":[{"id":5143,"href":"https:\/\/www.spscommerce.com\/es\/wp-json\/wp\/v2\/pages\/455\/revisions\/5143"}],"wp:attachment":[{"href":"https:\/\/www.spscommerce.com\/es\/wp-json\/wp\/v2\/media?parent=455"}],"curies":[{"name":"wp","href":"https:\/\/api.w.org\/{rel}","templated":true}]}}