{"id":447,"date":"2014-07-03T16:48:14","date_gmt":"2014-07-03T16:48:14","guid":{"rendered":"http:\/\/spscommerce-blog.tmmtest.org\/?page_id=447"},"modified":"2014-07-03T16:48:14","modified_gmt":"2014-07-03T16:48:14","slug":"minoristas","status":"publish","type":"page","link":"https:\/\/www.spscommerce.com\/es\/soluciones\/minoristas\/","title":{"rendered":"Minoristas"},"content":{"rendered":"<p class=\"lead\">Mejor colaboraci\u00f3n, crecimiento ilimitado.<\/p>\n<p class=\"p1\">Tener una mayor visi\u00f3n del rendimiento de un socio comercial es esencial para su estabilidad a largo plazo, el dominio del mercado y el balance final. Nuestras soluciones para minoristas, propietarios de tiendas y distribuidores mejoran la rentabilidad y aumentan dr\u00e1sticamente el crecimiento a trav\u00e9s de la optimizaci\u00f3n de su red de cadenas de suministro.<\/p>\n<h3 class=\"p2\">Habilitaci\u00f3n sin esfuerzo<\/h3>\n<p class=\"p2\">Nuestros eficaces procesos y soluciones de soporte espec\u00edficas permiten a sus socios comerciales obtener la conformidad que necesitan sin interrupci\u00f3n de sus operaciones.<\/p>\n<h3 class=\"p2\">Visibilidad total<\/h3>\n<p class=\"p2\">Nuestras soluciones para minoristas van m\u00e1s all\u00e1 de la conformidad, mostr\u00e1ndole los \u00edndices de rendimiento clave para su inventario, sus costes y las tendencias relativas a su producto.<\/p>\n<h3 class=\"p2\">Intercambio electr\u00f3nico de datos listos para usar<\/h3>\n<p class=\"p2\">Deje sus servicios EDI en nuestras manos y perm\u00edtanos ofrecerle acceso puntual a la informaci\u00f3n que mueve su cadena de suministro, sin preocuparse del mantenimiento, personal y costes que requiere cualquier sistema de administraci\u00f3n interna.<\/p>\n<h3 class=\"p1\">El panorama completo<\/h3>\n<p class=\"p2\">Nuestro servicio de cat\u00e1logo le hace m\u00e1s f\u00e1cil beneficiarse de los datos de producto m\u00e1s recientes y fiables de sus socios comerciales.<\/p>\n<h3 class=\"p2\">A mayor eficiencia, mayor ahorro<\/h3>\n<p class=\"p2\">No pierda el control de sus gastos de transporte y aumente la eficacia de su log\u00edstica con nuestras soluciones de gesti\u00f3n de transportes.<\/p>\n<div class=\"solutions-children-list\">\n<div class=\"row\">\n<div class=\"three columns\">\n<p>\t\t\t\t\t\t<a href=\"\/es\/soluciones\/minoristas\/habilitacion-de-proveedores\/\"><img decoding=\"async\" src=\"http:\/\/d29sdqlj5tchvp.cloudfront.net\/assets\/Uploads\/audience-icons\/retailers.png\" alt=\"retailers\"><\/a><\/p><\/div>\n<div class=\"nine columns\">\n<h3>Habilitaci\u00f3n de proveedores<\/h3>\n<p>SPS Commerce cuenta con la visi\u00f3n y las soluciones de soporte adecuadas que sus socios comerciales necesitan para obtener la conformidad sin interrupci\u00f3n de sus operaciones. <\/p>\n<p>\u2028Nuestros programas de conformidad de proveedores van m\u00e1s all\u00e1 de la tecnolog\u00eda, aprovechando las mejores acciones e iniciativas y competencias orientadas a los minoristas para maximizar las tasas de adopci\u00f3n. M\u00e1s de 45.000 clientes de SPS han encontrado el \u00e9xito en nuestra novedos\u00edsima visi\u00f3n del intercambio electr\u00f3nico de datos, alcanzando la mayor\u00eda de ellos entre el 70 y el 90% de conformidad en tan solo unos meses.<\/p>\n<p><a href=\"\/es\/soluciones\/minoristas\/habilitacion-de-proveedores\/\">Habilitaci\u00f3n de proveedores<\/a><\/p>\n<\/p><\/div>\n<\/p><\/div>\n<div class=\"row\">\n<div class=\"three columns\">\n<p>\t\t\t\t\t\t<a href=\"\/es\/soluciones\/minoristas\/conformidad-de-proveedores-y-rendimiento\/\"><img decoding=\"async\" src=\"http:\/\/d29sdqlj5tchvp.cloudfront.net\/assets\/Uploads\/audience-icons\/retailers.png\" alt=\"retailers\"><\/a><\/p><\/div>\n<div class=\"nine columns\">\n<h3>Conformidad de proveedores y rendimiento<\/h3>\n<p>El rendimiento de un proveedor influye en la eficacia, la rentabilidad y el crecimiento futuro. Nosotros poseemos los conocimientos y la experiencia necesarios para perfeccionar sus relaciones profesionales, con las herramientas que dar\u00e1n el impulso definitivo a la adopci\u00f3n del intercambio electr\u00f3nico de datos de su proveedor y establecer\u00e1n relaciones de colaboraci\u00f3n en continuo perfeccionamiento.<\/p>\n<p><a href=\"\/es\/soluciones\/minoristas\/conformidad-de-proveedores-y-rendimiento\/\">Conformidad de proveedores y rendimiento<\/a><\/p>\n<\/p><\/div>\n<\/p><\/div>\n<div class=\"row\">\n<div class=\"three columns\">\n<p>\t\t\t\t\t\t<a href=\"\/es\/soluciones\/minoristas\/externalizacion-de-intercambio-electronico-de-datos\/\"><img decoding=\"async\" src=\"http:\/\/d29sdqlj5tchvp.cloudfront.net\/assets\/Uploads\/audience-icons\/retailers.png\" alt=\"retailers\"><\/a><\/p><\/div>\n<div class=\"nine columns\">\n<h3>Externalizaci\u00f3n de intercambio electr\u00f3nico de datos<\/h3>\n<p>C\u00e9ntrese en sus necesidades profesionales m\u00e1s urgentes y deje la gesti\u00f3n de sus datos a nuestros expertos en el sector minorista. Nuestras soluciones online le dan acceso al centro de datos global m\u00e1s fiable de la industria, una fiabilidad continuamente probada por los miles de usuarios de nuestra red. El sistema SPS est\u00e1 constantemente optimizado, ampliado y actualizado, sin riesgo de interrupciones en su actividad profesional. <\/p>\n<p>\u2028Los programas tradicionales de intercambio electr\u00f3nico de datos requieren mantenimiento manual y dedicaci\u00f3n de personal; nuestra soluci\u00f3n externalizada le evita esa carga, lo que le permite dedicar su energ\u00eda a su negocio.<\/p>\n<p><a href=\"\/es\/soluciones\/minoristas\/externalizacion-de-intercambio-electronico-de-datos\/\">Externalizaci\u00f3n de intercambio electr\u00f3nico de datos<\/a><\/p>\n<\/p><\/div>\n<\/p><\/div>\n<div class=\"row\">\n<div class=\"three columns\">\n<p>\t\t\t\t\t\t<a href=\"\/es\/soluciones\/minoristas\/administracion-de-articulos\/\"><img decoding=\"async\" src=\"http:\/\/d29sdqlj5tchvp.cloudfront.net\/assets\/Uploads\/audience-icons\/retailers.png\" alt=\"retailers\"><\/a><\/p><\/div>\n<div class=\"nine columns\">\n<h3>Administraci\u00f3n de art\u00edculos<\/h3>\n<p>Contar con una informaci\u00f3n de productos de garant\u00eda es vital para mantener su negocio y la cadena de suministro en constante actividad. Seguramente su d\u00eda no tiene suficientes horas para escribir emails y hacer llamadas de tel\u00e9fono a sus proveedores. <\/p>\n<p>\u2028Nuestro Cat\u00e1logo universal ofrece a los minoristas la posibilidad de acceder, ver y descargar la m\u00e1s exhaustiva informaci\u00f3n de productos de sus proveedores. Con ello tendr\u00e1 acceso inmediato a los detalles que necesita para facilitarle al m\u00e1ximo las ventas, incluyendo precios, im\u00e1genes y contenido de marketing. La m\u00e1s completa y veraz informaci\u00f3n al alcance de su mano.<\/p>\n<p><a href=\"\/es\/soluciones\/minoristas\/administracion-de-articulos\/\">Administraci\u00f3n de art\u00edculos<\/a><\/p>\n<\/p><\/div>\n<\/p><\/div>\n<div class=\"row\">\n<div class=\"three columns\">\n<p>\t\t\t\t\t\t<a href=\"\/es\/soluciones\/minoristas\/gestion-de-transportes\/\"><img decoding=\"async\" src=\"http:\/\/d29sdqlj5tchvp.cloudfront.net\/assets\/Uploads\/audience-icons\/retailers.png\" alt=\"retailers\"><\/a><\/p><\/div>\n<div class=\"nine columns\">\n<h3>Gesti\u00f3n de transportes<\/h3>\n<p>Los costes de transporte tienen un impacto enorme en el balance final de una empresa. Cuando trabaja con varios modos de transporte (FTL, LTL, Parcel), hacer un uso racional de los gastos puede resultar dif\u00edcil, si no imposible. Nuestro servicio de gesti\u00f3n de transportes online le permite controlar en todo momento su gastos de transporte, con las herramientas y conocimientos necesarios para optimizar sus operaciones.<\/p>\n<p><a href=\"\/es\/soluciones\/minoristas\/gestion-de-transportes\/\">Gesti\u00f3n de transportes<\/a><\/p>\n<\/p><\/div>\n<\/p><\/div>\n<\/p><\/div>\n","protected":false},"excerpt":{"rendered":"<p>Mejor colaboraci\u00f3n, crecimiento ilimitado. Tener una mayor visi\u00f3n del rendimiento de un socio comercial es esencial para su estabilidad a largo plazo, el dominio del mercado y el balance final. Nuestras soluciones para minoristas, propietarios de tiendas y distribuidores mejoran la rentabilidad y aumentan dr\u00e1sticamente el crecimiento a trav\u00e9s de la optimizaci\u00f3n de su red [&hellip;]<\/p>\n","protected":false},"author":23,"featured_media":0,"parent":210,"menu_order":0,"comment_status":"closed","ping_status":"closed","template":"","meta":{"_acf_changed":false,"_et_pb_use_builder":"","_et_pb_old_content":"","_et_gb_content_width":"","sfsi_plus_gutenberg_text_before_share":"","sfsi_plus_gutenberg_show_text_before_share":"","sfsi_plus_gutenberg_icon_type":"","sfsi_plus_gutenberg_icon_alignemt":"","sfsi_plus_gutenburg_max_per_row":"","footnotes":""},"class_list":["post-447","page","type-page","status-publish","hentry"],"acf":[],"yoast_head":"<!-- This site is optimized with the Yoast SEO Premium plugin v26.1 (Yoast SEO v26.1.1) - https:\/\/yoast.com\/wordpress\/plugins\/seo\/ -->\n<title>Minoristas - SPS Commerce<\/title>\n<meta name=\"robots\" content=\"index, follow, max-snippet:-1, max-image-preview:large, max-video-preview:-1\" \/>\n<link rel=\"canonical\" href=\"https:\/\/www.spscommerce.com\/es\/soluciones\/minoristas\/\" \/>\n<meta property=\"og:locale\" content=\"es_ES\" \/>\n<meta property=\"og:type\" content=\"article\" \/>\n<meta property=\"og:title\" content=\"Minoristas\" \/>\n<meta property=\"og:description\" content=\"Mejor colaboraci\u00f3n, crecimiento ilimitado. Tener una mayor visi\u00f3n del rendimiento de un socio comercial es esencial para su estabilidad a largo plazo, el dominio del mercado y el balance final. Nuestras soluciones para minoristas, propietarios de tiendas y distribuidores mejoran la rentabilidad y aumentan dr\u00e1sticamente el crecimiento a trav\u00e9s de la optimizaci\u00f3n de su red [&hellip;]\" \/>\n<meta property=\"og:url\" content=\"https:\/\/www.spscommerce.com\/es\/soluciones\/minoristas\/\" \/>\n<meta property=\"og:site_name\" content=\"SPS Commerce\" \/>\n<meta property=\"article:publisher\" content=\"https:\/\/www.facebook.com\/pages\/SPS-Commerce\/115540161807561\" \/>\n<meta property=\"og:image\" content=\"http:\/\/d29sdqlj5tchvp.cloudfront.net\/assets\/Uploads\/audience-icons\/retailers.png\" \/>\n<meta name=\"twitter:card\" content=\"summary_large_image\" \/>\n<meta name=\"twitter:site\" content=\"@SPS_Commerce\" \/>\n<script type=\"application\/ld+json\" class=\"yoast-schema-graph\">{\"@context\":\"https:\/\/schema.org\",\"@graph\":[{\"@type\":\"WebPage\",\"@id\":\"https:\/\/www.spscommerce.com\/es\/soluciones\/minoristas\/\",\"url\":\"https:\/\/www.spscommerce.com\/es\/soluciones\/minoristas\/\",\"name\":\"Minoristas - SPS Commerce\",\"isPartOf\":{\"@id\":\"https:\/\/www.spscommerce.com\/es\/#website\"},\"primaryImageOfPage\":{\"@id\":\"https:\/\/www.spscommerce.com\/es\/soluciones\/minoristas\/#primaryimage\"},\"image\":{\"@id\":\"https:\/\/www.spscommerce.com\/es\/soluciones\/minoristas\/#primaryimage\"},\"thumbnailUrl\":\"http:\/\/d29sdqlj5tchvp.cloudfront.net\/assets\/Uploads\/audience-icons\/retailers.png\",\"datePublished\":\"2014-07-03T16:48:14+00:00\",\"breadcrumb\":{\"@id\":\"https:\/\/www.spscommerce.com\/es\/soluciones\/minoristas\/#breadcrumb\"},\"inLanguage\":\"es-ES\",\"potentialAction\":[{\"@type\":\"ReadAction\",\"target\":[\"https:\/\/www.spscommerce.com\/es\/soluciones\/minoristas\/\"]}]},{\"@type\":\"ImageObject\",\"inLanguage\":\"es-ES\",\"@id\":\"https:\/\/www.spscommerce.com\/es\/soluciones\/minoristas\/#primaryimage\",\"url\":\"http:\/\/d29sdqlj5tchvp.cloudfront.net\/assets\/Uploads\/audience-icons\/retailers.png\",\"contentUrl\":\"http:\/\/d29sdqlj5tchvp.cloudfront.net\/assets\/Uploads\/audience-icons\/retailers.png\"},{\"@type\":\"BreadcrumbList\",\"@id\":\"https:\/\/www.spscommerce.com\/es\/soluciones\/minoristas\/#breadcrumb\",\"itemListElement\":[{\"@type\":\"ListItem\",\"position\":1,\"name\":\"Home\",\"item\":\"https:\/\/www.spscommerce.com\/es\/\"},{\"@type\":\"ListItem\",\"position\":2,\"name\":\"Soluciones\",\"item\":\"https:\/\/www.spscommerce.com\/es\/soluciones\/\"},{\"@type\":\"ListItem\",\"position\":3,\"name\":\"Minoristas\"}]},{\"@type\":\"WebSite\",\"@id\":\"https:\/\/www.spscommerce.com\/es\/#website\",\"url\":\"https:\/\/www.spscommerce.com\/es\/\",\"name\":\"SPS Commerce\",\"description\":\"\",\"publisher\":{\"@id\":\"https:\/\/www.spscommerce.com\/es\/#organization\"},\"potentialAction\":[{\"@type\":\"SearchAction\",\"target\":{\"@type\":\"EntryPoint\",\"urlTemplate\":\"https:\/\/www.spscommerce.com\/es\/?s={search_term_string}\"},\"query-input\":{\"@type\":\"PropertyValueSpecification\",\"valueRequired\":true,\"valueName\":\"search_term_string\"}}],\"inLanguage\":\"es-ES\"},{\"@type\":\"Organization\",\"@id\":\"https:\/\/www.spscommerce.com\/es\/#organization\",\"name\":\"SPS Commerce\",\"url\":\"https:\/\/www.spscommerce.com\/es\/\",\"logo\":{\"@type\":\"ImageObject\",\"inLanguage\":\"es-ES\",\"@id\":\"https:\/\/www.spscommerce.com\/es\/#\/schema\/logo\/image\/\",\"url\":\"https:\/\/www.spscommerce.com\/wp-content\/uploads\/2017\/09\/logo-with-tag1.png\",\"contentUrl\":\"https:\/\/www.spscommerce.com\/wp-content\/uploads\/2017\/09\/logo-with-tag1.png\",\"width\":400,\"height\":110,\"caption\":\"SPS Commerce\"},\"image\":{\"@id\":\"https:\/\/www.spscommerce.com\/es\/#\/schema\/logo\/image\/\"},\"sameAs\":[\"https:\/\/www.facebook.com\/pages\/SPS-Commerce\/115540161807561\",\"https:\/\/x.com\/SPS_Commerce\",\"https:\/\/www.linkedin.com\/company\/sps-commerce\/\",\"https:\/\/www.youtube.com\/user\/SPSCommerce\"]}]}<\/script>\n<!-- \/ Yoast SEO Premium plugin. -->","yoast_head_json":{"title":"Minoristas - SPS Commerce","robots":{"index":"index","follow":"follow","max-snippet":"max-snippet:-1","max-image-preview":"max-image-preview:large","max-video-preview":"max-video-preview:-1"},"canonical":"https:\/\/www.spscommerce.com\/es\/soluciones\/minoristas\/","og_locale":"es_ES","og_type":"article","og_title":"Minoristas","og_description":"Mejor colaboraci\u00f3n, crecimiento ilimitado. Tener una mayor visi\u00f3n del rendimiento de un socio comercial es esencial para su estabilidad a largo plazo, el dominio del mercado y el balance final. Nuestras soluciones para minoristas, propietarios de tiendas y distribuidores mejoran la rentabilidad y aumentan dr\u00e1sticamente el crecimiento a trav\u00e9s de la optimizaci\u00f3n de su red [&hellip;]","og_url":"https:\/\/www.spscommerce.com\/es\/soluciones\/minoristas\/","og_site_name":"SPS Commerce","article_publisher":"https:\/\/www.facebook.com\/pages\/SPS-Commerce\/115540161807561","og_image":[{"url":"http:\/\/d29sdqlj5tchvp.cloudfront.net\/assets\/Uploads\/audience-icons\/retailers.png","type":"","width":"","height":""}],"twitter_card":"summary_large_image","twitter_site":"@SPS_Commerce","schema":{"@context":"https:\/\/schema.org","@graph":[{"@type":"WebPage","@id":"https:\/\/www.spscommerce.com\/es\/soluciones\/minoristas\/","url":"https:\/\/www.spscommerce.com\/es\/soluciones\/minoristas\/","name":"Minoristas - SPS Commerce","isPartOf":{"@id":"https:\/\/www.spscommerce.com\/es\/#website"},"primaryImageOfPage":{"@id":"https:\/\/www.spscommerce.com\/es\/soluciones\/minoristas\/#primaryimage"},"image":{"@id":"https:\/\/www.spscommerce.com\/es\/soluciones\/minoristas\/#primaryimage"},"thumbnailUrl":"http:\/\/d29sdqlj5tchvp.cloudfront.net\/assets\/Uploads\/audience-icons\/retailers.png","datePublished":"2014-07-03T16:48:14+00:00","breadcrumb":{"@id":"https:\/\/www.spscommerce.com\/es\/soluciones\/minoristas\/#breadcrumb"},"inLanguage":"es-ES","potentialAction":[{"@type":"ReadAction","target":["https:\/\/www.spscommerce.com\/es\/soluciones\/minoristas\/"]}]},{"@type":"ImageObject","inLanguage":"es-ES","@id":"https:\/\/www.spscommerce.com\/es\/soluciones\/minoristas\/#primaryimage","url":"http:\/\/d29sdqlj5tchvp.cloudfront.net\/assets\/Uploads\/audience-icons\/retailers.png","contentUrl":"http:\/\/d29sdqlj5tchvp.cloudfront.net\/assets\/Uploads\/audience-icons\/retailers.png"},{"@type":"BreadcrumbList","@id":"https:\/\/www.spscommerce.com\/es\/soluciones\/minoristas\/#breadcrumb","itemListElement":[{"@type":"ListItem","position":1,"name":"Home","item":"https:\/\/www.spscommerce.com\/es\/"},{"@type":"ListItem","position":2,"name":"Soluciones","item":"https:\/\/www.spscommerce.com\/es\/soluciones\/"},{"@type":"ListItem","position":3,"name":"Minoristas"}]},{"@type":"WebSite","@id":"https:\/\/www.spscommerce.com\/es\/#website","url":"https:\/\/www.spscommerce.com\/es\/","name":"SPS Commerce","description":"","publisher":{"@id":"https:\/\/www.spscommerce.com\/es\/#organization"},"potentialAction":[{"@type":"SearchAction","target":{"@type":"EntryPoint","urlTemplate":"https:\/\/www.spscommerce.com\/es\/?s={search_term_string}"},"query-input":{"@type":"PropertyValueSpecification","valueRequired":true,"valueName":"search_term_string"}}],"inLanguage":"es-ES"},{"@type":"Organization","@id":"https:\/\/www.spscommerce.com\/es\/#organization","name":"SPS Commerce","url":"https:\/\/www.spscommerce.com\/es\/","logo":{"@type":"ImageObject","inLanguage":"es-ES","@id":"https:\/\/www.spscommerce.com\/es\/#\/schema\/logo\/image\/","url":"https:\/\/www.spscommerce.com\/wp-content\/uploads\/2017\/09\/logo-with-tag1.png","contentUrl":"https:\/\/www.spscommerce.com\/wp-content\/uploads\/2017\/09\/logo-with-tag1.png","width":400,"height":110,"caption":"SPS Commerce"},"image":{"@id":"https:\/\/www.spscommerce.com\/es\/#\/schema\/logo\/image\/"},"sameAs":["https:\/\/www.facebook.com\/pages\/SPS-Commerce\/115540161807561","https:\/\/x.com\/SPS_Commerce","https:\/\/www.linkedin.com\/company\/sps-commerce\/","https:\/\/www.youtube.com\/user\/SPSCommerce"]}]}},"_links":{"self":[{"href":"https:\/\/www.spscommerce.com\/es\/wp-json\/wp\/v2\/pages\/447","targetHints":{"allow":["GET"]}}],"collection":[{"href":"https:\/\/www.spscommerce.com\/es\/wp-json\/wp\/v2\/pages"}],"about":[{"href":"https:\/\/www.spscommerce.com\/es\/wp-json\/wp\/v2\/types\/page"}],"author":[{"embeddable":true,"href":"https:\/\/www.spscommerce.com\/es\/wp-json\/wp\/v2\/users\/23"}],"replies":[{"embeddable":true,"href":"https:\/\/www.spscommerce.com\/es\/wp-json\/wp\/v2\/comments?post=447"}],"version-history":[{"count":1,"href":"https:\/\/www.spscommerce.com\/es\/wp-json\/wp\/v2\/pages\/447\/revisions"}],"predecessor-version":[{"id":448,"href":"https:\/\/www.spscommerce.com\/es\/wp-json\/wp\/v2\/pages\/447\/revisions\/448"}],"up":[{"embeddable":true,"href":"https:\/\/www.spscommerce.com\/es\/wp-json\/wp\/v2\/pages\/210"}],"wp:attachment":[{"href":"https:\/\/www.spscommerce.com\/es\/wp-json\/wp\/v2\/media?parent=447"}],"curies":[{"name":"wp","href":"https:\/\/api.w.org\/{rel}","templated":true}]}}