{"id":439,"date":"2014-07-03T16:43:34","date_gmt":"2014-07-03T16:43:34","guid":{"rendered":"http:\/\/spscommerce-blog.tmmtest.org\/?page_id=439"},"modified":"2017-01-26T14:06:17","modified_gmt":"2017-01-26T20:06:17","slug":"electronico-de-datos","status":"publish","type":"page","link":"https:\/\/www.spscommerce.com\/es\/electronico-de-datos\/","title":{"rendered":"Electr\u00f3nico de datos"},"content":{"rendered":"<h3 class=\"lead\">Centro de recursos de SPS Commerce.<\/h3>\n<p class=\"p1\">Conf\u00ede en el experto mundial en relaciones con minoristas para obtener lo \u00faltimo en optimizaci\u00f3n de relaciones comerciales y soluciones de gesti\u00f3n de cadenas de suministro. Somos su recurso en materia de novedades, informes de investigaci\u00f3n y mejores acciones e iniciativas para relanzar su empresa.<\/p>\n<ul>\n<li><a href=\"\/es\/edi-101\/\">EDI 101<\/a><\/li>\n<li><a href=\"\/es\/omnichannel-101\/\">Omnichannel 101<\/a><\/li>\n<li><a href=\"\/resource-center\/\">Case Studies, White Papers, Research, E-books and Infographics<\/a><\/li>\n<li><a href=\"\/resource-center\/\">Testimonials, Webinars and Videos<\/a><\/li>\n<li><a href=\"\/blog\/\">Blog<\/a><\/li>\n<\/ul>\n","protected":false},"excerpt":{"rendered":"<p>Centro de recursos de SPS Commerce. Conf\u00ede en el experto mundial en relaciones con minoristas para obtener lo \u00faltimo en optimizaci\u00f3n de relaciones comerciales y soluciones de gesti\u00f3n de cadenas de suministro. Somos su recurso en materia de novedades, informes de investigaci\u00f3n y mejores acciones e iniciativas para relanzar su empresa. EDI 101 Omnichannel 101 [&hellip;]<\/p>\n","protected":false},"author":23,"featured_media":0,"parent":0,"menu_order":0,"comment_status":"closed","ping_status":"closed","template":"","meta":{"_acf_changed":false,"_et_pb_use_builder":"off","_et_pb_old_content":"<h3 class=\"lead\">SPS Commerce Resource Center.<\/h3><p>Count on the industry's leading retail-focused expert to bring you the latest in trading partner optimization and supply chain management solutions. We're your resource for the news, research reports and best practices that will boost your business.<\/p><h6>Get started with these guides:<\/h6><ul><li><a title=\"EDI 101\" href=\"\/edi-resources\/edi-101\/\">EDI 101<\/a><\/li><li><a title=\"Omnichannel 101\" href=\"\/edi-resources\/omnichannel-101\/\">Omnichannel 101<\/a><\/li><\/ul><h6>Discover how our solutions have fueled growth for the world's top retail trading partners:\u00a0<\/h6><ul><li><a href=\"\/edi-resources\/case-studies\/\">Case Studies<\/a><\/li><li><a title=\"Supply Chain Services: Testimonials\" href=\"\/edi-resources\/testimonials\/\">Testimonials<\/a><\/li><\/ul><h6>Gain insider knowledge from experts that know the most about strategies in supply chain optimization:<\/h6><ul><li><span style=\"font-family: inherit; line-height: 1.6;\"><a href=\"\/edi-resources\/white-papers\/\">White Papers<\/a><\/span><\/li><li><span style=\"font-family: inherit; line-height: 1.6;\"><a href=\"\/edi-resources\/research\/\">Research<\/a><\/span><\/li><li><a title=\"E-books\" href=\"\/edi-resources\/e-books\/\">E-books<\/a><\/li><li><span style=\"font-family: inherit; line-height: 1.6;\"><a class=\"ss-broken ss-broken ss-broken ss-broken ss-broken\" href=\"\/blog\/\">Blog<\/a><\/span><\/li><li><span style=\"font-family: inherit; line-height: 1.6;\"><a href=\"\/edi-resources\/webinars\/\">Webinars<\/a><\/span><\/li><li><a href=\"\/edi-resources\/videos\/\"><span style=\"font-family: inherit; line-height: 1.6;\">Videos<\/span><\/a><\/li><li><span style=\"font-family: inherit; line-height: 1.6;\"><a href=\"\/edi-resources\/infographics\/\">Infographics<\/a><\/span><\/li><\/ul>","_et_gb_content_width":"","sfsi_plus_gutenberg_text_before_share":"","sfsi_plus_gutenberg_show_text_before_share":"","sfsi_plus_gutenberg_icon_type":"","sfsi_plus_gutenberg_icon_alignemt":"","sfsi_plus_gutenburg_max_per_row":"","footnotes":""},"class_list":["post-439","page","type-page","status-publish","hentry"],"acf":[],"yoast_head":"<!-- This site is optimized with the Yoast SEO Premium plugin v26.1 (Yoast SEO v26.1.1) - https:\/\/yoast.com\/wordpress\/plugins\/seo\/ -->\n<title>Electr\u00f3nico de datos - SPS Commerce<\/title>\n<meta name=\"robots\" content=\"index, follow, max-snippet:-1, max-image-preview:large, max-video-preview:-1\" \/>\n<link rel=\"canonical\" href=\"https:\/\/www.spscommerce.com\/es\/electronico-de-datos\/\" \/>\n<meta property=\"og:locale\" content=\"es_ES\" \/>\n<meta property=\"og:type\" content=\"article\" \/>\n<meta property=\"og:title\" content=\"Electr\u00f3nico de datos\" \/>\n<meta property=\"og:description\" content=\"Centro de recursos de SPS Commerce. Conf\u00ede en el experto mundial en relaciones con minoristas para obtener lo \u00faltimo en optimizaci\u00f3n de relaciones comerciales y soluciones de gesti\u00f3n de cadenas de suministro. Somos su recurso en materia de novedades, informes de investigaci\u00f3n y mejores acciones e iniciativas para relanzar su empresa. EDI 101 Omnichannel 101 [&hellip;]\" \/>\n<meta property=\"og:url\" content=\"https:\/\/www.spscommerce.com\/es\/electronico-de-datos\/\" \/>\n<meta property=\"og:site_name\" content=\"SPS Commerce\" \/>\n<meta property=\"article:publisher\" content=\"https:\/\/www.facebook.com\/pages\/SPS-Commerce\/115540161807561\" \/>\n<meta property=\"article:modified_time\" content=\"2017-01-26T20:06:17+00:00\" \/>\n<meta name=\"twitter:card\" content=\"summary_large_image\" \/>\n<meta name=\"twitter:site\" content=\"@SPS_Commerce\" \/>\n<script type=\"application\/ld+json\" class=\"yoast-schema-graph\">{\"@context\":\"https:\/\/schema.org\",\"@graph\":[{\"@type\":\"WebPage\",\"@id\":\"https:\/\/www.spscommerce.com\/es\/electronico-de-datos\/\",\"url\":\"https:\/\/www.spscommerce.com\/es\/electronico-de-datos\/\",\"name\":\"Electr\u00f3nico de datos - SPS Commerce\",\"isPartOf\":{\"@id\":\"https:\/\/www.spscommerce.com\/es\/#website\"},\"datePublished\":\"2014-07-03T16:43:34+00:00\",\"dateModified\":\"2017-01-26T20:06:17+00:00\",\"breadcrumb\":{\"@id\":\"https:\/\/www.spscommerce.com\/es\/electronico-de-datos\/#breadcrumb\"},\"inLanguage\":\"es-ES\",\"potentialAction\":[{\"@type\":\"ReadAction\",\"target\":[\"https:\/\/www.spscommerce.com\/es\/electronico-de-datos\/\"]}]},{\"@type\":\"BreadcrumbList\",\"@id\":\"https:\/\/www.spscommerce.com\/es\/electronico-de-datos\/#breadcrumb\",\"itemListElement\":[{\"@type\":\"ListItem\",\"position\":1,\"name\":\"Home\",\"item\":\"https:\/\/www.spscommerce.com\/es\/\"},{\"@type\":\"ListItem\",\"position\":2,\"name\":\"Electr\u00f3nico de datos\"}]},{\"@type\":\"WebSite\",\"@id\":\"https:\/\/www.spscommerce.com\/es\/#website\",\"url\":\"https:\/\/www.spscommerce.com\/es\/\",\"name\":\"SPS Commerce\",\"description\":\"\",\"publisher\":{\"@id\":\"https:\/\/www.spscommerce.com\/es\/#organization\"},\"potentialAction\":[{\"@type\":\"SearchAction\",\"target\":{\"@type\":\"EntryPoint\",\"urlTemplate\":\"https:\/\/www.spscommerce.com\/es\/?s={search_term_string}\"},\"query-input\":{\"@type\":\"PropertyValueSpecification\",\"valueRequired\":true,\"valueName\":\"search_term_string\"}}],\"inLanguage\":\"es-ES\"},{\"@type\":\"Organization\",\"@id\":\"https:\/\/www.spscommerce.com\/es\/#organization\",\"name\":\"SPS Commerce\",\"url\":\"https:\/\/www.spscommerce.com\/es\/\",\"logo\":{\"@type\":\"ImageObject\",\"inLanguage\":\"es-ES\",\"@id\":\"https:\/\/www.spscommerce.com\/es\/#\/schema\/logo\/image\/\",\"url\":\"https:\/\/www.spscommerce.com\/wp-content\/uploads\/2017\/09\/logo-with-tag1.png\",\"contentUrl\":\"https:\/\/www.spscommerce.com\/wp-content\/uploads\/2017\/09\/logo-with-tag1.png\",\"width\":400,\"height\":110,\"caption\":\"SPS Commerce\"},\"image\":{\"@id\":\"https:\/\/www.spscommerce.com\/es\/#\/schema\/logo\/image\/\"},\"sameAs\":[\"https:\/\/www.facebook.com\/pages\/SPS-Commerce\/115540161807561\",\"https:\/\/x.com\/SPS_Commerce\",\"https:\/\/www.linkedin.com\/company\/sps-commerce\/\",\"https:\/\/www.youtube.com\/user\/SPSCommerce\"]}]}<\/script>\n<!-- \/ Yoast SEO Premium plugin. -->","yoast_head_json":{"title":"Electr\u00f3nico de datos - SPS Commerce","robots":{"index":"index","follow":"follow","max-snippet":"max-snippet:-1","max-image-preview":"max-image-preview:large","max-video-preview":"max-video-preview:-1"},"canonical":"https:\/\/www.spscommerce.com\/es\/electronico-de-datos\/","og_locale":"es_ES","og_type":"article","og_title":"Electr\u00f3nico de datos","og_description":"Centro de recursos de SPS Commerce. Conf\u00ede en el experto mundial en relaciones con minoristas para obtener lo \u00faltimo en optimizaci\u00f3n de relaciones comerciales y soluciones de gesti\u00f3n de cadenas de suministro. Somos su recurso en materia de novedades, informes de investigaci\u00f3n y mejores acciones e iniciativas para relanzar su empresa. EDI 101 Omnichannel 101 [&hellip;]","og_url":"https:\/\/www.spscommerce.com\/es\/electronico-de-datos\/","og_site_name":"SPS Commerce","article_publisher":"https:\/\/www.facebook.com\/pages\/SPS-Commerce\/115540161807561","article_modified_time":"2017-01-26T20:06:17+00:00","twitter_card":"summary_large_image","twitter_site":"@SPS_Commerce","schema":{"@context":"https:\/\/schema.org","@graph":[{"@type":"WebPage","@id":"https:\/\/www.spscommerce.com\/es\/electronico-de-datos\/","url":"https:\/\/www.spscommerce.com\/es\/electronico-de-datos\/","name":"Electr\u00f3nico de datos - SPS Commerce","isPartOf":{"@id":"https:\/\/www.spscommerce.com\/es\/#website"},"datePublished":"2014-07-03T16:43:34+00:00","dateModified":"2017-01-26T20:06:17+00:00","breadcrumb":{"@id":"https:\/\/www.spscommerce.com\/es\/electronico-de-datos\/#breadcrumb"},"inLanguage":"es-ES","potentialAction":[{"@type":"ReadAction","target":["https:\/\/www.spscommerce.com\/es\/electronico-de-datos\/"]}]},{"@type":"BreadcrumbList","@id":"https:\/\/www.spscommerce.com\/es\/electronico-de-datos\/#breadcrumb","itemListElement":[{"@type":"ListItem","position":1,"name":"Home","item":"https:\/\/www.spscommerce.com\/es\/"},{"@type":"ListItem","position":2,"name":"Electr\u00f3nico de datos"}]},{"@type":"WebSite","@id":"https:\/\/www.spscommerce.com\/es\/#website","url":"https:\/\/www.spscommerce.com\/es\/","name":"SPS Commerce","description":"","publisher":{"@id":"https:\/\/www.spscommerce.com\/es\/#organization"},"potentialAction":[{"@type":"SearchAction","target":{"@type":"EntryPoint","urlTemplate":"https:\/\/www.spscommerce.com\/es\/?s={search_term_string}"},"query-input":{"@type":"PropertyValueSpecification","valueRequired":true,"valueName":"search_term_string"}}],"inLanguage":"es-ES"},{"@type":"Organization","@id":"https:\/\/www.spscommerce.com\/es\/#organization","name":"SPS Commerce","url":"https:\/\/www.spscommerce.com\/es\/","logo":{"@type":"ImageObject","inLanguage":"es-ES","@id":"https:\/\/www.spscommerce.com\/es\/#\/schema\/logo\/image\/","url":"https:\/\/www.spscommerce.com\/wp-content\/uploads\/2017\/09\/logo-with-tag1.png","contentUrl":"https:\/\/www.spscommerce.com\/wp-content\/uploads\/2017\/09\/logo-with-tag1.png","width":400,"height":110,"caption":"SPS Commerce"},"image":{"@id":"https:\/\/www.spscommerce.com\/es\/#\/schema\/logo\/image\/"},"sameAs":["https:\/\/www.facebook.com\/pages\/SPS-Commerce\/115540161807561","https:\/\/x.com\/SPS_Commerce","https:\/\/www.linkedin.com\/company\/sps-commerce\/","https:\/\/www.youtube.com\/user\/SPSCommerce"]}]}},"_links":{"self":[{"href":"https:\/\/www.spscommerce.com\/es\/wp-json\/wp\/v2\/pages\/439","targetHints":{"allow":["GET"]}}],"collection":[{"href":"https:\/\/www.spscommerce.com\/es\/wp-json\/wp\/v2\/pages"}],"about":[{"href":"https:\/\/www.spscommerce.com\/es\/wp-json\/wp\/v2\/types\/page"}],"author":[{"embeddable":true,"href":"https:\/\/www.spscommerce.com\/es\/wp-json\/wp\/v2\/users\/23"}],"replies":[{"embeddable":true,"href":"https:\/\/www.spscommerce.com\/es\/wp-json\/wp\/v2\/comments?post=439"}],"version-history":[{"count":4,"href":"https:\/\/www.spscommerce.com\/es\/wp-json\/wp\/v2\/pages\/439\/revisions"}],"predecessor-version":[{"id":45795,"href":"https:\/\/www.spscommerce.com\/es\/wp-json\/wp\/v2\/pages\/439\/revisions\/45795"}],"wp:attachment":[{"href":"https:\/\/www.spscommerce.com\/es\/wp-json\/wp\/v2\/media?parent=439"}],"curies":[{"name":"wp","href":"https:\/\/api.w.org\/{rel}","templated":true}]}}