{"id":34368,"date":"2016-04-29T12:59:09","date_gmt":"2016-04-29T17:59:09","guid":{"rendered":"https:\/\/www.spscommerce.com\/es\/?page_id=34368"},"modified":"2021-07-26T10:49:37","modified_gmt":"2021-07-26T15:49:37","slug":"plataforma-sps","status":"publish","type":"page","link":"https:\/\/www.spscommerce.com\/es\/socios-y-colaboradores\/desarrolladores\/plataforma-sps\/","title":{"rendered":"Plataforma SPS"},"content":{"rendered":"<p>[et_pb_section fb_built=&#8221;1&#8243; admin_label=&#8221;section&#8221; module_class=&#8221;corner&#8221; _builder_version=&#8221;3.22&#8243; background_color=&#8221;#00aae5&#8243; transparent_background=&#8221;off&#8221;][et_pb_row column_structure=&#8221;3_4,1_4&#8243; admin_label=&#8221;row&#8221; _builder_version=&#8221;3.25&#8243; background_size=&#8221;initial&#8221; background_position=&#8221;top_left&#8221; background_repeat=&#8221;repeat&#8221;][et_pb_column type=&#8221;3_4&#8243; _builder_version=&#8221;3.25&#8243; custom_padding=&#8221;|||&#8221; custom_padding__hover=&#8221;|||&#8221;][et_pb_text admin_label=&#8221;Text&#8221; _builder_version=&#8221;3.27.4&#8243; background_size=&#8221;initial&#8221; background_position=&#8221;top_left&#8221; background_repeat=&#8221;repeat&#8221; background_layout=&#8221;dark&#8221; use_border_color=&#8221;off&#8221; border_color=&#8221;#ffffff&#8221; border_style=&#8221;solid&#8221;]<\/p>\n<h1>Commerce.<\/h1>\n<p class=\"lead\"><strong>La plataforma de ventas minoristas de SPS Commerce.<\/strong><\/p>\n<p>[\/et_pb_text][\/et_pb_column][et_pb_column type=&#8221;1_4&#8243; _builder_version=&#8221;3.25&#8243; custom_padding=&#8221;|||&#8221; custom_padding__hover=&#8221;|||&#8221;][et_pb_image src=&#8221;https:\/\/www.spscommerce.com\/wp-content\/uploads\/2015\/07\/dev-center.png&#8221; align_tablet=&#8221;center&#8221; align_phone=&#8221;&#8221; align_last_edited=&#8221;on|desktop&#8221; admin_label=&#8221;Image&#8221; _builder_version=&#8221;3.23&#8243; animation=&#8221;off&#8221; sticky=&#8221;off&#8221;] [\/et_pb_image][\/et_pb_column][\/et_pb_row][\/et_pb_section][et_pb_section fb_built=&#8221;1&#8243; fullwidth=&#8221;on&#8221; disabled_on=&#8221;off|off|off&#8221; admin_label=&#8221;section&#8221; module_class=&#8221;pagemenu&#8221; _builder_version=&#8221;3.22&#8243; background_color=&#8221;#ffffff&#8221; transparent_background=&#8221;off&#8221;][et_pb_fullwidth_menu menu_id=&#8221;1365&#8243; submenu_direction=&#8221;downwards&#8221; fullwidth_menu=&#8221;off&#8221; admin_label=&#8221;Fullwidth Menu&#8221; module_class=&#8221;sub-nav&#8221; _builder_version=&#8221;3.0.47&#8243; background_color=&#8221;#0079a5&#8243; background_layout=&#8221;dark&#8221;] [\/et_pb_fullwidth_menu][\/et_pb_section][et_pb_section fb_built=&#8221;1&#8243; admin_label=&#8221;section&#8221; _builder_version=&#8221;3.22&#8243;][et_pb_row column_structure=&#8221;2_3,1_3&#8243; admin_label=&#8221;row&#8221; _builder_version=&#8221;3.25&#8243; background_size=&#8221;initial&#8221; background_position=&#8221;top_left&#8221; background_repeat=&#8221;repeat&#8221;][et_pb_column type=&#8221;2_3&#8243; _builder_version=&#8221;3.25&#8243; custom_padding=&#8221;|||&#8221; custom_padding__hover=&#8221;|||&#8221;][et_pb_text admin_label=&#8221;Text&#8221; _builder_version=&#8221;3.27.4&#8243; background_size=&#8221;initial&#8221; background_position=&#8221;top_left&#8221; background_repeat=&#8221;repeat&#8221; use_border_color=&#8221;off&#8221; border_color=&#8221;#ffffff&#8221; border_style=&#8221;solid&#8221;]<\/p>\n<h2><span class=\"icon_cloud_alt\">&nbsp;<\/span> Plataforma de comercio basada en la nube<\/h2>\n<p>Como minorista experto enfocado en soluciones para la cadena de suministro, SPS Commerce le proporciona una plataforma de comercio en red basado en la nube que le conecta con sus socios comerciales, con tecnolog\u00edas y con perspectivas enriquecedoras, necesarias para mejorar y hacer crecer su negocio de forma continua.<\/p>\n<h2><span class=\"arrow_expand_alt\">&nbsp;<\/span> Con\u00e9ctese una vez a un sinf\u00edn de oportunidades<\/h2>\n<p>Construido con una arquitectura basada en gr\u00e1ficas, nuestra plataforma permite conexiones m\u00faltiples por parte de la empresa y el comercio en la nube, reduciendo al m\u00ednimo el costo y el tiempo para que las empresas se integren entre s\u00ed. Mediante una conexi\u00f3n a nuestra amplia red de distribuci\u00f3n, puede vincular a todos los minoristas, proveedores, log\u00edstica y otros socios de la cadena de suministro con quienes hace negocios, ahora y en el futuro. Modelar la red de negocios al por menor como un gr\u00e1fico que nos permita poner toda nuestra red de datos e inteligencia a su alcance, le da el poder para buscar las relaciones de negocios, los socios, las ventas y la informaci\u00f3n de inventario que necesite y cuando lo necesite.<\/p>\n<h2><span class=\"icon_datareport\">&nbsp;<\/span> Acceso total a sus datos<\/h2>\n<p>Nuestras soluciones basadas en la nube le dan la m\u00e1xima libertad para tener acceso a datos empresariales vitales, en cualquier momento y en cualquier lugar. No s\u00f3lo se trata de que las conexiones con sus socios comerciales sean directas y sin interrupciones, sino que tambi\u00e9n son m\u00e1s rentables que el software EDI tradicional. Adem\u00e1s, sus datos est\u00e1n protegidos en nuestro sistema de seguridad.<\/p>\n<h2><span class=\"arrow_condense\">&nbsp;<\/span> Colaboraci\u00f3n m\u00e1s eficaz<\/h2>\n<p>Obtenga una inteligencia \u00fatil proveniente de grandes cantidades de informaci\u00f3n y al compartir puntos de vista con sus socios comerciales, sin la molesta p\u00e9rdida de tiempo de los an\u00e1lisis manuales. Nuestro procesamiento intensivo de datos y el an\u00e1lisis son automatizados, lo cual le ayuda a reducir el riesgo, aumentar la rentabilidad, controlar los costos y mejorar los niveles de servicio. Nuestras soluciones agilizan el manejo de grandes vol\u00famenes de datos no estructurados extra\u00eddos de la red, y proporcionan una nueva visibilidad y puntos de vista dirigidos autom\u00e1ticamente, lo cual puede tener un gran impacto en su negocio.<\/p>\n<h2><span class=\"icon_lightbulb_alt\">&nbsp;<\/span> Innovaci\u00f3n constante<\/h2>\n<p>Nuestra plataforma est\u00e1 construida para permitir el desarrollo m\u00e1s r\u00e1pido y el despliegue de aplicaciones personalizadas que extiendan sus capacidades, a la par que expanden el acceso a datos valiosos en toda la red de la cadena de suministro. Esto hace que los niveles API de la plataforma y los servicios de Internet fomenten el intercambio y la co-creaci\u00f3n del valor. Lo anterior permite que las empresas hagan negocios de manera m\u00e1s eficiente, mediante el aumento de la flexibilidad para gestionar la complejidad creciente en sus cadenas de suministro.<br \/>\n[\/et_pb_text][\/et_pb_column][et_pb_column type=&#8221;1_3&#8243; _builder_version=&#8221;3.25&#8243; custom_padding=&#8221;|||&#8221; custom_padding__hover=&#8221;|||&#8221;][et_pb_testimonial quote_icon=&#8221;off&#8221; admin_label=&#8221;Visit the Dev Center&#8221; _builder_version=&#8221;3.2&#8243; background_size=&#8221;initial&#8221; background_position=&#8221;top_left&#8221; background_repeat=&#8221;repeat&#8221; text_orientation=&#8221;center&#8221; use_border_color=&#8221;off&#8221; border_color=&#8221;#ffffff&#8221; border_style=&#8221;solid&#8221;]<\/p>\n<h3><strong>Visite el Centro de Desarrollo<\/strong><\/h3>\n<p>Aprenda c\u00f3mo desarrollar soluciones robustas en la nube para empresas al por menor.<\/p>\n<p><strong><a class=\"et_pb_button\" href=\"https:\/\/devcenter.spscommerce.com\/\">\u00danase hoy<\/a><\/strong><br \/>\n[\/et_pb_testimonial][et_pb_testimonial quote_icon=&#8221;off&#8221; admin_label=&#8221;Learn the Dev Center&#8221; _builder_version=&#8221;3.2&#8243; background_size=&#8221;initial&#8221; background_position=&#8221;top_left&#8221; background_repeat=&#8221;repeat&#8221; text_orientation=&#8221;center&#8221; use_border_color=&#8221;off&#8221; border_color=&#8221;#ffffff&#8221; border_style=&#8221;solid&#8221;]<\/p>\n<h3><strong>Aprenda acerca de Dev Center <\/strong><\/h3>\n<p>Un completo conjunto de recursos para el desarrollador con el fin de facilitar la creaci\u00f3n de aplicaciones y servicios que se integren con la red de comercios m\u00e1s grandes de la industria minorista.<\/p>\n<p><strong><a class=\"et_pb_button\" href=\"\/es\/socios-y-colaboradores\/desarrolladores\/centro-de-desarrollo\/\">Aprenda ahora<\/a><\/strong><br \/>\n[\/et_pb_testimonial][\/et_pb_column][\/et_pb_row][\/et_pb_section]<\/p>\n","protected":false},"excerpt":{"rendered":"<p>Commerce. La plataforma de ventas minoristas de SPS Commerce. <span class=\"icon_cloud_alt\">&nbsp;<\/span> Plataforma de comercio basada en la nube Como minorista experto enfocado en soluciones para la cadena de suministro, SPS Commerce le proporciona una plataforma de comercio en red basado en la nube que le conecta con sus socios comerciales, con tecnolog\u00edas y con perspectivas [&hellip;]<\/p>\n","protected":false},"author":23,"featured_media":0,"parent":34358,"menu_order":0,"comment_status":"closed","ping_status":"closed","template":"","meta":{"_acf_changed":false,"_et_pb_use_builder":"on","_et_pb_old_content":"<h3>The foundation of your supply chain success.<\/h3><p>As the retail-focused expert in supply chain solutions, SPS Commerce provides a cloud-based, networked commerce platform that connects you to the trading partners, technologies and rich insights you need to continuously improve and grow your business.<\/p><h6><b>Connect Once to Endless Opportunity<\/b><\/h6><p>Built using graph-based architecture, our platform enables multi-enterprise connections and commerce in the cloud by minimizing cost and time for\u00a0companies\u00a0to integrate with each other. With one connection to our broad retail network, you can link to all of the retailers, suppliers, logistics and other supply chain partners you do business with, now and in the future. Modeling the retail business network as a graph allows us to put our entire network of data and intelligence at your fingertips, empowering you to search for business connections, partners, sales and inventory information you need, when you need it.<\/p><h6><b>Visibility Across the Supply Chain<\/b><\/h6><p>As consumers shop across numerous sales channels, real-time visibility into your extended supply chain is critical. Our platform ensures that you can do business quickly and efficiently with your trading partners whether your consumers shop in your physical stores, online or via mobile channels. With enhanced visibility, you can rapidly respond to consumer demand and continuously improve your supply chain performance.<\/p><h6><b>Total Access to Your Data<\/b><\/h6><p>Our cloud-based solutions give you the ultimate freedom to access vital business data anytime, anywhere. Not only are your connections to business partners\u00a0direct and seamless, they are also <a title=\"EDI 101\" href=\"\/edi-resources\/edi-101\/\">more cost-effective than traditional EDI software<\/a>. Plus, your data is protected within our secure system.<\/p><h6><b>More Efficient Collaboration<\/b><\/h6><p>Gain actionable intelligence from large amounts of information and share insights with your trading partners--without the time-consuming hassle of manual analysis. Our intensive data processing and analysis is automated, helping you reduce risk, increase profitability, control cost and improve service levels. Our solutions streamline large volumes of unstructured data mined from the network, and provide new machine-driven visibility and insights that can have a big impact on your business.<\/p><h6><b>Constant Innovation<\/b><\/h6><p>Our platform is built to enable the fastest development and deployment of custom applications that extend its capabilities while expanding access to valuable data throughout the supply chain network. It exposes platform level APIs and web services to foster the exchange and co-creation of value. This enables\u00a0companies\u00a0to do business more efficiently by increasing flexibility to manage the rising complexity in their supply chains.<\/p>","_et_gb_content_width":"","footnotes":""},"class_list":["post-34368","page","type-page","status-publish","hentry"],"acf":[],"yoast_head":"<!-- This site is optimized with the Yoast SEO Premium plugin v26.1 (Yoast SEO v27.5) - https:\/\/yoast.com\/product\/yoast-seo-premium-wordpress\/ -->\n<title>La plataforma de ventas minoristas de SPS Commerce<\/title>\n<meta name=\"description\" content=\"Mediante una conexi\u00f3n a nuestra amplia red de distribuci\u00f3n, puede vincular a todos los minoristas, proveedores, log\u00edstica y otros socios de la cadena de suministro con quienes hace negocios.\" \/>\n<meta name=\"robots\" content=\"index, follow, max-snippet:-1, max-image-preview:large, max-video-preview:-1\" \/>\n<link rel=\"canonical\" href=\"https:\/\/devcenter.spscommerce.com\/\" \/>\n<meta property=\"og:locale\" content=\"es_ES\" \/>\n<meta property=\"og:type\" content=\"article\" \/>\n<meta property=\"og:title\" content=\"Plataforma SPS\" \/>\n<meta property=\"og:description\" content=\"Mediante una conexi\u00f3n a nuestra amplia red de distribuci\u00f3n, puede vincular a todos los minoristas, proveedores, log\u00edstica y otros socios de la cadena de suministro con quienes hace negocios.\" \/>\n<meta property=\"og:url\" content=\"https:\/\/devcenter.spscommerce.com\/\" \/>\n<meta property=\"og:site_name\" content=\"SPS Commerce\" \/>\n<meta property=\"article:publisher\" content=\"https:\/\/www.facebook.com\/pages\/SPS-Commerce\/115540161807561\" \/>\n<meta property=\"article:modified_time\" content=\"2021-07-26T15:49:37+00:00\" \/>\n<meta name=\"twitter:card\" content=\"summary_large_image\" \/>\n<meta name=\"twitter:site\" content=\"@SPS_Commerce\" \/>\n<script type=\"application\/ld+json\" class=\"yoast-schema-graph\">{\"@context\":\"https:\\\/\\\/schema.org\",\"@graph\":[{\"@type\":\"WebPage\",\"@id\":\"https:\\\/\\\/www.spscommerce.com\\\/es\\\/socios-y-colaboradores\\\/desarrolladores\\\/plataforma-sps\\\/\",\"url\":\"https:\\\/\\\/devcenter.spscommerce.com\\\/\",\"name\":\"La plataforma de ventas minoristas de SPS Commerce\",\"isPartOf\":{\"@id\":\"https:\\\/\\\/www.spscommerce.com\\\/es\\\/#website\"},\"datePublished\":\"2016-04-29T17:59:09+00:00\",\"dateModified\":\"2021-07-26T15:49:37+00:00\",\"description\":\"Mediante una conexi\u00f3n a nuestra amplia red de distribuci\u00f3n, puede vincular a todos los minoristas, proveedores, log\u00edstica y otros socios de la cadena de suministro con quienes hace negocios.\",\"breadcrumb\":{\"@id\":\"https:\\\/\\\/devcenter.spscommerce.com\\\/#breadcrumb\"},\"inLanguage\":\"es-ES\",\"potentialAction\":[{\"@type\":\"ReadAction\",\"target\":[\"https:\\\/\\\/devcenter.spscommerce.com\\\/\"]}]},{\"@type\":\"BreadcrumbList\",\"@id\":\"https:\\\/\\\/devcenter.spscommerce.com\\\/#breadcrumb\",\"itemListElement\":[{\"@type\":\"ListItem\",\"position\":1,\"name\":\"Home\",\"item\":\"https:\\\/\\\/www.spscommerce.com\\\/es\\\/\"},{\"@type\":\"ListItem\",\"position\":2,\"name\":\"Socios y colaboradores\",\"item\":\"https:\\\/\\\/www.spscommerce.com\\\/es\\\/socios-y-colaboradores\\\/\"},{\"@type\":\"ListItem\",\"position\":3,\"name\":\"Desarrolladores\",\"item\":\"https:\\\/\\\/www.spscommerce.com\\\/es\\\/socios-y-colaboradores\\\/desarrolladores\\\/\"},{\"@type\":\"ListItem\",\"position\":4,\"name\":\"Plataforma SPS\"}]},{\"@type\":\"WebSite\",\"@id\":\"https:\\\/\\\/www.spscommerce.com\\\/es\\\/#website\",\"url\":\"https:\\\/\\\/www.spscommerce.com\\\/es\\\/\",\"name\":\"SPS Commerce\",\"description\":\"\",\"publisher\":{\"@id\":\"https:\\\/\\\/www.spscommerce.com\\\/es\\\/#organization\"},\"potentialAction\":[{\"@type\":\"SearchAction\",\"target\":{\"@type\":\"EntryPoint\",\"urlTemplate\":\"https:\\\/\\\/www.spscommerce.com\\\/es\\\/?s={search_term_string}\"},\"query-input\":{\"@type\":\"PropertyValueSpecification\",\"valueRequired\":true,\"valueName\":\"search_term_string\"}}],\"inLanguage\":\"es-ES\"},{\"@type\":\"Organization\",\"@id\":\"https:\\\/\\\/www.spscommerce.com\\\/es\\\/#organization\",\"name\":\"SPS Commerce\",\"url\":\"https:\\\/\\\/www.spscommerce.com\\\/es\\\/\",\"logo\":{\"@type\":\"ImageObject\",\"inLanguage\":\"es-ES\",\"@id\":\"https:\\\/\\\/www.spscommerce.com\\\/es\\\/#\\\/schema\\\/logo\\\/image\\\/\",\"url\":\"https:\\\/\\\/www.spscommerce.com\\\/wp-content\\\/uploads\\\/2017\\\/09\\\/logo-with-tag1.png\",\"contentUrl\":\"https:\\\/\\\/www.spscommerce.com\\\/wp-content\\\/uploads\\\/2017\\\/09\\\/logo-with-tag1.png\",\"width\":400,\"height\":110,\"caption\":\"SPS Commerce\"},\"image\":{\"@id\":\"https:\\\/\\\/www.spscommerce.com\\\/es\\\/#\\\/schema\\\/logo\\\/image\\\/\"},\"sameAs\":[\"https:\\\/\\\/www.facebook.com\\\/pages\\\/SPS-Commerce\\\/115540161807561\",\"https:\\\/\\\/x.com\\\/SPS_Commerce\",\"https:\\\/\\\/www.linkedin.com\\\/company\\\/sps-commerce\\\/\",\"https:\\\/\\\/www.youtube.com\\\/user\\\/SPSCommerce\"]}]}<\/script>\n<!-- \/ Yoast SEO Premium plugin. -->","yoast_head_json":{"title":"La plataforma de ventas minoristas de SPS Commerce","description":"Mediante una conexi\u00f3n a nuestra amplia red de distribuci\u00f3n, puede vincular a todos los minoristas, proveedores, log\u00edstica y otros socios de la cadena de suministro con quienes hace negocios.","robots":{"index":"index","follow":"follow","max-snippet":"max-snippet:-1","max-image-preview":"max-image-preview:large","max-video-preview":"max-video-preview:-1"},"canonical":"https:\/\/devcenter.spscommerce.com\/","og_locale":"es_ES","og_type":"article","og_title":"Plataforma SPS","og_description":"Mediante una conexi\u00f3n a nuestra amplia red de distribuci\u00f3n, puede vincular a todos los minoristas, proveedores, log\u00edstica y otros socios de la cadena de suministro con quienes hace negocios.","og_url":"https:\/\/devcenter.spscommerce.com\/","og_site_name":"SPS Commerce","article_publisher":"https:\/\/www.facebook.com\/pages\/SPS-Commerce\/115540161807561","article_modified_time":"2021-07-26T15:49:37+00:00","twitter_card":"summary_large_image","twitter_site":"@SPS_Commerce","schema":{"@context":"https:\/\/schema.org","@graph":[{"@type":"WebPage","@id":"https:\/\/www.spscommerce.com\/es\/socios-y-colaboradores\/desarrolladores\/plataforma-sps\/","url":"https:\/\/devcenter.spscommerce.com\/","name":"La plataforma de ventas minoristas de SPS Commerce","isPartOf":{"@id":"https:\/\/www.spscommerce.com\/es\/#website"},"datePublished":"2016-04-29T17:59:09+00:00","dateModified":"2021-07-26T15:49:37+00:00","description":"Mediante una conexi\u00f3n a nuestra amplia red de distribuci\u00f3n, puede vincular a todos los minoristas, proveedores, log\u00edstica y otros socios de la cadena de suministro con quienes hace negocios.","breadcrumb":{"@id":"https:\/\/devcenter.spscommerce.com\/#breadcrumb"},"inLanguage":"es-ES","potentialAction":[{"@type":"ReadAction","target":["https:\/\/devcenter.spscommerce.com\/"]}]},{"@type":"BreadcrumbList","@id":"https:\/\/devcenter.spscommerce.com\/#breadcrumb","itemListElement":[{"@type":"ListItem","position":1,"name":"Home","item":"https:\/\/www.spscommerce.com\/es\/"},{"@type":"ListItem","position":2,"name":"Socios y colaboradores","item":"https:\/\/www.spscommerce.com\/es\/socios-y-colaboradores\/"},{"@type":"ListItem","position":3,"name":"Desarrolladores","item":"https:\/\/www.spscommerce.com\/es\/socios-y-colaboradores\/desarrolladores\/"},{"@type":"ListItem","position":4,"name":"Plataforma SPS"}]},{"@type":"WebSite","@id":"https:\/\/www.spscommerce.com\/es\/#website","url":"https:\/\/www.spscommerce.com\/es\/","name":"SPS Commerce","description":"","publisher":{"@id":"https:\/\/www.spscommerce.com\/es\/#organization"},"potentialAction":[{"@type":"SearchAction","target":{"@type":"EntryPoint","urlTemplate":"https:\/\/www.spscommerce.com\/es\/?s={search_term_string}"},"query-input":{"@type":"PropertyValueSpecification","valueRequired":true,"valueName":"search_term_string"}}],"inLanguage":"es-ES"},{"@type":"Organization","@id":"https:\/\/www.spscommerce.com\/es\/#organization","name":"SPS Commerce","url":"https:\/\/www.spscommerce.com\/es\/","logo":{"@type":"ImageObject","inLanguage":"es-ES","@id":"https:\/\/www.spscommerce.com\/es\/#\/schema\/logo\/image\/","url":"https:\/\/www.spscommerce.com\/wp-content\/uploads\/2017\/09\/logo-with-tag1.png","contentUrl":"https:\/\/www.spscommerce.com\/wp-content\/uploads\/2017\/09\/logo-with-tag1.png","width":400,"height":110,"caption":"SPS Commerce"},"image":{"@id":"https:\/\/www.spscommerce.com\/es\/#\/schema\/logo\/image\/"},"sameAs":["https:\/\/www.facebook.com\/pages\/SPS-Commerce\/115540161807561","https:\/\/x.com\/SPS_Commerce","https:\/\/www.linkedin.com\/company\/sps-commerce\/","https:\/\/www.youtube.com\/user\/SPSCommerce"]}]}},"_links":{"self":[{"href":"https:\/\/www.spscommerce.com\/es\/wp-json\/wp\/v2\/pages\/34368","targetHints":{"allow":["GET"]}}],"collection":[{"href":"https:\/\/www.spscommerce.com\/es\/wp-json\/wp\/v2\/pages"}],"about":[{"href":"https:\/\/www.spscommerce.com\/es\/wp-json\/wp\/v2\/types\/page"}],"author":[{"embeddable":true,"href":"https:\/\/www.spscommerce.com\/es\/wp-json\/wp\/v2\/users\/23"}],"replies":[{"embeddable":true,"href":"https:\/\/www.spscommerce.com\/es\/wp-json\/wp\/v2\/comments?post=34368"}],"version-history":[{"count":5,"href":"https:\/\/www.spscommerce.com\/es\/wp-json\/wp\/v2\/pages\/34368\/revisions"}],"predecessor-version":[{"id":113672,"href":"https:\/\/www.spscommerce.com\/es\/wp-json\/wp\/v2\/pages\/34368\/revisions\/113672"}],"up":[{"embeddable":true,"href":"https:\/\/www.spscommerce.com\/es\/wp-json\/wp\/v2\/pages\/34358"}],"wp:attachment":[{"href":"https:\/\/www.spscommerce.com\/es\/wp-json\/wp\/v2\/media?parent=34368"}],"curies":[{"name":"wp","href":"https:\/\/api.w.org\/{rel}","templated":true}]}}