{"id":3130,"date":"2014-07-25T08:48:52","date_gmt":"2014-07-25T08:48:52","guid":{"rendered":"http:\/\/www.spscommerce-blog.com\/?page_id=3130"},"modified":"2014-07-25T08:48:52","modified_gmt":"2014-07-25T08:48:52","slug":"referencias","status":"publish","type":"page","link":"https:\/\/www.spscommerce.com\/es\/comunidad-de-socios\/negocio\/referencias\/","title":{"rendered":"Referencias"},"content":{"rendered":"<p class=\"lead\">Colaboraciones de gran alcance.<\/p>\n<p class=\"p1\">Nuestro programa de contactos est\u00e1 concebido para socios comerciales con clientes de mercados y sectores similares a los de SPS Commerce, y susceptibles de beneficiarse de nuestros servicios. Como socio comercial, usted tiene la oportunidad de identificar y mencionar clientes potenciales de SPS para compartir negocios generados a partir de dichos clientes. Nuestro programa pone directamente sobre la mesa el desaf\u00edo en cuesti\u00f3n, y utiliza la soluci\u00f3n id\u00f3nea para obtener los mejores resultados. En el momento en que una empresa se convierte en cliente de SPS Commerce, los socios de contacto tendr\u00e1n acceso a nuestro programa mensual de reparto de ingresos.<\/p>\n<p class=\"p1\">\u00a1Reg\u00edstrese hoy mismo!<\/p>\n","protected":false},"excerpt":{"rendered":"<p>Colaboraciones de gran alcance. Nuestro programa de contactos est\u00e1 concebido para socios comerciales con clientes de mercados y sectores similares a los de SPS Commerce, y susceptibles de beneficiarse de nuestros servicios. Como socio comercial, usted tiene la oportunidad de identificar y mencionar clientes potenciales de SPS para compartir negocios generados a partir de dichos [&hellip;]<\/p>\n","protected":false},"author":23,"featured_media":0,"parent":2260,"menu_order":0,"comment_status":"closed","ping_status":"closed","template":"","meta":{"_acf_changed":false,"_et_pb_use_builder":"","_et_pb_old_content":"","_et_gb_content_width":"","sfsi_plus_gutenberg_text_before_share":"","sfsi_plus_gutenberg_show_text_before_share":"","sfsi_plus_gutenberg_icon_type":"","sfsi_plus_gutenberg_icon_alignemt":"","sfsi_plus_gutenburg_max_per_row":"","footnotes":""},"class_list":["post-3130","page","type-page","status-publish","hentry"],"acf":[],"yoast_head":"<!-- This site is optimized with the Yoast SEO Premium plugin v26.1 (Yoast SEO v26.1.1) - https:\/\/yoast.com\/wordpress\/plugins\/seo\/ -->\n<title>Referencias - SPS Commerce<\/title>\n<meta name=\"robots\" content=\"index, follow, max-snippet:-1, max-image-preview:large, max-video-preview:-1\" \/>\n<link rel=\"canonical\" href=\"https:\/\/www.spscommerce.com\/es\/comunidad-de-socios\/negocio\/referencias\/\" \/>\n<meta property=\"og:locale\" content=\"es_ES\" \/>\n<meta property=\"og:type\" content=\"article\" \/>\n<meta property=\"og:title\" content=\"Referencias\" \/>\n<meta property=\"og:description\" content=\"Colaboraciones de gran alcance. Nuestro programa de contactos est\u00e1 concebido para socios comerciales con clientes de mercados y sectores similares a los de SPS Commerce, y susceptibles de beneficiarse de nuestros servicios. Como socio comercial, usted tiene la oportunidad de identificar y mencionar clientes potenciales de SPS para compartir negocios generados a partir de dichos [&hellip;]\" \/>\n<meta property=\"og:url\" content=\"https:\/\/www.spscommerce.com\/es\/comunidad-de-socios\/negocio\/referencias\/\" \/>\n<meta property=\"og:site_name\" content=\"SPS Commerce\" \/>\n<meta property=\"article:publisher\" content=\"https:\/\/www.facebook.com\/pages\/SPS-Commerce\/115540161807561\" \/>\n<meta name=\"twitter:card\" content=\"summary_large_image\" \/>\n<meta name=\"twitter:site\" content=\"@SPS_Commerce\" \/>\n<script type=\"application\/ld+json\" class=\"yoast-schema-graph\">{\"@context\":\"https:\/\/schema.org\",\"@graph\":[{\"@type\":\"WebPage\",\"@id\":\"https:\/\/www.spscommerce.com\/es\/comunidad-de-socios\/negocio\/referencias\/\",\"url\":\"https:\/\/www.spscommerce.com\/es\/comunidad-de-socios\/negocio\/referencias\/\",\"name\":\"Referencias - SPS Commerce\",\"isPartOf\":{\"@id\":\"https:\/\/www.spscommerce.com\/es\/#website\"},\"datePublished\":\"2014-07-25T08:48:52+00:00\",\"breadcrumb\":{\"@id\":\"https:\/\/www.spscommerce.com\/es\/comunidad-de-socios\/negocio\/referencias\/#breadcrumb\"},\"inLanguage\":\"es-ES\",\"potentialAction\":[{\"@type\":\"ReadAction\",\"target\":[\"https:\/\/www.spscommerce.com\/es\/comunidad-de-socios\/negocio\/referencias\/\"]}]},{\"@type\":\"BreadcrumbList\",\"@id\":\"https:\/\/www.spscommerce.com\/es\/comunidad-de-socios\/negocio\/referencias\/#breadcrumb\",\"itemListElement\":[{\"@type\":\"ListItem\",\"position\":1,\"name\":\"Home\",\"item\":\"https:\/\/www.spscommerce.com\/es\/\"},{\"@type\":\"ListItem\",\"position\":2,\"name\":\"Comunidad de Socios\",\"item\":\"https:\/\/www.spscommerce.com\/es\/comunidad-de-socios\/\"},{\"@type\":\"ListItem\",\"position\":3,\"name\":\"Negocio\",\"item\":\"https:\/\/www.spscommerce.com\/es\/comunidad-de-socios\/negocio\/\"},{\"@type\":\"ListItem\",\"position\":4,\"name\":\"Referencias\"}]},{\"@type\":\"WebSite\",\"@id\":\"https:\/\/www.spscommerce.com\/es\/#website\",\"url\":\"https:\/\/www.spscommerce.com\/es\/\",\"name\":\"SPS Commerce\",\"description\":\"\",\"publisher\":{\"@id\":\"https:\/\/www.spscommerce.com\/es\/#organization\"},\"potentialAction\":[{\"@type\":\"SearchAction\",\"target\":{\"@type\":\"EntryPoint\",\"urlTemplate\":\"https:\/\/www.spscommerce.com\/es\/?s={search_term_string}\"},\"query-input\":{\"@type\":\"PropertyValueSpecification\",\"valueRequired\":true,\"valueName\":\"search_term_string\"}}],\"inLanguage\":\"es-ES\"},{\"@type\":\"Organization\",\"@id\":\"https:\/\/www.spscommerce.com\/es\/#organization\",\"name\":\"SPS Commerce\",\"url\":\"https:\/\/www.spscommerce.com\/es\/\",\"logo\":{\"@type\":\"ImageObject\",\"inLanguage\":\"es-ES\",\"@id\":\"https:\/\/www.spscommerce.com\/es\/#\/schema\/logo\/image\/\",\"url\":\"https:\/\/www.spscommerce.com\/wp-content\/uploads\/2017\/09\/logo-with-tag1.png\",\"contentUrl\":\"https:\/\/www.spscommerce.com\/wp-content\/uploads\/2017\/09\/logo-with-tag1.png\",\"width\":400,\"height\":110,\"caption\":\"SPS Commerce\"},\"image\":{\"@id\":\"https:\/\/www.spscommerce.com\/es\/#\/schema\/logo\/image\/\"},\"sameAs\":[\"https:\/\/www.facebook.com\/pages\/SPS-Commerce\/115540161807561\",\"https:\/\/x.com\/SPS_Commerce\",\"https:\/\/www.linkedin.com\/company\/sps-commerce\/\",\"https:\/\/www.youtube.com\/user\/SPSCommerce\"]}]}<\/script>\n<!-- \/ Yoast SEO Premium plugin. -->","yoast_head_json":{"title":"Referencias - SPS Commerce","robots":{"index":"index","follow":"follow","max-snippet":"max-snippet:-1","max-image-preview":"max-image-preview:large","max-video-preview":"max-video-preview:-1"},"canonical":"https:\/\/www.spscommerce.com\/es\/comunidad-de-socios\/negocio\/referencias\/","og_locale":"es_ES","og_type":"article","og_title":"Referencias","og_description":"Colaboraciones de gran alcance. Nuestro programa de contactos est\u00e1 concebido para socios comerciales con clientes de mercados y sectores similares a los de SPS Commerce, y susceptibles de beneficiarse de nuestros servicios. Como socio comercial, usted tiene la oportunidad de identificar y mencionar clientes potenciales de SPS para compartir negocios generados a partir de dichos [&hellip;]","og_url":"https:\/\/www.spscommerce.com\/es\/comunidad-de-socios\/negocio\/referencias\/","og_site_name":"SPS Commerce","article_publisher":"https:\/\/www.facebook.com\/pages\/SPS-Commerce\/115540161807561","twitter_card":"summary_large_image","twitter_site":"@SPS_Commerce","schema":{"@context":"https:\/\/schema.org","@graph":[{"@type":"WebPage","@id":"https:\/\/www.spscommerce.com\/es\/comunidad-de-socios\/negocio\/referencias\/","url":"https:\/\/www.spscommerce.com\/es\/comunidad-de-socios\/negocio\/referencias\/","name":"Referencias - SPS Commerce","isPartOf":{"@id":"https:\/\/www.spscommerce.com\/es\/#website"},"datePublished":"2014-07-25T08:48:52+00:00","breadcrumb":{"@id":"https:\/\/www.spscommerce.com\/es\/comunidad-de-socios\/negocio\/referencias\/#breadcrumb"},"inLanguage":"es-ES","potentialAction":[{"@type":"ReadAction","target":["https:\/\/www.spscommerce.com\/es\/comunidad-de-socios\/negocio\/referencias\/"]}]},{"@type":"BreadcrumbList","@id":"https:\/\/www.spscommerce.com\/es\/comunidad-de-socios\/negocio\/referencias\/#breadcrumb","itemListElement":[{"@type":"ListItem","position":1,"name":"Home","item":"https:\/\/www.spscommerce.com\/es\/"},{"@type":"ListItem","position":2,"name":"Comunidad de Socios","item":"https:\/\/www.spscommerce.com\/es\/comunidad-de-socios\/"},{"@type":"ListItem","position":3,"name":"Negocio","item":"https:\/\/www.spscommerce.com\/es\/comunidad-de-socios\/negocio\/"},{"@type":"ListItem","position":4,"name":"Referencias"}]},{"@type":"WebSite","@id":"https:\/\/www.spscommerce.com\/es\/#website","url":"https:\/\/www.spscommerce.com\/es\/","name":"SPS Commerce","description":"","publisher":{"@id":"https:\/\/www.spscommerce.com\/es\/#organization"},"potentialAction":[{"@type":"SearchAction","target":{"@type":"EntryPoint","urlTemplate":"https:\/\/www.spscommerce.com\/es\/?s={search_term_string}"},"query-input":{"@type":"PropertyValueSpecification","valueRequired":true,"valueName":"search_term_string"}}],"inLanguage":"es-ES"},{"@type":"Organization","@id":"https:\/\/www.spscommerce.com\/es\/#organization","name":"SPS Commerce","url":"https:\/\/www.spscommerce.com\/es\/","logo":{"@type":"ImageObject","inLanguage":"es-ES","@id":"https:\/\/www.spscommerce.com\/es\/#\/schema\/logo\/image\/","url":"https:\/\/www.spscommerce.com\/wp-content\/uploads\/2017\/09\/logo-with-tag1.png","contentUrl":"https:\/\/www.spscommerce.com\/wp-content\/uploads\/2017\/09\/logo-with-tag1.png","width":400,"height":110,"caption":"SPS Commerce"},"image":{"@id":"https:\/\/www.spscommerce.com\/es\/#\/schema\/logo\/image\/"},"sameAs":["https:\/\/www.facebook.com\/pages\/SPS-Commerce\/115540161807561","https:\/\/x.com\/SPS_Commerce","https:\/\/www.linkedin.com\/company\/sps-commerce\/","https:\/\/www.youtube.com\/user\/SPSCommerce"]}]}},"_links":{"self":[{"href":"https:\/\/www.spscommerce.com\/es\/wp-json\/wp\/v2\/pages\/3130","targetHints":{"allow":["GET"]}}],"collection":[{"href":"https:\/\/www.spscommerce.com\/es\/wp-json\/wp\/v2\/pages"}],"about":[{"href":"https:\/\/www.spscommerce.com\/es\/wp-json\/wp\/v2\/types\/page"}],"author":[{"embeddable":true,"href":"https:\/\/www.spscommerce.com\/es\/wp-json\/wp\/v2\/users\/23"}],"replies":[{"embeddable":true,"href":"https:\/\/www.spscommerce.com\/es\/wp-json\/wp\/v2\/comments?post=3130"}],"version-history":[{"count":1,"href":"https:\/\/www.spscommerce.com\/es\/wp-json\/wp\/v2\/pages\/3130\/revisions"}],"predecessor-version":[{"id":3131,"href":"https:\/\/www.spscommerce.com\/es\/wp-json\/wp\/v2\/pages\/3130\/revisions\/3131"}],"up":[{"embeddable":true,"href":"https:\/\/www.spscommerce.com\/es\/wp-json\/wp\/v2\/pages\/2260"}],"wp:attachment":[{"href":"https:\/\/www.spscommerce.com\/es\/wp-json\/wp\/v2\/media?parent=3130"}],"curies":[{"name":"wp","href":"https:\/\/api.w.org\/{rel}","templated":true}]}}