{"id":2949,"date":"2014-07-25T06:27:47","date_gmt":"2014-07-25T06:27:47","guid":{"rendered":"http:\/\/www.spscommerce-blog.com\/?page_id=2949"},"modified":"2019-10-28T14:45:38","modified_gmt":"2019-10-28T19:45:38","slug":"conformidad","status":"publish","type":"page","link":"https:\/\/www.spscommerce.com\/es\/conformidad\/","title":{"rendered":"Conformidad"},"content":{"rendered":"<p class=\"lead\">Soluciones de conformidad para cada desaf\u00edo.<\/p>\n<p class=\"p1\">A la hora de completar sus pedidos, ya sea para grandes minoristas multinacionales o para el cliente de al lado, sabemos que, para que su negocio se mueva en la direcci\u00f3n correcta, necesita optimizar la comunicaci\u00f3n. Nosotros contamos con un historial comprobado de minoristas, proveedores y socios comerciales con las soluciones de conformidad necesarias para mejorar su eficacia y sus relaciones profesionales.<\/p>\n<p class=\"p2\">Entre nuestra completa gama de soluciones de conformidad encontrar\u00e1:<\/p>\n<ul>\n<li><span style=\"font-family: inherit; line-height: 1.6;\">Scan and Pack<\/span><\/li>\n<li><span style=\"font-family: inherit; line-height: 1.6;\">Servicios de etiquetado<\/span><\/li>\n<li><span style=\"font-family: inherit; line-height: 1.6;\">Servicios de notas de embalaje con logotipo de marca<\/span><\/li>\n<\/ul>\n<div class=\"services-children-list\"><img decoding=\"async\" src=\"\/wp-content\/uploads\/2014\/07\/children-bracket.png\" alt=\"\" \/><\/p>\n<ul class=\"block-grid two-up mobile-one-up\">\n<li style=\"clear: both;\">\n<div style=\"text-align: center;\"><img decoding=\"async\" style=\"max-width: 120px;\" src=\"\/wp-content\/uploads\/2014\/07\/SetWidth120-item-management-blue.png\" alt=\"\" \/><\/div>\n<h3>Servicio Scan and Pack<\/h3>\n<p>Mejore su herramienta actual de formularios web o servicio de intercambio electr\u00f3nico de datos integrado con nuestro m\u00f3dulo Scan &amp; Pack. Nosotros simplificamos el proceso de creaci\u00f3n y env\u00edo de notificaciones de env\u00edo por adelantado (SNS), reduciendo enormemente el n\u00famero de errores y, por consiguiente, protegiendo su tiempo y su actividad.<\/p>\n<p>Servicio Scan and Pack<\/p>\n<\/li>\n<li>\n<div style=\"text-align: center;\"><img decoding=\"async\" style=\"max-width: 120px;\" src=\"\/wp-content\/uploads\/2014\/07\/SetWidth120-item-management-blue.png\" alt=\"\" \/><\/div>\n<h3>Servicio de etiquetado<\/h3>\n<p>Cumpla con las exigencias de sus clientes en materia de etiquetado de marcas del modo m\u00e1s sencillo y sin necesidad de invertir en costosos programas. Nuestro servicio de etiquetado a la carta automatiza el proceso de elaboraci\u00f3n de etiquetas, proporcionando datos de pedidos de compra y notificaciones de env\u00edo por adelantado, olvid\u00e1ndonos de la introducci\u00f3n manual.<\/p>\n<p>Servicio de etiquetado<\/p>\n<\/li>\n<li style=\"clear: both;\">\n<div style=\"text-align: center;\"><img decoding=\"async\" style=\"max-width: 120px;\" src=\"\/wp-content\/uploads\/2014\/07\/SetWidth120-item-management-blue.png\" alt=\"\" \/><\/div>\n<h3>Servicios de notas de embalaje con logotipo de marca<\/h3>\n<p>Realizar una entrega directa a un gran minorista conlleva la presi\u00f3n de tener que mantener su marca a la vez que rellenar los pedidos con rapidez y exactitud. Nuestro servicio de notas de embalaje con logotipo de marca le ayudar\u00e1 a generar sus notas de manera r\u00e1pida y correcta. Nuestra soluci\u00f3n hace que se olvide de la molesta tarea y la p\u00e9rdida de tiempo que supone la introducci\u00f3n de datos, extrayendo la informaci\u00f3n de su cliente directamente de los pedidos. Utilizando los logos oficiales de sus clientes y sus im\u00e1genes de marketing, sus pedidos de entrega directa llegar\u00e1n r\u00e1pidamente y sin errores.<\/p>\n<p>Servicios de notas de embalaje con logotipo de marca<\/p>\n<\/li>\n<\/ul>\n<\/div>\n","protected":false},"excerpt":{"rendered":"<p>Soluciones de conformidad para cada desaf\u00edo. A la hora de completar sus pedidos, ya sea para grandes minoristas multinacionales o para el cliente de al lado, sabemos que, para que su negocio se mueva en la direcci\u00f3n correcta, necesita optimizar la comunicaci\u00f3n. Nosotros contamos con un historial comprobado de minoristas, proveedores y socios comerciales con [&hellip;]<\/p>\n","protected":false},"author":23,"featured_media":0,"parent":0,"menu_order":0,"comment_status":"closed","ping_status":"closed","template":"","meta":{"_acf_changed":false,"_et_pb_use_builder":"","_et_pb_old_content":"","_et_gb_content_width":"","sfsi_plus_gutenberg_text_before_share":"","sfsi_plus_gutenberg_show_text_before_share":"","sfsi_plus_gutenberg_icon_type":"","sfsi_plus_gutenberg_icon_alignemt":"","sfsi_plus_gutenburg_max_per_row":"","footnotes":""},"class_list":["post-2949","page","type-page","status-publish","hentry"],"acf":[],"yoast_head":"<!-- This site is optimized with the Yoast SEO Premium plugin v26.1 (Yoast SEO v26.1.1) - https:\/\/yoast.com\/wordpress\/plugins\/seo\/ -->\n<title>Conformidad - SPS Commerce<\/title>\n<meta name=\"robots\" content=\"index, follow, max-snippet:-1, max-image-preview:large, max-video-preview:-1\" \/>\n<link rel=\"canonical\" href=\"https:\/\/www.spscommerce.com\/es\/conformidad\/\" \/>\n<meta property=\"og:locale\" content=\"es_ES\" \/>\n<meta property=\"og:type\" content=\"article\" \/>\n<meta property=\"og:title\" content=\"Conformidad\" \/>\n<meta property=\"og:description\" content=\"Soluciones de conformidad para cada desaf\u00edo. A la hora de completar sus pedidos, ya sea para grandes minoristas multinacionales o para el cliente de al lado, sabemos que, para que su negocio se mueva en la direcci\u00f3n correcta, necesita optimizar la comunicaci\u00f3n. Nosotros contamos con un historial comprobado de minoristas, proveedores y socios comerciales con [&hellip;]\" \/>\n<meta property=\"og:url\" content=\"https:\/\/www.spscommerce.com\/es\/conformidad\/\" \/>\n<meta property=\"og:site_name\" content=\"SPS Commerce\" \/>\n<meta property=\"article:publisher\" content=\"https:\/\/www.facebook.com\/pages\/SPS-Commerce\/115540161807561\" \/>\n<meta property=\"article:modified_time\" content=\"2019-10-28T19:45:38+00:00\" \/>\n<meta name=\"twitter:card\" content=\"summary_large_image\" \/>\n<meta name=\"twitter:site\" content=\"@SPS_Commerce\" \/>\n<script type=\"application\/ld+json\" class=\"yoast-schema-graph\">{\"@context\":\"https:\/\/schema.org\",\"@graph\":[{\"@type\":\"WebPage\",\"@id\":\"https:\/\/www.spscommerce.com\/es\/conformidad\/\",\"url\":\"https:\/\/www.spscommerce.com\/es\/conformidad\/\",\"name\":\"Conformidad - SPS Commerce\",\"isPartOf\":{\"@id\":\"https:\/\/www.spscommerce.com\/es\/#website\"},\"datePublished\":\"2014-07-25T06:27:47+00:00\",\"dateModified\":\"2019-10-28T19:45:38+00:00\",\"breadcrumb\":{\"@id\":\"https:\/\/www.spscommerce.com\/es\/conformidad\/#breadcrumb\"},\"inLanguage\":\"es-ES\",\"potentialAction\":[{\"@type\":\"ReadAction\",\"target\":[\"https:\/\/www.spscommerce.com\/es\/conformidad\/\"]}]},{\"@type\":\"BreadcrumbList\",\"@id\":\"https:\/\/www.spscommerce.com\/es\/conformidad\/#breadcrumb\",\"itemListElement\":[{\"@type\":\"ListItem\",\"position\":1,\"name\":\"Home\",\"item\":\"https:\/\/www.spscommerce.com\/es\/\"},{\"@type\":\"ListItem\",\"position\":2,\"name\":\"Conformidad\"}]},{\"@type\":\"WebSite\",\"@id\":\"https:\/\/www.spscommerce.com\/es\/#website\",\"url\":\"https:\/\/www.spscommerce.com\/es\/\",\"name\":\"SPS Commerce\",\"description\":\"\",\"publisher\":{\"@id\":\"https:\/\/www.spscommerce.com\/es\/#organization\"},\"potentialAction\":[{\"@type\":\"SearchAction\",\"target\":{\"@type\":\"EntryPoint\",\"urlTemplate\":\"https:\/\/www.spscommerce.com\/es\/?s={search_term_string}\"},\"query-input\":{\"@type\":\"PropertyValueSpecification\",\"valueRequired\":true,\"valueName\":\"search_term_string\"}}],\"inLanguage\":\"es-ES\"},{\"@type\":\"Organization\",\"@id\":\"https:\/\/www.spscommerce.com\/es\/#organization\",\"name\":\"SPS Commerce\",\"url\":\"https:\/\/www.spscommerce.com\/es\/\",\"logo\":{\"@type\":\"ImageObject\",\"inLanguage\":\"es-ES\",\"@id\":\"https:\/\/www.spscommerce.com\/es\/#\/schema\/logo\/image\/\",\"url\":\"https:\/\/www.spscommerce.com\/wp-content\/uploads\/2017\/09\/logo-with-tag1.png\",\"contentUrl\":\"https:\/\/www.spscommerce.com\/wp-content\/uploads\/2017\/09\/logo-with-tag1.png\",\"width\":400,\"height\":110,\"caption\":\"SPS Commerce\"},\"image\":{\"@id\":\"https:\/\/www.spscommerce.com\/es\/#\/schema\/logo\/image\/\"},\"sameAs\":[\"https:\/\/www.facebook.com\/pages\/SPS-Commerce\/115540161807561\",\"https:\/\/x.com\/SPS_Commerce\",\"https:\/\/www.linkedin.com\/company\/sps-commerce\/\",\"https:\/\/www.youtube.com\/user\/SPSCommerce\"]}]}<\/script>\n<!-- \/ Yoast SEO Premium plugin. -->","yoast_head_json":{"title":"Conformidad - SPS Commerce","robots":{"index":"index","follow":"follow","max-snippet":"max-snippet:-1","max-image-preview":"max-image-preview:large","max-video-preview":"max-video-preview:-1"},"canonical":"https:\/\/www.spscommerce.com\/es\/conformidad\/","og_locale":"es_ES","og_type":"article","og_title":"Conformidad","og_description":"Soluciones de conformidad para cada desaf\u00edo. A la hora de completar sus pedidos, ya sea para grandes minoristas multinacionales o para el cliente de al lado, sabemos que, para que su negocio se mueva en la direcci\u00f3n correcta, necesita optimizar la comunicaci\u00f3n. Nosotros contamos con un historial comprobado de minoristas, proveedores y socios comerciales con [&hellip;]","og_url":"https:\/\/www.spscommerce.com\/es\/conformidad\/","og_site_name":"SPS Commerce","article_publisher":"https:\/\/www.facebook.com\/pages\/SPS-Commerce\/115540161807561","article_modified_time":"2019-10-28T19:45:38+00:00","twitter_card":"summary_large_image","twitter_site":"@SPS_Commerce","schema":{"@context":"https:\/\/schema.org","@graph":[{"@type":"WebPage","@id":"https:\/\/www.spscommerce.com\/es\/conformidad\/","url":"https:\/\/www.spscommerce.com\/es\/conformidad\/","name":"Conformidad - SPS Commerce","isPartOf":{"@id":"https:\/\/www.spscommerce.com\/es\/#website"},"datePublished":"2014-07-25T06:27:47+00:00","dateModified":"2019-10-28T19:45:38+00:00","breadcrumb":{"@id":"https:\/\/www.spscommerce.com\/es\/conformidad\/#breadcrumb"},"inLanguage":"es-ES","potentialAction":[{"@type":"ReadAction","target":["https:\/\/www.spscommerce.com\/es\/conformidad\/"]}]},{"@type":"BreadcrumbList","@id":"https:\/\/www.spscommerce.com\/es\/conformidad\/#breadcrumb","itemListElement":[{"@type":"ListItem","position":1,"name":"Home","item":"https:\/\/www.spscommerce.com\/es\/"},{"@type":"ListItem","position":2,"name":"Conformidad"}]},{"@type":"WebSite","@id":"https:\/\/www.spscommerce.com\/es\/#website","url":"https:\/\/www.spscommerce.com\/es\/","name":"SPS Commerce","description":"","publisher":{"@id":"https:\/\/www.spscommerce.com\/es\/#organization"},"potentialAction":[{"@type":"SearchAction","target":{"@type":"EntryPoint","urlTemplate":"https:\/\/www.spscommerce.com\/es\/?s={search_term_string}"},"query-input":{"@type":"PropertyValueSpecification","valueRequired":true,"valueName":"search_term_string"}}],"inLanguage":"es-ES"},{"@type":"Organization","@id":"https:\/\/www.spscommerce.com\/es\/#organization","name":"SPS Commerce","url":"https:\/\/www.spscommerce.com\/es\/","logo":{"@type":"ImageObject","inLanguage":"es-ES","@id":"https:\/\/www.spscommerce.com\/es\/#\/schema\/logo\/image\/","url":"https:\/\/www.spscommerce.com\/wp-content\/uploads\/2017\/09\/logo-with-tag1.png","contentUrl":"https:\/\/www.spscommerce.com\/wp-content\/uploads\/2017\/09\/logo-with-tag1.png","width":400,"height":110,"caption":"SPS Commerce"},"image":{"@id":"https:\/\/www.spscommerce.com\/es\/#\/schema\/logo\/image\/"},"sameAs":["https:\/\/www.facebook.com\/pages\/SPS-Commerce\/115540161807561","https:\/\/x.com\/SPS_Commerce","https:\/\/www.linkedin.com\/company\/sps-commerce\/","https:\/\/www.youtube.com\/user\/SPSCommerce"]}]}},"_links":{"self":[{"href":"https:\/\/www.spscommerce.com\/es\/wp-json\/wp\/v2\/pages\/2949","targetHints":{"allow":["GET"]}}],"collection":[{"href":"https:\/\/www.spscommerce.com\/es\/wp-json\/wp\/v2\/pages"}],"about":[{"href":"https:\/\/www.spscommerce.com\/es\/wp-json\/wp\/v2\/types\/page"}],"author":[{"embeddable":true,"href":"https:\/\/www.spscommerce.com\/es\/wp-json\/wp\/v2\/users\/23"}],"replies":[{"embeddable":true,"href":"https:\/\/www.spscommerce.com\/es\/wp-json\/wp\/v2\/comments?post=2949"}],"version-history":[{"count":10,"href":"https:\/\/www.spscommerce.com\/es\/wp-json\/wp\/v2\/pages\/2949\/revisions"}],"predecessor-version":[{"id":97540,"href":"https:\/\/www.spscommerce.com\/es\/wp-json\/wp\/v2\/pages\/2949\/revisions\/97540"}],"wp:attachment":[{"href":"https:\/\/www.spscommerce.com\/es\/wp-json\/wp\/v2\/media?parent=2949"}],"curies":[{"name":"wp","href":"https:\/\/api.w.org\/{rel}","templated":true}]}}