{"id":2941,"date":"2014-07-25T06:19:59","date_gmt":"2014-07-25T06:19:59","guid":{"rendered":"http:\/\/www.spscommerce-blog.com\/?page_id=2941"},"modified":"2014-08-27T13:39:29","modified_gmt":"2014-08-27T13:39:29","slug":"servicio-scan-and-pack","status":"publish","type":"page","link":"https:\/\/www.spscommerce.com\/es\/servicios\/integracion\/externalizacion-de-intercambio-electronico-de-datos-en-formularios-web\/servicio-scan-and-pack\/","title":{"rendered":"Servicio Scan And Pack"},"content":{"rendered":"<p class=\"lead\">Olv\u00eddese de los errores de env\u00edo.<\/p>\n<p class=\"p1\">Mejore su herramienta actual de formularios web o servicio de intercambio electr\u00f3nico de datos integrado con nuestro m\u00f3dulo Scan &amp; Pack. Nosotros simplificamos el proceso de creaci\u00f3n y env\u00edo de notificaciones de env\u00edo por adelantado (SNS), reduciendo enormemente el n\u00famero de errores y, por consiguiente, protegiendo su tiempo y su actividad.<\/p>\n<p class=\"p2\">Scan &amp; Pack escanea el contenido de las cajas y completa las notificaciones de env\u00edo por adelantado con la informaci\u00f3n del paquete, lo que le permite ahorrar tiempo en introducci\u00f3n de datos y a\u00fan m\u00e1s ocup\u00e1ndose de sus clientes.<\/p>\n<p class=\"p2\">Scan &amp; Pack le permite:<\/p>\n<ul>\n<li><span style=\"font-family: inherit; line-height: 1.6;\">Enviar la informaci\u00f3n correcta de los pedidos al departamento de env\u00edos y proporcionarles las herramientas para realizar el proceso de empaquetado con mayor precisi\u00f3n y eficiencia<\/span><\/li>\n<li><span style=\"font-family: inherit; line-height: 1.6;\">Imprimir las etiquetas en tiempo real al mismo tiempo que se empaquetan las cajas<\/span><\/li>\n<li><span style=\"font-family: inherit; line-height: 1.6;\">Asegurar la exactitud del contenido de cada caja<\/span><\/li>\n<li><span style=\"font-family: inherit; line-height: 1.6;\">Asegurar la comunicaci\u00f3n eficaz entre el personal de oficina y el de almac\u00e9n, lo que garantiza la creaci\u00f3n r\u00e1pida y correcta de las ASN<\/span><\/li>\n<li><span style=\"font-family: inherit; line-height: 1.6;\">Escanear los n\u00fameros de lote\/serie para facilitar el seguimiento, as\u00ed como los pesos cambiantes para introducir tanto la cantidad como el peso de los productos cuyo peso no es est\u00e1ndar<\/span><\/li>\n<\/ul>\n<div class=\"row collapse document pdf\">\n<div class=\"twelve columns\">\n<div class=\"document-content\">\n<h4>SPS Case Study: Pell Industrial<\/h4>\n<p>Pell Industrial manufactures and distributes private label hand tools and related products. Its retail customers include Home Depot, Lowe\u2019s, Menards, and Pep Boys, among others.<\/p>\n<p><a href=\"\/wp-content\/uploads\/2014\/07\/SPSCaseStudy-PellIndustrial1.pdf\">DOWNLOAD CASE STUDY<\/a><\/p>\n<\/div>\n<\/div>\n<\/div>\n<div class=\"row collapse document pdf\">\n<div class=\"twelve columns\">\n<div class=\"document-content\">\n<h4>SPS Case Study: RoxburyTechnology<\/h4>\n<p>In early 2010, Roxbury decided to automate its shipping processes to improve accuracy and eliminate manual data entry. They immediately contacted a vendor they could trust, SPS Commerce.<\/p>\n<p><a href=\"\/wp-content\/uploads\/2014\/07\/SPSCaseStudy-RoxburyTechnology.pdf\">DOWNLOAD CASE STUDY<\/a><\/p>\n<\/div>\n<\/div>\n<\/div>\n","protected":false},"excerpt":{"rendered":"<p>Olv\u00eddese de los errores de env\u00edo. Mejore su herramienta actual de formularios web o servicio de intercambio electr\u00f3nico de datos integrado con nuestro m\u00f3dulo Scan &amp; Pack. Nosotros simplificamos el proceso de creaci\u00f3n y env\u00edo de notificaciones de env\u00edo por adelantado (SNS), reduciendo enormemente el n\u00famero de errores y, por consiguiente, protegiendo su tiempo y [&hellip;]<\/p>\n","protected":false},"author":23,"featured_media":0,"parent":2903,"menu_order":0,"comment_status":"closed","ping_status":"closed","template":"","meta":{"_acf_changed":false,"_et_pb_use_builder":"","_et_pb_old_content":"","_et_gb_content_width":"","sfsi_plus_gutenberg_text_before_share":"","sfsi_plus_gutenberg_show_text_before_share":"","sfsi_plus_gutenberg_icon_type":"","sfsi_plus_gutenberg_icon_alignemt":"","sfsi_plus_gutenburg_max_per_row":"","footnotes":""},"class_list":["post-2941","page","type-page","status-publish","hentry"],"acf":[],"yoast_head":"<!-- This site is optimized with the Yoast SEO Premium plugin v26.1 (Yoast SEO v26.1.1) - https:\/\/yoast.com\/wordpress\/plugins\/seo\/ -->\n<title>Servicio Scan And Pack - SPS Commerce<\/title>\n<meta name=\"robots\" content=\"index, follow, max-snippet:-1, max-image-preview:large, max-video-preview:-1\" \/>\n<link rel=\"canonical\" href=\"https:\/\/www.spscommerce.com\/es\/servicios\/integracion\/externalizacion-de-intercambio-electronico-de-datos-en-formularios-web\/servicio-scan-and-pack\/\" \/>\n<meta property=\"og:locale\" content=\"es_ES\" \/>\n<meta property=\"og:type\" content=\"article\" \/>\n<meta property=\"og:title\" content=\"Servicio Scan And Pack\" \/>\n<meta property=\"og:description\" content=\"Olv\u00eddese de los errores de env\u00edo. Mejore su herramienta actual de formularios web o servicio de intercambio electr\u00f3nico de datos integrado con nuestro m\u00f3dulo Scan &amp; Pack. Nosotros simplificamos el proceso de creaci\u00f3n y env\u00edo de notificaciones de env\u00edo por adelantado (SNS), reduciendo enormemente el n\u00famero de errores y, por consiguiente, protegiendo su tiempo y [&hellip;]\" \/>\n<meta property=\"og:url\" content=\"https:\/\/www.spscommerce.com\/es\/servicios\/integracion\/externalizacion-de-intercambio-electronico-de-datos-en-formularios-web\/servicio-scan-and-pack\/\" \/>\n<meta property=\"og:site_name\" content=\"SPS Commerce\" \/>\n<meta property=\"article:publisher\" content=\"https:\/\/www.facebook.com\/pages\/SPS-Commerce\/115540161807561\" \/>\n<meta property=\"article:modified_time\" content=\"2014-08-27T13:39:29+00:00\" \/>\n<meta name=\"twitter:card\" content=\"summary_large_image\" \/>\n<meta name=\"twitter:site\" content=\"@SPS_Commerce\" \/>\n<script type=\"application\/ld+json\" class=\"yoast-schema-graph\">{\"@context\":\"https:\/\/schema.org\",\"@graph\":[{\"@type\":\"WebPage\",\"@id\":\"https:\/\/www.spscommerce.com\/es\/servicios\/integracion\/externalizacion-de-intercambio-electronico-de-datos-en-formularios-web\/servicio-scan-and-pack\/\",\"url\":\"https:\/\/www.spscommerce.com\/es\/servicios\/integracion\/externalizacion-de-intercambio-electronico-de-datos-en-formularios-web\/servicio-scan-and-pack\/\",\"name\":\"Servicio Scan And Pack - SPS Commerce\",\"isPartOf\":{\"@id\":\"https:\/\/www.spscommerce.com\/es\/#website\"},\"datePublished\":\"2014-07-25T06:19:59+00:00\",\"dateModified\":\"2014-08-27T13:39:29+00:00\",\"breadcrumb\":{\"@id\":\"https:\/\/www.spscommerce.com\/es\/servicios\/integracion\/externalizacion-de-intercambio-electronico-de-datos-en-formularios-web\/servicio-scan-and-pack\/#breadcrumb\"},\"inLanguage\":\"es-ES\",\"potentialAction\":[{\"@type\":\"ReadAction\",\"target\":[\"https:\/\/www.spscommerce.com\/es\/servicios\/integracion\/externalizacion-de-intercambio-electronico-de-datos-en-formularios-web\/servicio-scan-and-pack\/\"]}]},{\"@type\":\"BreadcrumbList\",\"@id\":\"https:\/\/www.spscommerce.com\/es\/servicios\/integracion\/externalizacion-de-intercambio-electronico-de-datos-en-formularios-web\/servicio-scan-and-pack\/#breadcrumb\",\"itemListElement\":[{\"@type\":\"ListItem\",\"position\":1,\"name\":\"Home\",\"item\":\"https:\/\/www.spscommerce.com\/es\/\"},{\"@type\":\"ListItem\",\"position\":2,\"name\":\"Servicios\",\"item\":\"https:\/\/www.spscommerce.com\/es\/servicios\/\"},{\"@type\":\"ListItem\",\"position\":3,\"name\":\"Integraci\u00f3n\",\"item\":\"https:\/\/www.spscommerce.com\/es\/servicios\/integracion\/\"},{\"@type\":\"ListItem\",\"position\":4,\"name\":\"Externalizaci\u00f3n De Intercambio Electr\u00f3nico De Datos En Formularios Web\",\"item\":\"https:\/\/www.spscommerce.com\/es\/servicios\/integracion\/externalizacion-de-intercambio-electronico-de-datos-en-formularios-web\/\"},{\"@type\":\"ListItem\",\"position\":5,\"name\":\"Servicio Scan And Pack\"}]},{\"@type\":\"WebSite\",\"@id\":\"https:\/\/www.spscommerce.com\/es\/#website\",\"url\":\"https:\/\/www.spscommerce.com\/es\/\",\"name\":\"SPS Commerce\",\"description\":\"\",\"publisher\":{\"@id\":\"https:\/\/www.spscommerce.com\/es\/#organization\"},\"potentialAction\":[{\"@type\":\"SearchAction\",\"target\":{\"@type\":\"EntryPoint\",\"urlTemplate\":\"https:\/\/www.spscommerce.com\/es\/?s={search_term_string}\"},\"query-input\":{\"@type\":\"PropertyValueSpecification\",\"valueRequired\":true,\"valueName\":\"search_term_string\"}}],\"inLanguage\":\"es-ES\"},{\"@type\":\"Organization\",\"@id\":\"https:\/\/www.spscommerce.com\/es\/#organization\",\"name\":\"SPS Commerce\",\"url\":\"https:\/\/www.spscommerce.com\/es\/\",\"logo\":{\"@type\":\"ImageObject\",\"inLanguage\":\"es-ES\",\"@id\":\"https:\/\/www.spscommerce.com\/es\/#\/schema\/logo\/image\/\",\"url\":\"https:\/\/www.spscommerce.com\/wp-content\/uploads\/2017\/09\/logo-with-tag1.png\",\"contentUrl\":\"https:\/\/www.spscommerce.com\/wp-content\/uploads\/2017\/09\/logo-with-tag1.png\",\"width\":400,\"height\":110,\"caption\":\"SPS Commerce\"},\"image\":{\"@id\":\"https:\/\/www.spscommerce.com\/es\/#\/schema\/logo\/image\/\"},\"sameAs\":[\"https:\/\/www.facebook.com\/pages\/SPS-Commerce\/115540161807561\",\"https:\/\/x.com\/SPS_Commerce\",\"https:\/\/www.linkedin.com\/company\/sps-commerce\/\",\"https:\/\/www.youtube.com\/user\/SPSCommerce\"]}]}<\/script>\n<!-- \/ Yoast SEO Premium plugin. -->","yoast_head_json":{"title":"Servicio Scan And Pack - SPS Commerce","robots":{"index":"index","follow":"follow","max-snippet":"max-snippet:-1","max-image-preview":"max-image-preview:large","max-video-preview":"max-video-preview:-1"},"canonical":"https:\/\/www.spscommerce.com\/es\/servicios\/integracion\/externalizacion-de-intercambio-electronico-de-datos-en-formularios-web\/servicio-scan-and-pack\/","og_locale":"es_ES","og_type":"article","og_title":"Servicio Scan And Pack","og_description":"Olv\u00eddese de los errores de env\u00edo. Mejore su herramienta actual de formularios web o servicio de intercambio electr\u00f3nico de datos integrado con nuestro m\u00f3dulo Scan &amp; Pack. Nosotros simplificamos el proceso de creaci\u00f3n y env\u00edo de notificaciones de env\u00edo por adelantado (SNS), reduciendo enormemente el n\u00famero de errores y, por consiguiente, protegiendo su tiempo y [&hellip;]","og_url":"https:\/\/www.spscommerce.com\/es\/servicios\/integracion\/externalizacion-de-intercambio-electronico-de-datos-en-formularios-web\/servicio-scan-and-pack\/","og_site_name":"SPS Commerce","article_publisher":"https:\/\/www.facebook.com\/pages\/SPS-Commerce\/115540161807561","article_modified_time":"2014-08-27T13:39:29+00:00","twitter_card":"summary_large_image","twitter_site":"@SPS_Commerce","schema":{"@context":"https:\/\/schema.org","@graph":[{"@type":"WebPage","@id":"https:\/\/www.spscommerce.com\/es\/servicios\/integracion\/externalizacion-de-intercambio-electronico-de-datos-en-formularios-web\/servicio-scan-and-pack\/","url":"https:\/\/www.spscommerce.com\/es\/servicios\/integracion\/externalizacion-de-intercambio-electronico-de-datos-en-formularios-web\/servicio-scan-and-pack\/","name":"Servicio Scan And Pack - SPS Commerce","isPartOf":{"@id":"https:\/\/www.spscommerce.com\/es\/#website"},"datePublished":"2014-07-25T06:19:59+00:00","dateModified":"2014-08-27T13:39:29+00:00","breadcrumb":{"@id":"https:\/\/www.spscommerce.com\/es\/servicios\/integracion\/externalizacion-de-intercambio-electronico-de-datos-en-formularios-web\/servicio-scan-and-pack\/#breadcrumb"},"inLanguage":"es-ES","potentialAction":[{"@type":"ReadAction","target":["https:\/\/www.spscommerce.com\/es\/servicios\/integracion\/externalizacion-de-intercambio-electronico-de-datos-en-formularios-web\/servicio-scan-and-pack\/"]}]},{"@type":"BreadcrumbList","@id":"https:\/\/www.spscommerce.com\/es\/servicios\/integracion\/externalizacion-de-intercambio-electronico-de-datos-en-formularios-web\/servicio-scan-and-pack\/#breadcrumb","itemListElement":[{"@type":"ListItem","position":1,"name":"Home","item":"https:\/\/www.spscommerce.com\/es\/"},{"@type":"ListItem","position":2,"name":"Servicios","item":"https:\/\/www.spscommerce.com\/es\/servicios\/"},{"@type":"ListItem","position":3,"name":"Integraci\u00f3n","item":"https:\/\/www.spscommerce.com\/es\/servicios\/integracion\/"},{"@type":"ListItem","position":4,"name":"Externalizaci\u00f3n De Intercambio Electr\u00f3nico De Datos En Formularios Web","item":"https:\/\/www.spscommerce.com\/es\/servicios\/integracion\/externalizacion-de-intercambio-electronico-de-datos-en-formularios-web\/"},{"@type":"ListItem","position":5,"name":"Servicio Scan And Pack"}]},{"@type":"WebSite","@id":"https:\/\/www.spscommerce.com\/es\/#website","url":"https:\/\/www.spscommerce.com\/es\/","name":"SPS Commerce","description":"","publisher":{"@id":"https:\/\/www.spscommerce.com\/es\/#organization"},"potentialAction":[{"@type":"SearchAction","target":{"@type":"EntryPoint","urlTemplate":"https:\/\/www.spscommerce.com\/es\/?s={search_term_string}"},"query-input":{"@type":"PropertyValueSpecification","valueRequired":true,"valueName":"search_term_string"}}],"inLanguage":"es-ES"},{"@type":"Organization","@id":"https:\/\/www.spscommerce.com\/es\/#organization","name":"SPS Commerce","url":"https:\/\/www.spscommerce.com\/es\/","logo":{"@type":"ImageObject","inLanguage":"es-ES","@id":"https:\/\/www.spscommerce.com\/es\/#\/schema\/logo\/image\/","url":"https:\/\/www.spscommerce.com\/wp-content\/uploads\/2017\/09\/logo-with-tag1.png","contentUrl":"https:\/\/www.spscommerce.com\/wp-content\/uploads\/2017\/09\/logo-with-tag1.png","width":400,"height":110,"caption":"SPS Commerce"},"image":{"@id":"https:\/\/www.spscommerce.com\/es\/#\/schema\/logo\/image\/"},"sameAs":["https:\/\/www.facebook.com\/pages\/SPS-Commerce\/115540161807561","https:\/\/x.com\/SPS_Commerce","https:\/\/www.linkedin.com\/company\/sps-commerce\/","https:\/\/www.youtube.com\/user\/SPSCommerce"]}]}},"_links":{"self":[{"href":"https:\/\/www.spscommerce.com\/es\/wp-json\/wp\/v2\/pages\/2941","targetHints":{"allow":["GET"]}}],"collection":[{"href":"https:\/\/www.spscommerce.com\/es\/wp-json\/wp\/v2\/pages"}],"about":[{"href":"https:\/\/www.spscommerce.com\/es\/wp-json\/wp\/v2\/types\/page"}],"author":[{"embeddable":true,"href":"https:\/\/www.spscommerce.com\/es\/wp-json\/wp\/v2\/users\/23"}],"replies":[{"embeddable":true,"href":"https:\/\/www.spscommerce.com\/es\/wp-json\/wp\/v2\/comments?post=2941"}],"version-history":[{"count":3,"href":"https:\/\/www.spscommerce.com\/es\/wp-json\/wp\/v2\/pages\/2941\/revisions"}],"predecessor-version":[{"id":5079,"href":"https:\/\/www.spscommerce.com\/es\/wp-json\/wp\/v2\/pages\/2941\/revisions\/5079"}],"up":[{"embeddable":true,"href":"https:\/\/www.spscommerce.com\/es\/wp-json\/wp\/v2\/pages\/2903"}],"wp:attachment":[{"href":"https:\/\/www.spscommerce.com\/es\/wp-json\/wp\/v2\/media?parent=2941"}],"curies":[{"name":"wp","href":"https:\/\/api.w.org\/{rel}","templated":true}]}}