{"id":2933,"date":"2014-07-24T12:55:33","date_gmt":"2014-07-24T12:55:33","guid":{"rendered":"http:\/\/www.spscommerce-blog.com\/?page_id=2933"},"modified":"2014-08-27T13:33:26","modified_gmt":"2014-08-27T13:33:26","slug":"servicio-de-etiquetado","status":"publish","type":"page","link":"https:\/\/www.spscommerce.com\/es\/servicio-de-etiquetado\/","title":{"rendered":"Servicio De Etiquetado"},"content":{"rendered":"<p class=\"lead\">Precisi\u00f3n autom\u00e1tica.<\/p>\n<p class=\"p1\">Cumpla con las exigencias de sus clientes en materia de etiquetado de marcas del modo m\u00e1s sencillo y sin necesidad de invertir en costosos programas. Nuestro servicio de etiquetado a la carta automatiza el proceso de elaboraci\u00f3n de etiquetas, proporcionando datos de pedidos de compra y notificaciones de env\u00edo por adelantado, olvid\u00e1ndonos de la introducci\u00f3n manual.<\/p>\n<p class=\"p1\">Etiquetas GS1-128, mensajes de regalos, notas de embalaje con logotipo de marca, devoluciones&#8230; Imprima las etiquetas que necesite, a la carta, y sin necesidad de programas ni personal. Adem\u00e1s, tampoco necesitar\u00e1 ning\u00fan material o equipo espec\u00edfico; su impresora habitual ser\u00e1 suficiente para aumentar su rendimiento y cumplir con los requisitos de sus socios comerciales en materia de intercambio electr\u00f3nico de datos.<\/p>\n<div class=\"row collapse document pdf\">\n<div class=\"twelve columns\">\n<div class=\"document-content\">\n<h4>SPS Case Study: Appleseeds<\/h4>\n<p>Appleseed\u2019s offers specialty apparel through distinct catalogs, retail stores and the internet. The merchandise sold through retail channels are primarily private label, and 70% of its items are imported from Asia, using both sourcing agents and direct factories.<\/p>\n<p><a href=\"\/wp-content\/uploads\/2014\/07\/SPSCaseStudy-Appleseeds.pdf\">DOWNLOAD CASE STUDY<\/a><\/p>\n<\/div>\n<\/div>\n<\/div>\n","protected":false},"excerpt":{"rendered":"<p>Precisi\u00f3n autom\u00e1tica. Cumpla con las exigencias de sus clientes en materia de etiquetado de marcas del modo m\u00e1s sencillo y sin necesidad de invertir en costosos programas. Nuestro servicio de etiquetado a la carta automatiza el proceso de elaboraci\u00f3n de etiquetas, proporcionando datos de pedidos de compra y notificaciones de env\u00edo por adelantado, olvid\u00e1ndonos de [&hellip;]<\/p>\n","protected":false},"author":23,"featured_media":0,"parent":0,"menu_order":0,"comment_status":"closed","ping_status":"closed","template":"","meta":{"_acf_changed":false,"_et_pb_use_builder":"","_et_pb_old_content":"","_et_gb_content_width":"","sfsi_plus_gutenberg_text_before_share":"","sfsi_plus_gutenberg_show_text_before_share":"","sfsi_plus_gutenberg_icon_type":"","sfsi_plus_gutenberg_icon_alignemt":"","sfsi_plus_gutenburg_max_per_row":"","footnotes":""},"class_list":["post-2933","page","type-page","status-publish","hentry"],"acf":[],"yoast_head":"<!-- This site is optimized with the Yoast SEO Premium plugin v26.1 (Yoast SEO v26.1.1) - https:\/\/yoast.com\/wordpress\/plugins\/seo\/ -->\n<title>Servicio De Etiquetado - SPS Commerce<\/title>\n<meta name=\"robots\" content=\"index, follow, max-snippet:-1, max-image-preview:large, max-video-preview:-1\" \/>\n<link rel=\"canonical\" href=\"https:\/\/www.spscommerce.com\/es\/servicio-de-etiquetado\/\" \/>\n<meta property=\"og:locale\" content=\"es_ES\" \/>\n<meta property=\"og:type\" content=\"article\" \/>\n<meta property=\"og:title\" content=\"Servicio De Etiquetado\" \/>\n<meta property=\"og:description\" content=\"Precisi\u00f3n autom\u00e1tica. Cumpla con las exigencias de sus clientes en materia de etiquetado de marcas del modo m\u00e1s sencillo y sin necesidad de invertir en costosos programas. Nuestro servicio de etiquetado a la carta automatiza el proceso de elaboraci\u00f3n de etiquetas, proporcionando datos de pedidos de compra y notificaciones de env\u00edo por adelantado, olvid\u00e1ndonos de [&hellip;]\" \/>\n<meta property=\"og:url\" content=\"https:\/\/www.spscommerce.com\/es\/servicio-de-etiquetado\/\" \/>\n<meta property=\"og:site_name\" content=\"SPS Commerce\" \/>\n<meta property=\"article:publisher\" content=\"https:\/\/www.facebook.com\/pages\/SPS-Commerce\/115540161807561\" \/>\n<meta property=\"article:modified_time\" content=\"2014-08-27T13:33:26+00:00\" \/>\n<meta name=\"twitter:card\" content=\"summary_large_image\" \/>\n<meta name=\"twitter:site\" content=\"@SPS_Commerce\" \/>\n<script type=\"application\/ld+json\" class=\"yoast-schema-graph\">{\"@context\":\"https:\/\/schema.org\",\"@graph\":[{\"@type\":\"WebPage\",\"@id\":\"https:\/\/www.spscommerce.com\/es\/servicio-de-etiquetado\/\",\"url\":\"https:\/\/www.spscommerce.com\/es\/servicio-de-etiquetado\/\",\"name\":\"Servicio De Etiquetado - SPS Commerce\",\"isPartOf\":{\"@id\":\"https:\/\/www.spscommerce.com\/es\/#website\"},\"datePublished\":\"2014-07-24T12:55:33+00:00\",\"dateModified\":\"2014-08-27T13:33:26+00:00\",\"breadcrumb\":{\"@id\":\"https:\/\/www.spscommerce.com\/es\/servicio-de-etiquetado\/#breadcrumb\"},\"inLanguage\":\"es-ES\",\"potentialAction\":[{\"@type\":\"ReadAction\",\"target\":[\"https:\/\/www.spscommerce.com\/es\/servicio-de-etiquetado\/\"]}]},{\"@type\":\"BreadcrumbList\",\"@id\":\"https:\/\/www.spscommerce.com\/es\/servicio-de-etiquetado\/#breadcrumb\",\"itemListElement\":[{\"@type\":\"ListItem\",\"position\":1,\"name\":\"Home\",\"item\":\"https:\/\/www.spscommerce.com\/es\/\"},{\"@type\":\"ListItem\",\"position\":2,\"name\":\"Servicio De Etiquetado\"}]},{\"@type\":\"WebSite\",\"@id\":\"https:\/\/www.spscommerce.com\/es\/#website\",\"url\":\"https:\/\/www.spscommerce.com\/es\/\",\"name\":\"SPS Commerce\",\"description\":\"\",\"publisher\":{\"@id\":\"https:\/\/www.spscommerce.com\/es\/#organization\"},\"potentialAction\":[{\"@type\":\"SearchAction\",\"target\":{\"@type\":\"EntryPoint\",\"urlTemplate\":\"https:\/\/www.spscommerce.com\/es\/?s={search_term_string}\"},\"query-input\":{\"@type\":\"PropertyValueSpecification\",\"valueRequired\":true,\"valueName\":\"search_term_string\"}}],\"inLanguage\":\"es-ES\"},{\"@type\":\"Organization\",\"@id\":\"https:\/\/www.spscommerce.com\/es\/#organization\",\"name\":\"SPS Commerce\",\"url\":\"https:\/\/www.spscommerce.com\/es\/\",\"logo\":{\"@type\":\"ImageObject\",\"inLanguage\":\"es-ES\",\"@id\":\"https:\/\/www.spscommerce.com\/es\/#\/schema\/logo\/image\/\",\"url\":\"https:\/\/www.spscommerce.com\/wp-content\/uploads\/2017\/09\/logo-with-tag1.png\",\"contentUrl\":\"https:\/\/www.spscommerce.com\/wp-content\/uploads\/2017\/09\/logo-with-tag1.png\",\"width\":400,\"height\":110,\"caption\":\"SPS Commerce\"},\"image\":{\"@id\":\"https:\/\/www.spscommerce.com\/es\/#\/schema\/logo\/image\/\"},\"sameAs\":[\"https:\/\/www.facebook.com\/pages\/SPS-Commerce\/115540161807561\",\"https:\/\/x.com\/SPS_Commerce\",\"https:\/\/www.linkedin.com\/company\/sps-commerce\/\",\"https:\/\/www.youtube.com\/user\/SPSCommerce\"]}]}<\/script>\n<!-- \/ Yoast SEO Premium plugin. -->","yoast_head_json":{"title":"Servicio De Etiquetado - SPS Commerce","robots":{"index":"index","follow":"follow","max-snippet":"max-snippet:-1","max-image-preview":"max-image-preview:large","max-video-preview":"max-video-preview:-1"},"canonical":"https:\/\/www.spscommerce.com\/es\/servicio-de-etiquetado\/","og_locale":"es_ES","og_type":"article","og_title":"Servicio De Etiquetado","og_description":"Precisi\u00f3n autom\u00e1tica. Cumpla con las exigencias de sus clientes en materia de etiquetado de marcas del modo m\u00e1s sencillo y sin necesidad de invertir en costosos programas. Nuestro servicio de etiquetado a la carta automatiza el proceso de elaboraci\u00f3n de etiquetas, proporcionando datos de pedidos de compra y notificaciones de env\u00edo por adelantado, olvid\u00e1ndonos de [&hellip;]","og_url":"https:\/\/www.spscommerce.com\/es\/servicio-de-etiquetado\/","og_site_name":"SPS Commerce","article_publisher":"https:\/\/www.facebook.com\/pages\/SPS-Commerce\/115540161807561","article_modified_time":"2014-08-27T13:33:26+00:00","twitter_card":"summary_large_image","twitter_site":"@SPS_Commerce","schema":{"@context":"https:\/\/schema.org","@graph":[{"@type":"WebPage","@id":"https:\/\/www.spscommerce.com\/es\/servicio-de-etiquetado\/","url":"https:\/\/www.spscommerce.com\/es\/servicio-de-etiquetado\/","name":"Servicio De Etiquetado - SPS Commerce","isPartOf":{"@id":"https:\/\/www.spscommerce.com\/es\/#website"},"datePublished":"2014-07-24T12:55:33+00:00","dateModified":"2014-08-27T13:33:26+00:00","breadcrumb":{"@id":"https:\/\/www.spscommerce.com\/es\/servicio-de-etiquetado\/#breadcrumb"},"inLanguage":"es-ES","potentialAction":[{"@type":"ReadAction","target":["https:\/\/www.spscommerce.com\/es\/servicio-de-etiquetado\/"]}]},{"@type":"BreadcrumbList","@id":"https:\/\/www.spscommerce.com\/es\/servicio-de-etiquetado\/#breadcrumb","itemListElement":[{"@type":"ListItem","position":1,"name":"Home","item":"https:\/\/www.spscommerce.com\/es\/"},{"@type":"ListItem","position":2,"name":"Servicio De Etiquetado"}]},{"@type":"WebSite","@id":"https:\/\/www.spscommerce.com\/es\/#website","url":"https:\/\/www.spscommerce.com\/es\/","name":"SPS Commerce","description":"","publisher":{"@id":"https:\/\/www.spscommerce.com\/es\/#organization"},"potentialAction":[{"@type":"SearchAction","target":{"@type":"EntryPoint","urlTemplate":"https:\/\/www.spscommerce.com\/es\/?s={search_term_string}"},"query-input":{"@type":"PropertyValueSpecification","valueRequired":true,"valueName":"search_term_string"}}],"inLanguage":"es-ES"},{"@type":"Organization","@id":"https:\/\/www.spscommerce.com\/es\/#organization","name":"SPS Commerce","url":"https:\/\/www.spscommerce.com\/es\/","logo":{"@type":"ImageObject","inLanguage":"es-ES","@id":"https:\/\/www.spscommerce.com\/es\/#\/schema\/logo\/image\/","url":"https:\/\/www.spscommerce.com\/wp-content\/uploads\/2017\/09\/logo-with-tag1.png","contentUrl":"https:\/\/www.spscommerce.com\/wp-content\/uploads\/2017\/09\/logo-with-tag1.png","width":400,"height":110,"caption":"SPS Commerce"},"image":{"@id":"https:\/\/www.spscommerce.com\/es\/#\/schema\/logo\/image\/"},"sameAs":["https:\/\/www.facebook.com\/pages\/SPS-Commerce\/115540161807561","https:\/\/x.com\/SPS_Commerce","https:\/\/www.linkedin.com\/company\/sps-commerce\/","https:\/\/www.youtube.com\/user\/SPSCommerce"]}]}},"_links":{"self":[{"href":"https:\/\/www.spscommerce.com\/es\/wp-json\/wp\/v2\/pages\/2933","targetHints":{"allow":["GET"]}}],"collection":[{"href":"https:\/\/www.spscommerce.com\/es\/wp-json\/wp\/v2\/pages"}],"about":[{"href":"https:\/\/www.spscommerce.com\/es\/wp-json\/wp\/v2\/types\/page"}],"author":[{"embeddable":true,"href":"https:\/\/www.spscommerce.com\/es\/wp-json\/wp\/v2\/users\/23"}],"replies":[{"embeddable":true,"href":"https:\/\/www.spscommerce.com\/es\/wp-json\/wp\/v2\/comments?post=2933"}],"version-history":[{"count":2,"href":"https:\/\/www.spscommerce.com\/es\/wp-json\/wp\/v2\/pages\/2933\/revisions"}],"predecessor-version":[{"id":5072,"href":"https:\/\/www.spscommerce.com\/es\/wp-json\/wp\/v2\/pages\/2933\/revisions\/5072"}],"wp:attachment":[{"href":"https:\/\/www.spscommerce.com\/es\/wp-json\/wp\/v2\/media?parent=2933"}],"curies":[{"name":"wp","href":"https:\/\/api.w.org\/{rel}","templated":true}]}}