{"id":2895,"date":"2014-07-24T12:23:43","date_gmt":"2014-07-24T12:23:43","guid":{"rendered":"http:\/\/www.spscommerce-blog.com\/?page_id=2895"},"modified":"2014-09-12T21:20:44","modified_gmt":"2014-09-12T21:20:44","slug":"administracion-de-pedidos","status":"publish","type":"page","link":"https:\/\/www.spscommerce.com\/es\/servicios\/integracion\/externalizacion-de-intercambio-electronico-de-datos-en-formularios-web\/administracion-de-pedidos\/","title":{"rendered":"Administraci\u00f3N De Pedidos"},"content":{"rendered":"<p class=\"lead\">La eficacia de la administraci\u00f3n de pedidos crea oportunidades de negocio.<\/p>\n<p class=\"p1\">Nuestras flexibles soluciones de administraci\u00f3n de pedidos automatizan y mejoran los modelos de conformidad habituales, lo que le permite aumentar su eficiencia y acceder en tiempo real a inventarios, servicios log\u00edsticos y soporte al cliente. Todo ello le har\u00e1 tomar sus decisiones de manera m\u00e1s informada. El sistema de administraci\u00f3n de pedidos de SPS incluye:<\/p>\n<ul>\n<li><strong style=\"font-family: inherit; line-height: 1.6;\">Env\u00edo al centro de distribuci\u00f3n:<\/strong><span style=\"font-family: inherit; line-height: 1.6;\"> agilizaci\u00f3n del intercambio de datos entre sus sistemas y la comunidad de proveedores<\/span><\/li>\n<li><strong style=\"font-family: inherit; line-height: 1.6;\">Env\u00edo al consumidor (entrega directa al cliente):<\/strong><span style=\"font-family: inherit; line-height: 1.6;\"> realizaci\u00f3n de los pedidos m\u00e1s r\u00e1pida sin perder el control sobre la log\u00edstica y las marcas<\/span><\/li>\n<li><strong style=\"font-family: inherit; line-height: 1.6;\">Env\u00edo directo a la tienda:<\/strong><span style=\"font-family: inherit; line-height: 1.6;\"> visi\u00f3n m\u00e1s precisa de su inventario y balance final<\/span><\/li>\n<li><strong style=\"font-family: inherit; line-height: 1.6;\">Inventario administrado por el proveedor (VMI) y entrega directa a la tienda (DSD):<\/strong><span style=\"font-family: inherit; line-height: 1.6;\"> predicci\u00f3n de futuros inventarios y demandas gracias a una mejor colaboraci\u00f3n con los proveedores<\/span><\/li>\n<\/ul>\n<div class=\"services-children-list\"><img decoding=\"async\" src=\"\/themes\/spscommerce\/images\/children-bracket.png\" alt=\"\" \/><\/p>\n<ul class=\"block-grid two-up mobile-one-up\">\n<li style=\"clear: both;\">\n<div style=\"text-align: center;\"><img decoding=\"async\" style=\"max-width: 120px;\" src=\"http:\/\/d29sdqlj5tchvp.cloudfront.net\/assets\/Uploads\/product-icons\/_resampled\/SetWidth120-fulfillment.png\" alt=\"\" \/><\/div>\n<h3>Env\u00edo al consumidor (entrega directa al cliente)<\/h3>\n<p>Trabaje en un entorno &#8220;sin inventario&#8221; y cree relaciones profesionales m\u00e1s colaborativas con nuestras soluciones de entrega directa. En un mundo en el que el comercio electr\u00f3nico es cada vez m\u00e1s importante para el \u00e9xito de una empresa, es fundamental tener una comunicaci\u00f3n m\u00e1s eficaz y constante con sus socios comerciales, evitando errores e interrupciones que pueden, sencillamente, enviar a sus clientes a la competencia.<\/p>\n<p><a href=\"\/es\/servicios\/integracion\/externalizacion-de-intercambio-electronico-de-datos-en-formularios-web\/administracion-de-pedidos\/envio-al-consumidor\/\">Env\u00edo al consumidor (entrega directa al cliente)<\/a><\/p>\n<\/li>\n<li>\n<div style=\"text-align: center;\"><img decoding=\"async\" style=\"max-width: 120px;\" src=\"http:\/\/d29sdqlj5tchvp.cloudfront.net\/assets\/Uploads\/product-icons\/_resampled\/SetWidth120-fulfillment.png\" alt=\"\" \/><\/div>\n<h3>Env\u00edo directo a la tienda<\/h3>\n<p>Cuando necesita hacer env\u00edos a varias ubicaciones en lugar de a centros de distribuci\u00f3n centralizados, cuente con nuestras soluciones a la carta para obtener una visi\u00f3n de inventario m\u00e1s precisa y manejar los datos de los establecimientos, como las direcciones o los n\u00fameros de tienda. En SPS manejamos un flujo continuo de datos electr\u00f3nicos, para que usted pueda mantener un modelo de administraci\u00f3n de pedidos que optimice su inventario y deje a los clientes satisfechos.<\/p>\n<p><a href=\"\/es\/servicios\/integracion\/externalizacion-de-intercambio-electronico-de-datos-en-formularios-web\/administracion-de-pedidos\/envio-directo-a-la-tienda\/\">Env\u00edo directo a la tienda<\/a><\/p>\n<\/li>\n<li style=\"clear: both;\">\n<div style=\"text-align: center;\"><img decoding=\"async\" style=\"max-width: 120px;\" src=\"http:\/\/d29sdqlj5tchvp.cloudfront.net\/assets\/Uploads\/product-icons\/_resampled\/SetWidth120-fulfillment.png\" alt=\"\" \/><\/div>\n<h3>Env\u00edo al centro de distribuci\u00f3n<\/h3>\n<p>Ya sean cientos o miles los proveedores con los que usted trabaja, nuestro servicio de env\u00edo a distribuci\u00f3n es la herramienta esencial que necesita para gestionar sus centros de distribuci\u00f3n de manera m\u00e1s eficaz.<\/p>\n<p><a href=\"\/es\/servicios\/integracion\/externalizacion-de-intercambio-electronico-de-datos-en-formularios-web\/administracion-de-pedidos\/envio-al-centro-de-distribucion\/\">Env\u00edo al centro de distribuci\u00f3n<\/a><\/p>\n<\/li>\n<li>\n<div style=\"text-align: center;\"><img decoding=\"async\" style=\"max-width: 120px;\" src=\"http:\/\/d29sdqlj5tchvp.cloudfront.net\/assets\/Uploads\/product-icons\/_resampled\/SetWidth120-fulfillment.png\" alt=\"\" \/><\/div>\n<h3>Inventario Administrado por el Proveedor y Entrega Directa a la Tienda<\/h3>\n<p>Implementar un buen proceso de Inventario administrado por el proveedor (VMI) y entrega directa a la tienda (DSD) representa desaf\u00edos concretos tanto para usted como para sus proveedores. Un sistema de intercambio de informaci\u00f3n puntual y preciso es esencial para asegurar la visibilidad de su inventario por parte de los proveedores, as\u00ed como para tener la capacidad de predecir la demanda futura.<\/p>\n<p><a href=\"\/es\/servicios\/integracion\/externalizacion-de-intercambio-electronico-de-datos-en-formularios-web\/administracion-de-pedidos\/inventario-administrado-por-el-proveedor-y-entrega-directa-a-la-tienda\/\">Inventario Administrado por el Proveedor y Entrega Directa a la Tienda<\/a><\/p>\n<\/li>\n<\/ul>\n<\/div>\n","protected":false},"excerpt":{"rendered":"<p>La eficacia de la administraci\u00f3n de pedidos crea oportunidades de negocio. Nuestras flexibles soluciones de administraci\u00f3n de pedidos automatizan y mejoran los modelos de conformidad habituales, lo que le permite aumentar su eficiencia y acceder en tiempo real a inventarios, servicios log\u00edsticos y soporte al cliente. Todo ello le har\u00e1 tomar sus decisiones de manera [&hellip;]<\/p>\n","protected":false},"author":23,"featured_media":0,"parent":2903,"menu_order":0,"comment_status":"closed","ping_status":"closed","template":"","meta":{"_acf_changed":false,"_et_pb_use_builder":"","_et_pb_old_content":"","_et_gb_content_width":"","footnotes":""},"class_list":["post-2895","page","type-page","status-publish","hentry"],"acf":[],"yoast_head":"<!-- This site is optimized with the Yoast SEO Premium plugin v26.1 (Yoast SEO v26.1.1) - https:\/\/yoast.com\/wordpress\/plugins\/seo\/ -->\n<title>Administraci\u00f3N De Pedidos - SPS Commerce<\/title>\n<meta name=\"robots\" content=\"index, follow, max-snippet:-1, max-image-preview:large, max-video-preview:-1\" \/>\n<link rel=\"canonical\" href=\"https:\/\/www.spscommerce.com\/es\/servicios\/integracion\/externalizacion-de-intercambio-electronico-de-datos-en-formularios-web\/administracion-de-pedidos\/\" \/>\n<meta property=\"og:locale\" content=\"es_ES\" \/>\n<meta property=\"og:type\" content=\"article\" \/>\n<meta property=\"og:title\" content=\"Administraci\u00f3N De Pedidos\" \/>\n<meta property=\"og:description\" content=\"La eficacia de la administraci\u00f3n de pedidos crea oportunidades de negocio. Nuestras flexibles soluciones de administraci\u00f3n de pedidos automatizan y mejoran los modelos de conformidad habituales, lo que le permite aumentar su eficiencia y acceder en tiempo real a inventarios, servicios log\u00edsticos y soporte al cliente. Todo ello le har\u00e1 tomar sus decisiones de manera [&hellip;]\" \/>\n<meta property=\"og:url\" content=\"https:\/\/www.spscommerce.com\/es\/servicios\/integracion\/externalizacion-de-intercambio-electronico-de-datos-en-formularios-web\/administracion-de-pedidos\/\" \/>\n<meta property=\"og:site_name\" content=\"SPS Commerce\" \/>\n<meta property=\"article:publisher\" content=\"https:\/\/www.facebook.com\/pages\/SPS-Commerce\/115540161807561\" \/>\n<meta property=\"article:modified_time\" content=\"2014-09-12T21:20:44+00:00\" \/>\n<meta property=\"og:image\" content=\"http:\/\/d29sdqlj5tchvp.cloudfront.net\/assets\/Uploads\/product-icons\/_resampled\/SetWidth120-fulfillment.png\" \/>\n<meta name=\"twitter:card\" content=\"summary_large_image\" \/>\n<meta name=\"twitter:site\" content=\"@SPS_Commerce\" \/>\n<script type=\"application\/ld+json\" class=\"yoast-schema-graph\">{\"@context\":\"https:\/\/schema.org\",\"@graph\":[{\"@type\":\"WebPage\",\"@id\":\"https:\/\/www.spscommerce.com\/es\/servicios\/integracion\/externalizacion-de-intercambio-electronico-de-datos-en-formularios-web\/administracion-de-pedidos\/\",\"url\":\"https:\/\/www.spscommerce.com\/es\/servicios\/integracion\/externalizacion-de-intercambio-electronico-de-datos-en-formularios-web\/administracion-de-pedidos\/\",\"name\":\"Administraci\u00f3N De Pedidos - SPS Commerce\",\"isPartOf\":{\"@id\":\"https:\/\/www.spscommerce.com\/es\/#website\"},\"primaryImageOfPage\":{\"@id\":\"https:\/\/www.spscommerce.com\/es\/servicios\/integracion\/externalizacion-de-intercambio-electronico-de-datos-en-formularios-web\/administracion-de-pedidos\/#primaryimage\"},\"image\":{\"@id\":\"https:\/\/www.spscommerce.com\/es\/servicios\/integracion\/externalizacion-de-intercambio-electronico-de-datos-en-formularios-web\/administracion-de-pedidos\/#primaryimage\"},\"thumbnailUrl\":\"http:\/\/d29sdqlj5tchvp.cloudfront.net\/assets\/Uploads\/product-icons\/_resampled\/SetWidth120-fulfillment.png\",\"datePublished\":\"2014-07-24T12:23:43+00:00\",\"dateModified\":\"2014-09-12T21:20:44+00:00\",\"breadcrumb\":{\"@id\":\"https:\/\/www.spscommerce.com\/es\/servicios\/integracion\/externalizacion-de-intercambio-electronico-de-datos-en-formularios-web\/administracion-de-pedidos\/#breadcrumb\"},\"inLanguage\":\"es-ES\",\"potentialAction\":[{\"@type\":\"ReadAction\",\"target\":[\"https:\/\/www.spscommerce.com\/es\/servicios\/integracion\/externalizacion-de-intercambio-electronico-de-datos-en-formularios-web\/administracion-de-pedidos\/\"]}]},{\"@type\":\"ImageObject\",\"inLanguage\":\"es-ES\",\"@id\":\"https:\/\/www.spscommerce.com\/es\/servicios\/integracion\/externalizacion-de-intercambio-electronico-de-datos-en-formularios-web\/administracion-de-pedidos\/#primaryimage\",\"url\":\"http:\/\/d29sdqlj5tchvp.cloudfront.net\/assets\/Uploads\/product-icons\/_resampled\/SetWidth120-fulfillment.png\",\"contentUrl\":\"http:\/\/d29sdqlj5tchvp.cloudfront.net\/assets\/Uploads\/product-icons\/_resampled\/SetWidth120-fulfillment.png\"},{\"@type\":\"BreadcrumbList\",\"@id\":\"https:\/\/www.spscommerce.com\/es\/servicios\/integracion\/externalizacion-de-intercambio-electronico-de-datos-en-formularios-web\/administracion-de-pedidos\/#breadcrumb\",\"itemListElement\":[{\"@type\":\"ListItem\",\"position\":1,\"name\":\"Home\",\"item\":\"https:\/\/www.spscommerce.com\/es\/\"},{\"@type\":\"ListItem\",\"position\":2,\"name\":\"Servicios\",\"item\":\"https:\/\/www.spscommerce.com\/es\/servicios\/\"},{\"@type\":\"ListItem\",\"position\":3,\"name\":\"Integraci\u00f3n\",\"item\":\"https:\/\/www.spscommerce.com\/es\/servicios\/integracion\/\"},{\"@type\":\"ListItem\",\"position\":4,\"name\":\"Externalizaci\u00f3n De Intercambio Electr\u00f3nico De Datos En Formularios Web\",\"item\":\"https:\/\/www.spscommerce.com\/es\/servicios\/integracion\/externalizacion-de-intercambio-electronico-de-datos-en-formularios-web\/\"},{\"@type\":\"ListItem\",\"position\":5,\"name\":\"Administraci\u00f3N De Pedidos\"}]},{\"@type\":\"WebSite\",\"@id\":\"https:\/\/www.spscommerce.com\/es\/#website\",\"url\":\"https:\/\/www.spscommerce.com\/es\/\",\"name\":\"SPS Commerce\",\"description\":\"\",\"publisher\":{\"@id\":\"https:\/\/www.spscommerce.com\/es\/#organization\"},\"potentialAction\":[{\"@type\":\"SearchAction\",\"target\":{\"@type\":\"EntryPoint\",\"urlTemplate\":\"https:\/\/www.spscommerce.com\/es\/?s={search_term_string}\"},\"query-input\":{\"@type\":\"PropertyValueSpecification\",\"valueRequired\":true,\"valueName\":\"search_term_string\"}}],\"inLanguage\":\"es-ES\"},{\"@type\":\"Organization\",\"@id\":\"https:\/\/www.spscommerce.com\/es\/#organization\",\"name\":\"SPS Commerce\",\"url\":\"https:\/\/www.spscommerce.com\/es\/\",\"logo\":{\"@type\":\"ImageObject\",\"inLanguage\":\"es-ES\",\"@id\":\"https:\/\/www.spscommerce.com\/es\/#\/schema\/logo\/image\/\",\"url\":\"https:\/\/www.spscommerce.com\/wp-content\/uploads\/2017\/09\/logo-with-tag1.png\",\"contentUrl\":\"https:\/\/www.spscommerce.com\/wp-content\/uploads\/2017\/09\/logo-with-tag1.png\",\"width\":400,\"height\":110,\"caption\":\"SPS Commerce\"},\"image\":{\"@id\":\"https:\/\/www.spscommerce.com\/es\/#\/schema\/logo\/image\/\"},\"sameAs\":[\"https:\/\/www.facebook.com\/pages\/SPS-Commerce\/115540161807561\",\"https:\/\/x.com\/SPS_Commerce\",\"https:\/\/www.linkedin.com\/company\/sps-commerce\/\",\"https:\/\/www.youtube.com\/user\/SPSCommerce\"]}]}<\/script>\n<!-- \/ Yoast SEO Premium plugin. -->","yoast_head_json":{"title":"Administraci\u00f3N De Pedidos - SPS Commerce","robots":{"index":"index","follow":"follow","max-snippet":"max-snippet:-1","max-image-preview":"max-image-preview:large","max-video-preview":"max-video-preview:-1"},"canonical":"https:\/\/www.spscommerce.com\/es\/servicios\/integracion\/externalizacion-de-intercambio-electronico-de-datos-en-formularios-web\/administracion-de-pedidos\/","og_locale":"es_ES","og_type":"article","og_title":"Administraci\u00f3N De Pedidos","og_description":"La eficacia de la administraci\u00f3n de pedidos crea oportunidades de negocio. Nuestras flexibles soluciones de administraci\u00f3n de pedidos automatizan y mejoran los modelos de conformidad habituales, lo que le permite aumentar su eficiencia y acceder en tiempo real a inventarios, servicios log\u00edsticos y soporte al cliente. Todo ello le har\u00e1 tomar sus decisiones de manera [&hellip;]","og_url":"https:\/\/www.spscommerce.com\/es\/servicios\/integracion\/externalizacion-de-intercambio-electronico-de-datos-en-formularios-web\/administracion-de-pedidos\/","og_site_name":"SPS Commerce","article_publisher":"https:\/\/www.facebook.com\/pages\/SPS-Commerce\/115540161807561","article_modified_time":"2014-09-12T21:20:44+00:00","og_image":[{"url":"http:\/\/d29sdqlj5tchvp.cloudfront.net\/assets\/Uploads\/product-icons\/_resampled\/SetWidth120-fulfillment.png","type":"","width":"","height":""}],"twitter_card":"summary_large_image","twitter_site":"@SPS_Commerce","schema":{"@context":"https:\/\/schema.org","@graph":[{"@type":"WebPage","@id":"https:\/\/www.spscommerce.com\/es\/servicios\/integracion\/externalizacion-de-intercambio-electronico-de-datos-en-formularios-web\/administracion-de-pedidos\/","url":"https:\/\/www.spscommerce.com\/es\/servicios\/integracion\/externalizacion-de-intercambio-electronico-de-datos-en-formularios-web\/administracion-de-pedidos\/","name":"Administraci\u00f3N De Pedidos - SPS Commerce","isPartOf":{"@id":"https:\/\/www.spscommerce.com\/es\/#website"},"primaryImageOfPage":{"@id":"https:\/\/www.spscommerce.com\/es\/servicios\/integracion\/externalizacion-de-intercambio-electronico-de-datos-en-formularios-web\/administracion-de-pedidos\/#primaryimage"},"image":{"@id":"https:\/\/www.spscommerce.com\/es\/servicios\/integracion\/externalizacion-de-intercambio-electronico-de-datos-en-formularios-web\/administracion-de-pedidos\/#primaryimage"},"thumbnailUrl":"http:\/\/d29sdqlj5tchvp.cloudfront.net\/assets\/Uploads\/product-icons\/_resampled\/SetWidth120-fulfillment.png","datePublished":"2014-07-24T12:23:43+00:00","dateModified":"2014-09-12T21:20:44+00:00","breadcrumb":{"@id":"https:\/\/www.spscommerce.com\/es\/servicios\/integracion\/externalizacion-de-intercambio-electronico-de-datos-en-formularios-web\/administracion-de-pedidos\/#breadcrumb"},"inLanguage":"es-ES","potentialAction":[{"@type":"ReadAction","target":["https:\/\/www.spscommerce.com\/es\/servicios\/integracion\/externalizacion-de-intercambio-electronico-de-datos-en-formularios-web\/administracion-de-pedidos\/"]}]},{"@type":"ImageObject","inLanguage":"es-ES","@id":"https:\/\/www.spscommerce.com\/es\/servicios\/integracion\/externalizacion-de-intercambio-electronico-de-datos-en-formularios-web\/administracion-de-pedidos\/#primaryimage","url":"http:\/\/d29sdqlj5tchvp.cloudfront.net\/assets\/Uploads\/product-icons\/_resampled\/SetWidth120-fulfillment.png","contentUrl":"http:\/\/d29sdqlj5tchvp.cloudfront.net\/assets\/Uploads\/product-icons\/_resampled\/SetWidth120-fulfillment.png"},{"@type":"BreadcrumbList","@id":"https:\/\/www.spscommerce.com\/es\/servicios\/integracion\/externalizacion-de-intercambio-electronico-de-datos-en-formularios-web\/administracion-de-pedidos\/#breadcrumb","itemListElement":[{"@type":"ListItem","position":1,"name":"Home","item":"https:\/\/www.spscommerce.com\/es\/"},{"@type":"ListItem","position":2,"name":"Servicios","item":"https:\/\/www.spscommerce.com\/es\/servicios\/"},{"@type":"ListItem","position":3,"name":"Integraci\u00f3n","item":"https:\/\/www.spscommerce.com\/es\/servicios\/integracion\/"},{"@type":"ListItem","position":4,"name":"Externalizaci\u00f3n De Intercambio Electr\u00f3nico De Datos En Formularios Web","item":"https:\/\/www.spscommerce.com\/es\/servicios\/integracion\/externalizacion-de-intercambio-electronico-de-datos-en-formularios-web\/"},{"@type":"ListItem","position":5,"name":"Administraci\u00f3N De Pedidos"}]},{"@type":"WebSite","@id":"https:\/\/www.spscommerce.com\/es\/#website","url":"https:\/\/www.spscommerce.com\/es\/","name":"SPS Commerce","description":"","publisher":{"@id":"https:\/\/www.spscommerce.com\/es\/#organization"},"potentialAction":[{"@type":"SearchAction","target":{"@type":"EntryPoint","urlTemplate":"https:\/\/www.spscommerce.com\/es\/?s={search_term_string}"},"query-input":{"@type":"PropertyValueSpecification","valueRequired":true,"valueName":"search_term_string"}}],"inLanguage":"es-ES"},{"@type":"Organization","@id":"https:\/\/www.spscommerce.com\/es\/#organization","name":"SPS Commerce","url":"https:\/\/www.spscommerce.com\/es\/","logo":{"@type":"ImageObject","inLanguage":"es-ES","@id":"https:\/\/www.spscommerce.com\/es\/#\/schema\/logo\/image\/","url":"https:\/\/www.spscommerce.com\/wp-content\/uploads\/2017\/09\/logo-with-tag1.png","contentUrl":"https:\/\/www.spscommerce.com\/wp-content\/uploads\/2017\/09\/logo-with-tag1.png","width":400,"height":110,"caption":"SPS Commerce"},"image":{"@id":"https:\/\/www.spscommerce.com\/es\/#\/schema\/logo\/image\/"},"sameAs":["https:\/\/www.facebook.com\/pages\/SPS-Commerce\/115540161807561","https:\/\/x.com\/SPS_Commerce","https:\/\/www.linkedin.com\/company\/sps-commerce\/","https:\/\/www.youtube.com\/user\/SPSCommerce"]}]}},"_links":{"self":[{"href":"https:\/\/www.spscommerce.com\/es\/wp-json\/wp\/v2\/pages\/2895","targetHints":{"allow":["GET"]}}],"collection":[{"href":"https:\/\/www.spscommerce.com\/es\/wp-json\/wp\/v2\/pages"}],"about":[{"href":"https:\/\/www.spscommerce.com\/es\/wp-json\/wp\/v2\/types\/page"}],"author":[{"embeddable":true,"href":"https:\/\/www.spscommerce.com\/es\/wp-json\/wp\/v2\/users\/23"}],"replies":[{"embeddable":true,"href":"https:\/\/www.spscommerce.com\/es\/wp-json\/wp\/v2\/comments?post=2895"}],"version-history":[{"count":2,"href":"https:\/\/www.spscommerce.com\/es\/wp-json\/wp\/v2\/pages\/2895\/revisions"}],"predecessor-version":[{"id":6165,"href":"https:\/\/www.spscommerce.com\/es\/wp-json\/wp\/v2\/pages\/2895\/revisions\/6165"}],"up":[{"embeddable":true,"href":"https:\/\/www.spscommerce.com\/es\/wp-json\/wp\/v2\/pages\/2903"}],"wp:attachment":[{"href":"https:\/\/www.spscommerce.com\/es\/wp-json\/wp\/v2\/media?parent=2895"}],"curies":[{"name":"wp","href":"https:\/\/api.w.org\/{rel}","templated":true}]}}