{"id":2888,"date":"2014-07-24T12:19:56","date_gmt":"2014-07-24T12:19:56","guid":{"rendered":"http:\/\/www.spscommerce-blog.com\/?page_id=2888"},"modified":"2014-07-24T12:19:56","modified_gmt":"2014-07-24T12:19:56","slug":"envio-al-consumidor-entrega-directa-al-cliente","status":"publish","type":"page","link":"https:\/\/www.spscommerce.com\/es\/servicios\/integracion\/externalizacion-de-intercambio-electronico-de-datos-en-formularios-web\/administracion-de-pedidos\/envio-al-consumidor-entrega-directa-al-cliente\/","title":{"rendered":"Env\u00edO Al Consumidor (Entrega Directa Al Cliente)"},"content":{"rendered":"<p class=\"lead\">Desm\u00e1rquese con soluciones colaborativas de entrega directa.<\/p>\n<p class=\"p1\">Trabaje en un entorno &#8220;sin inventario&#8221; y cree relaciones profesionales m\u00e1s colaborativas con nuestras soluciones de entrega directa. En un mundo en el que el comercio electr\u00f3nico es cada vez m\u00e1s importante para el \u00e9xito de una empresa, es fundamental tener una comunicaci\u00f3n m\u00e1s eficaz y constante con sus socios comerciales, evitando errores e interrupciones que pueden, sencillamente, enviar a sus clientes a la competencia.<\/p>\n<p class=\"p2\">Nuestras soluciones optimizan la comunicaci\u00f3n entre minoristas y proveedores, ofreciendo a todas las partes nuevas formas de servir a sus clientes.<\/p>\n<p class=\"p1\">As\u00ed, los proveedores pueden abastecer directamente a los clientes sin riesgo de confusi\u00f3n, gracias a las notas con logotipos de marca de los embalajes, que evitan cualquier error de identificaci\u00f3n sin ning\u00fan trabajo extra.<\/p>\n<p class=\"p2\">Los minoristas se benefician al tener m\u00e1s productos disponibles a trav\u00e9s de su sitio de e-business, a la vez que aumenta la satisfacci\u00f3n del cliente sin tener que llevar inventarios adicionales que le hacen perder tiempo y dinero.<\/p>\n","protected":false},"excerpt":{"rendered":"<p>Desm\u00e1rquese con soluciones colaborativas de entrega directa. Trabaje en un entorno &#8220;sin inventario&#8221; y cree relaciones profesionales m\u00e1s colaborativas con nuestras soluciones de entrega directa. En un mundo en el que el comercio electr\u00f3nico es cada vez m\u00e1s importante para el \u00e9xito de una empresa, es fundamental tener una comunicaci\u00f3n m\u00e1s eficaz y constante con [&hellip;]<\/p>\n","protected":false},"author":23,"featured_media":0,"parent":2895,"menu_order":0,"comment_status":"closed","ping_status":"closed","template":"","meta":{"_acf_changed":false,"_et_pb_use_builder":"","_et_pb_old_content":"","_et_gb_content_width":"","sfsi_plus_gutenberg_text_before_share":"","sfsi_plus_gutenberg_show_text_before_share":"","sfsi_plus_gutenberg_icon_type":"","sfsi_plus_gutenberg_icon_alignemt":"","sfsi_plus_gutenburg_max_per_row":"","footnotes":""},"class_list":["post-2888","page","type-page","status-publish","hentry"],"acf":[],"yoast_head":"<!-- This site is optimized with the Yoast SEO Premium plugin v26.1 (Yoast SEO v26.1.1) - https:\/\/yoast.com\/wordpress\/plugins\/seo\/ -->\n<title>Env\u00edO Al Consumidor (Entrega Directa Al Cliente) - SPS Commerce<\/title>\n<meta name=\"robots\" content=\"index, follow, max-snippet:-1, max-image-preview:large, max-video-preview:-1\" \/>\n<link rel=\"canonical\" href=\"https:\/\/www.spscommerce.com\/es\/servicios\/integracion\/externalizacion-de-intercambio-electronico-de-datos-en-formularios-web\/administracion-de-pedidos\/envio-al-consumidor-entrega-directa-al-cliente\/\" \/>\n<meta property=\"og:locale\" content=\"es_ES\" \/>\n<meta property=\"og:type\" content=\"article\" \/>\n<meta property=\"og:title\" content=\"Env\u00edO Al Consumidor (Entrega Directa Al Cliente)\" \/>\n<meta property=\"og:description\" content=\"Desm\u00e1rquese con soluciones colaborativas de entrega directa. Trabaje en un entorno &#8220;sin inventario&#8221; y cree relaciones profesionales m\u00e1s colaborativas con nuestras soluciones de entrega directa. En un mundo en el que el comercio electr\u00f3nico es cada vez m\u00e1s importante para el \u00e9xito de una empresa, es fundamental tener una comunicaci\u00f3n m\u00e1s eficaz y constante con [&hellip;]\" \/>\n<meta property=\"og:url\" content=\"https:\/\/www.spscommerce.com\/es\/servicios\/integracion\/externalizacion-de-intercambio-electronico-de-datos-en-formularios-web\/administracion-de-pedidos\/envio-al-consumidor-entrega-directa-al-cliente\/\" \/>\n<meta property=\"og:site_name\" content=\"SPS Commerce\" \/>\n<meta property=\"article:publisher\" content=\"https:\/\/www.facebook.com\/pages\/SPS-Commerce\/115540161807561\" \/>\n<meta name=\"twitter:card\" content=\"summary_large_image\" \/>\n<meta name=\"twitter:site\" content=\"@SPS_Commerce\" \/>\n<script type=\"application\/ld+json\" class=\"yoast-schema-graph\">{\"@context\":\"https:\/\/schema.org\",\"@graph\":[{\"@type\":\"WebPage\",\"@id\":\"https:\/\/www.spscommerce.com\/es\/servicios\/integracion\/externalizacion-de-intercambio-electronico-de-datos-en-formularios-web\/administracion-de-pedidos\/envio-al-consumidor-entrega-directa-al-cliente\/\",\"url\":\"https:\/\/www.spscommerce.com\/es\/servicios\/integracion\/externalizacion-de-intercambio-electronico-de-datos-en-formularios-web\/administracion-de-pedidos\/envio-al-consumidor-entrega-directa-al-cliente\/\",\"name\":\"Env\u00edO Al Consumidor (Entrega Directa Al Cliente) - SPS Commerce\",\"isPartOf\":{\"@id\":\"https:\/\/www.spscommerce.com\/es\/#website\"},\"datePublished\":\"2014-07-24T12:19:56+00:00\",\"breadcrumb\":{\"@id\":\"https:\/\/www.spscommerce.com\/es\/servicios\/integracion\/externalizacion-de-intercambio-electronico-de-datos-en-formularios-web\/administracion-de-pedidos\/envio-al-consumidor-entrega-directa-al-cliente\/#breadcrumb\"},\"inLanguage\":\"es-ES\",\"potentialAction\":[{\"@type\":\"ReadAction\",\"target\":[\"https:\/\/www.spscommerce.com\/es\/servicios\/integracion\/externalizacion-de-intercambio-electronico-de-datos-en-formularios-web\/administracion-de-pedidos\/envio-al-consumidor-entrega-directa-al-cliente\/\"]}]},{\"@type\":\"BreadcrumbList\",\"@id\":\"https:\/\/www.spscommerce.com\/es\/servicios\/integracion\/externalizacion-de-intercambio-electronico-de-datos-en-formularios-web\/administracion-de-pedidos\/envio-al-consumidor-entrega-directa-al-cliente\/#breadcrumb\",\"itemListElement\":[{\"@type\":\"ListItem\",\"position\":1,\"name\":\"Home\",\"item\":\"https:\/\/www.spscommerce.com\/es\/\"},{\"@type\":\"ListItem\",\"position\":2,\"name\":\"Servicios\",\"item\":\"https:\/\/www.spscommerce.com\/es\/servicios\/\"},{\"@type\":\"ListItem\",\"position\":3,\"name\":\"Integraci\u00f3n\",\"item\":\"https:\/\/www.spscommerce.com\/es\/servicios\/integracion\/\"},{\"@type\":\"ListItem\",\"position\":4,\"name\":\"Externalizaci\u00f3n De Intercambio Electr\u00f3nico De Datos En Formularios Web\",\"item\":\"https:\/\/www.spscommerce.com\/es\/servicios\/integracion\/externalizacion-de-intercambio-electronico-de-datos-en-formularios-web\/\"},{\"@type\":\"ListItem\",\"position\":5,\"name\":\"Administraci\u00f3N De Pedidos\",\"item\":\"https:\/\/www.spscommerce.com\/es\/servicios\/integracion\/externalizacion-de-intercambio-electronico-de-datos-en-formularios-web\/administracion-de-pedidos\/\"},{\"@type\":\"ListItem\",\"position\":6,\"name\":\"Env\u00edO Al Consumidor (Entrega Directa Al Cliente)\"}]},{\"@type\":\"WebSite\",\"@id\":\"https:\/\/www.spscommerce.com\/es\/#website\",\"url\":\"https:\/\/www.spscommerce.com\/es\/\",\"name\":\"SPS Commerce\",\"description\":\"\",\"publisher\":{\"@id\":\"https:\/\/www.spscommerce.com\/es\/#organization\"},\"potentialAction\":[{\"@type\":\"SearchAction\",\"target\":{\"@type\":\"EntryPoint\",\"urlTemplate\":\"https:\/\/www.spscommerce.com\/es\/?s={search_term_string}\"},\"query-input\":{\"@type\":\"PropertyValueSpecification\",\"valueRequired\":true,\"valueName\":\"search_term_string\"}}],\"inLanguage\":\"es-ES\"},{\"@type\":\"Organization\",\"@id\":\"https:\/\/www.spscommerce.com\/es\/#organization\",\"name\":\"SPS Commerce\",\"url\":\"https:\/\/www.spscommerce.com\/es\/\",\"logo\":{\"@type\":\"ImageObject\",\"inLanguage\":\"es-ES\",\"@id\":\"https:\/\/www.spscommerce.com\/es\/#\/schema\/logo\/image\/\",\"url\":\"https:\/\/www.spscommerce.com\/wp-content\/uploads\/2017\/09\/logo-with-tag1.png\",\"contentUrl\":\"https:\/\/www.spscommerce.com\/wp-content\/uploads\/2017\/09\/logo-with-tag1.png\",\"width\":400,\"height\":110,\"caption\":\"SPS Commerce\"},\"image\":{\"@id\":\"https:\/\/www.spscommerce.com\/es\/#\/schema\/logo\/image\/\"},\"sameAs\":[\"https:\/\/www.facebook.com\/pages\/SPS-Commerce\/115540161807561\",\"https:\/\/x.com\/SPS_Commerce\",\"https:\/\/www.linkedin.com\/company\/sps-commerce\/\",\"https:\/\/www.youtube.com\/user\/SPSCommerce\"]}]}<\/script>\n<!-- \/ Yoast SEO Premium plugin. -->","yoast_head_json":{"title":"Env\u00edO Al Consumidor (Entrega Directa Al Cliente) - SPS Commerce","robots":{"index":"index","follow":"follow","max-snippet":"max-snippet:-1","max-image-preview":"max-image-preview:large","max-video-preview":"max-video-preview:-1"},"canonical":"https:\/\/www.spscommerce.com\/es\/servicios\/integracion\/externalizacion-de-intercambio-electronico-de-datos-en-formularios-web\/administracion-de-pedidos\/envio-al-consumidor-entrega-directa-al-cliente\/","og_locale":"es_ES","og_type":"article","og_title":"Env\u00edO Al Consumidor (Entrega Directa Al Cliente)","og_description":"Desm\u00e1rquese con soluciones colaborativas de entrega directa. Trabaje en un entorno &#8220;sin inventario&#8221; y cree relaciones profesionales m\u00e1s colaborativas con nuestras soluciones de entrega directa. En un mundo en el que el comercio electr\u00f3nico es cada vez m\u00e1s importante para el \u00e9xito de una empresa, es fundamental tener una comunicaci\u00f3n m\u00e1s eficaz y constante con [&hellip;]","og_url":"https:\/\/www.spscommerce.com\/es\/servicios\/integracion\/externalizacion-de-intercambio-electronico-de-datos-en-formularios-web\/administracion-de-pedidos\/envio-al-consumidor-entrega-directa-al-cliente\/","og_site_name":"SPS Commerce","article_publisher":"https:\/\/www.facebook.com\/pages\/SPS-Commerce\/115540161807561","twitter_card":"summary_large_image","twitter_site":"@SPS_Commerce","schema":{"@context":"https:\/\/schema.org","@graph":[{"@type":"WebPage","@id":"https:\/\/www.spscommerce.com\/es\/servicios\/integracion\/externalizacion-de-intercambio-electronico-de-datos-en-formularios-web\/administracion-de-pedidos\/envio-al-consumidor-entrega-directa-al-cliente\/","url":"https:\/\/www.spscommerce.com\/es\/servicios\/integracion\/externalizacion-de-intercambio-electronico-de-datos-en-formularios-web\/administracion-de-pedidos\/envio-al-consumidor-entrega-directa-al-cliente\/","name":"Env\u00edO Al Consumidor (Entrega Directa Al Cliente) - SPS Commerce","isPartOf":{"@id":"https:\/\/www.spscommerce.com\/es\/#website"},"datePublished":"2014-07-24T12:19:56+00:00","breadcrumb":{"@id":"https:\/\/www.spscommerce.com\/es\/servicios\/integracion\/externalizacion-de-intercambio-electronico-de-datos-en-formularios-web\/administracion-de-pedidos\/envio-al-consumidor-entrega-directa-al-cliente\/#breadcrumb"},"inLanguage":"es-ES","potentialAction":[{"@type":"ReadAction","target":["https:\/\/www.spscommerce.com\/es\/servicios\/integracion\/externalizacion-de-intercambio-electronico-de-datos-en-formularios-web\/administracion-de-pedidos\/envio-al-consumidor-entrega-directa-al-cliente\/"]}]},{"@type":"BreadcrumbList","@id":"https:\/\/www.spscommerce.com\/es\/servicios\/integracion\/externalizacion-de-intercambio-electronico-de-datos-en-formularios-web\/administracion-de-pedidos\/envio-al-consumidor-entrega-directa-al-cliente\/#breadcrumb","itemListElement":[{"@type":"ListItem","position":1,"name":"Home","item":"https:\/\/www.spscommerce.com\/es\/"},{"@type":"ListItem","position":2,"name":"Servicios","item":"https:\/\/www.spscommerce.com\/es\/servicios\/"},{"@type":"ListItem","position":3,"name":"Integraci\u00f3n","item":"https:\/\/www.spscommerce.com\/es\/servicios\/integracion\/"},{"@type":"ListItem","position":4,"name":"Externalizaci\u00f3n De Intercambio Electr\u00f3nico De Datos En Formularios Web","item":"https:\/\/www.spscommerce.com\/es\/servicios\/integracion\/externalizacion-de-intercambio-electronico-de-datos-en-formularios-web\/"},{"@type":"ListItem","position":5,"name":"Administraci\u00f3N De Pedidos","item":"https:\/\/www.spscommerce.com\/es\/servicios\/integracion\/externalizacion-de-intercambio-electronico-de-datos-en-formularios-web\/administracion-de-pedidos\/"},{"@type":"ListItem","position":6,"name":"Env\u00edO Al Consumidor (Entrega Directa Al Cliente)"}]},{"@type":"WebSite","@id":"https:\/\/www.spscommerce.com\/es\/#website","url":"https:\/\/www.spscommerce.com\/es\/","name":"SPS Commerce","description":"","publisher":{"@id":"https:\/\/www.spscommerce.com\/es\/#organization"},"potentialAction":[{"@type":"SearchAction","target":{"@type":"EntryPoint","urlTemplate":"https:\/\/www.spscommerce.com\/es\/?s={search_term_string}"},"query-input":{"@type":"PropertyValueSpecification","valueRequired":true,"valueName":"search_term_string"}}],"inLanguage":"es-ES"},{"@type":"Organization","@id":"https:\/\/www.spscommerce.com\/es\/#organization","name":"SPS Commerce","url":"https:\/\/www.spscommerce.com\/es\/","logo":{"@type":"ImageObject","inLanguage":"es-ES","@id":"https:\/\/www.spscommerce.com\/es\/#\/schema\/logo\/image\/","url":"https:\/\/www.spscommerce.com\/wp-content\/uploads\/2017\/09\/logo-with-tag1.png","contentUrl":"https:\/\/www.spscommerce.com\/wp-content\/uploads\/2017\/09\/logo-with-tag1.png","width":400,"height":110,"caption":"SPS Commerce"},"image":{"@id":"https:\/\/www.spscommerce.com\/es\/#\/schema\/logo\/image\/"},"sameAs":["https:\/\/www.facebook.com\/pages\/SPS-Commerce\/115540161807561","https:\/\/x.com\/SPS_Commerce","https:\/\/www.linkedin.com\/company\/sps-commerce\/","https:\/\/www.youtube.com\/user\/SPSCommerce"]}]}},"_links":{"self":[{"href":"https:\/\/www.spscommerce.com\/es\/wp-json\/wp\/v2\/pages\/2888","targetHints":{"allow":["GET"]}}],"collection":[{"href":"https:\/\/www.spscommerce.com\/es\/wp-json\/wp\/v2\/pages"}],"about":[{"href":"https:\/\/www.spscommerce.com\/es\/wp-json\/wp\/v2\/types\/page"}],"author":[{"embeddable":true,"href":"https:\/\/www.spscommerce.com\/es\/wp-json\/wp\/v2\/users\/23"}],"replies":[{"embeddable":true,"href":"https:\/\/www.spscommerce.com\/es\/wp-json\/wp\/v2\/comments?post=2888"}],"version-history":[{"count":1,"href":"https:\/\/www.spscommerce.com\/es\/wp-json\/wp\/v2\/pages\/2888\/revisions"}],"predecessor-version":[{"id":2889,"href":"https:\/\/www.spscommerce.com\/es\/wp-json\/wp\/v2\/pages\/2888\/revisions\/2889"}],"up":[{"embeddable":true,"href":"https:\/\/www.spscommerce.com\/es\/wp-json\/wp\/v2\/pages\/2895"}],"wp:attachment":[{"href":"https:\/\/www.spscommerce.com\/es\/wp-json\/wp\/v2\/media?parent=2888"}],"curies":[{"name":"wp","href":"https:\/\/api.w.org\/{rel}","templated":true}]}}