{"id":24562,"date":"2015-07-17T12:04:23","date_gmt":"2015-07-17T17:04:23","guid":{"rendered":"https:\/\/www.spscommerce.com\/?page_id=24562"},"modified":"2016-04-28T15:04:49","modified_gmt":"2016-04-28T20:04:49","slug":"contactenos","status":"publish","type":"page","link":"https:\/\/www.spscommerce.com\/es\/contactenos\/","title":{"rendered":"Cont\u00e1ctenos"},"content":{"rendered":"<p>[et_pb_section admin_label=&#8221;section&#8221; fullwidth=&#8221;on&#8221; specialty=&#8221;off&#8221; background_image=&#8221;\/wp-content\/uploads\/2014\/07\/SPS-Custom-Facets-01.jpg&#8221; transparent_background=&#8221;off&#8221; background_color=&#8221;#ffffff&#8221; inner_shadow=&#8221;off&#8221; parallax=&#8221;off&#8221; parallax_method=&#8221;off&#8221; module_class=&#8221;banner&#8221;][et_pb_fullwidth_header admin_label=&#8221;Fullwidth Header&#8221; title=&#8221;Contact us&#8221; background_layout=&#8221;dark&#8221; text_orientation=&#8221;center&#8221;] [\/et_pb_fullwidth_header][\/et_pb_section][et_pb_section admin_label=&#8221;section&#8221;][et_pb_row admin_label=&#8221;row&#8221;][et_pb_column type=&#8221;4_4&#8243;][et_pb_text admin_label=&#8221;Text&#8221; background_layout=&#8221;light&#8221; text_orientation=&#8221;center&#8221; use_border_color=&#8221;off&#8221; border_color=&#8221;#ffffff&#8221; border_style=&#8221;solid&#8221;]<\/p>\n<h3 class=\"lead\">Hay varias maneras de ponerse en contacto con nosotros. Elija de entre las opciones a continuaci\u00f3n para que podamos ayudarlo de la forma m\u00e1s eficiente.<\/h3>\n<p>[\/et_pb_text][\/et_pb_column][\/et_pb_row][et_pb_row admin_label=&#8221;row&#8221;][et_pb_column type=&#8221;1_3&#8243;][et_pb_blurb admin_label=&#8221;Blurb&#8221; title=&#8221;Soy un cliente y necesito soporte.&#8221; url=&#8221;https:\/\/supportcenter.spscommerce.com\/spscommerce\/topics\/how_can_i_contact_sps_commerce-82lh7&#8243; url_new_window=&#8221;off&#8221; use_icon=&#8221;on&#8221; font_icon=&#8221;t&#8221; icon_color=&#8221;#00aae5&#8243; use_circle=&#8221;off&#8221; circle_color=&#8221;#00aae5&#8243; use_circle_border=&#8221;off&#8221; circle_border_color=&#8221;#00aae5&#8243; icon_placement=&#8221;top&#8221; animation=&#8221;off&#8221; background_layout=&#8221;light&#8221; text_orientation=&#8221;center&#8221; use_icon_font_size=&#8221;off&#8221; use_border_color=&#8221;off&#8221; border_color=&#8221;#ffffff&#8221; border_style=&#8221;solid&#8221;] [\/et_pb_blurb][et_pb_cta admin_label=&#8221;Call To Action&#8221; button_url=&#8221;https:\/\/supportcenter.spscommerce.com\/spscommerce\/topics\/how_can_i_contact_sps_commerce-82lh7&#8243; button_text=&#8221;OBTENER AYUDA AHORA&#8221; use_background_color=&#8221;off&#8221; background_color=&#8221;#00aae5&#8243; background_layout=&#8221;light&#8221; text_orientation=&#8221;center&#8221; url_new_window=&#8221;off&#8221; use_border_color=&#8221;off&#8221; border_color=&#8221;#ffffff&#8221; border_style=&#8221;solid&#8221; custom_button=&#8221;off&#8221; button_letter_spacing=&#8221;0&#8243; button_use_icon=&#8221;default&#8221; button_icon_placement=&#8221;right&#8221; button_on_hover=&#8221;on&#8221; button_letter_spacing_hover=&#8221;0&#8243;]<\/p>\n<p>Si ya es un cliente de SPS Commerce, nuestro personal de soporte est\u00e1 disponible para cualquier pregunta t\u00e9cnica que pueda tener.<\/p>\n<p>[\/et_pb_cta][\/et_pb_column][et_pb_column type=&#8221;1_3&#8243;][et_pb_blurb admin_label=&#8221;Blurb&#8221; title=&#8221;Tengo preguntas acerca de los productos SPS.&#8221; url=&#8221;\/contact\/&#8221; url_new_window=&#8221;off&#8221; use_icon=&#8221;on&#8221; font_icon=&#8221;\ue606&#8221; icon_color=&#8221;#00aae5&#8243; use_circle=&#8221;off&#8221; circle_color=&#8221;#00aae5&#8243; use_circle_border=&#8221;off&#8221; circle_border_color=&#8221;#00aae5&#8243; icon_placement=&#8221;top&#8221; animation=&#8221;off&#8221; background_layout=&#8221;light&#8221; text_orientation=&#8221;center&#8221; use_icon_font_size=&#8221;off&#8221; use_border_color=&#8221;off&#8221; border_color=&#8221;#ffffff&#8221; border_style=&#8221;solid&#8221;] [\/et_pb_blurb][et_pb_cta admin_label=&#8221;Call To Action&#8221; button_url=&#8221;\/contact\/&#8221; button_text=&#8221;FORMULARIO de CONTACTO&#8221; use_background_color=&#8221;off&#8221; background_color=&#8221;#00aae5&#8243; background_layout=&#8221;light&#8221; text_orientation=&#8221;center&#8221; url_new_window=&#8221;off&#8221; use_border_color=&#8221;off&#8221; border_color=&#8221;#ffffff&#8221; border_style=&#8221;solid&#8221; custom_button=&#8221;off&#8221; button_letter_spacing=&#8221;0&#8243; button_use_icon=&#8221;default&#8221; button_icon_placement=&#8221;right&#8221; button_on_hover=&#8221;on&#8221; button_letter_spacing_hover=&#8221;0&#8243;]<\/p>\n<p>\u00bfTiene preguntas acerca de nuestros productos? \u00a1No hay problema! Complete un formulario r\u00e1pido, y uno de nuestros expertos en ventas minoristas para canales m\u00faltiples pronto se pondr\u00e1 en contacto con usted.<\/p>\n<p>[\/et_pb_cta][\/et_pb_column][et_pb_column type=&#8221;1_3&#8243;][et_pb_blurb admin_label=&#8221;Blurb&#8221; title=&#8221;Necesito una direcci\u00f3n o n\u00famero de tel\u00e9fono.&#8221; url=&#8221;\/offices\/&#8221; url_new_window=&#8221;off&#8221; use_icon=&#8221;on&#8221; font_icon=&#8221;\ue05a&#8221; icon_color=&#8221;#00aae5&#8243; use_circle=&#8221;off&#8221; circle_color=&#8221;#00aae5&#8243; use_circle_border=&#8221;off&#8221; circle_border_color=&#8221;#00aae5&#8243; icon_placement=&#8221;top&#8221; animation=&#8221;off&#8221; background_layout=&#8221;light&#8221; text_orientation=&#8221;center&#8221; use_icon_font_size=&#8221;off&#8221; use_border_color=&#8221;off&#8221; border_color=&#8221;#ffffff&#8221; border_style=&#8221;solid&#8221;] [\/et_pb_blurb][et_pb_cta admin_label=&#8221;Call To Action&#8221; button_url=&#8221;\/offices\/&#8221; button_text=&#8221;VER INFORMACI\u00d3N de CONTACTO&#8221; use_background_color=&#8221;off&#8221; background_color=&#8221;#00aae5&#8243; background_layout=&#8221;light&#8221; text_orientation=&#8221;center&#8221; url_new_window=&#8221;off&#8221; use_border_color=&#8221;off&#8221; border_color=&#8221;#ffffff&#8221; border_style=&#8221;solid&#8221; custom_button=&#8221;off&#8221; button_letter_spacing=&#8221;0&#8243; button_use_icon=&#8221;default&#8221; button_icon_placement=&#8221;right&#8221; button_on_hover=&#8221;on&#8221; button_letter_spacing_hover=&#8221;0&#8243;]<\/p>\n<p>Ver ubicaci\u00f3n de las oficinas e informaci\u00f3n de contacto con SPS Commerce.<\/p>\n<p>[\/et_pb_cta][\/et_pb_column][\/et_pb_row][\/et_pb_section]<\/p>\n","protected":false},"excerpt":{"rendered":"<p>Hay varias maneras de ponerse en contacto con nosotros. Elija de entre las opciones a continuaci\u00f3n para que podamos ayudarlo de la forma m\u00e1s eficiente. Si ya es un cliente de SPS Commerce, nuestro personal de soporte est\u00e1 disponible para cualquier pregunta t\u00e9cnica que pueda tener. \u00bfTiene preguntas acerca de nuestros productos? \u00a1No hay problema! [&hellip;]<\/p>\n","protected":false},"author":23,"featured_media":0,"parent":0,"menu_order":0,"comment_status":"closed","ping_status":"closed","template":"","meta":{"_acf_changed":false,"_et_pb_use_builder":"on","_et_pb_old_content":"","_et_gb_content_width":"","sfsi_plus_gutenberg_text_before_share":"","sfsi_plus_gutenberg_show_text_before_share":"","sfsi_plus_gutenberg_icon_type":"","sfsi_plus_gutenberg_icon_alignemt":"","sfsi_plus_gutenburg_max_per_row":"","footnotes":""},"class_list":["post-24562","page","type-page","status-publish","hentry"],"acf":[],"yoast_head":"<!-- This site is optimized with the Yoast SEO Premium plugin v26.1 (Yoast SEO v26.1.1) - https:\/\/yoast.com\/wordpress\/plugins\/seo\/ -->\n<title>Cont\u00e1ctenos - SPS Commerce<\/title>\n<meta name=\"robots\" content=\"noindex, nofollow\" \/>\n<meta property=\"og:locale\" content=\"es_ES\" \/>\n<meta property=\"og:type\" content=\"article\" \/>\n<meta property=\"og:title\" content=\"Cont\u00e1ctenos\" \/>\n<meta property=\"og:description\" content=\"Hay varias maneras de ponerse en contacto con nosotros. Elija de entre las opciones a continuaci\u00f3n para que podamos ayudarlo de la forma m\u00e1s eficiente. Si ya es un cliente de SPS Commerce, nuestro personal de soporte est\u00e1 disponible para cualquier pregunta t\u00e9cnica que pueda tener. \u00bfTiene preguntas acerca de nuestros productos? \u00a1No hay problema! [&hellip;]\" \/>\n<meta property=\"og:url\" content=\"https:\/\/www.spscommerce.com\/es\/contactenos\/\" \/>\n<meta property=\"og:site_name\" content=\"SPS Commerce\" \/>\n<meta property=\"article:publisher\" content=\"https:\/\/www.facebook.com\/pages\/SPS-Commerce\/115540161807561\" \/>\n<meta property=\"article:modified_time\" content=\"2016-04-28T20:04:49+00:00\" \/>\n<meta name=\"twitter:card\" content=\"summary_large_image\" \/>\n<meta name=\"twitter:site\" content=\"@SPS_Commerce\" \/>\n<script type=\"application\/ld+json\" class=\"yoast-schema-graph\">{\"@context\":\"https:\/\/schema.org\",\"@graph\":[{\"@type\":\"WebPage\",\"@id\":\"https:\/\/www.spscommerce.com\/es\/contactenos\/\",\"url\":\"https:\/\/www.spscommerce.com\/es\/contactenos\/\",\"name\":\"Cont\u00e1ctenos - SPS Commerce\",\"isPartOf\":{\"@id\":\"https:\/\/www.spscommerce.com\/es\/#website\"},\"datePublished\":\"2015-07-17T17:04:23+00:00\",\"dateModified\":\"2016-04-28T20:04:49+00:00\",\"breadcrumb\":{\"@id\":\"https:\/\/www.spscommerce.com\/es\/contactenos\/#breadcrumb\"},\"inLanguage\":\"es-ES\",\"potentialAction\":[{\"@type\":\"ReadAction\",\"target\":[\"https:\/\/www.spscommerce.com\/es\/contactenos\/\"]}]},{\"@type\":\"BreadcrumbList\",\"@id\":\"https:\/\/www.spscommerce.com\/es\/contactenos\/#breadcrumb\",\"itemListElement\":[{\"@type\":\"ListItem\",\"position\":1,\"name\":\"Home\",\"item\":\"https:\/\/www.spscommerce.com\/es\/\"},{\"@type\":\"ListItem\",\"position\":2,\"name\":\"Cont\u00e1ctenos\"}]},{\"@type\":\"WebSite\",\"@id\":\"https:\/\/www.spscommerce.com\/es\/#website\",\"url\":\"https:\/\/www.spscommerce.com\/es\/\",\"name\":\"SPS Commerce\",\"description\":\"\",\"publisher\":{\"@id\":\"https:\/\/www.spscommerce.com\/es\/#organization\"},\"potentialAction\":[{\"@type\":\"SearchAction\",\"target\":{\"@type\":\"EntryPoint\",\"urlTemplate\":\"https:\/\/www.spscommerce.com\/es\/?s={search_term_string}\"},\"query-input\":{\"@type\":\"PropertyValueSpecification\",\"valueRequired\":true,\"valueName\":\"search_term_string\"}}],\"inLanguage\":\"es-ES\"},{\"@type\":\"Organization\",\"@id\":\"https:\/\/www.spscommerce.com\/es\/#organization\",\"name\":\"SPS Commerce\",\"url\":\"https:\/\/www.spscommerce.com\/es\/\",\"logo\":{\"@type\":\"ImageObject\",\"inLanguage\":\"es-ES\",\"@id\":\"https:\/\/www.spscommerce.com\/es\/#\/schema\/logo\/image\/\",\"url\":\"https:\/\/www.spscommerce.com\/wp-content\/uploads\/2017\/09\/logo-with-tag1.png\",\"contentUrl\":\"https:\/\/www.spscommerce.com\/wp-content\/uploads\/2017\/09\/logo-with-tag1.png\",\"width\":400,\"height\":110,\"caption\":\"SPS Commerce\"},\"image\":{\"@id\":\"https:\/\/www.spscommerce.com\/es\/#\/schema\/logo\/image\/\"},\"sameAs\":[\"https:\/\/www.facebook.com\/pages\/SPS-Commerce\/115540161807561\",\"https:\/\/x.com\/SPS_Commerce\",\"https:\/\/www.linkedin.com\/company\/sps-commerce\/\",\"https:\/\/www.youtube.com\/user\/SPSCommerce\"]}]}<\/script>\n<!-- \/ Yoast SEO Premium plugin. -->","yoast_head_json":{"title":"Cont\u00e1ctenos - SPS Commerce","robots":{"index":"noindex","follow":"nofollow"},"og_locale":"es_ES","og_type":"article","og_title":"Cont\u00e1ctenos","og_description":"Hay varias maneras de ponerse en contacto con nosotros. Elija de entre las opciones a continuaci\u00f3n para que podamos ayudarlo de la forma m\u00e1s eficiente. Si ya es un cliente de SPS Commerce, nuestro personal de soporte est\u00e1 disponible para cualquier pregunta t\u00e9cnica que pueda tener. \u00bfTiene preguntas acerca de nuestros productos? \u00a1No hay problema! [&hellip;]","og_url":"https:\/\/www.spscommerce.com\/es\/contactenos\/","og_site_name":"SPS Commerce","article_publisher":"https:\/\/www.facebook.com\/pages\/SPS-Commerce\/115540161807561","article_modified_time":"2016-04-28T20:04:49+00:00","twitter_card":"summary_large_image","twitter_site":"@SPS_Commerce","schema":{"@context":"https:\/\/schema.org","@graph":[{"@type":"WebPage","@id":"https:\/\/www.spscommerce.com\/es\/contactenos\/","url":"https:\/\/www.spscommerce.com\/es\/contactenos\/","name":"Cont\u00e1ctenos - SPS Commerce","isPartOf":{"@id":"https:\/\/www.spscommerce.com\/es\/#website"},"datePublished":"2015-07-17T17:04:23+00:00","dateModified":"2016-04-28T20:04:49+00:00","breadcrumb":{"@id":"https:\/\/www.spscommerce.com\/es\/contactenos\/#breadcrumb"},"inLanguage":"es-ES","potentialAction":[{"@type":"ReadAction","target":["https:\/\/www.spscommerce.com\/es\/contactenos\/"]}]},{"@type":"BreadcrumbList","@id":"https:\/\/www.spscommerce.com\/es\/contactenos\/#breadcrumb","itemListElement":[{"@type":"ListItem","position":1,"name":"Home","item":"https:\/\/www.spscommerce.com\/es\/"},{"@type":"ListItem","position":2,"name":"Cont\u00e1ctenos"}]},{"@type":"WebSite","@id":"https:\/\/www.spscommerce.com\/es\/#website","url":"https:\/\/www.spscommerce.com\/es\/","name":"SPS Commerce","description":"","publisher":{"@id":"https:\/\/www.spscommerce.com\/es\/#organization"},"potentialAction":[{"@type":"SearchAction","target":{"@type":"EntryPoint","urlTemplate":"https:\/\/www.spscommerce.com\/es\/?s={search_term_string}"},"query-input":{"@type":"PropertyValueSpecification","valueRequired":true,"valueName":"search_term_string"}}],"inLanguage":"es-ES"},{"@type":"Organization","@id":"https:\/\/www.spscommerce.com\/es\/#organization","name":"SPS Commerce","url":"https:\/\/www.spscommerce.com\/es\/","logo":{"@type":"ImageObject","inLanguage":"es-ES","@id":"https:\/\/www.spscommerce.com\/es\/#\/schema\/logo\/image\/","url":"https:\/\/www.spscommerce.com\/wp-content\/uploads\/2017\/09\/logo-with-tag1.png","contentUrl":"https:\/\/www.spscommerce.com\/wp-content\/uploads\/2017\/09\/logo-with-tag1.png","width":400,"height":110,"caption":"SPS Commerce"},"image":{"@id":"https:\/\/www.spscommerce.com\/es\/#\/schema\/logo\/image\/"},"sameAs":["https:\/\/www.facebook.com\/pages\/SPS-Commerce\/115540161807561","https:\/\/x.com\/SPS_Commerce","https:\/\/www.linkedin.com\/company\/sps-commerce\/","https:\/\/www.youtube.com\/user\/SPSCommerce"]}]}},"_links":{"self":[{"href":"https:\/\/www.spscommerce.com\/es\/wp-json\/wp\/v2\/pages\/24562","targetHints":{"allow":["GET"]}}],"collection":[{"href":"https:\/\/www.spscommerce.com\/es\/wp-json\/wp\/v2\/pages"}],"about":[{"href":"https:\/\/www.spscommerce.com\/es\/wp-json\/wp\/v2\/types\/page"}],"author":[{"embeddable":true,"href":"https:\/\/www.spscommerce.com\/es\/wp-json\/wp\/v2\/users\/23"}],"replies":[{"embeddable":true,"href":"https:\/\/www.spscommerce.com\/es\/wp-json\/wp\/v2\/comments?post=24562"}],"version-history":[{"count":2,"href":"https:\/\/www.spscommerce.com\/es\/wp-json\/wp\/v2\/pages\/24562\/revisions"}],"predecessor-version":[{"id":34291,"href":"https:\/\/www.spscommerce.com\/es\/wp-json\/wp\/v2\/pages\/24562\/revisions\/34291"}],"wp:attachment":[{"href":"https:\/\/www.spscommerce.com\/es\/wp-json\/wp\/v2\/media?parent=24562"}],"curies":[{"name":"wp","href":"https:\/\/api.w.org\/{rel}","templated":true}]}}