{"id":2260,"date":"2014-07-16T07:22:04","date_gmt":"2014-07-16T07:22:04","guid":{"rendered":"http:\/\/www.spscommerce-blog.com\/?page_id=2260"},"modified":"2016-04-29T12:18:12","modified_gmt":"2016-04-29T17:18:12","slug":"negocio","status":"publish","type":"page","link":"https:\/\/www.spscommerce.com\/es\/comunidad-de-socios\/negocio\/","title":{"rendered":"Negocio"},"content":{"rendered":"<p>[et_pb_section admin_label=&#8221;section&#8221; transparent_background=&#8221;off&#8221; background_color=&#8221;#00aae5&#8243; inner_shadow=&#8221;off&#8221; parallax=&#8221;off&#8221; parallax_method=&#8221;off&#8221; module_class=&#8221;corner&#8221;][et_pb_row admin_label=&#8221;row&#8221;][et_pb_column type=&#8221;3_4&#8243;][et_pb_text admin_label=&#8221;Text&#8221; background_layout=&#8221;dark&#8221; text_orientation=&#8221;left&#8221; use_border_color=&#8221;off&#8221; border_color=&#8221;#ffffff&#8221; border_style=&#8221;solid&#8221;]<\/p>\n<h1>Comunidad de Socios.<\/h1>\n<p class=\"lead\"><strong>Convi\u00e9rtase en socio de negocios.<\/strong><\/p>\n<p>[\/et_pb_text][\/et_pb_column][et_pb_column type=&#8221;1_4&#8243;][et_pb_image admin_label=&#8221;Image&#8221; src=&#8221;https:\/\/www.spscommerce.com\/wp-content\/uploads\/2015\/07\/network.png&#8221; show_in_lightbox=&#8221;off&#8221; url_new_window=&#8221;off&#8221; animation=&#8221;off&#8221; sticky=&#8221;off&#8221;]<\/p>\n<p>[\/et_pb_image][\/et_pb_column][\/et_pb_row][\/et_pb_section][et_pb_section admin_label=&#8221;section&#8221; fullwidth=&#8221;on&#8221; specialty=&#8221;off&#8221; transparent_background=&#8221;off&#8221; background_color=&#8221;#ffffff&#8221; inner_shadow=&#8221;off&#8221; parallax=&#8221;off&#8221; parallax_method=&#8221;off&#8221; module_class=&#8221;pagemenu&#8221;][et_pb_fullwidth_menu admin_label=&#8221;Fullwidth Menu&#8221; menu_id=&#8221;268&#8243; background_color=&#8221;#0079a5&#8243; background_layout=&#8221;dark&#8221; text_orientation=&#8221;left&#8221; module_class=&#8221;sub-nav&#8221;]<\/p>\n<p>[\/et_pb_fullwidth_menu][\/et_pb_section][et_pb_section admin_label=&#8221;section&#8221; transparent_background=&#8221;off&#8221; background_color=&#8221;#ffffff&#8221; inner_shadow=&#8221;off&#8221; parallax=&#8221;off&#8221; parallax_method=&#8221;off&#8221;][et_pb_row admin_label=&#8221;row&#8221;][et_pb_column type=&#8221;1_2&#8243;][et_pb_text admin_label=&#8221;Building your business, effortlessly&#8221; background_layout=&#8221;light&#8221; text_orientation=&#8221;left&#8221; use_border_color=&#8221;off&#8221; border_color=&#8221;#ffffff&#8221; border_style=&#8221;solid&#8221;]<\/p>\n<h2>Construyendo su negocio, sin esfuerzo.<\/h2>\n<p style=\"color: #222222;\">Como un socio de negocios de comercio de SPS, lo ayudaremos a expandir su negocio solucionando los problemas m\u00e1s complejos de la cadena de suministros para sus socios comerciales minoristas. Nuestro programa de socios comerciales ofrece un proceso de ventas amplio y colaborativo en el que puede confiar: uno que brinda soluciones EDI innovadoras centradas en la venta minorista a sus clientes y clientes potenciales rentables para usted.<\/p>\n<p style=\"color: #222222;\">As\u00f3ciese con nosotros y reciba recompensas financieras importantes que brindan comisiones de alto margen con una exigencia de inversi\u00f3n y tiempo m\u00ednimos para prestar servicios y apoyar a nuestros clientes conjuntos.<\/p>\n<p style=\"color: #222222;\">Debido a que nuestro modelo de servicios para m\u00faltiples clientes se hace cada vez m\u00e1s fuerte a medida que se extiende la red de socios, podemos brindar oportunidades de compartir ingresos recurrentes que se aceleran con su compromiso creciente de desarrollar nuestra comunidad. Es el enfoque m\u00e1s f\u00e1cil, con mejor relaci\u00f3n costo-beneficio y mayor valor, tanto para nuestros clientes como para nuestros socios.<\/p>\n<p style=\"color: #222222;\">Inscr\u00edbase ahora y nos pondremos en contacto con usted en cuanto revisemos su solicitud.<\/p>\n<p><strong><a class=\"et_pb_button\" title=\"Current job openings at SPS Commerce\" href=\"http:\/\/go.spscommerce.com\/partner-portal-apply\">INSCRIBIRSE AHORA<\/a><\/strong><\/p>\n<p>[\/et_pb_text][\/et_pb_column][et_pb_column type=&#8221;1_2&#8243;][et_pb_video admin_label=&#8221;Video&#8221; src=&#8221;https:\/\/www.youtube.com\/watch?v=MASx6LXeeeY&#8221;]<\/p>\n<p>[\/et_pb_video][\/et_pb_column][\/et_pb_row][\/et_pb_section]<\/p>\n","protected":false},"excerpt":{"rendered":"<p>Comunidad de Socios. Convi\u00e9rtase en socio de negocios. Construyendo su negocio, sin esfuerzo. Como un socio de negocios de comercio de SPS, lo ayudaremos a expandir su negocio solucionando los problemas m\u00e1s complejos de la cadena de suministros para sus socios comerciales minoristas. Nuestro programa de socios comerciales ofrece un proceso de ventas amplio y [&hellip;]<\/p>\n","protected":false},"author":23,"featured_media":0,"parent":34341,"menu_order":0,"comment_status":"closed","ping_status":"closed","template":"","meta":{"_acf_changed":false,"_et_pb_use_builder":"on","_et_pb_old_content":"<h3 class=\"lead\" style=\"color: #222222;\">Building your business, effortlessly.<\/h3><p style=\"color: #222222;\">As an SPS Commerce business partner, we'll help you expand your business by solving the most complex supply chain problems for your retail trading partners. Our business partner program offers a comprehensive, collaborative sales process that you can count on\u2014one that delivers breakthrough retail-focused EDI solutions to your customers and profitable leads to you.<\/p><p style=\"color: #222222;\">Partner with us and receive meaningful financial rewards that deliver high-margin commissions with minimal investment and time required to service and support our joint customers.<\/p><p style=\"color: #222222;\">Because our multi-tenant service model becomes stronger as the trading partner network expands, we can deliver recurring revenue share opportunities that accelerate with your increasing commitment to growing our community. It is the easiest, most cost-effective and highest value approach for our customers and partners alike.<\/p><p style=\"color: #222222;\"><a style=\"color: #0099ff;\" href=\"https:\/\/partner.spscommerce.com\/English\/register.aspx\">Apply now<\/a>\u00a0and we will contact you upon review of your application.<\/p><p style=\"text-align: center;\"><strong><a class=\"button\" title=\"Current job openings at SPS Commerce\" href=\"https:\/\/partner.spscommerce.com\/English\/register.aspx\">APPLY NOW<\/a><\/strong><\/p>","_et_gb_content_width":"","sfsi_plus_gutenberg_text_before_share":"","sfsi_plus_gutenberg_show_text_before_share":"","sfsi_plus_gutenberg_icon_type":"","sfsi_plus_gutenberg_icon_alignemt":"","sfsi_plus_gutenburg_max_per_row":"","footnotes":""},"class_list":["post-2260","page","type-page","status-publish","hentry"],"acf":[],"yoast_head":"<!-- This site is optimized with the Yoast SEO Premium plugin v26.1 (Yoast SEO v26.1.1) - https:\/\/yoast.com\/wordpress\/plugins\/seo\/ -->\n<title>Negocio - SPS Commerce<\/title>\n<meta name=\"robots\" content=\"index, nofollow, max-snippet:-1, max-image-preview:large, max-video-preview:-1\" \/>\n<link rel=\"canonical\" href=\"https:\/\/www.spscommerce.com\/es\/comunidad-de-socios\/negocio\/\" \/>\n<meta property=\"og:locale\" content=\"es_ES\" \/>\n<meta property=\"og:type\" content=\"article\" \/>\n<meta property=\"og:title\" content=\"Negocio\" \/>\n<meta property=\"og:description\" content=\"Comunidad de Socios. Convi\u00e9rtase en socio de negocios. Construyendo su negocio, sin esfuerzo. Como un socio de negocios de comercio de SPS, lo ayudaremos a expandir su negocio solucionando los problemas m\u00e1s complejos de la cadena de suministros para sus socios comerciales minoristas. Nuestro programa de socios comerciales ofrece un proceso de ventas amplio y [&hellip;]\" \/>\n<meta property=\"og:url\" content=\"https:\/\/www.spscommerce.com\/es\/comunidad-de-socios\/negocio\/\" \/>\n<meta property=\"og:site_name\" content=\"SPS Commerce\" \/>\n<meta property=\"article:publisher\" content=\"https:\/\/www.facebook.com\/pages\/SPS-Commerce\/115540161807561\" \/>\n<meta property=\"article:modified_time\" content=\"2016-04-29T17:18:12+00:00\" \/>\n<meta name=\"twitter:card\" content=\"summary_large_image\" \/>\n<meta name=\"twitter:site\" content=\"@SPS_Commerce\" \/>\n<script type=\"application\/ld+json\" class=\"yoast-schema-graph\">{\"@context\":\"https:\/\/schema.org\",\"@graph\":[{\"@type\":\"WebPage\",\"@id\":\"https:\/\/www.spscommerce.com\/es\/comunidad-de-socios\/negocio\/\",\"url\":\"https:\/\/www.spscommerce.com\/es\/comunidad-de-socios\/negocio\/\",\"name\":\"Negocio - SPS Commerce\",\"isPartOf\":{\"@id\":\"https:\/\/www.spscommerce.com\/es\/#website\"},\"datePublished\":\"2014-07-16T07:22:04+00:00\",\"dateModified\":\"2016-04-29T17:18:12+00:00\",\"breadcrumb\":{\"@id\":\"https:\/\/www.spscommerce.com\/es\/comunidad-de-socios\/negocio\/#breadcrumb\"},\"inLanguage\":\"es-ES\",\"potentialAction\":[{\"@type\":\"ReadAction\",\"target\":[\"https:\/\/www.spscommerce.com\/es\/comunidad-de-socios\/negocio\/\"]}]},{\"@type\":\"BreadcrumbList\",\"@id\":\"https:\/\/www.spscommerce.com\/es\/comunidad-de-socios\/negocio\/#breadcrumb\",\"itemListElement\":[{\"@type\":\"ListItem\",\"position\":1,\"name\":\"Home\",\"item\":\"https:\/\/www.spscommerce.com\/es\/\"},{\"@type\":\"ListItem\",\"position\":2,\"name\":\"Comunidad de Socios\",\"item\":\"https:\/\/www.spscommerce.com\/es\/comunidad-de-socios\/\"},{\"@type\":\"ListItem\",\"position\":3,\"name\":\"Negocio\"}]},{\"@type\":\"WebSite\",\"@id\":\"https:\/\/www.spscommerce.com\/es\/#website\",\"url\":\"https:\/\/www.spscommerce.com\/es\/\",\"name\":\"SPS Commerce\",\"description\":\"\",\"publisher\":{\"@id\":\"https:\/\/www.spscommerce.com\/es\/#organization\"},\"potentialAction\":[{\"@type\":\"SearchAction\",\"target\":{\"@type\":\"EntryPoint\",\"urlTemplate\":\"https:\/\/www.spscommerce.com\/es\/?s={search_term_string}\"},\"query-input\":{\"@type\":\"PropertyValueSpecification\",\"valueRequired\":true,\"valueName\":\"search_term_string\"}}],\"inLanguage\":\"es-ES\"},{\"@type\":\"Organization\",\"@id\":\"https:\/\/www.spscommerce.com\/es\/#organization\",\"name\":\"SPS Commerce\",\"url\":\"https:\/\/www.spscommerce.com\/es\/\",\"logo\":{\"@type\":\"ImageObject\",\"inLanguage\":\"es-ES\",\"@id\":\"https:\/\/www.spscommerce.com\/es\/#\/schema\/logo\/image\/\",\"url\":\"https:\/\/www.spscommerce.com\/wp-content\/uploads\/2017\/09\/logo-with-tag1.png\",\"contentUrl\":\"https:\/\/www.spscommerce.com\/wp-content\/uploads\/2017\/09\/logo-with-tag1.png\",\"width\":400,\"height\":110,\"caption\":\"SPS Commerce\"},\"image\":{\"@id\":\"https:\/\/www.spscommerce.com\/es\/#\/schema\/logo\/image\/\"},\"sameAs\":[\"https:\/\/www.facebook.com\/pages\/SPS-Commerce\/115540161807561\",\"https:\/\/x.com\/SPS_Commerce\",\"https:\/\/www.linkedin.com\/company\/sps-commerce\/\",\"https:\/\/www.youtube.com\/user\/SPSCommerce\"]}]}<\/script>\n<!-- \/ Yoast SEO Premium plugin. -->","yoast_head_json":{"title":"Negocio - SPS Commerce","robots":{"index":"index","follow":"nofollow","max-snippet":"max-snippet:-1","max-image-preview":"max-image-preview:large","max-video-preview":"max-video-preview:-1"},"canonical":"https:\/\/www.spscommerce.com\/es\/comunidad-de-socios\/negocio\/","og_locale":"es_ES","og_type":"article","og_title":"Negocio","og_description":"Comunidad de Socios. Convi\u00e9rtase en socio de negocios. Construyendo su negocio, sin esfuerzo. Como un socio de negocios de comercio de SPS, lo ayudaremos a expandir su negocio solucionando los problemas m\u00e1s complejos de la cadena de suministros para sus socios comerciales minoristas. Nuestro programa de socios comerciales ofrece un proceso de ventas amplio y [&hellip;]","og_url":"https:\/\/www.spscommerce.com\/es\/comunidad-de-socios\/negocio\/","og_site_name":"SPS Commerce","article_publisher":"https:\/\/www.facebook.com\/pages\/SPS-Commerce\/115540161807561","article_modified_time":"2016-04-29T17:18:12+00:00","twitter_card":"summary_large_image","twitter_site":"@SPS_Commerce","schema":{"@context":"https:\/\/schema.org","@graph":[{"@type":"WebPage","@id":"https:\/\/www.spscommerce.com\/es\/comunidad-de-socios\/negocio\/","url":"https:\/\/www.spscommerce.com\/es\/comunidad-de-socios\/negocio\/","name":"Negocio - SPS Commerce","isPartOf":{"@id":"https:\/\/www.spscommerce.com\/es\/#website"},"datePublished":"2014-07-16T07:22:04+00:00","dateModified":"2016-04-29T17:18:12+00:00","breadcrumb":{"@id":"https:\/\/www.spscommerce.com\/es\/comunidad-de-socios\/negocio\/#breadcrumb"},"inLanguage":"es-ES","potentialAction":[{"@type":"ReadAction","target":["https:\/\/www.spscommerce.com\/es\/comunidad-de-socios\/negocio\/"]}]},{"@type":"BreadcrumbList","@id":"https:\/\/www.spscommerce.com\/es\/comunidad-de-socios\/negocio\/#breadcrumb","itemListElement":[{"@type":"ListItem","position":1,"name":"Home","item":"https:\/\/www.spscommerce.com\/es\/"},{"@type":"ListItem","position":2,"name":"Comunidad de Socios","item":"https:\/\/www.spscommerce.com\/es\/comunidad-de-socios\/"},{"@type":"ListItem","position":3,"name":"Negocio"}]},{"@type":"WebSite","@id":"https:\/\/www.spscommerce.com\/es\/#website","url":"https:\/\/www.spscommerce.com\/es\/","name":"SPS Commerce","description":"","publisher":{"@id":"https:\/\/www.spscommerce.com\/es\/#organization"},"potentialAction":[{"@type":"SearchAction","target":{"@type":"EntryPoint","urlTemplate":"https:\/\/www.spscommerce.com\/es\/?s={search_term_string}"},"query-input":{"@type":"PropertyValueSpecification","valueRequired":true,"valueName":"search_term_string"}}],"inLanguage":"es-ES"},{"@type":"Organization","@id":"https:\/\/www.spscommerce.com\/es\/#organization","name":"SPS Commerce","url":"https:\/\/www.spscommerce.com\/es\/","logo":{"@type":"ImageObject","inLanguage":"es-ES","@id":"https:\/\/www.spscommerce.com\/es\/#\/schema\/logo\/image\/","url":"https:\/\/www.spscommerce.com\/wp-content\/uploads\/2017\/09\/logo-with-tag1.png","contentUrl":"https:\/\/www.spscommerce.com\/wp-content\/uploads\/2017\/09\/logo-with-tag1.png","width":400,"height":110,"caption":"SPS Commerce"},"image":{"@id":"https:\/\/www.spscommerce.com\/es\/#\/schema\/logo\/image\/"},"sameAs":["https:\/\/www.facebook.com\/pages\/SPS-Commerce\/115540161807561","https:\/\/x.com\/SPS_Commerce","https:\/\/www.linkedin.com\/company\/sps-commerce\/","https:\/\/www.youtube.com\/user\/SPSCommerce"]}]}},"_links":{"self":[{"href":"https:\/\/www.spscommerce.com\/es\/wp-json\/wp\/v2\/pages\/2260","targetHints":{"allow":["GET"]}}],"collection":[{"href":"https:\/\/www.spscommerce.com\/es\/wp-json\/wp\/v2\/pages"}],"about":[{"href":"https:\/\/www.spscommerce.com\/es\/wp-json\/wp\/v2\/types\/page"}],"author":[{"embeddable":true,"href":"https:\/\/www.spscommerce.com\/es\/wp-json\/wp\/v2\/users\/23"}],"replies":[{"embeddable":true,"href":"https:\/\/www.spscommerce.com\/es\/wp-json\/wp\/v2\/comments?post=2260"}],"version-history":[{"count":3,"href":"https:\/\/www.spscommerce.com\/es\/wp-json\/wp\/v2\/pages\/2260\/revisions"}],"predecessor-version":[{"id":34354,"href":"https:\/\/www.spscommerce.com\/es\/wp-json\/wp\/v2\/pages\/2260\/revisions\/34354"}],"up":[{"embeddable":true,"href":"https:\/\/www.spscommerce.com\/es\/wp-json\/wp\/v2\/pages\/34341"}],"wp:attachment":[{"href":"https:\/\/www.spscommerce.com\/es\/wp-json\/wp\/v2\/media?parent=2260"}],"curies":[{"name":"wp","href":"https:\/\/api.w.org\/{rel}","templated":true}]}}