{"id":2211,"date":"2014-07-14T13:23:37","date_gmt":"2014-07-14T13:23:37","guid":{"rendered":"http:\/\/www.spscommerce-blog.com\/?page_id=2211"},"modified":"2014-07-14T13:23:37","modified_gmt":"2014-07-14T13:23:37","slug":"fabricas","status":"publish","type":"page","link":"https:\/\/www.spscommerce.com\/es\/soluciones-para-otros-socios-comerciales\/fabricas\/","title":{"rendered":"F\u00e1bricas"},"content":{"rendered":"<p class=\"lead\">Aproveche m\u00e1s oportunidades con nuestros servicios de intercambio electr\u00f3nico de datos. <\/p>\n<p class=\"p1\">Cada vez m\u00e1s minoristas y proveedores norteamericanos recurren a terceros para fabricar sus productos en el extranjero. Por ello, las f\u00e1bricas nunca han tenido tantas oportunidades de jugar un papel determinante en la gesti\u00f3n de cadenas de suministro. Ofrezca su soporte a una cadena de suministro productiva y aumente sus negocios asegur\u00e1ndose de cumplir los requisitos de sus socios comerciales en materia de documentos de visibilidad, notificaciones de env\u00edo por adelantado y documentos de inventario.<\/p>\n<p class=\"p2\">Con nuestros innovadores servicios online de intercambio electr\u00f3nico de datos y etiquetado, las f\u00e1bricas obtienen f\u00e1cilmente las caracter\u00edsticas de conformidad con los requisitos de integraci\u00f3n de los socios comerciales, sin necesidad de invertir en hardware, software o personal. Nuestros servicios de intercambio electr\u00f3nico de datos a la carta son perfectamente accesibles para cualquier socio o colaborador, de cualquier zona horaria, y desde cualquier navegador web.<\/p>\n<p class=\"p2\">Deje a los expertos de SPS Commerce ayudarle a captar m\u00e1s oportunidades con nuestras soluciones EDI.<\/p>\n","protected":false},"excerpt":{"rendered":"<p>Aproveche m\u00e1s oportunidades con nuestros servicios de intercambio electr\u00f3nico de datos. Cada vez m\u00e1s minoristas y proveedores norteamericanos recurren a terceros para fabricar sus productos en el extranjero. Por ello, las f\u00e1bricas nunca han tenido tantas oportunidades de jugar un papel determinante en la gesti\u00f3n de cadenas de suministro. Ofrezca su soporte a una cadena [&hellip;]<\/p>\n","protected":false},"author":23,"featured_media":0,"parent":2154,"menu_order":0,"comment_status":"closed","ping_status":"closed","template":"","meta":{"_acf_changed":false,"_et_pb_use_builder":"","_et_pb_old_content":"","_et_gb_content_width":"","sfsi_plus_gutenberg_text_before_share":"","sfsi_plus_gutenberg_show_text_before_share":"","sfsi_plus_gutenberg_icon_type":"","sfsi_plus_gutenberg_icon_alignemt":"","sfsi_plus_gutenburg_max_per_row":"","footnotes":""},"class_list":["post-2211","page","type-page","status-publish","hentry"],"acf":[],"yoast_head":"<!-- This site is optimized with the Yoast SEO Premium plugin v26.1 (Yoast SEO v26.1.1) - https:\/\/yoast.com\/wordpress\/plugins\/seo\/ -->\n<title>F\u00e1bricas - SPS Commerce<\/title>\n<meta name=\"robots\" content=\"index, follow, max-snippet:-1, max-image-preview:large, max-video-preview:-1\" \/>\n<link rel=\"canonical\" href=\"https:\/\/www.spscommerce.com\/es\/soluciones-para-otros-socios-comerciales\/fabricas\/\" \/>\n<meta property=\"og:locale\" content=\"es_ES\" \/>\n<meta property=\"og:type\" content=\"article\" \/>\n<meta property=\"og:title\" content=\"F\u00e1bricas\" \/>\n<meta property=\"og:description\" content=\"Aproveche m\u00e1s oportunidades con nuestros servicios de intercambio electr\u00f3nico de datos. Cada vez m\u00e1s minoristas y proveedores norteamericanos recurren a terceros para fabricar sus productos en el extranjero. Por ello, las f\u00e1bricas nunca han tenido tantas oportunidades de jugar un papel determinante en la gesti\u00f3n de cadenas de suministro. Ofrezca su soporte a una cadena [&hellip;]\" \/>\n<meta property=\"og:url\" content=\"https:\/\/www.spscommerce.com\/es\/soluciones-para-otros-socios-comerciales\/fabricas\/\" \/>\n<meta property=\"og:site_name\" content=\"SPS Commerce\" \/>\n<meta property=\"article:publisher\" content=\"https:\/\/www.facebook.com\/pages\/SPS-Commerce\/115540161807561\" \/>\n<meta name=\"twitter:card\" content=\"summary_large_image\" \/>\n<meta name=\"twitter:site\" content=\"@SPS_Commerce\" \/>\n<script type=\"application\/ld+json\" class=\"yoast-schema-graph\">{\"@context\":\"https:\/\/schema.org\",\"@graph\":[{\"@type\":\"WebPage\",\"@id\":\"https:\/\/www.spscommerce.com\/es\/soluciones-para-otros-socios-comerciales\/fabricas\/\",\"url\":\"https:\/\/www.spscommerce.com\/es\/soluciones-para-otros-socios-comerciales\/fabricas\/\",\"name\":\"F\u00e1bricas - SPS Commerce\",\"isPartOf\":{\"@id\":\"https:\/\/www.spscommerce.com\/es\/#website\"},\"datePublished\":\"2014-07-14T13:23:37+00:00\",\"breadcrumb\":{\"@id\":\"https:\/\/www.spscommerce.com\/es\/soluciones-para-otros-socios-comerciales\/fabricas\/#breadcrumb\"},\"inLanguage\":\"es-ES\",\"potentialAction\":[{\"@type\":\"ReadAction\",\"target\":[\"https:\/\/www.spscommerce.com\/es\/soluciones-para-otros-socios-comerciales\/fabricas\/\"]}]},{\"@type\":\"BreadcrumbList\",\"@id\":\"https:\/\/www.spscommerce.com\/es\/soluciones-para-otros-socios-comerciales\/fabricas\/#breadcrumb\",\"itemListElement\":[{\"@type\":\"ListItem\",\"position\":1,\"name\":\"Home\",\"item\":\"https:\/\/www.spscommerce.com\/es\/\"},{\"@type\":\"ListItem\",\"position\":2,\"name\":\"Soluciones para otros socios comerciales\",\"item\":\"https:\/\/www.spscommerce.com\/es\/soluciones-para-otros-socios-comerciales\/\"},{\"@type\":\"ListItem\",\"position\":3,\"name\":\"F\u00e1bricas\"}]},{\"@type\":\"WebSite\",\"@id\":\"https:\/\/www.spscommerce.com\/es\/#website\",\"url\":\"https:\/\/www.spscommerce.com\/es\/\",\"name\":\"SPS Commerce\",\"description\":\"\",\"publisher\":{\"@id\":\"https:\/\/www.spscommerce.com\/es\/#organization\"},\"potentialAction\":[{\"@type\":\"SearchAction\",\"target\":{\"@type\":\"EntryPoint\",\"urlTemplate\":\"https:\/\/www.spscommerce.com\/es\/?s={search_term_string}\"},\"query-input\":{\"@type\":\"PropertyValueSpecification\",\"valueRequired\":true,\"valueName\":\"search_term_string\"}}],\"inLanguage\":\"es-ES\"},{\"@type\":\"Organization\",\"@id\":\"https:\/\/www.spscommerce.com\/es\/#organization\",\"name\":\"SPS Commerce\",\"url\":\"https:\/\/www.spscommerce.com\/es\/\",\"logo\":{\"@type\":\"ImageObject\",\"inLanguage\":\"es-ES\",\"@id\":\"https:\/\/www.spscommerce.com\/es\/#\/schema\/logo\/image\/\",\"url\":\"https:\/\/www.spscommerce.com\/wp-content\/uploads\/2017\/09\/logo-with-tag1.png\",\"contentUrl\":\"https:\/\/www.spscommerce.com\/wp-content\/uploads\/2017\/09\/logo-with-tag1.png\",\"width\":400,\"height\":110,\"caption\":\"SPS Commerce\"},\"image\":{\"@id\":\"https:\/\/www.spscommerce.com\/es\/#\/schema\/logo\/image\/\"},\"sameAs\":[\"https:\/\/www.facebook.com\/pages\/SPS-Commerce\/115540161807561\",\"https:\/\/x.com\/SPS_Commerce\",\"https:\/\/www.linkedin.com\/company\/sps-commerce\/\",\"https:\/\/www.youtube.com\/user\/SPSCommerce\"]}]}<\/script>\n<!-- \/ Yoast SEO Premium plugin. -->","yoast_head_json":{"title":"F\u00e1bricas - SPS Commerce","robots":{"index":"index","follow":"follow","max-snippet":"max-snippet:-1","max-image-preview":"max-image-preview:large","max-video-preview":"max-video-preview:-1"},"canonical":"https:\/\/www.spscommerce.com\/es\/soluciones-para-otros-socios-comerciales\/fabricas\/","og_locale":"es_ES","og_type":"article","og_title":"F\u00e1bricas","og_description":"Aproveche m\u00e1s oportunidades con nuestros servicios de intercambio electr\u00f3nico de datos. Cada vez m\u00e1s minoristas y proveedores norteamericanos recurren a terceros para fabricar sus productos en el extranjero. Por ello, las f\u00e1bricas nunca han tenido tantas oportunidades de jugar un papel determinante en la gesti\u00f3n de cadenas de suministro. Ofrezca su soporte a una cadena [&hellip;]","og_url":"https:\/\/www.spscommerce.com\/es\/soluciones-para-otros-socios-comerciales\/fabricas\/","og_site_name":"SPS Commerce","article_publisher":"https:\/\/www.facebook.com\/pages\/SPS-Commerce\/115540161807561","twitter_card":"summary_large_image","twitter_site":"@SPS_Commerce","schema":{"@context":"https:\/\/schema.org","@graph":[{"@type":"WebPage","@id":"https:\/\/www.spscommerce.com\/es\/soluciones-para-otros-socios-comerciales\/fabricas\/","url":"https:\/\/www.spscommerce.com\/es\/soluciones-para-otros-socios-comerciales\/fabricas\/","name":"F\u00e1bricas - SPS Commerce","isPartOf":{"@id":"https:\/\/www.spscommerce.com\/es\/#website"},"datePublished":"2014-07-14T13:23:37+00:00","breadcrumb":{"@id":"https:\/\/www.spscommerce.com\/es\/soluciones-para-otros-socios-comerciales\/fabricas\/#breadcrumb"},"inLanguage":"es-ES","potentialAction":[{"@type":"ReadAction","target":["https:\/\/www.spscommerce.com\/es\/soluciones-para-otros-socios-comerciales\/fabricas\/"]}]},{"@type":"BreadcrumbList","@id":"https:\/\/www.spscommerce.com\/es\/soluciones-para-otros-socios-comerciales\/fabricas\/#breadcrumb","itemListElement":[{"@type":"ListItem","position":1,"name":"Home","item":"https:\/\/www.spscommerce.com\/es\/"},{"@type":"ListItem","position":2,"name":"Soluciones para otros socios comerciales","item":"https:\/\/www.spscommerce.com\/es\/soluciones-para-otros-socios-comerciales\/"},{"@type":"ListItem","position":3,"name":"F\u00e1bricas"}]},{"@type":"WebSite","@id":"https:\/\/www.spscommerce.com\/es\/#website","url":"https:\/\/www.spscommerce.com\/es\/","name":"SPS Commerce","description":"","publisher":{"@id":"https:\/\/www.spscommerce.com\/es\/#organization"},"potentialAction":[{"@type":"SearchAction","target":{"@type":"EntryPoint","urlTemplate":"https:\/\/www.spscommerce.com\/es\/?s={search_term_string}"},"query-input":{"@type":"PropertyValueSpecification","valueRequired":true,"valueName":"search_term_string"}}],"inLanguage":"es-ES"},{"@type":"Organization","@id":"https:\/\/www.spscommerce.com\/es\/#organization","name":"SPS Commerce","url":"https:\/\/www.spscommerce.com\/es\/","logo":{"@type":"ImageObject","inLanguage":"es-ES","@id":"https:\/\/www.spscommerce.com\/es\/#\/schema\/logo\/image\/","url":"https:\/\/www.spscommerce.com\/wp-content\/uploads\/2017\/09\/logo-with-tag1.png","contentUrl":"https:\/\/www.spscommerce.com\/wp-content\/uploads\/2017\/09\/logo-with-tag1.png","width":400,"height":110,"caption":"SPS Commerce"},"image":{"@id":"https:\/\/www.spscommerce.com\/es\/#\/schema\/logo\/image\/"},"sameAs":["https:\/\/www.facebook.com\/pages\/SPS-Commerce\/115540161807561","https:\/\/x.com\/SPS_Commerce","https:\/\/www.linkedin.com\/company\/sps-commerce\/","https:\/\/www.youtube.com\/user\/SPSCommerce"]}]}},"_links":{"self":[{"href":"https:\/\/www.spscommerce.com\/es\/wp-json\/wp\/v2\/pages\/2211","targetHints":{"allow":["GET"]}}],"collection":[{"href":"https:\/\/www.spscommerce.com\/es\/wp-json\/wp\/v2\/pages"}],"about":[{"href":"https:\/\/www.spscommerce.com\/es\/wp-json\/wp\/v2\/types\/page"}],"author":[{"embeddable":true,"href":"https:\/\/www.spscommerce.com\/es\/wp-json\/wp\/v2\/users\/23"}],"replies":[{"embeddable":true,"href":"https:\/\/www.spscommerce.com\/es\/wp-json\/wp\/v2\/comments?post=2211"}],"version-history":[{"count":1,"href":"https:\/\/www.spscommerce.com\/es\/wp-json\/wp\/v2\/pages\/2211\/revisions"}],"predecessor-version":[{"id":2212,"href":"https:\/\/www.spscommerce.com\/es\/wp-json\/wp\/v2\/pages\/2211\/revisions\/2212"}],"up":[{"embeddable":true,"href":"https:\/\/www.spscommerce.com\/es\/wp-json\/wp\/v2\/pages\/2154"}],"wp:attachment":[{"href":"https:\/\/www.spscommerce.com\/es\/wp-json\/wp\/v2\/media?parent=2211"}],"curies":[{"name":"wp","href":"https:\/\/api.w.org\/{rel}","templated":true}]}}