{"id":2195,"date":"2014-07-14T13:10:10","date_gmt":"2014-07-14T13:10:10","guid":{"rendered":"http:\/\/www.spscommerce-blog.com\/?page_id=2195"},"modified":"2014-07-14T13:10:10","modified_gmt":"2014-07-14T13:10:10","slug":"companias-de-abastecimiento","status":"publish","type":"page","link":"https:\/\/www.spscommerce.com\/es\/soluciones-para-otros-socios-comerciales\/companias-de-abastecimiento\/","title":{"rendered":"Compa\u00f1\u00edas de abastecimiento"},"content":{"rendered":"<p class=\"lead\">Conecte con todo un mundo de oportunidades.<\/p>\n<p class=\"p1\">Como compa\u00f1\u00eda de abastecimiento, usted conecta con miles de proveedores con los recursos globales que necesitan para concebir, fabricar y enviar sus productos a los socios comerciales de todo el mundo. El n\u00famero de proveedores del universo minorista crece al mismo ritmo que la complejidad de mantener conexiones fiables de intercambio electr\u00f3nico de datos con f\u00e1bricas y dem\u00e1s socios comerciales.<\/p>\n<p class=\"p2\">Nosotros le ayudamos a afrontar todos estos desaf\u00edos con los mejores servicios de intercambio electr\u00f3nico de datos online de la industria, conect\u00e1ndole con f\u00e1bricas cercanas o remotas. Aseg\u00farese de que cada sede y f\u00e1brica recibe informaci\u00f3n de pedidos actualizados para mejorar la productividad de la fabricaci\u00f3n y sus relaciones profesionales. Nuestra experiencia y conocimientos del sector minorista nos permite mantenernos siempre al tanto de las demandas de la industria, para que usted se despreocupe de ello.<\/p>\n<p class=\"p2\">Asimismo, hemos optimizado servicios de etiquetado para facilitarle la conformidad con los requisitos de sus socios comerciales, sin tener que invertir en recursos especializados de intercambio electr\u00f3nico de datos. Nuestras soluciones le ayudan a servir a sus clientes, adem\u00e1s de a hacer crecer sus relaciones profesionales y su balance final.<\/p>\n","protected":false},"excerpt":{"rendered":"<p>Conecte con todo un mundo de oportunidades. Como compa\u00f1\u00eda de abastecimiento, usted conecta con miles de proveedores con los recursos globales que necesitan para concebir, fabricar y enviar sus productos a los socios comerciales de todo el mundo. El n\u00famero de proveedores del universo minorista crece al mismo ritmo que la complejidad de mantener conexiones [&hellip;]<\/p>\n","protected":false},"author":23,"featured_media":0,"parent":2154,"menu_order":0,"comment_status":"closed","ping_status":"closed","template":"","meta":{"_acf_changed":false,"_et_pb_use_builder":"","_et_pb_old_content":"","_et_gb_content_width":"","sfsi_plus_gutenberg_text_before_share":"","sfsi_plus_gutenberg_show_text_before_share":"","sfsi_plus_gutenberg_icon_type":"","sfsi_plus_gutenberg_icon_alignemt":"","sfsi_plus_gutenburg_max_per_row":"","footnotes":""},"class_list":["post-2195","page","type-page","status-publish","hentry"],"acf":[],"yoast_head":"<!-- This site is optimized with the Yoast SEO Premium plugin v26.1 (Yoast SEO v26.1.1) - https:\/\/yoast.com\/wordpress\/plugins\/seo\/ -->\n<title>Compa\u00f1\u00edas de abastecimiento - SPS Commerce<\/title>\n<meta name=\"robots\" content=\"index, follow, max-snippet:-1, max-image-preview:large, max-video-preview:-1\" \/>\n<link rel=\"canonical\" href=\"https:\/\/www.spscommerce.com\/es\/soluciones-para-otros-socios-comerciales\/companias-de-abastecimiento\/\" \/>\n<meta property=\"og:locale\" content=\"es_ES\" \/>\n<meta property=\"og:type\" content=\"article\" \/>\n<meta property=\"og:title\" content=\"Compa\u00f1\u00edas de abastecimiento\" \/>\n<meta property=\"og:description\" content=\"Conecte con todo un mundo de oportunidades. Como compa\u00f1\u00eda de abastecimiento, usted conecta con miles de proveedores con los recursos globales que necesitan para concebir, fabricar y enviar sus productos a los socios comerciales de todo el mundo. El n\u00famero de proveedores del universo minorista crece al mismo ritmo que la complejidad de mantener conexiones [&hellip;]\" \/>\n<meta property=\"og:url\" content=\"https:\/\/www.spscommerce.com\/es\/soluciones-para-otros-socios-comerciales\/companias-de-abastecimiento\/\" \/>\n<meta property=\"og:site_name\" content=\"SPS Commerce\" \/>\n<meta property=\"article:publisher\" content=\"https:\/\/www.facebook.com\/pages\/SPS-Commerce\/115540161807561\" \/>\n<meta name=\"twitter:card\" content=\"summary_large_image\" \/>\n<meta name=\"twitter:site\" content=\"@SPS_Commerce\" \/>\n<script type=\"application\/ld+json\" class=\"yoast-schema-graph\">{\"@context\":\"https:\/\/schema.org\",\"@graph\":[{\"@type\":\"WebPage\",\"@id\":\"https:\/\/www.spscommerce.com\/es\/soluciones-para-otros-socios-comerciales\/companias-de-abastecimiento\/\",\"url\":\"https:\/\/www.spscommerce.com\/es\/soluciones-para-otros-socios-comerciales\/companias-de-abastecimiento\/\",\"name\":\"Compa\u00f1\u00edas de abastecimiento - SPS Commerce\",\"isPartOf\":{\"@id\":\"https:\/\/www.spscommerce.com\/es\/#website\"},\"datePublished\":\"2014-07-14T13:10:10+00:00\",\"breadcrumb\":{\"@id\":\"https:\/\/www.spscommerce.com\/es\/soluciones-para-otros-socios-comerciales\/companias-de-abastecimiento\/#breadcrumb\"},\"inLanguage\":\"es-ES\",\"potentialAction\":[{\"@type\":\"ReadAction\",\"target\":[\"https:\/\/www.spscommerce.com\/es\/soluciones-para-otros-socios-comerciales\/companias-de-abastecimiento\/\"]}]},{\"@type\":\"BreadcrumbList\",\"@id\":\"https:\/\/www.spscommerce.com\/es\/soluciones-para-otros-socios-comerciales\/companias-de-abastecimiento\/#breadcrumb\",\"itemListElement\":[{\"@type\":\"ListItem\",\"position\":1,\"name\":\"Home\",\"item\":\"https:\/\/www.spscommerce.com\/es\/\"},{\"@type\":\"ListItem\",\"position\":2,\"name\":\"Soluciones para otros socios comerciales\",\"item\":\"https:\/\/www.spscommerce.com\/es\/soluciones-para-otros-socios-comerciales\/\"},{\"@type\":\"ListItem\",\"position\":3,\"name\":\"Compa\u00f1\u00edas de abastecimiento\"}]},{\"@type\":\"WebSite\",\"@id\":\"https:\/\/www.spscommerce.com\/es\/#website\",\"url\":\"https:\/\/www.spscommerce.com\/es\/\",\"name\":\"SPS Commerce\",\"description\":\"\",\"publisher\":{\"@id\":\"https:\/\/www.spscommerce.com\/es\/#organization\"},\"potentialAction\":[{\"@type\":\"SearchAction\",\"target\":{\"@type\":\"EntryPoint\",\"urlTemplate\":\"https:\/\/www.spscommerce.com\/es\/?s={search_term_string}\"},\"query-input\":{\"@type\":\"PropertyValueSpecification\",\"valueRequired\":true,\"valueName\":\"search_term_string\"}}],\"inLanguage\":\"es-ES\"},{\"@type\":\"Organization\",\"@id\":\"https:\/\/www.spscommerce.com\/es\/#organization\",\"name\":\"SPS Commerce\",\"url\":\"https:\/\/www.spscommerce.com\/es\/\",\"logo\":{\"@type\":\"ImageObject\",\"inLanguage\":\"es-ES\",\"@id\":\"https:\/\/www.spscommerce.com\/es\/#\/schema\/logo\/image\/\",\"url\":\"https:\/\/www.spscommerce.com\/wp-content\/uploads\/2017\/09\/logo-with-tag1.png\",\"contentUrl\":\"https:\/\/www.spscommerce.com\/wp-content\/uploads\/2017\/09\/logo-with-tag1.png\",\"width\":400,\"height\":110,\"caption\":\"SPS Commerce\"},\"image\":{\"@id\":\"https:\/\/www.spscommerce.com\/es\/#\/schema\/logo\/image\/\"},\"sameAs\":[\"https:\/\/www.facebook.com\/pages\/SPS-Commerce\/115540161807561\",\"https:\/\/x.com\/SPS_Commerce\",\"https:\/\/www.linkedin.com\/company\/sps-commerce\/\",\"https:\/\/www.youtube.com\/user\/SPSCommerce\"]}]}<\/script>\n<!-- \/ Yoast SEO Premium plugin. -->","yoast_head_json":{"title":"Compa\u00f1\u00edas de abastecimiento - SPS Commerce","robots":{"index":"index","follow":"follow","max-snippet":"max-snippet:-1","max-image-preview":"max-image-preview:large","max-video-preview":"max-video-preview:-1"},"canonical":"https:\/\/www.spscommerce.com\/es\/soluciones-para-otros-socios-comerciales\/companias-de-abastecimiento\/","og_locale":"es_ES","og_type":"article","og_title":"Compa\u00f1\u00edas de abastecimiento","og_description":"Conecte con todo un mundo de oportunidades. Como compa\u00f1\u00eda de abastecimiento, usted conecta con miles de proveedores con los recursos globales que necesitan para concebir, fabricar y enviar sus productos a los socios comerciales de todo el mundo. El n\u00famero de proveedores del universo minorista crece al mismo ritmo que la complejidad de mantener conexiones [&hellip;]","og_url":"https:\/\/www.spscommerce.com\/es\/soluciones-para-otros-socios-comerciales\/companias-de-abastecimiento\/","og_site_name":"SPS Commerce","article_publisher":"https:\/\/www.facebook.com\/pages\/SPS-Commerce\/115540161807561","twitter_card":"summary_large_image","twitter_site":"@SPS_Commerce","schema":{"@context":"https:\/\/schema.org","@graph":[{"@type":"WebPage","@id":"https:\/\/www.spscommerce.com\/es\/soluciones-para-otros-socios-comerciales\/companias-de-abastecimiento\/","url":"https:\/\/www.spscommerce.com\/es\/soluciones-para-otros-socios-comerciales\/companias-de-abastecimiento\/","name":"Compa\u00f1\u00edas de abastecimiento - SPS Commerce","isPartOf":{"@id":"https:\/\/www.spscommerce.com\/es\/#website"},"datePublished":"2014-07-14T13:10:10+00:00","breadcrumb":{"@id":"https:\/\/www.spscommerce.com\/es\/soluciones-para-otros-socios-comerciales\/companias-de-abastecimiento\/#breadcrumb"},"inLanguage":"es-ES","potentialAction":[{"@type":"ReadAction","target":["https:\/\/www.spscommerce.com\/es\/soluciones-para-otros-socios-comerciales\/companias-de-abastecimiento\/"]}]},{"@type":"BreadcrumbList","@id":"https:\/\/www.spscommerce.com\/es\/soluciones-para-otros-socios-comerciales\/companias-de-abastecimiento\/#breadcrumb","itemListElement":[{"@type":"ListItem","position":1,"name":"Home","item":"https:\/\/www.spscommerce.com\/es\/"},{"@type":"ListItem","position":2,"name":"Soluciones para otros socios comerciales","item":"https:\/\/www.spscommerce.com\/es\/soluciones-para-otros-socios-comerciales\/"},{"@type":"ListItem","position":3,"name":"Compa\u00f1\u00edas de abastecimiento"}]},{"@type":"WebSite","@id":"https:\/\/www.spscommerce.com\/es\/#website","url":"https:\/\/www.spscommerce.com\/es\/","name":"SPS Commerce","description":"","publisher":{"@id":"https:\/\/www.spscommerce.com\/es\/#organization"},"potentialAction":[{"@type":"SearchAction","target":{"@type":"EntryPoint","urlTemplate":"https:\/\/www.spscommerce.com\/es\/?s={search_term_string}"},"query-input":{"@type":"PropertyValueSpecification","valueRequired":true,"valueName":"search_term_string"}}],"inLanguage":"es-ES"},{"@type":"Organization","@id":"https:\/\/www.spscommerce.com\/es\/#organization","name":"SPS Commerce","url":"https:\/\/www.spscommerce.com\/es\/","logo":{"@type":"ImageObject","inLanguage":"es-ES","@id":"https:\/\/www.spscommerce.com\/es\/#\/schema\/logo\/image\/","url":"https:\/\/www.spscommerce.com\/wp-content\/uploads\/2017\/09\/logo-with-tag1.png","contentUrl":"https:\/\/www.spscommerce.com\/wp-content\/uploads\/2017\/09\/logo-with-tag1.png","width":400,"height":110,"caption":"SPS Commerce"},"image":{"@id":"https:\/\/www.spscommerce.com\/es\/#\/schema\/logo\/image\/"},"sameAs":["https:\/\/www.facebook.com\/pages\/SPS-Commerce\/115540161807561","https:\/\/x.com\/SPS_Commerce","https:\/\/www.linkedin.com\/company\/sps-commerce\/","https:\/\/www.youtube.com\/user\/SPSCommerce"]}]}},"_links":{"self":[{"href":"https:\/\/www.spscommerce.com\/es\/wp-json\/wp\/v2\/pages\/2195","targetHints":{"allow":["GET"]}}],"collection":[{"href":"https:\/\/www.spscommerce.com\/es\/wp-json\/wp\/v2\/pages"}],"about":[{"href":"https:\/\/www.spscommerce.com\/es\/wp-json\/wp\/v2\/types\/page"}],"author":[{"embeddable":true,"href":"https:\/\/www.spscommerce.com\/es\/wp-json\/wp\/v2\/users\/23"}],"replies":[{"embeddable":true,"href":"https:\/\/www.spscommerce.com\/es\/wp-json\/wp\/v2\/comments?post=2195"}],"version-history":[{"count":1,"href":"https:\/\/www.spscommerce.com\/es\/wp-json\/wp\/v2\/pages\/2195\/revisions"}],"predecessor-version":[{"id":2196,"href":"https:\/\/www.spscommerce.com\/es\/wp-json\/wp\/v2\/pages\/2195\/revisions\/2196"}],"up":[{"embeddable":true,"href":"https:\/\/www.spscommerce.com\/es\/wp-json\/wp\/v2\/pages\/2154"}],"wp:attachment":[{"href":"https:\/\/www.spscommerce.com\/es\/wp-json\/wp\/v2\/media?parent=2195"}],"curies":[{"name":"wp","href":"https:\/\/api.w.org\/{rel}","templated":true}]}}