{"id":2144,"date":"2014-07-14T11:55:08","date_gmt":"2014-07-14T11:55:08","guid":{"rendered":"http:\/\/www.spscommerce-blog.com\/?page_id=2144"},"modified":"2014-07-14T11:55:08","modified_gmt":"2014-07-14T11:55:08","slug":"administracion-de-almacenes","status":"publish","type":"page","link":"https:\/\/www.spscommerce.com\/es\/proveedores\/administracion-de-almacenes\/","title":{"rendered":"Administraci\u00f3n de almacenes"},"content":{"rendered":"<p class=\"lead\">Aumente sus posibilidades, con menos infraestructuras. <\/p>\n<h3 class=\"p1\">Soluciones de administraci\u00f3n de almacenes<\/h3>\n<p class=\"p2\">Oc\u00fapese del almacenamiento de sus productos para sus clientes y deje que nosotros nos ocupemos del almacenamiento de los datos. Nuestras soluciones de intercambio electr\u00f3nico de datos para almacenes le liberan de la complejidad de la gesti\u00f3n de los datos, conect\u00e1ndole a los socios y colaboradores que m\u00e1s le interesan y proporcion\u00e1ndole acceso a clientes potenciales de nuestra red mundial en constante expansi\u00f3n y que cuenta ya con m\u00e1s de 1.700 organizaciones compradoras.<\/p>\n<p class=\"p2\">Como socio comercial de tantos clientes, probablemente sabr\u00e1 lo complejo que resulta mantener con ellos una comunicaci\u00f3n diaria, comunicaci\u00f3n que se hace a\u00fan m\u00e1s dif\u00edcil a medida que vaya incorporando clientes y haciendo crecer su negocio. Nuestras soluciones online de intercambio electr\u00f3nico de datos le conectan con los clientes con los que se relaciona, y con m\u00e1s de 50.000 minoristas, propietarios de tiendas, agentes, distribuidores y transportistas de nuestra red.<\/p>\n<p class=\"p2\">Aumente su rentabilidad y aporte m\u00e1s valor a\u00f1adido a sus clientes con nuestras soluciones para administraci\u00f3n de almacenes, entre las que encontrar\u00e1:<\/p>\n<ul>\n<li>Soluciones online para relaciones profesionales m\u00e1s peque\u00f1as<\/li>\n<li>Integraci\u00f3n est\u00e1ndar en los sistemas de administraci\u00f3n de almacenes y los sistemas de administraci\u00f3n de transportes<\/li>\n<li>Apoyo a m\u00faltiples modelos de ejecuci\u00f3n<\/li>\n<li style=\"list-style-type: none;\">\n<ul>\n<li>Despacho directo<\/li>\n<li>SEnv\u00edo directo a la tienda<\/li>\n<li>Entrega directa al cliente<\/li>\n<\/ul>\n<\/li>\n<li>Notas de embalaje con logotipo de marca por minorista<\/li>\n<li>Soluciones de etiquetado GS1-128<\/li>\n<li>Apoyo m\u00faltiple sobre conectividad a compradores, vendedores y dem\u00e1s socios comerciales<\/li>\n<li style=\"list-style-type: none;\">\n<ul>\n<li>Red de valor a\u00f1adido (VAN)<\/li>\n<li>Intercambio electr\u00f3nico de datos por Internet (AS2)<\/li>\n<li>FTP<\/li>\n<\/ul>\n<\/li>\n<\/ul>\n","protected":false},"excerpt":{"rendered":"<p>Aumente sus posibilidades, con menos infraestructuras. Soluciones de administraci\u00f3n de almacenes Oc\u00fapese del almacenamiento de sus productos para sus clientes y deje que nosotros nos ocupemos del almacenamiento de los datos. Nuestras soluciones de intercambio electr\u00f3nico de datos para almacenes le liberan de la complejidad de la gesti\u00f3n de los datos, conect\u00e1ndole a los socios [&hellip;]<\/p>\n","protected":false},"author":23,"featured_media":0,"parent":2074,"menu_order":0,"comment_status":"closed","ping_status":"closed","template":"","meta":{"_acf_changed":false,"_et_pb_use_builder":"","_et_pb_old_content":"","_et_gb_content_width":"","sfsi_plus_gutenberg_text_before_share":"","sfsi_plus_gutenberg_show_text_before_share":"","sfsi_plus_gutenberg_icon_type":"","sfsi_plus_gutenberg_icon_alignemt":"","sfsi_plus_gutenburg_max_per_row":"","footnotes":""},"class_list":["post-2144","page","type-page","status-publish","hentry"],"acf":[],"yoast_head":"<!-- This site is optimized with the Yoast SEO Premium plugin v26.1 (Yoast SEO v26.1.1) - https:\/\/yoast.com\/wordpress\/plugins\/seo\/ -->\n<title>Administraci\u00f3n de almacenes - SPS Commerce<\/title>\n<meta name=\"robots\" content=\"index, follow, max-snippet:-1, max-image-preview:large, max-video-preview:-1\" \/>\n<link rel=\"canonical\" href=\"https:\/\/www.spscommerce.com\/es\/proveedores\/administracion-de-almacenes\/\" \/>\n<meta property=\"og:locale\" content=\"es_ES\" \/>\n<meta property=\"og:type\" content=\"article\" \/>\n<meta property=\"og:title\" content=\"Administraci\u00f3n de almacenes\" \/>\n<meta property=\"og:description\" content=\"Aumente sus posibilidades, con menos infraestructuras. Soluciones de administraci\u00f3n de almacenes Oc\u00fapese del almacenamiento de sus productos para sus clientes y deje que nosotros nos ocupemos del almacenamiento de los datos. Nuestras soluciones de intercambio electr\u00f3nico de datos para almacenes le liberan de la complejidad de la gesti\u00f3n de los datos, conect\u00e1ndole a los socios [&hellip;]\" \/>\n<meta property=\"og:url\" content=\"https:\/\/www.spscommerce.com\/es\/proveedores\/administracion-de-almacenes\/\" \/>\n<meta property=\"og:site_name\" content=\"SPS Commerce\" \/>\n<meta property=\"article:publisher\" content=\"https:\/\/www.facebook.com\/pages\/SPS-Commerce\/115540161807561\" \/>\n<meta name=\"twitter:card\" content=\"summary_large_image\" \/>\n<meta name=\"twitter:site\" content=\"@SPS_Commerce\" \/>\n<script type=\"application\/ld+json\" class=\"yoast-schema-graph\">{\"@context\":\"https:\/\/schema.org\",\"@graph\":[{\"@type\":\"WebPage\",\"@id\":\"https:\/\/www.spscommerce.com\/es\/proveedores\/administracion-de-almacenes\/\",\"url\":\"https:\/\/www.spscommerce.com\/es\/proveedores\/administracion-de-almacenes\/\",\"name\":\"Administraci\u00f3n de almacenes - SPS Commerce\",\"isPartOf\":{\"@id\":\"https:\/\/www.spscommerce.com\/es\/#website\"},\"datePublished\":\"2014-07-14T11:55:08+00:00\",\"breadcrumb\":{\"@id\":\"https:\/\/www.spscommerce.com\/es\/proveedores\/administracion-de-almacenes\/#breadcrumb\"},\"inLanguage\":\"es-ES\",\"potentialAction\":[{\"@type\":\"ReadAction\",\"target\":[\"https:\/\/www.spscommerce.com\/es\/proveedores\/administracion-de-almacenes\/\"]}]},{\"@type\":\"BreadcrumbList\",\"@id\":\"https:\/\/www.spscommerce.com\/es\/proveedores\/administracion-de-almacenes\/#breadcrumb\",\"itemListElement\":[{\"@type\":\"ListItem\",\"position\":1,\"name\":\"Home\",\"item\":\"https:\/\/www.spscommerce.com\/es\/\"},{\"@type\":\"ListItem\",\"position\":2,\"name\":\"Proveedores\",\"item\":\"https:\/\/www.spscommerce.com\/es\/proveedores\/\"},{\"@type\":\"ListItem\",\"position\":3,\"name\":\"Administraci\u00f3n de almacenes\"}]},{\"@type\":\"WebSite\",\"@id\":\"https:\/\/www.spscommerce.com\/es\/#website\",\"url\":\"https:\/\/www.spscommerce.com\/es\/\",\"name\":\"SPS Commerce\",\"description\":\"\",\"publisher\":{\"@id\":\"https:\/\/www.spscommerce.com\/es\/#organization\"},\"potentialAction\":[{\"@type\":\"SearchAction\",\"target\":{\"@type\":\"EntryPoint\",\"urlTemplate\":\"https:\/\/www.spscommerce.com\/es\/?s={search_term_string}\"},\"query-input\":{\"@type\":\"PropertyValueSpecification\",\"valueRequired\":true,\"valueName\":\"search_term_string\"}}],\"inLanguage\":\"es-ES\"},{\"@type\":\"Organization\",\"@id\":\"https:\/\/www.spscommerce.com\/es\/#organization\",\"name\":\"SPS Commerce\",\"url\":\"https:\/\/www.spscommerce.com\/es\/\",\"logo\":{\"@type\":\"ImageObject\",\"inLanguage\":\"es-ES\",\"@id\":\"https:\/\/www.spscommerce.com\/es\/#\/schema\/logo\/image\/\",\"url\":\"https:\/\/www.spscommerce.com\/wp-content\/uploads\/2017\/09\/logo-with-tag1.png\",\"contentUrl\":\"https:\/\/www.spscommerce.com\/wp-content\/uploads\/2017\/09\/logo-with-tag1.png\",\"width\":400,\"height\":110,\"caption\":\"SPS Commerce\"},\"image\":{\"@id\":\"https:\/\/www.spscommerce.com\/es\/#\/schema\/logo\/image\/\"},\"sameAs\":[\"https:\/\/www.facebook.com\/pages\/SPS-Commerce\/115540161807561\",\"https:\/\/x.com\/SPS_Commerce\",\"https:\/\/www.linkedin.com\/company\/sps-commerce\/\",\"https:\/\/www.youtube.com\/user\/SPSCommerce\"]}]}<\/script>\n<!-- \/ Yoast SEO Premium plugin. -->","yoast_head_json":{"title":"Administraci\u00f3n de almacenes - SPS Commerce","robots":{"index":"index","follow":"follow","max-snippet":"max-snippet:-1","max-image-preview":"max-image-preview:large","max-video-preview":"max-video-preview:-1"},"canonical":"https:\/\/www.spscommerce.com\/es\/proveedores\/administracion-de-almacenes\/","og_locale":"es_ES","og_type":"article","og_title":"Administraci\u00f3n de almacenes","og_description":"Aumente sus posibilidades, con menos infraestructuras. Soluciones de administraci\u00f3n de almacenes Oc\u00fapese del almacenamiento de sus productos para sus clientes y deje que nosotros nos ocupemos del almacenamiento de los datos. Nuestras soluciones de intercambio electr\u00f3nico de datos para almacenes le liberan de la complejidad de la gesti\u00f3n de los datos, conect\u00e1ndole a los socios [&hellip;]","og_url":"https:\/\/www.spscommerce.com\/es\/proveedores\/administracion-de-almacenes\/","og_site_name":"SPS Commerce","article_publisher":"https:\/\/www.facebook.com\/pages\/SPS-Commerce\/115540161807561","twitter_card":"summary_large_image","twitter_site":"@SPS_Commerce","schema":{"@context":"https:\/\/schema.org","@graph":[{"@type":"WebPage","@id":"https:\/\/www.spscommerce.com\/es\/proveedores\/administracion-de-almacenes\/","url":"https:\/\/www.spscommerce.com\/es\/proveedores\/administracion-de-almacenes\/","name":"Administraci\u00f3n de almacenes - SPS Commerce","isPartOf":{"@id":"https:\/\/www.spscommerce.com\/es\/#website"},"datePublished":"2014-07-14T11:55:08+00:00","breadcrumb":{"@id":"https:\/\/www.spscommerce.com\/es\/proveedores\/administracion-de-almacenes\/#breadcrumb"},"inLanguage":"es-ES","potentialAction":[{"@type":"ReadAction","target":["https:\/\/www.spscommerce.com\/es\/proveedores\/administracion-de-almacenes\/"]}]},{"@type":"BreadcrumbList","@id":"https:\/\/www.spscommerce.com\/es\/proveedores\/administracion-de-almacenes\/#breadcrumb","itemListElement":[{"@type":"ListItem","position":1,"name":"Home","item":"https:\/\/www.spscommerce.com\/es\/"},{"@type":"ListItem","position":2,"name":"Proveedores","item":"https:\/\/www.spscommerce.com\/es\/proveedores\/"},{"@type":"ListItem","position":3,"name":"Administraci\u00f3n de almacenes"}]},{"@type":"WebSite","@id":"https:\/\/www.spscommerce.com\/es\/#website","url":"https:\/\/www.spscommerce.com\/es\/","name":"SPS Commerce","description":"","publisher":{"@id":"https:\/\/www.spscommerce.com\/es\/#organization"},"potentialAction":[{"@type":"SearchAction","target":{"@type":"EntryPoint","urlTemplate":"https:\/\/www.spscommerce.com\/es\/?s={search_term_string}"},"query-input":{"@type":"PropertyValueSpecification","valueRequired":true,"valueName":"search_term_string"}}],"inLanguage":"es-ES"},{"@type":"Organization","@id":"https:\/\/www.spscommerce.com\/es\/#organization","name":"SPS Commerce","url":"https:\/\/www.spscommerce.com\/es\/","logo":{"@type":"ImageObject","inLanguage":"es-ES","@id":"https:\/\/www.spscommerce.com\/es\/#\/schema\/logo\/image\/","url":"https:\/\/www.spscommerce.com\/wp-content\/uploads\/2017\/09\/logo-with-tag1.png","contentUrl":"https:\/\/www.spscommerce.com\/wp-content\/uploads\/2017\/09\/logo-with-tag1.png","width":400,"height":110,"caption":"SPS Commerce"},"image":{"@id":"https:\/\/www.spscommerce.com\/es\/#\/schema\/logo\/image\/"},"sameAs":["https:\/\/www.facebook.com\/pages\/SPS-Commerce\/115540161807561","https:\/\/x.com\/SPS_Commerce","https:\/\/www.linkedin.com\/company\/sps-commerce\/","https:\/\/www.youtube.com\/user\/SPSCommerce"]}]}},"_links":{"self":[{"href":"https:\/\/www.spscommerce.com\/es\/wp-json\/wp\/v2\/pages\/2144","targetHints":{"allow":["GET"]}}],"collection":[{"href":"https:\/\/www.spscommerce.com\/es\/wp-json\/wp\/v2\/pages"}],"about":[{"href":"https:\/\/www.spscommerce.com\/es\/wp-json\/wp\/v2\/types\/page"}],"author":[{"embeddable":true,"href":"https:\/\/www.spscommerce.com\/es\/wp-json\/wp\/v2\/users\/23"}],"replies":[{"embeddable":true,"href":"https:\/\/www.spscommerce.com\/es\/wp-json\/wp\/v2\/comments?post=2144"}],"version-history":[{"count":1,"href":"https:\/\/www.spscommerce.com\/es\/wp-json\/wp\/v2\/pages\/2144\/revisions"}],"predecessor-version":[{"id":2145,"href":"https:\/\/www.spscommerce.com\/es\/wp-json\/wp\/v2\/pages\/2144\/revisions\/2145"}],"up":[{"embeddable":true,"href":"https:\/\/www.spscommerce.com\/es\/wp-json\/wp\/v2\/pages\/2074"}],"wp:attachment":[{"href":"https:\/\/www.spscommerce.com\/es\/wp-json\/wp\/v2\/media?parent=2144"}],"curies":[{"name":"wp","href":"https:\/\/api.w.org\/{rel}","templated":true}]}}