{"id":2138,"date":"2014-07-14T11:30:02","date_gmt":"2014-07-14T11:30:02","guid":{"rendered":"http:\/\/www.spscommerce-blog.com\/?page_id=2138"},"modified":"2014-07-14T11:30:02","modified_gmt":"2014-07-14T11:30:02","slug":"integracion-de-fabricas","status":"publish","type":"page","link":"https:\/\/www.spscommerce.com\/es\/proveedores\/integracion-de-fabricas\/","title":{"rendered":"Integraci\u00f3n de f\u00e1bricas"},"content":{"rendered":"<p class=\"lead\">Respuestas para cada socio comercial.<\/p>\n<p class=\"p1\">Mientras su comunidad de socios comerciales se va expandiendo para lograr una presencia m\u00e1s global, nosotros tenemos las soluciones para ayudarle a hacer negocios con fabricantes de todo el mundo, sin aumentar los plazos de entrega ni los costes de manipulaci\u00f3n. Optimice su proceso de conformidad y descubra una forma m\u00e1s eficaz de funcionar, con nuestras soluciones para f\u00e1bricas.<\/p>\n<p class=\"p2\">Nuestras soluciones online le acompa\u00f1ar\u00e1n siempre para mejorar la eficacia de sus operaciones comerciales con cualquier socio, ya sea de una f\u00e1brica situada en el rinc\u00f3n m\u00e1s remoto del mundo que tenga acceso a un ordenador, o una gran empresa mundial con sofisticados sistemas de fabricaci\u00f3n.<\/p>\n<p class=\"p2\">Nuestra gama de servicios puede ayudarle a obtener la informaci\u00f3n que necesita para completar pedidos y cumplir con las expectativas del cliente. Nuestra larga experiencia y gran conocimiento del minorista, de las mejores acciones e iniciativas posibles de la industria y nuestras soluciones de gesti\u00f3n de cadenas de suministro har\u00e1n de usted el socio ideal en el que todos sus clientes depositar\u00e1n su confianza.<\/p>\n<p class=\"p2\">Entre nuestra completa gama de servicios encontrar\u00e1:&nbsp;<\/p>\n<ul>\n<li>Soluciones online para relaciones profesionales m\u00e1s peque\u00f1as<\/li>\n<li>Integraci\u00f3n est\u00e1ndar en los sistemas de administraci\u00f3n de almacenes y los sistemas de administraci\u00f3n de transportes<\/li>\n<li>Apoyo a m\u00faltiples modelos de ejecuci\u00f3n<\/li>\n<li style=\"list-style-type: none;\">\n<ul>\n<li>Despacho directo<\/li>\n<li>SEnv\u00edo directo a la tienda<\/li>\n<li>Entrega directa al cliente<\/li>\n<\/ul>\n<\/li>\n<li>Notas de embalaje con logotipo de marca por minorista<\/li>\n<li>Soluciones de etiquetado GS1-128<\/li>\n<li>Apoyo m\u00faltiple sobre conectividad a compradores, vendedores y dem\u00e1s socios comerciales<\/li>\n<li style=\"list-style-type: none;\">\n<ul>\n<li>Red de valor a\u00f1adido (VAN)<\/li>\n<li>Intercambio electr\u00f3nico de datos por Internet (AS2)<\/li>\n<li>FTP<\/li>\n<\/ul>\n<\/li>\n<\/ul>\n","protected":false},"excerpt":{"rendered":"<p>Respuestas para cada socio comercial. Mientras su comunidad de socios comerciales se va expandiendo para lograr una presencia m\u00e1s global, nosotros tenemos las soluciones para ayudarle a hacer negocios con fabricantes de todo el mundo, sin aumentar los plazos de entrega ni los costes de manipulaci\u00f3n. Optimice su proceso de conformidad y descubra una forma [&hellip;]<\/p>\n","protected":false},"author":23,"featured_media":0,"parent":2074,"menu_order":0,"comment_status":"closed","ping_status":"closed","template":"","meta":{"_acf_changed":false,"_et_pb_use_builder":"","_et_pb_old_content":"","_et_gb_content_width":"","sfsi_plus_gutenberg_text_before_share":"","sfsi_plus_gutenberg_show_text_before_share":"","sfsi_plus_gutenberg_icon_type":"","sfsi_plus_gutenberg_icon_alignemt":"","sfsi_plus_gutenburg_max_per_row":"","footnotes":""},"class_list":["post-2138","page","type-page","status-publish","hentry"],"acf":[],"yoast_head":"<!-- This site is optimized with the Yoast SEO Premium plugin v26.1 (Yoast SEO v26.1.1) - https:\/\/yoast.com\/wordpress\/plugins\/seo\/ -->\n<title>Integraci\u00f3n de f\u00e1bricas - SPS Commerce<\/title>\n<meta name=\"robots\" content=\"index, follow, max-snippet:-1, max-image-preview:large, max-video-preview:-1\" \/>\n<link rel=\"canonical\" href=\"https:\/\/www.spscommerce.com\/es\/proveedores\/integracion-de-fabricas\/\" \/>\n<meta property=\"og:locale\" content=\"es_ES\" \/>\n<meta property=\"og:type\" content=\"article\" \/>\n<meta property=\"og:title\" content=\"Integraci\u00f3n de f\u00e1bricas\" \/>\n<meta property=\"og:description\" content=\"Respuestas para cada socio comercial. Mientras su comunidad de socios comerciales se va expandiendo para lograr una presencia m\u00e1s global, nosotros tenemos las soluciones para ayudarle a hacer negocios con fabricantes de todo el mundo, sin aumentar los plazos de entrega ni los costes de manipulaci\u00f3n. Optimice su proceso de conformidad y descubra una forma [&hellip;]\" \/>\n<meta property=\"og:url\" content=\"https:\/\/www.spscommerce.com\/es\/proveedores\/integracion-de-fabricas\/\" \/>\n<meta property=\"og:site_name\" content=\"SPS Commerce\" \/>\n<meta property=\"article:publisher\" content=\"https:\/\/www.facebook.com\/pages\/SPS-Commerce\/115540161807561\" \/>\n<meta name=\"twitter:card\" content=\"summary_large_image\" \/>\n<meta name=\"twitter:site\" content=\"@SPS_Commerce\" \/>\n<script type=\"application\/ld+json\" class=\"yoast-schema-graph\">{\"@context\":\"https:\/\/schema.org\",\"@graph\":[{\"@type\":\"WebPage\",\"@id\":\"https:\/\/www.spscommerce.com\/es\/proveedores\/integracion-de-fabricas\/\",\"url\":\"https:\/\/www.spscommerce.com\/es\/proveedores\/integracion-de-fabricas\/\",\"name\":\"Integraci\u00f3n de f\u00e1bricas - SPS Commerce\",\"isPartOf\":{\"@id\":\"https:\/\/www.spscommerce.com\/es\/#website\"},\"datePublished\":\"2014-07-14T11:30:02+00:00\",\"breadcrumb\":{\"@id\":\"https:\/\/www.spscommerce.com\/es\/proveedores\/integracion-de-fabricas\/#breadcrumb\"},\"inLanguage\":\"es-ES\",\"potentialAction\":[{\"@type\":\"ReadAction\",\"target\":[\"https:\/\/www.spscommerce.com\/es\/proveedores\/integracion-de-fabricas\/\"]}]},{\"@type\":\"BreadcrumbList\",\"@id\":\"https:\/\/www.spscommerce.com\/es\/proveedores\/integracion-de-fabricas\/#breadcrumb\",\"itemListElement\":[{\"@type\":\"ListItem\",\"position\":1,\"name\":\"Home\",\"item\":\"https:\/\/www.spscommerce.com\/es\/\"},{\"@type\":\"ListItem\",\"position\":2,\"name\":\"Proveedores\",\"item\":\"https:\/\/www.spscommerce.com\/es\/proveedores\/\"},{\"@type\":\"ListItem\",\"position\":3,\"name\":\"Integraci\u00f3n de f\u00e1bricas\"}]},{\"@type\":\"WebSite\",\"@id\":\"https:\/\/www.spscommerce.com\/es\/#website\",\"url\":\"https:\/\/www.spscommerce.com\/es\/\",\"name\":\"SPS Commerce\",\"description\":\"\",\"publisher\":{\"@id\":\"https:\/\/www.spscommerce.com\/es\/#organization\"},\"potentialAction\":[{\"@type\":\"SearchAction\",\"target\":{\"@type\":\"EntryPoint\",\"urlTemplate\":\"https:\/\/www.spscommerce.com\/es\/?s={search_term_string}\"},\"query-input\":{\"@type\":\"PropertyValueSpecification\",\"valueRequired\":true,\"valueName\":\"search_term_string\"}}],\"inLanguage\":\"es-ES\"},{\"@type\":\"Organization\",\"@id\":\"https:\/\/www.spscommerce.com\/es\/#organization\",\"name\":\"SPS Commerce\",\"url\":\"https:\/\/www.spscommerce.com\/es\/\",\"logo\":{\"@type\":\"ImageObject\",\"inLanguage\":\"es-ES\",\"@id\":\"https:\/\/www.spscommerce.com\/es\/#\/schema\/logo\/image\/\",\"url\":\"https:\/\/www.spscommerce.com\/wp-content\/uploads\/2017\/09\/logo-with-tag1.png\",\"contentUrl\":\"https:\/\/www.spscommerce.com\/wp-content\/uploads\/2017\/09\/logo-with-tag1.png\",\"width\":400,\"height\":110,\"caption\":\"SPS Commerce\"},\"image\":{\"@id\":\"https:\/\/www.spscommerce.com\/es\/#\/schema\/logo\/image\/\"},\"sameAs\":[\"https:\/\/www.facebook.com\/pages\/SPS-Commerce\/115540161807561\",\"https:\/\/x.com\/SPS_Commerce\",\"https:\/\/www.linkedin.com\/company\/sps-commerce\/\",\"https:\/\/www.youtube.com\/user\/SPSCommerce\"]}]}<\/script>\n<!-- \/ Yoast SEO Premium plugin. -->","yoast_head_json":{"title":"Integraci\u00f3n de f\u00e1bricas - SPS Commerce","robots":{"index":"index","follow":"follow","max-snippet":"max-snippet:-1","max-image-preview":"max-image-preview:large","max-video-preview":"max-video-preview:-1"},"canonical":"https:\/\/www.spscommerce.com\/es\/proveedores\/integracion-de-fabricas\/","og_locale":"es_ES","og_type":"article","og_title":"Integraci\u00f3n de f\u00e1bricas","og_description":"Respuestas para cada socio comercial. Mientras su comunidad de socios comerciales se va expandiendo para lograr una presencia m\u00e1s global, nosotros tenemos las soluciones para ayudarle a hacer negocios con fabricantes de todo el mundo, sin aumentar los plazos de entrega ni los costes de manipulaci\u00f3n. Optimice su proceso de conformidad y descubra una forma [&hellip;]","og_url":"https:\/\/www.spscommerce.com\/es\/proveedores\/integracion-de-fabricas\/","og_site_name":"SPS Commerce","article_publisher":"https:\/\/www.facebook.com\/pages\/SPS-Commerce\/115540161807561","twitter_card":"summary_large_image","twitter_site":"@SPS_Commerce","schema":{"@context":"https:\/\/schema.org","@graph":[{"@type":"WebPage","@id":"https:\/\/www.spscommerce.com\/es\/proveedores\/integracion-de-fabricas\/","url":"https:\/\/www.spscommerce.com\/es\/proveedores\/integracion-de-fabricas\/","name":"Integraci\u00f3n de f\u00e1bricas - SPS Commerce","isPartOf":{"@id":"https:\/\/www.spscommerce.com\/es\/#website"},"datePublished":"2014-07-14T11:30:02+00:00","breadcrumb":{"@id":"https:\/\/www.spscommerce.com\/es\/proveedores\/integracion-de-fabricas\/#breadcrumb"},"inLanguage":"es-ES","potentialAction":[{"@type":"ReadAction","target":["https:\/\/www.spscommerce.com\/es\/proveedores\/integracion-de-fabricas\/"]}]},{"@type":"BreadcrumbList","@id":"https:\/\/www.spscommerce.com\/es\/proveedores\/integracion-de-fabricas\/#breadcrumb","itemListElement":[{"@type":"ListItem","position":1,"name":"Home","item":"https:\/\/www.spscommerce.com\/es\/"},{"@type":"ListItem","position":2,"name":"Proveedores","item":"https:\/\/www.spscommerce.com\/es\/proveedores\/"},{"@type":"ListItem","position":3,"name":"Integraci\u00f3n de f\u00e1bricas"}]},{"@type":"WebSite","@id":"https:\/\/www.spscommerce.com\/es\/#website","url":"https:\/\/www.spscommerce.com\/es\/","name":"SPS Commerce","description":"","publisher":{"@id":"https:\/\/www.spscommerce.com\/es\/#organization"},"potentialAction":[{"@type":"SearchAction","target":{"@type":"EntryPoint","urlTemplate":"https:\/\/www.spscommerce.com\/es\/?s={search_term_string}"},"query-input":{"@type":"PropertyValueSpecification","valueRequired":true,"valueName":"search_term_string"}}],"inLanguage":"es-ES"},{"@type":"Organization","@id":"https:\/\/www.spscommerce.com\/es\/#organization","name":"SPS Commerce","url":"https:\/\/www.spscommerce.com\/es\/","logo":{"@type":"ImageObject","inLanguage":"es-ES","@id":"https:\/\/www.spscommerce.com\/es\/#\/schema\/logo\/image\/","url":"https:\/\/www.spscommerce.com\/wp-content\/uploads\/2017\/09\/logo-with-tag1.png","contentUrl":"https:\/\/www.spscommerce.com\/wp-content\/uploads\/2017\/09\/logo-with-tag1.png","width":400,"height":110,"caption":"SPS Commerce"},"image":{"@id":"https:\/\/www.spscommerce.com\/es\/#\/schema\/logo\/image\/"},"sameAs":["https:\/\/www.facebook.com\/pages\/SPS-Commerce\/115540161807561","https:\/\/x.com\/SPS_Commerce","https:\/\/www.linkedin.com\/company\/sps-commerce\/","https:\/\/www.youtube.com\/user\/SPSCommerce"]}]}},"_links":{"self":[{"href":"https:\/\/www.spscommerce.com\/es\/wp-json\/wp\/v2\/pages\/2138","targetHints":{"allow":["GET"]}}],"collection":[{"href":"https:\/\/www.spscommerce.com\/es\/wp-json\/wp\/v2\/pages"}],"about":[{"href":"https:\/\/www.spscommerce.com\/es\/wp-json\/wp\/v2\/types\/page"}],"author":[{"embeddable":true,"href":"https:\/\/www.spscommerce.com\/es\/wp-json\/wp\/v2\/users\/23"}],"replies":[{"embeddable":true,"href":"https:\/\/www.spscommerce.com\/es\/wp-json\/wp\/v2\/comments?post=2138"}],"version-history":[{"count":1,"href":"https:\/\/www.spscommerce.com\/es\/wp-json\/wp\/v2\/pages\/2138\/revisions"}],"predecessor-version":[{"id":2139,"href":"https:\/\/www.spscommerce.com\/es\/wp-json\/wp\/v2\/pages\/2138\/revisions\/2139"}],"up":[{"embeddable":true,"href":"https:\/\/www.spscommerce.com\/es\/wp-json\/wp\/v2\/pages\/2074"}],"wp:attachment":[{"href":"https:\/\/www.spscommerce.com\/es\/wp-json\/wp\/v2\/media?parent=2138"}],"curies":[{"name":"wp","href":"https:\/\/api.w.org\/{rel}","templated":true}]}}