{"id":2128,"date":"2014-07-14T10:55:10","date_gmt":"2014-07-14T10:55:10","guid":{"rendered":"http:\/\/www.spscommerce-blog.com\/?page_id=2128"},"modified":"2014-08-27T15:29:18","modified_gmt":"2014-08-27T15:29:18","slug":"integracion-con-socios-a-cargo-de-la-logistica-3pl","status":"publish","type":"page","link":"https:\/\/www.spscommerce.com\/es\/proveedores\/integracion-con-socios-a-cargo-de-la-logistica-3pl\/","title":{"rendered":"Integraci\u00f3n con socios a cargo de la log\u00edstica (3PL)"},"content":{"rendered":"<p class=\"lead\">Reduzca al m\u00ednimo la complejidad y d\u00e9 un impulso a su empresa.<\/p>\n<p class=\"p1\">Todos sus sistemas, ya sean de tratamiento de pedidos, de contabilidad o de embalaje, requieren datos actualizados en distintos formatos para funcionar con eficacia. Pero a menudo existen costes invisibles que van a parar a la creaci\u00f3n y gesti\u00f3n de dicha informaci\u00f3n. Nuestras soluciones online le permitir\u00e1n reducir los recursos de personal y el tiempo necesario para manejar su compleja gama de sistemas de negocios. Con nosotros, sus datos se guardar\u00e1n en un formato est\u00e1ndar, de manera que siempre podr\u00e1 contar con la informaci\u00f3n que necesita para trabajar con sus socios. Asimismo, esto le da la oportunidad de trabajar f\u00e1cilmente con los 47.000 minoristas, propietarios de tiendas, agentes, distribuidores y proveedores de una red mundial que se expande sin cesar.<\/p>\n<p class=\"p2\">As\u00ed, si lo que necesita es una soluci\u00f3n de intercambio electr\u00f3nico de datos para gestionar la recepci\u00f3n de pedidos, compartir datos de inventario con los minoristas en nombre de su cliente, o para enviar de forma sencilla la informaci\u00f3n comercial m\u00e1s importante de sus socios y colaboradores, puede estar seguro de que tenemos las mejores soluciones del mercado para afrontar tales desaf\u00edos. Nuestra orientaci\u00f3n exclusiva hacia el sector minorista, nuestras mejores acciones e iniciativas y nuestras soluciones en materia de administraci\u00f3n de cadenas de suministros le har\u00e1n dominar la complejidad de sus relaciones profesionales.<\/p>\n<p class=\"p2\">Entre nuestra completa gama de servicios encontrar\u00e1:<\/p>\n<ul>\n<li>Soluciones online para relaciones profesionales m\u00e1s peque\u00f1as<\/li>\n<li>Integraci\u00f3n est\u00e1ndar en los sistemas de administraci\u00f3n de almacenes y los sistemas de administraci\u00f3n de transportes<\/li>\n<li>Apoyo a m\u00faltiples modelos de ejecuci\u00f3n<\/li>\n<li style=\"list-style-type: none;\">\n<ul>\n<li>Despacho directo<\/li>\n<li>SEnv\u00edo directo a la tienda<\/li>\n<li>Entrega directa al cliente<\/li>\n<\/ul>\n<\/li>\n<li>Notas de embalaje con logotipo de marca por minorista<\/li>\n<li>Soluciones de etiquetado GS1-128<\/li>\n<li>Apoyo m\u00faltiple sobre conectividad a compradores, vendedores y dem\u00e1s socios comerciales<\/li>\n<li style=\"list-style-type: none;\">\n<ul>\n<li>Red de valor a\u00f1adido (VAN)<\/li>\n<li>Intercambio electr\u00f3nico de datos por Internet (AS2)<\/li>\n<li>FTP<\/li>\n<\/ul>\n<\/li>\n<\/ul>\n<div class=\"row collapse document pdf\">\n<div class=\"twelve columns\">\n<div class=\"document-content\">\n<h4>SPS Case Study: NEXT Proteins<\/h4>\n<p>Next Proteins, Inc. is the maker of DESIGNER WHEY, America\u2019s #1 protein since 1993. The company\u2019s products are used by NBC\u2019s The Biggest Loser program and include a variety of protein powders, drinks and bars sold at grocery and retail stores nationwide, including Fred Meyer, H-E-B, Kroger, Publix Super Markets, Rite Aid Pharmacy, SUPERVALU and Vitamin Shoppe.<\/p>\n<p><a href=\"\/wp-content\/uploads\/2014\/07\/SPSCaseStudy-NextProtein.pdf\">DOWNLOAD CASE STUDY<\/a><\/p>\n<\/div>\n<\/div>\n<\/div>\n<div class=\"row collapse document pdf\">\n<div class=\"twelve columns\">\n<div class=\"document-content\">\n<h4>SPS Case Study: Dual Electronics<\/h4>\n<p>In 2007, the company was at a crossroads. Integrating with its retailers and 3PLs via EDI was important to its sales efforts and supply chain efficiency, but Dual\u2019s existing EDI solution and its integration with Microsoft Dynamics GP was unreliable and the provider\u2019s customer service was slow, often taking days or weeks to resolve issues, according to Dennis Marchewka, Sales Administration Manager at Dual.<\/p>\n<p>Dual began looking for a better EDI integration partner by surveying their retail customers for recommendations and looking for solutions with proven integration to Dynamics GP, Dual\u2019s ERP solution.<\/p>\n<p><a href=\"\/wp-content\/uploads\/2014\/07\/SPSCaseStudy-DualElectronics.pdf\">DOWNLOAD CASE STUDY<\/a><\/p>\n<\/div>\n<\/div>\n<\/div>\n","protected":false},"excerpt":{"rendered":"<p>Reduzca al m\u00ednimo la complejidad y d\u00e9 un impulso a su empresa. Todos sus sistemas, ya sean de tratamiento de pedidos, de contabilidad o de embalaje, requieren datos actualizados en distintos formatos para funcionar con eficacia. Pero a menudo existen costes invisibles que van a parar a la creaci\u00f3n y gesti\u00f3n de dicha informaci\u00f3n. Nuestras [&hellip;]<\/p>\n","protected":false},"author":23,"featured_media":0,"parent":2074,"menu_order":0,"comment_status":"closed","ping_status":"closed","template":"","meta":{"_acf_changed":false,"_et_pb_use_builder":"","_et_pb_old_content":"","_et_gb_content_width":"","footnotes":""},"class_list":["post-2128","page","type-page","status-publish","hentry"],"acf":[],"yoast_head":"<!-- This site is optimized with the Yoast SEO Premium plugin v26.1 (Yoast SEO v26.1.1) - https:\/\/yoast.com\/wordpress\/plugins\/seo\/ -->\n<title>Integraci\u00f3n con socios a cargo de la log\u00edstica (3PL) - SPS Commerce<\/title>\n<meta name=\"robots\" content=\"index, follow, max-snippet:-1, max-image-preview:large, max-video-preview:-1\" \/>\n<link rel=\"canonical\" href=\"https:\/\/www.spscommerce.com\/es\/proveedores\/integracion-con-socios-a-cargo-de-la-logistica-3pl\/\" \/>\n<meta property=\"og:locale\" content=\"es_ES\" \/>\n<meta property=\"og:type\" content=\"article\" \/>\n<meta property=\"og:title\" content=\"Integraci\u00f3n con socios a cargo de la log\u00edstica (3PL)\" \/>\n<meta property=\"og:description\" content=\"Reduzca al m\u00ednimo la complejidad y d\u00e9 un impulso a su empresa. Todos sus sistemas, ya sean de tratamiento de pedidos, de contabilidad o de embalaje, requieren datos actualizados en distintos formatos para funcionar con eficacia. Pero a menudo existen costes invisibles que van a parar a la creaci\u00f3n y gesti\u00f3n de dicha informaci\u00f3n. Nuestras [&hellip;]\" \/>\n<meta property=\"og:url\" content=\"https:\/\/www.spscommerce.com\/es\/proveedores\/integracion-con-socios-a-cargo-de-la-logistica-3pl\/\" \/>\n<meta property=\"og:site_name\" content=\"SPS Commerce\" \/>\n<meta property=\"article:publisher\" content=\"https:\/\/www.facebook.com\/pages\/SPS-Commerce\/115540161807561\" \/>\n<meta property=\"article:modified_time\" content=\"2014-08-27T15:29:18+00:00\" \/>\n<meta name=\"twitter:card\" content=\"summary_large_image\" \/>\n<meta name=\"twitter:site\" content=\"@SPS_Commerce\" \/>\n<script type=\"application\/ld+json\" class=\"yoast-schema-graph\">{\"@context\":\"https:\/\/schema.org\",\"@graph\":[{\"@type\":\"WebPage\",\"@id\":\"https:\/\/www.spscommerce.com\/es\/proveedores\/integracion-con-socios-a-cargo-de-la-logistica-3pl\/\",\"url\":\"https:\/\/www.spscommerce.com\/es\/proveedores\/integracion-con-socios-a-cargo-de-la-logistica-3pl\/\",\"name\":\"Integraci\u00f3n con socios a cargo de la log\u00edstica (3PL) - SPS Commerce\",\"isPartOf\":{\"@id\":\"https:\/\/www.spscommerce.com\/es\/#website\"},\"datePublished\":\"2014-07-14T10:55:10+00:00\",\"dateModified\":\"2014-08-27T15:29:18+00:00\",\"breadcrumb\":{\"@id\":\"https:\/\/www.spscommerce.com\/es\/proveedores\/integracion-con-socios-a-cargo-de-la-logistica-3pl\/#breadcrumb\"},\"inLanguage\":\"es-ES\",\"potentialAction\":[{\"@type\":\"ReadAction\",\"target\":[\"https:\/\/www.spscommerce.com\/es\/proveedores\/integracion-con-socios-a-cargo-de-la-logistica-3pl\/\"]}]},{\"@type\":\"BreadcrumbList\",\"@id\":\"https:\/\/www.spscommerce.com\/es\/proveedores\/integracion-con-socios-a-cargo-de-la-logistica-3pl\/#breadcrumb\",\"itemListElement\":[{\"@type\":\"ListItem\",\"position\":1,\"name\":\"Home\",\"item\":\"https:\/\/www.spscommerce.com\/es\/\"},{\"@type\":\"ListItem\",\"position\":2,\"name\":\"Proveedores\",\"item\":\"https:\/\/www.spscommerce.com\/es\/proveedores\/\"},{\"@type\":\"ListItem\",\"position\":3,\"name\":\"Integraci\u00f3n con socios a cargo de la log\u00edstica (3PL)\"}]},{\"@type\":\"WebSite\",\"@id\":\"https:\/\/www.spscommerce.com\/es\/#website\",\"url\":\"https:\/\/www.spscommerce.com\/es\/\",\"name\":\"SPS Commerce\",\"description\":\"\",\"publisher\":{\"@id\":\"https:\/\/www.spscommerce.com\/es\/#organization\"},\"potentialAction\":[{\"@type\":\"SearchAction\",\"target\":{\"@type\":\"EntryPoint\",\"urlTemplate\":\"https:\/\/www.spscommerce.com\/es\/?s={search_term_string}\"},\"query-input\":{\"@type\":\"PropertyValueSpecification\",\"valueRequired\":true,\"valueName\":\"search_term_string\"}}],\"inLanguage\":\"es-ES\"},{\"@type\":\"Organization\",\"@id\":\"https:\/\/www.spscommerce.com\/es\/#organization\",\"name\":\"SPS Commerce\",\"url\":\"https:\/\/www.spscommerce.com\/es\/\",\"logo\":{\"@type\":\"ImageObject\",\"inLanguage\":\"es-ES\",\"@id\":\"https:\/\/www.spscommerce.com\/es\/#\/schema\/logo\/image\/\",\"url\":\"https:\/\/www.spscommerce.com\/wp-content\/uploads\/2017\/09\/logo-with-tag1.png\",\"contentUrl\":\"https:\/\/www.spscommerce.com\/wp-content\/uploads\/2017\/09\/logo-with-tag1.png\",\"width\":400,\"height\":110,\"caption\":\"SPS Commerce\"},\"image\":{\"@id\":\"https:\/\/www.spscommerce.com\/es\/#\/schema\/logo\/image\/\"},\"sameAs\":[\"https:\/\/www.facebook.com\/pages\/SPS-Commerce\/115540161807561\",\"https:\/\/x.com\/SPS_Commerce\",\"https:\/\/www.linkedin.com\/company\/sps-commerce\/\",\"https:\/\/www.youtube.com\/user\/SPSCommerce\"]}]}<\/script>\n<!-- \/ Yoast SEO Premium plugin. -->","yoast_head_json":{"title":"Integraci\u00f3n con socios a cargo de la log\u00edstica (3PL) - SPS Commerce","robots":{"index":"index","follow":"follow","max-snippet":"max-snippet:-1","max-image-preview":"max-image-preview:large","max-video-preview":"max-video-preview:-1"},"canonical":"https:\/\/www.spscommerce.com\/es\/proveedores\/integracion-con-socios-a-cargo-de-la-logistica-3pl\/","og_locale":"es_ES","og_type":"article","og_title":"Integraci\u00f3n con socios a cargo de la log\u00edstica (3PL)","og_description":"Reduzca al m\u00ednimo la complejidad y d\u00e9 un impulso a su empresa. Todos sus sistemas, ya sean de tratamiento de pedidos, de contabilidad o de embalaje, requieren datos actualizados en distintos formatos para funcionar con eficacia. Pero a menudo existen costes invisibles que van a parar a la creaci\u00f3n y gesti\u00f3n de dicha informaci\u00f3n. Nuestras [&hellip;]","og_url":"https:\/\/www.spscommerce.com\/es\/proveedores\/integracion-con-socios-a-cargo-de-la-logistica-3pl\/","og_site_name":"SPS Commerce","article_publisher":"https:\/\/www.facebook.com\/pages\/SPS-Commerce\/115540161807561","article_modified_time":"2014-08-27T15:29:18+00:00","twitter_card":"summary_large_image","twitter_site":"@SPS_Commerce","schema":{"@context":"https:\/\/schema.org","@graph":[{"@type":"WebPage","@id":"https:\/\/www.spscommerce.com\/es\/proveedores\/integracion-con-socios-a-cargo-de-la-logistica-3pl\/","url":"https:\/\/www.spscommerce.com\/es\/proveedores\/integracion-con-socios-a-cargo-de-la-logistica-3pl\/","name":"Integraci\u00f3n con socios a cargo de la log\u00edstica (3PL) - SPS Commerce","isPartOf":{"@id":"https:\/\/www.spscommerce.com\/es\/#website"},"datePublished":"2014-07-14T10:55:10+00:00","dateModified":"2014-08-27T15:29:18+00:00","breadcrumb":{"@id":"https:\/\/www.spscommerce.com\/es\/proveedores\/integracion-con-socios-a-cargo-de-la-logistica-3pl\/#breadcrumb"},"inLanguage":"es-ES","potentialAction":[{"@type":"ReadAction","target":["https:\/\/www.spscommerce.com\/es\/proveedores\/integracion-con-socios-a-cargo-de-la-logistica-3pl\/"]}]},{"@type":"BreadcrumbList","@id":"https:\/\/www.spscommerce.com\/es\/proveedores\/integracion-con-socios-a-cargo-de-la-logistica-3pl\/#breadcrumb","itemListElement":[{"@type":"ListItem","position":1,"name":"Home","item":"https:\/\/www.spscommerce.com\/es\/"},{"@type":"ListItem","position":2,"name":"Proveedores","item":"https:\/\/www.spscommerce.com\/es\/proveedores\/"},{"@type":"ListItem","position":3,"name":"Integraci\u00f3n con socios a cargo de la log\u00edstica (3PL)"}]},{"@type":"WebSite","@id":"https:\/\/www.spscommerce.com\/es\/#website","url":"https:\/\/www.spscommerce.com\/es\/","name":"SPS Commerce","description":"","publisher":{"@id":"https:\/\/www.spscommerce.com\/es\/#organization"},"potentialAction":[{"@type":"SearchAction","target":{"@type":"EntryPoint","urlTemplate":"https:\/\/www.spscommerce.com\/es\/?s={search_term_string}"},"query-input":{"@type":"PropertyValueSpecification","valueRequired":true,"valueName":"search_term_string"}}],"inLanguage":"es-ES"},{"@type":"Organization","@id":"https:\/\/www.spscommerce.com\/es\/#organization","name":"SPS Commerce","url":"https:\/\/www.spscommerce.com\/es\/","logo":{"@type":"ImageObject","inLanguage":"es-ES","@id":"https:\/\/www.spscommerce.com\/es\/#\/schema\/logo\/image\/","url":"https:\/\/www.spscommerce.com\/wp-content\/uploads\/2017\/09\/logo-with-tag1.png","contentUrl":"https:\/\/www.spscommerce.com\/wp-content\/uploads\/2017\/09\/logo-with-tag1.png","width":400,"height":110,"caption":"SPS Commerce"},"image":{"@id":"https:\/\/www.spscommerce.com\/es\/#\/schema\/logo\/image\/"},"sameAs":["https:\/\/www.facebook.com\/pages\/SPS-Commerce\/115540161807561","https:\/\/x.com\/SPS_Commerce","https:\/\/www.linkedin.com\/company\/sps-commerce\/","https:\/\/www.youtube.com\/user\/SPSCommerce"]}]}},"_links":{"self":[{"href":"https:\/\/www.spscommerce.com\/es\/wp-json\/wp\/v2\/pages\/2128","targetHints":{"allow":["GET"]}}],"collection":[{"href":"https:\/\/www.spscommerce.com\/es\/wp-json\/wp\/v2\/pages"}],"about":[{"href":"https:\/\/www.spscommerce.com\/es\/wp-json\/wp\/v2\/types\/page"}],"author":[{"embeddable":true,"href":"https:\/\/www.spscommerce.com\/es\/wp-json\/wp\/v2\/users\/23"}],"replies":[{"embeddable":true,"href":"https:\/\/www.spscommerce.com\/es\/wp-json\/wp\/v2\/comments?post=2128"}],"version-history":[{"count":2,"href":"https:\/\/www.spscommerce.com\/es\/wp-json\/wp\/v2\/pages\/2128\/revisions"}],"predecessor-version":[{"id":5174,"href":"https:\/\/www.spscommerce.com\/es\/wp-json\/wp\/v2\/pages\/2128\/revisions\/5174"}],"up":[{"embeddable":true,"href":"https:\/\/www.spscommerce.com\/es\/wp-json\/wp\/v2\/pages\/2074"}],"wp:attachment":[{"href":"https:\/\/www.spscommerce.com\/es\/wp-json\/wp\/v2\/media?parent=2128"}],"curies":[{"name":"wp","href":"https:\/\/api.w.org\/{rel}","templated":true}]}}