{"id":760256,"date":"2014-08-21T14:44:30","date_gmt":"2014-08-21T14:44:30","guid":{"rendered":"https:\/\/www.spscommerce.com\/contact\/"},"modified":"2025-11-04T10:05:19","modified_gmt":"2025-11-04T16:05:19","slug":"kontakt","status":"publish","type":"page","link":"https:\/\/www.spscommerce.com\/de\/kontakt\/","title":{"rendered":"Kontakt"},"content":{"rendered":"<p>[et_pb_section fb_built=&#8221;1&#8243; custom_padding_last_edited=&#8221;on|desktop&#8221; admin_label=&#8221;Section&#8221; _builder_version=&#8221;4.16&#8243; background_enable_color=&#8221;off&#8221; custom_padding_tablet=&#8221;50px|0|50px|0&#8243; custom_padding_phone=&#8221;&#8221; transparent_background=&#8221;off&#8221; padding_mobile=&#8221;off&#8221; global_colors_info=&#8221;{}&#8221;][et_pb_row column_structure=&#8221;2_3,1_3&#8243; padding_mobile=&#8221;off&#8221; column_padding_mobile=&#8221;on&#8221; admin_label=&#8221;row&#8221; module_class=&#8221;monarch-section&#8221; _builder_version=&#8221;4.16&#8243; background_size=&#8221;initial&#8221; background_position=&#8221;top_left&#8221; background_repeat=&#8221;repeat&#8221; max_width=&#8221;1240px&#8221; use_custom_width=&#8221;on&#8221; custom_width_px=&#8221;1240px&#8221; locked=&#8221;off&#8221; global_colors_info=&#8221;{}&#8221;][et_pb_column type=&#8221;2_3&#8243; _builder_version=&#8221;4.16&#8243; custom_padding=&#8221;1%|2%|1%|2%|false|false&#8221; box_shadow_style=&#8221;preset1&#8243; global_colors_info=&#8221;{}&#8221; custom_padding__hover=&#8221;|||&#8221;][et_pb_code admin_label=&#8221;Form Code&#8221; module_class=&#8221;monarch-contact&#8221; _builder_version=&#8221;4.27.4&#8243; hover_enabled=&#8221;0&#8243; z_index_tablet=&#8221;500&#8243; saved_tabs=&#8221;all&#8221; locked=&#8221;off&#8221; global_colors_info=&#8221;{}&#8221; sticky_enabled=&#8221;0&#8243;]<\/p>\n<div class=\"contact-wrap\"><!-- [et_pb_line_break_holder] -->\u00a0 <\/p>\n<h2 style=\"text-align: center;\">Kontakt zu SPS Commerce<\/h2>\n<p><!-- [et_pb_line_break_holder] -->\u00a0 <\/p>\n<form class=\"material-form\" action=\"https:\/\/go.spscommerce.com\/l\/28312\/2017-09-29\/7nq69b\" method=\"post\"><!-- [et_pb_line_break_holder] -->\u00a0 \u2002\u2002\u2002\u2002<input type=hidden name='captcha_settings' value='{\"keyname\":\"CadyTestII\",\"fallback\":\"true\",\"orgId\":\"00D300000000bzv\",\"ts\":\"\"}'><input name=\"nospam:blank\" type=\"hidden\" value=\"\"> <input name=\"retURL\" type=\"hidden\" value=\"https:\/\/www.spscommerce.com\/contact\/thankyou\/\"> <input name=\"oid\" type=\"hidden\" value=\"00D300000000bzv\"> <input name=\"sfga\" type=\"hidden\" value=\"00D300000000bzv\"> <input name=\"Campaign_ID\" type=\"hidden\" value=\"701300000001pcKAAQ\"> <input id=\"lead_source\" name=\"lead_source\" type=\"hidden\" value=\"Marketing Campaign\"> <input id=\"description\" name=\"description\" type=\"hidden\" value=\"FR Contact - Main Page\"> <input id=\"Prospect_Gclid\" name=\"Prospect_Gclid\" type=\"hidden\" value=\"\"><!-- [et_pb_line_break_holder] -->\u00a0 \u00a0 <\/p>\n<div class=\"input-block floating-field\"><label>Vorname<\/label><input id=\"first_name\" class=\"form-control\" name=\"first_name\" pattern=\"^\\S.*\\S\" required=\"\" type=\"text\" value=\"\"><\/div>\n<p><!-- [et_pb_line_break_holder] -->\u00a0 \u00a0 <\/p>\n<div class=\"input-block floating-field\"><label>Nachname<\/label><input id=\"last_name\" class=\"form-control\" name=\"last_name\" pattern=\"^\\S.*\\S\" required=\"\" type=\"text\" value=\"\"><\/div>\n<p><!-- [et_pb_line_break_holder] -->\u00a0 \u00a0 <\/p>\n<div class=\"input-block floating-field\"><label>E-Mail<\/label><input id=\"email\" class=\"form-control\" name=\"email\" required=\"\" type=\"email\" value=\"\"><\/div>\n<p><!-- [et_pb_line_break_holder] -->\u00a0 \u00a0 <\/p>\n<div class=\"input-block floating-field\"><label>Firma<\/label><input id=\"company\" class=\"form-control\" name=\"company\" pattern=\"^\\S.*\\S\" required=\"\" type=\"text\" value=\"\"><\/div>\n<p><!-- [et_pb_line_break_holder] -->\u00a0 \u00a0 <\/p>\n<div class=\"input-block input-block-half floating-field\"><label>Telefon<\/label><input id=\"phone\" class=\"form-control\" name=\"phone\" pattern=\"^\\S.*\\S\" required=\"\" type=\"tel\" value=\"\"><\/div>\n<p><!-- [et_pb_line_break_holder] -->\u00a0 \u00a0 <\/p>\n<div class=\"input-block input-block-half input-block-last floating-field\"><label>L\u00e4ndercode z.B. DEU<\/label><input id=\"country\" class=\"form-control\" name=\"country\" pattern=\"^\\S.*\\S\" required=\"\" type=\"text\" value=\"\" maxlength=\"3\"><\/div>\n<p><!-- [et_pb_line_break_holder] -->\u00a0 \u00a0 <pee style=\"text-align: center;\">Optionale Informationen:<\/pee><!-- [et_pb_line_break_holder] -->\u00a0 \u00a0 <\/p>\n<div class=\"input-block floating-field\"><label>Wie haben Sie von SPS erfahren? \u00fcber das Internet, durch Empfehlung eines Kollegen<\/label><textarea id=\"description\" class=\"form-control\" name=\"description\" pattern=\"^\\S.*\\S\" placeholder=\"\"><\/textarea><\/div>\n<p><!-- [et_pb_line_break_holder] -->\u00a0 \u00a0 <\/p>\n<div class=\"input-block floating-field\"><label>Anmerkungen:<\/label><textarea id=\"00N30000000zCH1\" class=\"form-control\" name=\"00N30000000zCH1\" pattern=\"^\\S.*\\S\" placeholder=\"\"><\/textarea><\/div>\n<p><!-- [et_pb_line_break_holder] -->\u00a0 \u00a0 <\/p>\n<div style=\"position:absolute; left:-9999px; top: -9999px;\"><!-- [et_pb_line_break_holder] -->\u00a0 \u00a0 \u00a0 <label for=\"pardot_extra_field\">Anmerkungen<\/label><!-- [et_pb_line_break_holder] -->\u00a0 \u00a0 \u00a0 <input type=\"text\" id=\"pardot_extra_field\" name=\"pardot_extra_field\"><!-- [et_pb_line_break_holder] -->\u00a0 \u00a0 <\/div>\n<p><!-- [et_pb_line_break_holder] -->\u00a0 \u00a0 <\/p>\n<div class=\"form-consent\"><!-- [et_pb_line_break_holder] -->\u00a0 \u00a0 \u2002\u2002<label><strong>Zustimmung zur digitalen Kontaktaufnahme:<\/strong> Wenn Sie dieses K\u00e4stchen ankreuzen, erkl\u00e4ren Sie sich damit einverstanden, dass SPS Commerce die von Ihnen angegebenen Daten verwendet, um Sie per E-Mail \u00fcber Produkte und Dienstleistungen zu informieren. Sie k\u00f6nnen Ihre Meinung jederzeit \u00e4ndern, indem Sie auf den Link zum Abbestellen klicken, der sich in der Fu\u00dfzeile jeder E-Mail befindet, die wir Ihnen senden.<\/label><!\u2013- [et_pb_br_holder] -\u2013><!-- [et_pb_line_break_holder] -->\u00a0 \u00a0 \u2002\u2002<label>\u00a0<\/label><!\u2013- [et_pb_br_holder] -\u2013><!-- [et_pb_line_break_holder] -->\u00a0 \u00a0 \u2002\u2002<input id=\"00N0g000003x3Bv\" name=\"00N0g000003x3Bv\" type=\"checkbox\" required=\"\" value=\"1\" \/><label>Ich bin damit einverstanden, kontaktiert zu werden.<\/label><!-- [et_pb_line_break_holder] -->\u00a0 \u00a0 <\/div>\n<p><!-- [et_pb_line_break_holder] -->\u00a0 \u00a0 <\/p>\n<div><!-- [et_pb_line_break_holder] -->\u00a0 \u00a0 \u00a0 <\/p>\n<div class=\"g-recaptcha\" data-sitekey=\"6LckbScUAAAAAIy4qHnnHMWj-WdiTnjS4g4HN6Ae\"><\/div>\n<p><!-- [et_pb_line_break_holder] -->\u00a0 \u00a0 \u00a0 <\/p>\n<div><input class=\"btn square-button material-btn\" type=\"submit\" value=\"Kontaktieren Sie SPS Commerce\" onclick=\"return callValidation();\"><\/div>\n<p><!-- [et_pb_line_break_holder] -->\u00a0 \u00a0 <\/div>\n<p><!-- [et_pb_line_break_holder] -->\u00a0 <\/form>\n<p><!-- [et_pb_line_break_holder] --><\/div>\n<p>[\/et_pb_code][\/et_pb_column][et_pb_column type=&#8221;1_3&#8243; _builder_version=&#8221;4.16&#8243; custom_padding=&#8221;|||&#8221; global_colors_info=&#8221;{}&#8221; custom_padding__hover=&#8221;|||&#8221;][et_pb_blurb use_icon=&#8221;on&#8221; font_icon=&#8221;&#xe00b;||divi||400&#8243; icon_color=&#8221;#afafaf&#8221; image_icon_width=&#8221;64px&#8221; admin_label=&#8221;Sales Contact Info&#8221; module_class=&#8221;nomargin-top&#8221; _builder_version=&#8221;4.27.4&#8243; header_text_align=&#8221;center&#8221; text_orientation=&#8221;center&#8221; animation=&#8221;off&#8221; z_index_tablet=&#8221;500&#8243; custom_css_blurb_image=&#8221;margin-bottom: 5px;&#8221; header_text_shadow_horizontal_length_tablet=&#8221;0px&#8221; header_text_shadow_vertical_length_tablet=&#8221;0px&#8221; header_text_shadow_blur_strength_tablet=&#8221;1px&#8221; body_text_shadow_horizontal_length_tablet=&#8221;0px&#8221; body_text_shadow_vertical_length_tablet=&#8221;0px&#8221; body_text_shadow_blur_strength_tablet=&#8221;1px&#8221; body_link_text_shadow_horizontal_length_tablet=&#8221;0px&#8221; body_link_text_shadow_vertical_length_tablet=&#8221;0px&#8221; body_link_text_shadow_blur_strength_tablet=&#8221;1px&#8221; body_ul_text_shadow_horizontal_length_tablet=&#8221;0px&#8221; body_ul_text_shadow_vertical_length_tablet=&#8221;0px&#8221; body_ul_text_shadow_blur_strength_tablet=&#8221;1px&#8221; body_ol_text_shadow_horizontal_length_tablet=&#8221;0px&#8221; body_ol_text_shadow_vertical_length_tablet=&#8221;0px&#8221; body_ol_text_shadow_blur_strength_tablet=&#8221;1px&#8221; body_quote_text_shadow_horizontal_length_tablet=&#8221;0px&#8221; body_quote_text_shadow_vertical_length_tablet=&#8221;0px&#8221; body_quote_text_shadow_blur_strength_tablet=&#8221;1px&#8221; box_shadow_horizontal_tablet=&#8221;0px&#8221; box_shadow_vertical_tablet=&#8221;0px&#8221; box_shadow_blur_tablet=&#8221;40px&#8221; box_shadow_spread_tablet=&#8221;0px&#8221; box_shadow_horizontal_image_tablet=&#8221;0px&#8221; box_shadow_vertical_image_tablet=&#8221;0px&#8221; box_shadow_blur_image_tablet=&#8221;40px&#8221; box_shadow_spread_image_tablet=&#8221;0px&#8221; text_shadow_horizontal_length_tablet=&#8221;0px&#8221; text_shadow_vertical_length_tablet=&#8221;0px&#8221; text_shadow_blur_strength_tablet=&#8221;1px&#8221; icon_font_size=&#8221;64px&#8221; global_colors_info=&#8221;{}&#8221;]<\/p>\n<h3><strong>Kontakt<\/strong><\/h3>\n<p>Sie erreichen unser Vertriebsteam telefonisch unter den Nummern <strong><a href=\"tel:+4989541940100\">+49 89 541 940 100<\/a><\/strong>.<\/p>\n<p>Wenn Sie bereits Kunde sind und eine technische Frage haben, <a href=\"https:\/\/www.spscommerce.com\/support\/\"><b>besuchen Sie bitte unseren Helpdesk<\/b><\/a> oder rufen Sie die Nummer <strong><a href=\"tel:+4989541940101\">+49 89 541 940 101<\/a><\/strong>.<\/p>\n<p><a href=\"https:\/\/www.spscommerce.com\/de\/standorte\/\"><strong>Hier finden Sie unsere Niederlassungen und Telefonnummern.<\/strong><\/a><\/p>\n<p>[\/et_pb_blurb][\/et_pb_column][\/et_pb_row][et_pb_row column_structure=&#8221;1_3,1_3,1_3&#8243; admin_label=&#8221;Row&#8221; _builder_version=&#8221;4.16&#8243; background_size=&#8221;initial&#8221; background_position=&#8221;top_left&#8221; background_repeat=&#8221;repeat&#8221; global_colors_info=&#8221;{}&#8221;][et_pb_column type=&#8221;1_3&#8243; _builder_version=&#8221;4.16&#8243; custom_padding=&#8221;|||&#8221; global_colors_info=&#8221;{}&#8221; custom_padding__hover=&#8221;|||&#8221;][et_pb_blurb title=&#8221;Erhalten Sie ein kostenloses Angebot. Ganz unverbindlich!&#8221; use_icon=&#8221;on&#8221; font_icon=&#8221;&#xe606;||divi||400&#8243; icon_color=&#8221;#afafaf&#8221; icon_placement=&#8221;left&#8221; admin_label=&#8221;Get a free quote. No obligation!&#8221; _builder_version=&#8221;4.27.4&#8243; background_size=&#8221;initial&#8221; background_position=&#8221;top_left&#8221; background_repeat=&#8221;repeat&#8221; animation=&#8221;off&#8221; use_border_color=&#8221;off&#8221; border_color=&#8221;#ffffff&#8221; border_style=&#8221;solid&#8221; global_colors_info=&#8221;{}&#8221;]<\/p>\n<p>Wir beantworten gerne alle Ihre Fragen zu unseren L\u00f6sungen oder zum Ablauf des Implementierungsprozesses.<\/p>\n<p>[\/et_pb_blurb][\/et_pb_column][et_pb_column type=&#8221;1_3&#8243; _builder_version=&#8221;4.16&#8243; custom_padding=&#8221;|||&#8221; global_colors_info=&#8221;{}&#8221; custom_padding__hover=&#8221;|||&#8221;][et_pb_blurb title=&#8221;Erfahren Sie mehr \u00fcber unsere L\u00f6sungen f\u00fcr den Retail und EDI.&#8221; use_icon=&#8221;on&#8221; font_icon=&#8221;&#xe007;||divi||400&#8243; icon_color=&#8221;#afafaf&#8221; icon_placement=&#8221;left&#8221; admin_label=&#8221;Learn more about our&#8230;&#8221; _builder_version=&#8221;4.27.4&#8243; background_size=&#8221;initial&#8221; background_position=&#8221;top_left&#8221; background_repeat=&#8221;repeat&#8221; animation=&#8221;off&#8221; use_border_color=&#8221;off&#8221; border_color=&#8221;#ffffff&#8221; border_style=&#8221;solid&#8221; global_colors_info=&#8221;{}&#8221;]<\/p>\n<p>Unsere L\u00f6sungen wurden entwickelt, um die heikelsten kommerziellen Probleme im Retailbereich zu l\u00f6sen.<\/p>\n<p>[\/et_pb_blurb][\/et_pb_column][et_pb_column type=&#8221;1_3&#8243; _builder_version=&#8221;4.16&#8243; custom_padding=&#8221;|||&#8221; global_colors_info=&#8221;{}&#8221; custom_padding__hover=&#8221;|||&#8221;][et_pb_blurb title=&#8221;Melden Sie sich einmal an und profitieren Sie von unendlichen M\u00f6glichkeiten im Retailbereich.&#8221; use_icon=&#8221;on&#8221; font_icon=&#8221;&#xe00a;||divi||400&#8243; icon_color=&#8221;#afafaf&#8221; icon_placement=&#8221;left&#8221; admin_label=&#8221;Connect once for infinite&#8230;&#8221; _builder_version=&#8221;4.27.4&#8243; background_size=&#8221;initial&#8221; background_position=&#8221;top_left&#8221; background_repeat=&#8221;repeat&#8221; animation=&#8221;off&#8221; use_border_color=&#8221;off&#8221; border_color=&#8221;#ffffff&#8221; border_style=&#8221;solid&#8221; global_colors_info=&#8221;{}&#8221;]<\/p>\n<p>Schlie\u00dfen Sie sich \n        50.000\n     Abonnenten an, die Bestellungen im Wert von \u00fcber einer Billion Euro in mehr als 60 L\u00e4ndern abwickeln!<\/p>\n<p>[\/et_pb_blurb][\/et_pb_column][\/et_pb_row][\/et_pb_section]<\/p>\n","protected":false},"excerpt":{"rendered":"<p>Kontakt Sie erreichen unser Vertriebsteam telefonisch unter den Nummern +49 89 541 940 100. Wenn Sie bereits Kunde sind und eine technische Frage haben, besuchen Sie bitte unseren Helpdesk oder rufen Sie die Nummer +49 89 541 940 101. Hier finden Sie unsere Niederlassungen und Telefonnummern.Wir beantworten gerne alle Ihre Fragen zu unseren L\u00f6sungen oder [&hellip;]<\/p>\n","protected":false},"author":23,"featured_media":0,"parent":0,"menu_order":0,"comment_status":"closed","ping_status":"closed","template":"","meta":{"_acf_changed":false,"_et_pb_use_builder":"on","_et_pb_old_content":"<h3 class=\"lead\">Learn how we can perfect your trading partner relationships.<\/h3>\r\nIf you would like an SPS Commerce analyst to contact you with more information about our EDI products or services, please complete the information below and we will contact you shortly.\r\n\r\nIf you are a current customer and have a technical question, please email our\u00a0<a class=\"anchor\" href=\"mailto:customeroperations@spscommerce.com\">customer operations<\/a>\u00a0department or call them at: <strong>888-739-3232<\/strong> or <strong>612-435-9382<\/strong>.\r\n<div class=\"myCustomForm\"><form action=\"https:\/\/www.salesforce.com\/servlet\/servlet.WebToLead?encoding=UTF-8\" method=\"post\"><input name=\"nospam:blank\" type=\"hidden\" value=\"\" \/> <input name=\"retURL\" type=\"hidden\" value=\"https:\/\/www.spscommerce.com\/contact\/thankyou\/\" \/> <input name=\"oid\" type=\"hidden\" value=\"00D300000000bzv\" \/> <input name=\"sfga\" type=\"hidden\" value=\"00D300000000bzv\" \/> <input name=\"Campaign_ID\" type=\"hidden\" value=\"701300000001pcK\" \/> <input id=\"lead_source\" name=\"lead_source\" type=\"hidden\" value=\"Marketing Campaign\" \/> <input id=\"00N70000002kHms\" name=\"00N70000002kHms\" type=\"hidden\" \/><!--Industry-SmartForms--> <input id=\"00N70000002kFQU\" name=\"00N70000002kFQU\" type=\"hidden\" \/><!--State-SmartForms--> <input id=\"00N70000002kHmx\" name=\"00N70000002kHmx\" type=\"hidden\" \/><!--Company Name Matched-SmartForms--> <input id=\"00N70000002kFRD\" name=\"00N70000002kFRD\" type=\"hidden\" \/><!--Annual Revenue-SmartForms--> <input id=\"00N50000001Lvrr\" name=\"00N50000001Lvrr\" type=\"hidden\" \/><!--Company Also Known As--> <input id=\"00N70000002kChN\" name=\"00N70000002kChN\" type=\"hidden\" \/><!--SmartForms-Confidence Level-->\r\n<p class=\"gray\"><span class=\"error\">*<\/span> Denotes required information<\/p>\r\n\r\n<div><input id=\"first_name\" name=\"first_name\" required=\"\" type=\"text\" value=\"\" placeholder=\"First Name *\" \/>\r\n<input id=\"last_name\" name=\"last_name\" required=\"\" type=\"text\" value=\"\" placeholder=\"Last Name *\" \/><\/div>\r\n<div><input id=\"company\" name=\"company\" required=\"\" type=\"text\" value=\"\" placeholder=\"Company *\" \/>\r\n<input id=\"phone\" name=\"phone\" required=\"\" type=\"tel\" value=\"\" placeholder=\"Phone *\" \/><\/div>\r\n<div><input id=\"email\" name=\"email\" required=\"\" type=\"email\" value=\"\" placeholder=\"Email *\" \/><\/div>\r\n\r\n<hr style=\"width: 100%; display: none;\" \/>\r\n<div><textarea class=\"large\" name=\"00N30000000nSnE\" rows=\"1\" placeholder=\"How did you hear about SPS? (Ex: recommended by colleague, Internet search, event, other.)\"><\/textarea><\/div>\r\n<div><textarea class=\"large\" name=\"description\" rows=\"5\" placeholder=\"Comments\"><\/textarea><\/div>\r\n\u00a0\r\n<div>\r\n<div style=\"padding-left: 20px !important;\"><input class=\"button\" type=\"submit\" value=\"Get Started\" \/><\/div>\r\n<\/div>\r\n<\/form><\/div>\r\n\u00a0\r\n\r\n* SPS Commerce does not disclose any personal information about our customers or former customers to any third parties or institutions whatsoever.","_et_gb_content_width":"","footnotes":""},"class_list":["post-760256","page","type-page","status-publish","hentry"],"acf":[],"yoast_head":"<!-- This site is optimized with the Yoast SEO Premium plugin v26.1 (Yoast SEO v26.1.1) - https:\/\/yoast.com\/wordpress\/plugins\/seo\/ -->\n<title>Kontaktieren Sie SPS Commerce | Vertrieb<\/title>\n<meta name=\"description\" content=\"Erfahren Sie mehr \u00fcber unsere L\u00f6sungen f\u00fcr den Retail-Bereich und EDI. Schlie\u00dfen Sie sich 50.000 anderen Kunden in \u00fcber 60 L\u00e4ndern an!\" \/>\n<meta name=\"robots\" content=\"index, follow, max-snippet:-1, max-image-preview:large, max-video-preview:-1\" \/>\n<link rel=\"canonical\" href=\"https:\/\/www.spscommerce.com\/de\/kontakt\/\" \/>\n<meta property=\"og:locale\" content=\"de_DE\" \/>\n<meta property=\"og:type\" content=\"article\" \/>\n<meta property=\"og:title\" content=\"Kontakt\" \/>\n<meta property=\"og:description\" content=\"Erfahren Sie mehr \u00fcber unsere L\u00f6sungen f\u00fcr den Retail-Bereich und EDI. Schlie\u00dfen Sie sich 50.000 anderen Kunden in \u00fcber 60 L\u00e4ndern an!\" \/>\n<meta property=\"og:url\" content=\"https:\/\/www.spscommerce.com\/de\/kontakt\/\" \/>\n<meta property=\"og:site_name\" content=\"SPS Commerce\" \/>\n<meta property=\"article:publisher\" content=\"https:\/\/www.facebook.com\/pages\/SPS-Commerce\/115540161807561\" \/>\n<meta property=\"article:modified_time\" content=\"2025-11-04T16:05:19+00:00\" \/>\n<meta name=\"twitter:card\" content=\"summary_large_image\" \/>\n<meta name=\"twitter:site\" content=\"@SPS_Commerce\" \/>\n<script type=\"application\/ld+json\" class=\"yoast-schema-graph\">{\"@context\":\"https:\/\/schema.org\",\"@graph\":[{\"@type\":\"WebPage\",\"@id\":\"https:\/\/www.spscommerce.com\/de\/kontakt\/\",\"url\":\"https:\/\/www.spscommerce.com\/de\/kontakt\/\",\"name\":\"Kontaktieren Sie SPS Commerce | Vertrieb\",\"isPartOf\":{\"@id\":\"https:\/\/www.spscommerce.com\/de\/#website\"},\"datePublished\":\"2014-08-21T14:44:30+00:00\",\"dateModified\":\"2025-11-04T16:05:19+00:00\",\"description\":\"Erfahren Sie mehr \u00fcber unsere L\u00f6sungen f\u00fcr den Retail-Bereich und EDI. Schlie\u00dfen Sie sich 50.000 anderen Kunden in \u00fcber 60 L\u00e4ndern an!\",\"breadcrumb\":{\"@id\":\"https:\/\/www.spscommerce.com\/de\/kontakt\/#breadcrumb\"},\"inLanguage\":\"de-DE\",\"potentialAction\":[{\"@type\":\"ReadAction\",\"target\":[\"https:\/\/www.spscommerce.com\/de\/kontakt\/\"]}]},{\"@type\":\"BreadcrumbList\",\"@id\":\"https:\/\/www.spscommerce.com\/de\/kontakt\/#breadcrumb\",\"itemListElement\":[{\"@type\":\"ListItem\",\"position\":1,\"name\":\"Home\",\"item\":\"https:\/\/www.spscommerce.com\/de\/\"},{\"@type\":\"ListItem\",\"position\":2,\"name\":\"Kontakt\"}]},{\"@type\":\"WebSite\",\"@id\":\"https:\/\/www.spscommerce.com\/de\/#website\",\"url\":\"https:\/\/www.spscommerce.com\/de\/\",\"name\":\"SPS Commerce\",\"description\":\"\",\"publisher\":{\"@id\":\"https:\/\/www.spscommerce.com\/de\/#organization\"},\"potentialAction\":[{\"@type\":\"SearchAction\",\"target\":{\"@type\":\"EntryPoint\",\"urlTemplate\":\"https:\/\/www.spscommerce.com\/de\/?s={search_term_string}\"},\"query-input\":{\"@type\":\"PropertyValueSpecification\",\"valueRequired\":true,\"valueName\":\"search_term_string\"}}],\"inLanguage\":\"de-DE\"},{\"@type\":\"Organization\",\"@id\":\"https:\/\/www.spscommerce.com\/de\/#organization\",\"name\":\"SPS Commerce\",\"url\":\"https:\/\/www.spscommerce.com\/de\/\",\"logo\":{\"@type\":\"ImageObject\",\"inLanguage\":\"de-DE\",\"@id\":\"https:\/\/www.spscommerce.com\/de\/#\/schema\/logo\/image\/\",\"url\":\"https:\/\/www.spscommerce.com\/wp-content\/uploads\/2017\/09\/logo-with-tag1.png\",\"contentUrl\":\"https:\/\/www.spscommerce.com\/wp-content\/uploads\/2017\/09\/logo-with-tag1.png\",\"width\":400,\"height\":110,\"caption\":\"SPS Commerce\"},\"image\":{\"@id\":\"https:\/\/www.spscommerce.com\/de\/#\/schema\/logo\/image\/\"},\"sameAs\":[\"https:\/\/www.facebook.com\/pages\/SPS-Commerce\/115540161807561\",\"https:\/\/x.com\/SPS_Commerce\",\"https:\/\/www.linkedin.com\/company\/sps-commerce\/\",\"https:\/\/www.youtube.com\/user\/SPSCommerce\"]}]}<\/script>\n<!-- \/ Yoast SEO Premium plugin. -->","yoast_head_json":{"title":"Kontaktieren Sie SPS Commerce | Vertrieb","description":"Erfahren Sie mehr \u00fcber unsere L\u00f6sungen f\u00fcr den Retail-Bereich und EDI. Schlie\u00dfen Sie sich 50.000 anderen Kunden in \u00fcber 60 L\u00e4ndern an!","robots":{"index":"index","follow":"follow","max-snippet":"max-snippet:-1","max-image-preview":"max-image-preview:large","max-video-preview":"max-video-preview:-1"},"canonical":"https:\/\/www.spscommerce.com\/de\/kontakt\/","og_locale":"de_DE","og_type":"article","og_title":"Kontakt","og_description":"Erfahren Sie mehr \u00fcber unsere L\u00f6sungen f\u00fcr den Retail-Bereich und EDI. Schlie\u00dfen Sie sich 50.000 anderen Kunden in \u00fcber 60 L\u00e4ndern an!","og_url":"https:\/\/www.spscommerce.com\/de\/kontakt\/","og_site_name":"SPS Commerce","article_publisher":"https:\/\/www.facebook.com\/pages\/SPS-Commerce\/115540161807561","article_modified_time":"2025-11-04T16:05:19+00:00","twitter_card":"summary_large_image","twitter_site":"@SPS_Commerce","schema":{"@context":"https:\/\/schema.org","@graph":[{"@type":"WebPage","@id":"https:\/\/www.spscommerce.com\/de\/kontakt\/","url":"https:\/\/www.spscommerce.com\/de\/kontakt\/","name":"Kontaktieren Sie SPS Commerce | Vertrieb","isPartOf":{"@id":"https:\/\/www.spscommerce.com\/de\/#website"},"datePublished":"2014-08-21T14:44:30+00:00","dateModified":"2025-11-04T16:05:19+00:00","description":"Erfahren Sie mehr \u00fcber unsere L\u00f6sungen f\u00fcr den Retail-Bereich und EDI. Schlie\u00dfen Sie sich 50.000 anderen Kunden in \u00fcber 60 L\u00e4ndern an!","breadcrumb":{"@id":"https:\/\/www.spscommerce.com\/de\/kontakt\/#breadcrumb"},"inLanguage":"de-DE","potentialAction":[{"@type":"ReadAction","target":["https:\/\/www.spscommerce.com\/de\/kontakt\/"]}]},{"@type":"BreadcrumbList","@id":"https:\/\/www.spscommerce.com\/de\/kontakt\/#breadcrumb","itemListElement":[{"@type":"ListItem","position":1,"name":"Home","item":"https:\/\/www.spscommerce.com\/de\/"},{"@type":"ListItem","position":2,"name":"Kontakt"}]},{"@type":"WebSite","@id":"https:\/\/www.spscommerce.com\/de\/#website","url":"https:\/\/www.spscommerce.com\/de\/","name":"SPS Commerce","description":"","publisher":{"@id":"https:\/\/www.spscommerce.com\/de\/#organization"},"potentialAction":[{"@type":"SearchAction","target":{"@type":"EntryPoint","urlTemplate":"https:\/\/www.spscommerce.com\/de\/?s={search_term_string}"},"query-input":{"@type":"PropertyValueSpecification","valueRequired":true,"valueName":"search_term_string"}}],"inLanguage":"de-DE"},{"@type":"Organization","@id":"https:\/\/www.spscommerce.com\/de\/#organization","name":"SPS Commerce","url":"https:\/\/www.spscommerce.com\/de\/","logo":{"@type":"ImageObject","inLanguage":"de-DE","@id":"https:\/\/www.spscommerce.com\/de\/#\/schema\/logo\/image\/","url":"https:\/\/www.spscommerce.com\/wp-content\/uploads\/2017\/09\/logo-with-tag1.png","contentUrl":"https:\/\/www.spscommerce.com\/wp-content\/uploads\/2017\/09\/logo-with-tag1.png","width":400,"height":110,"caption":"SPS Commerce"},"image":{"@id":"https:\/\/www.spscommerce.com\/de\/#\/schema\/logo\/image\/"},"sameAs":["https:\/\/www.facebook.com\/pages\/SPS-Commerce\/115540161807561","https:\/\/x.com\/SPS_Commerce","https:\/\/www.linkedin.com\/company\/sps-commerce\/","https:\/\/www.youtube.com\/user\/SPSCommerce"]}]}},"_links":{"self":[{"href":"https:\/\/www.spscommerce.com\/de\/wp-json\/wp\/v2\/pages\/760256","targetHints":{"allow":["GET"]}}],"collection":[{"href":"https:\/\/www.spscommerce.com\/de\/wp-json\/wp\/v2\/pages"}],"about":[{"href":"https:\/\/www.spscommerce.com\/de\/wp-json\/wp\/v2\/types\/page"}],"author":[{"embeddable":true,"href":"https:\/\/www.spscommerce.com\/de\/wp-json\/wp\/v2\/users\/23"}],"replies":[{"embeddable":true,"href":"https:\/\/www.spscommerce.com\/de\/wp-json\/wp\/v2\/comments?post=760256"}],"version-history":[{"count":4,"href":"https:\/\/www.spscommerce.com\/de\/wp-json\/wp\/v2\/pages\/760256\/revisions"}],"predecessor-version":[{"id":760268,"href":"https:\/\/www.spscommerce.com\/de\/wp-json\/wp\/v2\/pages\/760256\/revisions\/760268"}],"wp:attachment":[{"href":"https:\/\/www.spscommerce.com\/de\/wp-json\/wp\/v2\/media?parent=760256"}],"curies":[{"name":"wp","href":"https:\/\/api.w.org\/{rel}","templated":true}]}}