{"id":735357,"date":"2025-02-19T15:03:40","date_gmt":"2025-02-19T21:03:40","guid":{"rendered":"https:\/\/www.spscommerce.com\/chain-reaction-from-sps\/"},"modified":"2025-04-24T04:57:13","modified_gmt":"2025-04-24T09:57:13","slug":"newsletter-von-sps-commerce","status":"publish","type":"page","link":"https:\/\/www.spscommerce.com\/de\/newsletter-von-sps-commerce\/","title":{"rendered":"Anmeldung f\u00fcr den Newsletter von SPS Commerce"},"content":{"rendered":"<p>[et_pb_section fb_built=&#8221;1&#8243; custom_padding_last_edited=&#8221;off|desktop&#8221; admin_label=&#8221;Monarch Hero&#8221; module_class=&#8221;monarch-section&#8221; _builder_version=&#8221;4.27.4&#8243; background_color=&#8221;RGBA(255,255,255,0)&#8221; background_image=&#8221;https:\/\/www.spscommerce.com\/wp-content\/uploads\/2024\/09\/Graphic_background.png&#8221; background_blend=&#8221;overlay&#8221; custom_padding=&#8221;50px||50px||false|false&#8221; custom_padding_tablet=&#8221;60px|0px|50px|0px|false|false&#8221; custom_padding_phone=&#8221;40px||||false|false&#8221; bottom_divider_height=&#8221;50px&#8221; bottom_divider_arrangement=&#8221;above_content&#8221; z_index_tablet=&#8221;500&#8243; box_shadow_horizontal_tablet=&#8221;0px&#8221; box_shadow_vertical_tablet=&#8221;0px&#8221; box_shadow_blur_tablet=&#8221;40px&#8221; box_shadow_spread_tablet=&#8221;0px&#8221; locked=&#8221;off&#8221; collapsed=&#8221;off&#8221; global_colors_info=&#8221;{}&#8221;][et_pb_row column_structure=&#8221;1_2,1_2&#8243; padding_mobile=&#8221;off&#8221; make_equal=&#8221;on&#8221; column_padding_mobile=&#8221;on&#8221; disabled_on=&#8221;off|off|&#8221; module_class=&#8221;nomargin-top nomargin-bottom&#8221; _builder_version=&#8221;4.27.4&#8243; background_enable_image=&#8221;off&#8221; background_size=&#8221;initial&#8221; background_position=&#8221;top_left&#8221; background_repeat=&#8221;repeat&#8221; animation_direction=&#8221;bottom&#8221; z_index_tablet=&#8221;500&#8243; global_colors_info=&#8221;{}&#8221;][et_pb_column type=&#8221;1_2&#8243; _builder_version=&#8221;4.27.4&#8243; custom_padding=&#8221;||||false|false&#8221; custom_padding_tablet=&#8221;||||false|false&#8221; custom_padding_phone=&#8221;||||false|false&#8221; custom_padding_last_edited=&#8221;off|desktop&#8221; global_colors_info=&#8221;{}&#8221; custom_padding__hover=&#8221;|||&#8221;][et_pb_text admin_label=&#8221;Title&#8221; _builder_version=&#8221;4.27.4&#8243; text_text_color=&#8221;rgba(255,255,255,0.9)&#8221; background_layout=&#8221;dark&#8221; hover_enabled=&#8221;0&#8243; z_index_tablet=&#8221;500&#8243; custom_css_free_form=&#8221;selector p {color:#fff;}&#8221; box_shadow_horizontal_tablet=&#8221;0px&#8221; box_shadow_vertical_tablet=&#8221;0px&#8221; box_shadow_blur_tablet=&#8221;40px&#8221; box_shadow_spread_tablet=&#8221;0px&#8221; global_colors_info=&#8221;{}&#8221; sticky_enabled=&#8221;0&#8243;]<\/p>\n<h1>Anmeldung f\u00fcr den Newsletter von SPS Commerce<\/h1>\n<hr \/>\n<p><strong>Bitte f\u00fcllen Sie das Formular aus, um sich f\u00fcr den Newsletter von SPS Commerce anzumelden, und erhalten Sie jeden Monat Neuigkeiten, Veranstaltungen und Best Practices direkt in Ihren Posteingang.<\/strong><br \/>Bleiben Sie mit Einblicken in die Ereignisse, die die heutige Lieferkette beeinflussen, auf dem Laufenden.<\/p>\n<p>[\/et_pb_text][et_pb_code admin_label=&#8221;Form Code&#8221; module_id=&#8221;talkToAnExpert&#8221; module_class=&#8221;nomargin-top monarch-card-wrapper&#8221; _builder_version=&#8221;4.27.4&#8243; background_color=&#8221;#ffffff&#8221; max_width=&#8221;100%&#8221; max_width_tablet=&#8221;100%&#8221; max_width_phone=&#8221;100%&#8221; max_width_last_edited=&#8221;off|desktop&#8221; custom_padding=&#8221;|25px||25px|false|false&#8221; hover_enabled=&#8221;0&#8243; z_index_tablet=&#8221;500&#8243; saved_tabs=&#8221;all&#8221; locked=&#8221;off&#8221; global_colors_info=&#8221;{}&#8221; sticky_enabled=&#8221;0&#8243;]<iframe loading=\"lazy\" src=\"https:\/\/go.spscommerce.com\/l\/28312\/2025-04-17\/fgmxvg\" width=\"100%\" height=\"250\" type=\"text\/html\" frameborder=\"0\" allowTransparency=\"true\" style=\"border: 0\"><\/iframe>[\/et_pb_code][\/et_pb_column][et_pb_column type=&#8221;1_2&#8243; _builder_version=&#8221;4.27.4&#8243; background_enable_color=&#8221;off&#8221; custom_padding=&#8221;0px||0px||false|false&#8221; custom_padding_tablet=&#8221;50px||0px||false|false&#8221; custom_padding_phone=&#8221;0px||||false|false&#8221; custom_padding_last_edited=&#8221;off|desktop&#8221; border_radii=&#8221;on|5px|5px|5px|5px&#8221; global_colors_info=&#8221;{}&#8221; custom_padding__hover=&#8221;|||&#8221;][et_pb_image src=&#8221;https:\/\/www.spscommerce.com\/wp-content\/uploads\/2025\/02\/1855_photo.jpg&#8221; alt=&#8221;Pasta with Tomatoes in bowl&#8221; title_text=&#8221;1855_photo&#8221; disabled_on=&#8221;off|off|off&#8221; _builder_version=&#8221;4.27.4&#8243; _module_preset=&#8221;default&#8221; custom_margin=&#8221;54px||||false|false&#8221; custom_margin_tablet=&#8221;54px||||false|false&#8221; custom_margin_phone=&#8221;0px||||false|false&#8221; custom_margin_last_edited=&#8221;on|desktop&#8221; border_width_all=&#8221;2px&#8221; border_color_all=&#8221;rgba(255,255,255,0.6)&#8221; box_shadow_style=&#8221;preset1&#8243; global_colors_info=&#8221;{}&#8221;][\/et_pb_image][\/et_pb_column][\/et_pb_row][\/et_pb_section]<\/p>\n","protected":false},"excerpt":{"rendered":"<p>Anmeldung f\u00fcr den Newsletter von SPS Commerce Bitte f\u00fcllen Sie das Formular aus, um sich f\u00fcr den Newsletter von SPS Commerce anzumelden, und erhalten Sie jeden Monat Neuigkeiten, Veranstaltungen und Best Practices direkt in Ihren Posteingang.Bleiben Sie mit Einblicken in die Ereignisse, die die heutige Lieferkette beeinflussen, auf dem Laufenden.<\/p>\n","protected":false},"author":185,"featured_media":730098,"parent":0,"menu_order":0,"comment_status":"closed","ping_status":"closed","template":"","meta":{"_acf_changed":false,"_et_pb_use_builder":"on","_et_pb_old_content":"<h2>Sign up for Chain Reaction from SPS Commerce<\/h2><p><strong>Fill out the form to sign up for Chain Reaction, the new SPS Commerce newsletter, and get news, events and best practices sent directly to your inbox every month.<\/strong><\/p><p>Sign-up is free, and you can cancel anytime.<\/p><p>Stay ahead with top insights on the events shaping today\u2019s supply chain, only from SPS Commerce.<\/p>","_et_gb_content_width":"","sfsi_plus_gutenberg_text_before_share":"","sfsi_plus_gutenberg_show_text_before_share":"","sfsi_plus_gutenberg_icon_type":"","sfsi_plus_gutenberg_icon_alignemt":"","sfsi_plus_gutenburg_max_per_row":"","footnotes":""},"class_list":["post-735357","page","type-page","status-publish","has-post-thumbnail","hentry"],"acf":[],"yoast_head":"<!-- This site is optimized with the Yoast SEO Premium plugin v26.1 (Yoast SEO v26.1.1) - https:\/\/yoast.com\/wordpress\/plugins\/seo\/ -->\n<title>Anmeldung f\u00fcr den Newsletter von SPS Commerce - SPS Commerce<\/title>\n<meta name=\"robots\" content=\"index, follow, max-snippet:-1, max-image-preview:large, max-video-preview:-1\" \/>\n<link rel=\"canonical\" href=\"https:\/\/www.spscommerce.com\/de\/newsletter-von-sps-commerce\/\" \/>\n<meta property=\"og:locale\" content=\"de_DE\" \/>\n<meta property=\"og:type\" content=\"article\" \/>\n<meta property=\"og:title\" content=\"Anmeldung f\u00fcr den Newsletter von SPS Commerce\" \/>\n<meta property=\"og:description\" content=\"BLOG-CONTENT-HERE GET MONTHLY UPDATES DELIVERED TO YOUR INBOX. Never miss an update from the SPS blog! Receive retail and supply chain news, valuable resources, expert tips and more. RELATED\u00a0POSTS\" \/>\n<meta property=\"og:url\" content=\"https:\/\/www.spscommerce.com\/de\/newsletter-von-sps-commerce\/\" \/>\n<meta property=\"og:site_name\" content=\"SPS Commerce\" \/>\n<meta property=\"article:publisher\" content=\"https:\/\/www.facebook.com\/pages\/SPS-Commerce\/115540161807561\" \/>\n<meta property=\"article:modified_time\" content=\"2025-04-24T09:57:13+00:00\" \/>\n<meta name=\"twitter:card\" content=\"summary_large_image\" \/>\n<meta name=\"twitter:site\" content=\"@SPS_Commerce\" \/>\n<script type=\"application\/ld+json\" class=\"yoast-schema-graph\">{\"@context\":\"https:\/\/schema.org\",\"@graph\":[{\"@type\":\"WebPage\",\"@id\":\"https:\/\/www.spscommerce.com\/de\/newsletter-von-sps-commerce\/\",\"url\":\"https:\/\/www.spscommerce.com\/de\/newsletter-von-sps-commerce\/\",\"name\":\"Anmeldung f\u00fcr den Newsletter von SPS Commerce - SPS Commerce\",\"isPartOf\":{\"@id\":\"https:\/\/www.spscommerce.com\/de\/#website\"},\"primaryImageOfPage\":{\"@id\":\"https:\/\/www.spscommerce.com\/de\/newsletter-von-sps-commerce\/#primaryimage\"},\"image\":{\"@id\":\"https:\/\/www.spscommerce.com\/de\/newsletter-von-sps-commerce\/#primaryimage\"},\"thumbnailUrl\":\"https:\/\/www.spscommerce.com\/wp-content\/uploads\/2025\/02\/1855_photo.jpg\",\"datePublished\":\"2025-02-19T21:03:40+00:00\",\"dateModified\":\"2025-04-24T09:57:13+00:00\",\"breadcrumb\":{\"@id\":\"https:\/\/www.spscommerce.com\/de\/newsletter-von-sps-commerce\/#breadcrumb\"},\"inLanguage\":\"de-DE\",\"potentialAction\":[{\"@type\":\"ReadAction\",\"target\":[\"https:\/\/www.spscommerce.com\/de\/newsletter-von-sps-commerce\/\"]}]},{\"@type\":\"ImageObject\",\"inLanguage\":\"de-DE\",\"@id\":\"https:\/\/www.spscommerce.com\/de\/newsletter-von-sps-commerce\/#primaryimage\",\"url\":\"https:\/\/www.spscommerce.com\/wp-content\/uploads\/2025\/02\/1855_photo.jpg\",\"contentUrl\":\"https:\/\/www.spscommerce.com\/wp-content\/uploads\/2025\/02\/1855_photo.jpg\",\"width\":667,\"height\":513},{\"@type\":\"BreadcrumbList\",\"@id\":\"https:\/\/www.spscommerce.com\/de\/newsletter-von-sps-commerce\/#breadcrumb\",\"itemListElement\":[{\"@type\":\"ListItem\",\"position\":1,\"name\":\"Home\",\"item\":\"https:\/\/www.spscommerce.com\/de\/\"},{\"@type\":\"ListItem\",\"position\":2,\"name\":\"Anmeldung f\u00fcr den Newsletter von SPS Commerce\"}]},{\"@type\":\"WebSite\",\"@id\":\"https:\/\/www.spscommerce.com\/de\/#website\",\"url\":\"https:\/\/www.spscommerce.com\/de\/\",\"name\":\"SPS Commerce\",\"description\":\"\",\"publisher\":{\"@id\":\"https:\/\/www.spscommerce.com\/de\/#organization\"},\"potentialAction\":[{\"@type\":\"SearchAction\",\"target\":{\"@type\":\"EntryPoint\",\"urlTemplate\":\"https:\/\/www.spscommerce.com\/de\/?s={search_term_string}\"},\"query-input\":{\"@type\":\"PropertyValueSpecification\",\"valueRequired\":true,\"valueName\":\"search_term_string\"}}],\"inLanguage\":\"de-DE\"},{\"@type\":\"Organization\",\"@id\":\"https:\/\/www.spscommerce.com\/de\/#organization\",\"name\":\"SPS Commerce\",\"url\":\"https:\/\/www.spscommerce.com\/de\/\",\"logo\":{\"@type\":\"ImageObject\",\"inLanguage\":\"de-DE\",\"@id\":\"https:\/\/www.spscommerce.com\/de\/#\/schema\/logo\/image\/\",\"url\":\"https:\/\/www.spscommerce.com\/wp-content\/uploads\/2017\/09\/logo-with-tag1.png\",\"contentUrl\":\"https:\/\/www.spscommerce.com\/wp-content\/uploads\/2017\/09\/logo-with-tag1.png\",\"width\":400,\"height\":110,\"caption\":\"SPS Commerce\"},\"image\":{\"@id\":\"https:\/\/www.spscommerce.com\/de\/#\/schema\/logo\/image\/\"},\"sameAs\":[\"https:\/\/www.facebook.com\/pages\/SPS-Commerce\/115540161807561\",\"https:\/\/x.com\/SPS_Commerce\",\"https:\/\/www.linkedin.com\/company\/sps-commerce\/\",\"https:\/\/www.youtube.com\/user\/SPSCommerce\"]}]}<\/script>\n<!-- \/ Yoast SEO Premium plugin. -->","yoast_head_json":{"title":"Anmeldung f\u00fcr den Newsletter von SPS Commerce - SPS Commerce","robots":{"index":"index","follow":"follow","max-snippet":"max-snippet:-1","max-image-preview":"max-image-preview:large","max-video-preview":"max-video-preview:-1"},"canonical":"https:\/\/www.spscommerce.com\/de\/newsletter-von-sps-commerce\/","og_locale":"de_DE","og_type":"article","og_title":"Anmeldung f\u00fcr den Newsletter von SPS Commerce","og_description":"BLOG-CONTENT-HERE GET MONTHLY UPDATES DELIVERED TO YOUR INBOX. Never miss an update from the SPS blog! Receive retail and supply chain news, valuable resources, expert tips and more. RELATED\u00a0POSTS","og_url":"https:\/\/www.spscommerce.com\/de\/newsletter-von-sps-commerce\/","og_site_name":"SPS Commerce","article_publisher":"https:\/\/www.facebook.com\/pages\/SPS-Commerce\/115540161807561","article_modified_time":"2025-04-24T09:57:13+00:00","twitter_card":"summary_large_image","twitter_site":"@SPS_Commerce","schema":{"@context":"https:\/\/schema.org","@graph":[{"@type":"WebPage","@id":"https:\/\/www.spscommerce.com\/de\/newsletter-von-sps-commerce\/","url":"https:\/\/www.spscommerce.com\/de\/newsletter-von-sps-commerce\/","name":"Anmeldung f\u00fcr den Newsletter von SPS Commerce - SPS Commerce","isPartOf":{"@id":"https:\/\/www.spscommerce.com\/de\/#website"},"primaryImageOfPage":{"@id":"https:\/\/www.spscommerce.com\/de\/newsletter-von-sps-commerce\/#primaryimage"},"image":{"@id":"https:\/\/www.spscommerce.com\/de\/newsletter-von-sps-commerce\/#primaryimage"},"thumbnailUrl":"https:\/\/www.spscommerce.com\/wp-content\/uploads\/2025\/02\/1855_photo.jpg","datePublished":"2025-02-19T21:03:40+00:00","dateModified":"2025-04-24T09:57:13+00:00","breadcrumb":{"@id":"https:\/\/www.spscommerce.com\/de\/newsletter-von-sps-commerce\/#breadcrumb"},"inLanguage":"de-DE","potentialAction":[{"@type":"ReadAction","target":["https:\/\/www.spscommerce.com\/de\/newsletter-von-sps-commerce\/"]}]},{"@type":"ImageObject","inLanguage":"de-DE","@id":"https:\/\/www.spscommerce.com\/de\/newsletter-von-sps-commerce\/#primaryimage","url":"https:\/\/www.spscommerce.com\/wp-content\/uploads\/2025\/02\/1855_photo.jpg","contentUrl":"https:\/\/www.spscommerce.com\/wp-content\/uploads\/2025\/02\/1855_photo.jpg","width":667,"height":513},{"@type":"BreadcrumbList","@id":"https:\/\/www.spscommerce.com\/de\/newsletter-von-sps-commerce\/#breadcrumb","itemListElement":[{"@type":"ListItem","position":1,"name":"Home","item":"https:\/\/www.spscommerce.com\/de\/"},{"@type":"ListItem","position":2,"name":"Anmeldung f\u00fcr den Newsletter von SPS Commerce"}]},{"@type":"WebSite","@id":"https:\/\/www.spscommerce.com\/de\/#website","url":"https:\/\/www.spscommerce.com\/de\/","name":"SPS Commerce","description":"","publisher":{"@id":"https:\/\/www.spscommerce.com\/de\/#organization"},"potentialAction":[{"@type":"SearchAction","target":{"@type":"EntryPoint","urlTemplate":"https:\/\/www.spscommerce.com\/de\/?s={search_term_string}"},"query-input":{"@type":"PropertyValueSpecification","valueRequired":true,"valueName":"search_term_string"}}],"inLanguage":"de-DE"},{"@type":"Organization","@id":"https:\/\/www.spscommerce.com\/de\/#organization","name":"SPS Commerce","url":"https:\/\/www.spscommerce.com\/de\/","logo":{"@type":"ImageObject","inLanguage":"de-DE","@id":"https:\/\/www.spscommerce.com\/de\/#\/schema\/logo\/image\/","url":"https:\/\/www.spscommerce.com\/wp-content\/uploads\/2017\/09\/logo-with-tag1.png","contentUrl":"https:\/\/www.spscommerce.com\/wp-content\/uploads\/2017\/09\/logo-with-tag1.png","width":400,"height":110,"caption":"SPS Commerce"},"image":{"@id":"https:\/\/www.spscommerce.com\/de\/#\/schema\/logo\/image\/"},"sameAs":["https:\/\/www.facebook.com\/pages\/SPS-Commerce\/115540161807561","https:\/\/x.com\/SPS_Commerce","https:\/\/www.linkedin.com\/company\/sps-commerce\/","https:\/\/www.youtube.com\/user\/SPSCommerce"]}]}},"_links":{"self":[{"href":"https:\/\/www.spscommerce.com\/de\/wp-json\/wp\/v2\/pages\/735357","targetHints":{"allow":["GET"]}}],"collection":[{"href":"https:\/\/www.spscommerce.com\/de\/wp-json\/wp\/v2\/pages"}],"about":[{"href":"https:\/\/www.spscommerce.com\/de\/wp-json\/wp\/v2\/types\/page"}],"author":[{"embeddable":true,"href":"https:\/\/www.spscommerce.com\/de\/wp-json\/wp\/v2\/users\/185"}],"replies":[{"embeddable":true,"href":"https:\/\/www.spscommerce.com\/de\/wp-json\/wp\/v2\/comments?post=735357"}],"version-history":[{"count":2,"href":"https:\/\/www.spscommerce.com\/de\/wp-json\/wp\/v2\/pages\/735357\/revisions"}],"predecessor-version":[{"id":735361,"href":"https:\/\/www.spscommerce.com\/de\/wp-json\/wp\/v2\/pages\/735357\/revisions\/735361"}],"wp:featuredmedia":[{"embeddable":true,"href":"https:\/\/www.spscommerce.com\/de\/wp-json\/wp\/v2\/media\/730098"}],"wp:attachment":[{"href":"https:\/\/www.spscommerce.com\/de\/wp-json\/wp\/v2\/media?parent=735357"}],"curies":[{"name":"wp","href":"https:\/\/api.w.org\/{rel}","templated":true}]}}